{"id":1076,"date":"2014-04-12T11:10:15","date_gmt":"2014-04-12T09:10:15","guid":{"rendered":"http:\/\/das.raumtuning.info\/?page_id=1076"},"modified":"2015-02-20T12:29:23","modified_gmt":"2015-02-20T11:29:23","slug":"produktbeschreibungen","status":"publish","type":"page","link":"https:\/\/das.raumtuning.info\/?page_id=1076","title":{"rendered":"Produktbeschreibungen"},"content":{"rendered":"","protected":true},"excerpt":{"rendered":"","protected":true},"author":1,"featured_media":0,"parent":1831,"menu_order":0,"comment_status":"open","ping_status":"closed","template":"","meta":{"jetpack_post_was_ever_published":false,"footnotes":""},"class_list":["post-1076","page","type-page","status-publish","post-password-required","hentry"],"aioseo_notices":[],"jetpack_sharing_enabled":true,"jetpack_shortlink":"https:\/\/wp.me\/P4hjs0-hm","jetpack-related-posts":[{"id":263,"url":"https:\/\/das.raumtuning.info\/?page_id=263","url_meta":{"origin":1076,"position":0},"title":"2D-Entst\u00f6r-Chips","date":"29. Januar 2014","format":false,"excerpt":"Die Vorteile der Vortex HiFi 2D - Entst\u00f6r - Chips Extrem preiswerte Entst\u00f6rmethode Leicht \u00fcberall anzubringen Unauff\u00e4llige Verwendung! Farben schwarz oder transparent. Kann so auch auf Glasscheiben eingesetzt werden. Extrem flexible Verwendung. Gibt es von extrem klein (6mm) bis gro\u00df (40mm). So auch f\u00fcr Displays von Mobilger\u00e4ten geeignet. Extrem leicht,\u2026","rel":"","context":"Similar post","img":{"alt_text":"Vortex HiFi 2D - Entst\u00f6r -Chips-Schwarz","src":"https:\/\/i0.wp.com\/das.raumtuning.info\/wp-content\/uploads\/2014\/11\/2D-Chips-Schwarz.jpg?fit=1080%2C764&ssl=1&resize=350%2C200","width":350,"height":200},"classes":[]},{"id":247,"url":"https:\/\/das.raumtuning.info\/?page_id=247","url_meta":{"origin":1076,"position":1},"title":"2D &#8211; Entst\u00f6rung","date":"29. Januar 2014","format":false,"excerpt":"Wenn Preis und Leistung z\u00e4hlen Die 2D \u2013 Entst\u00f6rung ist f\u00fcr die HiFi \u2013 Basics entwickelt. \u00dcberall, wo Strom flie\u00dft, elektrische oder magnetische Felder abgestrahlt werden, elektromagnetische Wellen ihren Ursprung haben oder sich die Leitf\u00e4higkeit f\u00fcr elektrische (Permitivit\u00e4t) oder magnetische (Permeabilit\u00e4t) Felder sich pl\u00f6tzlich \u00e4ndern, entstehen die von Prof. Dr.\u2026","rel":"","context":"Similar post","img":{"alt_text":"Quelle: Vortex HiFi","src":"https:\/\/i0.wp.com\/das.raumtuning.info\/wp-content\/uploads\/2014\/02\/Snare_web.jpg?fit=1080%2C533&ssl=1&resize=350%2C200","width":350,"height":200},"classes":[]},{"id":291,"url":"https:\/\/das.raumtuning.info\/?page_id=291","url_meta":{"origin":1076,"position":2},"title":"Wenn Lautsprecher verschwinden &#8230;","date":"30. Januar 2014","format":false,"excerpt":"... und Lifeklang bleibt. Stellen Sie sich vor, Ihre Lautsprecher w\u00e4ren verschwunden und Sie sitzen im Konzertsaal - so klingen Lautsprecher mit den exclusiven Vortex HiFi Techniken. Wie verschwinden Lautsprecher, wenn wir nicht Harry Houdini bem\u00fchen k\u00f6nnen. Die L\u00f6sung lautet: durch Einbildung oder besser Vorstellungskraft. Man k\u00f6nnte aber auch sagen,\u2026","rel":"","context":"Similar post","img":{"alt_text":"Quelle: Vortex HiFi","src":"https:\/\/i0.wp.com\/das.raumtuning.info\/wp-content\/uploads\/2014\/02\/Orgel-web.jpg?fit=1080%2C719&ssl=1&resize=350%2C200","width":350,"height":200},"classes":[]},{"id":277,"url":"https:\/\/das.raumtuning.info\/?page_id=277","url_meta":{"origin":1076,"position":3},"title":"Informierung","date":"30. Januar 2014","format":false,"excerpt":"\u00a0Was ist Informierung und wie nutzen wir diese f\u00fcr Ihr H\u00f6rerlebnis? Informationen, so wie wir diese verstehen, sind Strukturen, welche physikalische und\/oder biologische Reaktionen hervorrufen. Es ist ein Schl\u00fcssel-Schloss-Prinzip. Die Vorg\u00e4nge zum Beispiel im Menschen werden durch Kommunikation hervorgerufen. Eine Zelle sagt der N\u00e4chsten, was diese zu tun hat. Dazu\u2026","rel":"","context":"Similar post","img":{"alt_text":"Quelle: Vortex HiFi","src":"https:\/\/i0.wp.com\/das.raumtuning.info\/wp-content\/uploads\/2014\/02\/Rassel_web.jpg?fit=1080%2C717&ssl=1&resize=350%2C200","width":350,"height":200},"classes":[]},{"id":293,"url":"https:\/\/das.raumtuning.info\/?page_id=293","url_meta":{"origin":1076,"position":4},"title":"Strom entst\u00f6ren","date":"30. Januar 2014","format":false,"excerpt":"Warum sollten Sie sich mit Strom besch\u00e4ftigen, wenn Sie Musik genie\u00dfen wollen? Weil die Praxis zeigt, dass, wenn Sie Ihre Stromkomponenten ver\u00e4ndern, der Klang sich auch ver\u00e4ndert! Dabei werden \u00fcblicherweise sogenannte Strom-Conditioner, Filter aber auch spezielle Netzkabel und Sicherungen angeboten. Das kann schon mal 1.000 bis 10.000 Euro kosten. Allen\u2026","rel":"","context":"Similar post","img":{"alt_text":"","src":"https:\/\/i0.wp.com\/das.raumtuning.info\/wp-content\/uploads\/2014\/01\/Power-Plug-Beitragsbild-web.jpg?fit=1063%2C752&ssl=1&resize=350%2C200","width":350,"height":200},"classes":[]},{"id":1650,"url":"https:\/\/das.raumtuning.info\/?page_id=1650","url_meta":{"origin":1076,"position":5},"title":"Bedienungsanleitung 2D Entst\u00f6r Chips","date":"26. November 2014","format":false,"excerpt":"Herzlichen Gl\u00fcckwunsch zum Erwerb Ihrer Vortex HiFi 2D-Entst\u00f6r-Chips! Sie haben eines der innovativsten HiFi -Zubeh\u00f6r-Produkte \u00fcberhaupt erworben. Die 2D-Entst\u00f6r-Chips sind das Ergebnis einer langj\u00e4hrigen Erforschung der Beeinflussung des menschlichen Nervensystems \/ H\u00f6rsystems durch Elektrosmog und deren Beseitigung. Vortex HiFi 2D-Entst\u00f6r-Chips sind so konstruiert, dass diese m\u00f6glichst \u00fcberall eingesetzt werden k\u00f6nnen.\u2026","rel":"","context":"Similar post","img":{"alt_text":"Vortex HiFi 2D - Entst\u00f6r -Chips-Schwarz","src":"https:\/\/i0.wp.com\/das.raumtuning.info\/wp-content\/uploads\/2014\/11\/2D-Chips-Schwarz.jpg?fit=1080%2C764&ssl=1&resize=350%2C200","width":350,"height":200},"classes":[]}],"_links":{"self":[{"href":"https:\/\/das.raumtuning.info\/index.php?rest_route=\/wp\/v2\/pages\/1076","targetHints":{"allow":["GET"]}}],"collection":[{"href":"https:\/\/das.raumtuning.info\/index.php?rest_route=\/wp\/v2\/pages"}],"about":[{"href":"https:\/\/das.raumtuning.info\/index.php?rest_route=\/wp\/v2\/types\/page"}],"author":[{"embeddable":true,"href":"https:\/\/das.raumtuning.info\/index.php?rest_route=\/wp\/v2\/users\/1"}],"replies":[{"embeddable":true,"href":"https:\/\/das.raumtuning.info\/index.php?rest_route=%2Fwp%2Fv2%2Fcomments&post=1076"}],"version-history":[{"count":10,"href":"https:\/\/das.raumtuning.info\/index.php?rest_route=\/wp\/v2\/pages\/1076\/revisions"}],"predecessor-version":[{"id":1111,"href":"https:\/\/das.raumtuning.info\/index.php?rest_route=\/wp\/v2\/pages\/1076\/revisions\/1111"}],"up":[{"embeddable":true,"href":"https:\/\/das.raumtuning.info\/index.php?rest_route=\/wp\/v2\/pages\/1831"}],"wp:attachment":[{"href":"https:\/\/das.raumtuning.info\/index.php?rest_route=%2Fwp%2Fv2%2Fmedia&parent=1076"}],"curies":[{"name":"wp","href":"https:\/\/api.w.org\/{rel}","templated":true}]}}