{"id":1079,"date":"2014-04-12T11:13:57","date_gmt":"2014-04-12T09:13:57","guid":{"rendered":"http:\/\/das.raumtuning.info\/?page_id=1079"},"modified":"2025-11-02T13:31:24","modified_gmt":"2025-11-02T12:31:24","slug":"bilder","status":"publish","type":"page","link":"https:\/\/das.raumtuning.info\/?page_id=1079","title":{"rendered":"Bilder"},"content":{"rendered":"","protected":true},"excerpt":{"rendered":"","protected":true},"author":1,"featured_media":0,"parent":0,"menu_order":0,"comment_status":"open","ping_status":"closed","template":"","meta":{"jetpack_post_was_ever_published":false,"footnotes":""},"class_list":["post-1079","page","type-page","status-publish","post-password-required","hentry"],"aioseo_notices":[],"jetpack_sharing_enabled":true,"jetpack_shortlink":"https:\/\/wp.me\/P4hjs0-hp","jetpack-related-posts":[{"id":7201,"url":"https:\/\/das.raumtuning.info\/?page_id=7201","url_meta":{"origin":1079,"position":0},"title":"HFO Plugs Sigma","date":"10. Januar 2024","format":false,"excerpt":"HFO Power Plug SigmaHFO Cinch Plug Sigma https:\/\/youtu.be\/AXdABFw6BNsDer Text ist in Bearbeitung.","rel":"","context":"Similar post","img":{"alt_text":"","src":"","width":0,"height":0},"classes":[]},{"id":4832,"url":"https:\/\/das.raumtuning.info\/?page_id=4832","url_meta":{"origin":1079,"position":1},"title":"Bedienungsanleitung Vortex HiFi Hochfrequenz Optimizer (HFO)","date":"18. M\u00e4rz 2020","format":false,"excerpt":"Vortex HiFi Hochfrequenz Optimiser Set Sigma (HFO-Sigma Set) Bedienungsanleitung Hochfrequenz Optimizer (HFO) Set Vielen Dank f\u00fcr den Kauf des HFO -Sets. Die Bedienungsanleitung gilt f\u00fcr den HFO -Sigma, HFO-Diamant+ und dem HFO-PI+. Sie haben eines der innovativsten Produkte im Bereich Wellness und HiFi erworben. Ziel: Ziel der HFO- Sets ist\u2026","rel":"","context":"Similar post","img":{"alt_text":"","src":"https:\/\/i0.wp.com\/das.raumtuning.info\/wp-content\/uploads\/2020\/03\/vortex-hifi-hfo-sigma-optimizer-set-varbild-29223.jpg?resize=350%2C200&ssl=1","width":350,"height":200},"classes":[]},{"id":7343,"url":"https:\/\/das.raumtuning.info\/?page_id=7343","url_meta":{"origin":1079,"position":2},"title":"Marie erkl\u00e4rt die Bedienung","date":"24. Januar 2024","format":false,"excerpt":"https:\/\/youtu.be\/zcR0A9hJC-g Die Anwendung der HFO Plugs Sigma Das erste Video besch\u00e4ftigt sich mit der Bedienung unserer neuesten Produktfamilie, der HFO Plugs Sigma.\u00a0Unser Avatar Marie beschreibt Warum HF ein Problem beim Musikh\u00f6ren ist, und wie Sie das Problem mit den neuen Hochfrequenz Optimizern bei sich l\u00f6sen k\u00f6nnen.https:\/\/youtu.be\/PTXgOUnaJtM Anwendung der neuen Power\u2026","rel":"","context":"Similar post","img":{"alt_text":"","src":"https:\/\/i0.wp.com\/img.youtube.com\/vi\/zcR0A9hJC-g\/0.jpg?resize=350%2C200","width":350,"height":200},"classes":[]},{"id":5950,"url":"https:\/\/das.raumtuning.info\/?page_id=5950","url_meta":{"origin":1079,"position":3},"title":"Vortex HiFi Power Cap Sigma erkl\u00e4rt","date":"13. Oktober 2021","format":false,"excerpt":"Hier entsteht in K\u00fcrze eine Erkl\u00e4rung des Power Cap Sigma \u00a0 Power Cap Sigma mit Oszillation Alignement \u00a0 \u00a0 Hier entsteht eine Erkl\u00e4rung des Power Cap Sigma","rel":"","context":"Similar post","img":{"alt_text":"","src":"https:\/\/i0.wp.com\/das.raumtuning.info\/wp-content\/uploads\/2016\/11\/Power-Caps-10-St\u00fcck.jpg?fit=1200%2C908&ssl=1&resize=350%2C200","width":350,"height":200},"classes":[]},{"id":281,"url":"https:\/\/das.raumtuning.info\/?page_id=281","url_meta":{"origin":1079,"position":4},"title":"Entstressung","date":"30. Januar 2014","format":false,"excerpt":"Alle wollen stressfrei h\u00f6ren Im HiFi wird viel \u00fcber stressfreies H\u00f6ren philosophiert. Analoge Plattenspieler seien stressfrei, da diese nur analoge - also nat\u00fcrliche Verzerrungen bes\u00e4\u00dfen. R\u00f6hrenverst\u00e4rker w\u00fcrden stressfrei klingen, da diese bestimmte Wunder-Oberwellen erzeugen w\u00fcrden. Ein weiterer Kandidat, der als das ultimative Prinzip zum stressfreien H\u00f6ren gilt, ist der elektrostatische\u2026","rel":"","context":"Similar post","img":{"alt_text":"","src":"https:\/\/i0.wp.com\/das.raumtuning.info\/wp-content\/uploads\/2014\/01\/Tietel-Entstresung.jpg?fit=1080%2C540&ssl=1&resize=350%2C200","width":350,"height":200},"classes":[]},{"id":4480,"url":"https:\/\/das.raumtuning.info\/?page_id=4480","url_meta":{"origin":1079,"position":5},"title":"Produktvideos \/ Anleitungen","date":"6. M\u00e4rz 2019","format":false,"excerpt":"Infovideos zum Thema Blut und Oszillation Alignement Eines der zentralen Probleme - wenn nicht das zentrale Problem \u2013 in Verbindung mit elektromagnetischen Wellen und Feldern, welche auf den Menschen wirken, ist das diese die roten Blutk\u00f6rper verkleben und so das Blut dickfl\u00fcssigen machen. Dies hat nicht nur f\u00fcr das H\u00f6ren\u2026","rel":"","context":"Similar post","img":{"alt_text":"","src":"https:\/\/i0.wp.com\/das.raumtuning.info\/wp-content\/uploads\/2020\/04\/Bildschirmfoto-2020-04-29-um-10.52.13.png?fit=1200%2C672&ssl=1&resize=350%2C200","width":350,"height":200},"classes":[]}],"_links":{"self":[{"href":"https:\/\/das.raumtuning.info\/index.php?rest_route=\/wp\/v2\/pages\/1079","targetHints":{"allow":["GET"]}}],"collection":[{"href":"https:\/\/das.raumtuning.info\/index.php?rest_route=\/wp\/v2\/pages"}],"about":[{"href":"https:\/\/das.raumtuning.info\/index.php?rest_route=\/wp\/v2\/types\/page"}],"author":[{"embeddable":true,"href":"https:\/\/das.raumtuning.info\/index.php?rest_route=\/wp\/v2\/users\/1"}],"replies":[{"embeddable":true,"href":"https:\/\/das.raumtuning.info\/index.php?rest_route=%2Fwp%2Fv2%2Fcomments&post=1079"}],"version-history":[{"count":14,"href":"https:\/\/das.raumtuning.info\/index.php?rest_route=\/wp\/v2\/pages\/1079\/revisions"}],"predecessor-version":[{"id":9353,"href":"https:\/\/das.raumtuning.info\/index.php?rest_route=\/wp\/v2\/pages\/1079\/revisions\/9353"}],"wp:attachment":[{"href":"https:\/\/das.raumtuning.info\/index.php?rest_route=%2Fwp%2Fv2%2Fmedia&parent=1079"}],"curies":[{"name":"wp","href":"https:\/\/api.w.org\/{rel}","templated":true}]}}