{"id":1103,"date":"2014-04-17T15:25:40","date_gmt":"2014-04-17T13:25:40","guid":{"rendered":"http:\/\/das.raumtuning.info\/?page_id=1103"},"modified":"2025-03-25T17:41:14","modified_gmt":"2025-03-25T16:41:14","slug":"preisliste","status":"publish","type":"page","link":"https:\/\/das.raumtuning.info\/?page_id=1103","title":{"rendered":"Preislisten"},"content":{"rendered":"<iframe src=\"\/\/docs.google.com\/viewer?url=http%3A%2F%2Fdas.raumtuning.info%2Fwp-content%2Fuploads%2F2025%2F03%2FVortex-Preisliste-bellevueaudio_UVP_2025-01-10.pdf&hl=de&embedded=true\" class=\"gde-frame\" style=\"width:100%; height:500px; border: none;\" scrolling=\"no\"><\/iframe>\n<p class=\"gde-text\"><a href=\"http:\/\/das.raumtuning.info\/wp-content\/uploads\/2025\/03\/Vortex-Preisliste-bellevueaudio_UVP_2025-01-10.pdf\" class=\"gde-link\">Download (PDF, 223KB)<\/a><\/p>\n","protected":false},"excerpt":{"rendered":"","protected":false},"author":1,"featured_media":0,"parent":0,"menu_order":0,"comment_status":"open","ping_status":"closed","template":"","meta":{"jetpack_post_was_ever_published":false,"footnotes":""},"class_list":["post-1103","page","type-page","status-publish","hentry"],"aioseo_notices":[],"jetpack_sharing_enabled":true,"jetpack_shortlink":"https:\/\/wp.me\/P4hjs0-hN","jetpack-related-posts":[{"id":3145,"url":"https:\/\/das.raumtuning.info\/?page_id=3145","url_meta":{"origin":1103,"position":0},"title":"Produktgruppen","date":"19. Dezember 2017","format":false,"excerpt":"Vortex HiFi Zubeh\u00f6r besteht aus 8 Produktgruppen in denen 8 unterschiedliche Vortex HiFi Basistechnologien eingesetzt werden. Im Magazin f\u00fcr High Fidelity - H\u00f6rerlebnis - wurde ein Querschnitt unserer Produkte getestet und kommt zu dem Fazit: \"Was Norbert Maurer mit der j\u00fcngsten Vortex Hifi-Technik anbietet, ist in seiner Wirkung in Relation\u2026","rel":"","context":"Similar post","img":{"alt_text":"","src":"https:\/\/i0.wp.com\/das.raumtuning.info\/wp-content\/uploads\/2014\/01\/Produkt\u00fcbersicht-mit-Logo.jpg?fit=1200%2C760&ssl=1&resize=350%2C200","width":350,"height":200},"classes":[]},{"id":5169,"url":"https:\/\/das.raumtuning.info\/?page_id=5169","url_meta":{"origin":1103,"position":1},"title":"Anleitung: Power Optimizer","date":"4. August 2020","format":false,"excerpt":"https:\/\/youtu.be\/9Inn1j0vB88 https:\/\/youtu.be\/jt784I-4Pys","rel":"","context":"Similar post","img":{"alt_text":"","src":"https:\/\/i0.wp.com\/das.raumtuning.info\/wp-content\/uploads\/2018\/01\/PO-2_3-5.jpg?fit=1200%2C675&ssl=1&resize=350%2C200","width":350,"height":200},"classes":[]},{"id":5182,"url":"https:\/\/das.raumtuning.info\/?page_id=5182","url_meta":{"origin":1103,"position":2},"title":"Anleitung: Vibration Naturalizer Ger\u00e4tef\u00fcsse","date":"4. August 2020","format":false,"excerpt":"https:\/\/youtu.be\/4CA8W_5tvSk","rel":"","context":"Similar post","img":{"alt_text":"","src":"https:\/\/i0.wp.com\/das.raumtuning.info\/wp-content\/uploads\/2018\/01\/Alle-F\u00fc\u00dfe-Schwarz-Hintergrund-unscharf-1.jpg?fit=1200%2C675&ssl=1&resize=350%2C200","width":350,"height":200},"classes":[]},{"id":39,"url":"https:\/\/das.raumtuning.info\/?page_id=39","url_meta":{"origin":1103,"position":3},"title":"Produkte","date":"13. Januar 2014","format":false,"excerpt":"Vortex HiFi Zubeh\u00f6r besteht aus 12 Produktgruppen in denen viele unterschiedliche Vortex HiFi Basistechnologien eingesetzt werden. Dabei stellen einige der Technologien heutige Regeln , auch der Baubiologie und der Umweltmedizin auf den Kopf. So zum Beispiel unserre Oszillation Alignement Technik welche hilft die roten Blutk\u00f6rper trotz HF und NF -\u2026","rel":"","context":"Similar post","img":{"alt_text":"","src":"https:\/\/i0.wp.com\/img.youtube.com\/vi\/sFro5vo_Rfs\/0.jpg?resize=350%2C200","width":350,"height":200},"classes":[]},{"id":5102,"url":"https:\/\/das.raumtuning.info\/?page_id=5102","url_meta":{"origin":1103,"position":4},"title":"Probleml\u00f6sungsmatrix","date":"19. Mai 2020","format":false,"excerpt":"Einfache Probleml\u00f6sungsmatrix, ohne Bewertung Die einfache Probleml\u00f6sungsmatrix zeigt vertikal (linke Spalten) die Probleme, auf die wir l\u00f6sen k\u00f6nnen. Den jeweiligen Bereichen wie HF-Strahlung, NF-Strahlung, Elektrostatik oder geopathogene Zonen ist je ein Video (Einf\u00fchrung in energetisches HiFi Zubeh\u00f6r) verlinkt, in dem Norbert Maurer und Ed Doggen das Problem und die L\u00f6sungen\u2026","rel":"","context":"Similar post","img":{"alt_text":"","src":"","width":0,"height":0},"classes":[]},{"id":445,"url":"https:\/\/das.raumtuning.info\/?page_id=445","url_meta":{"origin":1103,"position":5},"title":"Vertrieb","date":"5. Februar 2014","format":false,"excerpt":"Vertrieb Deutschland Bellevueaudio Andreas SehlhorstVon Hofmann Stra\u00dfe 244579 Castrop-Rauxel kontakt@bellevueaudio.deWebsite: https:\/\/www.bellevueaudio.deFon: +49 177 78 47 433 H\u00e4ndler Deutschland Vertrieb \u00d6sterreich Musik&Akustik Norbert MaurerWahlscheider Stra\u00dfe 14D-53907 LohmarTel: + 49 226 9074 361info@musikundakustik.dehttp:\/\/www.vortexhifi.com H\u00e4ndler \u00d6sterreich Vertrieb Niederlande \/ Belgien \/ Luxenburg Musik&Akustik Norbert MaurerWahlscheider Stra\u00dfe 14D-53907 LohmarTel: + 49 226 9074 361info@musikundakustik.dehttp:\/\/www.vortexhifi.com\u2026","rel":"","context":"Similar post","img":{"alt_text":"Quelle: Vortex HiFi","src":"https:\/\/i0.wp.com\/das.raumtuning.info\/wp-content\/uploads\/2014\/02\/Trompete_web.jpg?fit=1080%2C533&ssl=1&resize=350%2C200","width":350,"height":200},"classes":[]}],"_links":{"self":[{"href":"https:\/\/das.raumtuning.info\/index.php?rest_route=\/wp\/v2\/pages\/1103","targetHints":{"allow":["GET"]}}],"collection":[{"href":"https:\/\/das.raumtuning.info\/index.php?rest_route=\/wp\/v2\/pages"}],"about":[{"href":"https:\/\/das.raumtuning.info\/index.php?rest_route=\/wp\/v2\/types\/page"}],"author":[{"embeddable":true,"href":"https:\/\/das.raumtuning.info\/index.php?rest_route=\/wp\/v2\/users\/1"}],"replies":[{"embeddable":true,"href":"https:\/\/das.raumtuning.info\/index.php?rest_route=%2Fwp%2Fv2%2Fcomments&post=1103"}],"version-history":[{"count":25,"href":"https:\/\/das.raumtuning.info\/index.php?rest_route=\/wp\/v2\/pages\/1103\/revisions"}],"predecessor-version":[{"id":8653,"href":"https:\/\/das.raumtuning.info\/index.php?rest_route=\/wp\/v2\/pages\/1103\/revisions\/8653"}],"wp:attachment":[{"href":"https:\/\/das.raumtuning.info\/index.php?rest_route=%2Fwp%2Fv2%2Fmedia&parent=1103"}],"curies":[{"name":"wp","href":"https:\/\/api.w.org\/{rel}","templated":true}]}}