{"id":138,"date":"2014-01-28T11:14:11","date_gmt":"2014-01-28T10:14:11","guid":{"rendered":"http:\/\/das.raumtuning.info\/?page_id=138"},"modified":"2014-12-12T16:17:03","modified_gmt":"2014-12-12T15:17:03","slug":"unsere-techniken","status":"publish","type":"page","link":"https:\/\/das.raumtuning.info\/?page_id=138","title":{"rendered":"Techniken"},"content":{"rendered":"<h1>Innovationen f\u00fcr die Sinne&#8230;<\/h1>\n<p>&#8230; lautet unsere Zielsetzung. Wir wollen, dass Sie besser h\u00f6ren und besser sehen. Das ist w\u00f6rtlich zu nehmen. Wir besch\u00e4ftigen uns mit dem Menschen und wie unsere heutige HiFi-Stereo und AV-Technik aber auch die h\u00e4usliche Umwelt den Menschen beim H\u00f6ren und Sehen unbemerkt und nebenbei negativ beeinflusst.<\/p>\n<h4>H\u00f6ren ist reine Nervensache<\/h4>\n<p>Das H\u00f6ren beginnt zwar mit Schall endet aber mit Nervenimpulsen und Hormonaussch\u00fcttungen. Das, was wir letztendlich empfinden, ist das Ergebnis eines langen Verarbeitungsprozesses mit Unterdr\u00fcckung und Hervorhebung von Schallereignissen (Cocktailparty Effekt) und der Korrektur des realen Schalls durch Erlerntes. Wir h\u00f6ren also nicht das, was da ist, sondern das, was wir h\u00f6ren wollen!<\/p>\n<figure id=\"attachment_200\" aria-describedby=\"caption-attachment-200\" style=\"width: 1080px\" class=\"wp-caption alignnone\"><a href=\"https:\/\/i0.wp.com\/das.raumtuning.info\/wp-content\/uploads\/2014\/01\/HRV-Scanner-Bildschirm.png\"><img fetchpriority=\"high\" decoding=\"async\" data-attachment-id=\"200\" data-permalink=\"https:\/\/das.raumtuning.info\/?attachment_id=200\" data-orig-file=\"https:\/\/i0.wp.com\/das.raumtuning.info\/wp-content\/uploads\/2014\/01\/HRV-Scanner-Bildschirm.png?fit=1080%2C555&amp;ssl=1\" data-orig-size=\"1080,555\" data-comments-opened=\"1\" data-image-meta=\"{&quot;aperture&quot;:&quot;0&quot;,&quot;credit&quot;:&quot;&quot;,&quot;camera&quot;:&quot;&quot;,&quot;caption&quot;:&quot;&quot;,&quot;created_timestamp&quot;:&quot;0&quot;,&quot;copyright&quot;:&quot;&quot;,&quot;focal_length&quot;:&quot;0&quot;,&quot;iso&quot;:&quot;0&quot;,&quot;shutter_speed&quot;:&quot;0&quot;,&quot;title&quot;:&quot;&quot;}\" data-image-title=\"HRV-Scanner-Bildschirm\" data-image-description=\"\" data-image-caption=\"&lt;p&gt;Computergest\u00fctztes EKG &lt;\/p&gt;\n\" data-medium-file=\"https:\/\/i0.wp.com\/das.raumtuning.info\/wp-content\/uploads\/2014\/01\/HRV-Scanner-Bildschirm.png?fit=300%2C154&amp;ssl=1\" data-large-file=\"https:\/\/i0.wp.com\/das.raumtuning.info\/wp-content\/uploads\/2014\/01\/HRV-Scanner-Bildschirm.png?fit=640%2C329&amp;ssl=1\" class=\" wp-image-200 \" title=\"Messung der Herzratenvariabilit\u00e4t zur Bestimmung des ANS-Status (Autonomes Nervensystem)\" src=\"https:\/\/i0.wp.com\/das.raumtuning.info\/wp-content\/uploads\/2014\/01\/HRV-Scanner-Bildschirm.png?resize=640%2C329\" alt=\"Messung der Herzratenvariabilit\u00e4t zur Bestimmung des ANS-Status (Autonomes Nervensystem)\" width=\"640\" height=\"329\" srcset=\"https:\/\/i0.wp.com\/das.raumtuning.info\/wp-content\/uploads\/2014\/01\/HRV-Scanner-Bildschirm.png?w=1080&amp;ssl=1 1080w, https:\/\/i0.wp.com\/das.raumtuning.info\/wp-content\/uploads\/2014\/01\/HRV-Scanner-Bildschirm.png?resize=300%2C154&amp;ssl=1 300w, https:\/\/i0.wp.com\/das.raumtuning.info\/wp-content\/uploads\/2014\/01\/HRV-Scanner-Bildschirm.png?resize=1024%2C526&amp;ssl=1 1024w, https:\/\/i0.wp.com\/das.raumtuning.info\/wp-content\/uploads\/2014\/01\/HRV-Scanner-Bildschirm.png?resize=900%2C462&amp;ssl=1 900w\" sizes=\"(max-width: 640px) 100vw, 640px\" data-recalc-dims=\"1\" \/><\/a><figcaption id=\"caption-attachment-200\" class=\"wp-caption-text\">Messung der Herzratenvariabilit\u00e4t zur Bestimmung des ANS-Status (Autonomes Nervensystem)<\/figcaption><\/figure>\n<p>Dieser Verarbeitungsprozess \u00fcber viele Nervenzellen wird beeinflusst durch elektromagnetische Wellen und Felder. Das sind wissenschaftliche ver\u00f6ffentlichte Fakten, die durch die Zensur in den Medien und in der Wissenschaft den betroffenen Menschen vorenthalten werden.<\/p>\n<p>Die in der Medizin ganz offensichtlich und gravierenden\u00a0 Auswirkungen von elektromagnetischen Wellen und Felder auf den menschlichen K\u00f6rper werden seit vielen Jahren durch tausende von\u00a0<a href=\"http:\/\/www.aerzte-und-mobilfunk.net\/\" target=\"_blank\">Medizinern<\/a> in Appellen gegen Handys, DECT-Telefonen und WLAN angeprangert.<\/p>\n<h3>Echte Innovationen bauen auf wirklich neuen wissenschaftlichen Erkentnissen auf<\/h3>\n<p>Aufbauend auf diesen wissenschaftlichen Erkenntnissen entwickelte Vortex HiFi verschiedene Techniken, um\u00a0diesen letztendlich entscheidenden Teil des H\u00f6rens &#8211; die Verarbeitung von Schallereignissen zu einem Erlebnis &#8211; so nat\u00fcrlich und leistungsf\u00e4hig wie m\u00f6glich zu erhalten . Dazu mussten wir v\u00f6llig neue Wege gehen und technische Konzepte in den HiFi &#8211; Bereich \u00fcbernehmen, die sonst nur im baubiologischen oder medizinischen Bereich \u00fcblich waren. Vieles mussten wir auch v\u00f6llig neu erfinden.<\/p>\n<h3>Warum haben wir die beste Abschirmtechnik der Welt entwickelt?<\/h3>\n<figure id=\"attachment_1768\" aria-describedby=\"caption-attachment-1768\" style=\"width: 440px\" class=\"wp-caption alignnone\"><a href=\"https:\/\/i0.wp.com\/das.raumtuning.info\/wp-content\/uploads\/2014\/01\/Power-Plug-B..jpg\"><img decoding=\"async\" data-attachment-id=\"1768\" data-permalink=\"https:\/\/das.raumtuning.info\/?attachment_id=1768\" data-orig-file=\"https:\/\/i0.wp.com\/das.raumtuning.info\/wp-content\/uploads\/2014\/01\/Power-Plug-B..jpg?fit=1063%2C752&amp;ssl=1\" data-orig-size=\"1063,752\" data-comments-opened=\"1\" data-image-meta=\"{&quot;aperture&quot;:&quot;0&quot;,&quot;credit&quot;:&quot;&quot;,&quot;camera&quot;:&quot;&quot;,&quot;caption&quot;:&quot;&quot;,&quot;created_timestamp&quot;:&quot;0&quot;,&quot;copyright&quot;:&quot;&quot;,&quot;focal_length&quot;:&quot;0&quot;,&quot;iso&quot;:&quot;0&quot;,&quot;shutter_speed&quot;:&quot;0&quot;,&quot;title&quot;:&quot;&quot;,&quot;orientation&quot;:&quot;0&quot;}\" data-image-title=\"Power-Plug-B.\" data-image-description=\"\" data-image-caption=\"&lt;p&gt;Nano Shield Plugs&lt;\/p&gt;\n\" data-medium-file=\"https:\/\/i0.wp.com\/das.raumtuning.info\/wp-content\/uploads\/2014\/01\/Power-Plug-B..jpg?fit=300%2C212&amp;ssl=1\" data-large-file=\"https:\/\/i0.wp.com\/das.raumtuning.info\/wp-content\/uploads\/2014\/01\/Power-Plug-B..jpg?fit=640%2C453&amp;ssl=1\" class=\"wp-image-1768\" src=\"https:\/\/i0.wp.com\/das.raumtuning.info\/wp-content\/uploads\/2014\/01\/Power-Plug-B..jpg?resize=440%2C311\" alt=\"Vortex HiFi Nano Shield Power Plug schwarz, mit Nanotechnik gegen Oberwellen auf dem Stromnetz\" width=\"440\" height=\"311\" srcset=\"https:\/\/i0.wp.com\/das.raumtuning.info\/wp-content\/uploads\/2014\/01\/Power-Plug-B..jpg?w=1063&amp;ssl=1 1063w, https:\/\/i0.wp.com\/das.raumtuning.info\/wp-content\/uploads\/2014\/01\/Power-Plug-B..jpg?resize=300%2C212&amp;ssl=1 300w, https:\/\/i0.wp.com\/das.raumtuning.info\/wp-content\/uploads\/2014\/01\/Power-Plug-B..jpg?resize=1024%2C724&amp;ssl=1 1024w, https:\/\/i0.wp.com\/das.raumtuning.info\/wp-content\/uploads\/2014\/01\/Power-Plug-B..jpg?resize=900%2C636&amp;ssl=1 900w\" sizes=\"(max-width: 440px) 100vw, 440px\" data-recalc-dims=\"1\" \/><\/a><figcaption id=\"caption-attachment-1768\" class=\"wp-caption-text\">Vortex HiFi Nano Shield Power Plug schwarz, mit Nanotechnik gegen Oberwellen auf dem Stromnetz<\/figcaption><\/figure>\n<p>Dr. Magda Havas zeigte in ihren Studien den Zusammenhang zwischen Nervenst\u00f6rungen, wie Konzentrationsm\u00e4ngel, Erinnerungsprobleme sowie Ohrger\u00e4usche bei starken Oberwellen auf Netzleitungen im Haushalt. Wir fanden heraus, dass die Steckdosen (Schnittstellen), die Massen der Ger\u00e4te und die angeschlossenen Kabel \u00fcber die Masse (Feldquelle) die mit Abstand gr\u00f6\u00dften Verursacher einer Abstrahlung sind.<\/p>\n<p>Eine weitere Erkenntnis der Wissenschaft ist, dass nicht die Intensit\u00e4t, sondern die Struktur entscheidend ist f\u00fcr eine biologische Reaktion &#8211; also die Beeinflussung des H\u00f6rerlebnis! Trotz allem sind die Felder nach allen Regeln der bisherigen Wissenschaft zu klein, um eine Wirkung zu zeigen. Eine Erkl\u00e4rung dieser Ph\u00e4nomene zeigen die Arbeiten von Prof. Dr. Ing. Konstantin Meyl auf. Dieser zeigt den Zusammenhang zwischen Verwirbelungen und einer daraus sich ergebenen biologischen Wirkung nahezu unabh\u00e4ngig von der Intensit\u00e4t &#8211; \u00fcber Potentialwirbel, welche Informationen tragen. Diese sind aber auch noch wirksam, wenn man ein Feld abschirmt.<\/p>\n<h3>Die perfekte Abschirmung aus zwei Denkwelten<\/h3>\n<p>So konnte das Ziel nur lauten: den besten Schirm, den es gibt, unter allen Umst\u00e4nden massefrei einzusetzen und mit Informierungen zu kombinieren, welche Potentialwirbel aufl\u00f6sen. So entwickelten wir unsere Shield Plugs mit der <strong>Vortex HiFi Nano Shield Technologie<\/strong>.<\/p>\n<h4>Das beste Schirmmaterial<\/h4>\n<p>Der beste Schirm ist f\u00fcr diese Aufgabe gerade gut genug. So verwenden wir ein Schirmaterial, auf das in einem patentierten Verfahren in einem Vakuum Nanopartikel aufgebracht werden. Durch diesen Vorgang ver\u00e4ndern sich die Eigenschaften des Materials vollkommen. So ist das Material in der Lage, um 80 bis 120dB bei Frequenzen bis 40 GHz zu schirmen und auch elektrische Energie in W\u00e4rme umzusetzen, also zu absorbieren! Das ist weltweit einzigartig!<\/p>\n<h4>Der Zwang zur Massefreiheit<\/h4>\n<p>Da die Ger\u00e4temassen Spannungen von wenigen Volt bis \u00fcber 100 Volt besitzen, stellt die Masse eine extrem starke Feldquelle da! Das ist auch der pysikalische Grund f\u00fcr die klanglichen Unterschiede beim Ausphasen der Netzstecker von HiFi-Ger\u00e4ten. Am Signal macht dies praktisch nichts. Es geht auch hier um die biologische Wirkung.<\/p>\n<p>Daher ist jede Abschirmung in den Vortex HiFi-Shield-Plugs gegen\u00fcber Masse isoliert und somit massefrei. Nur so erreichen wir eine Schirmwirkung, ohne eine zus\u00e4tzliche starke Feldquelle (Schirm-Stecker als unfreiwillige Antennen der Masse) zu erzeugen. Egal, ob man hinein (Signalbeeinflussung) oder heraus schaut (biologischen Betrachtung) &#8211; die Masse darf nicht au\u00dfen liegen! Auch dies ist bei Vortex HiFi Nano Shield Plugs weltweit einmalig, da die Abschirmung sonst immer auf Massepotential erfolgt.<\/p>\n<h4>Die Informationen gegen Potentialwirbel<\/h4>\n<figure id=\"attachment_188\" aria-describedby=\"caption-attachment-188\" style=\"width: 324px\" class=\"wp-caption alignleft\"><a href=\"https:\/\/i0.wp.com\/das.raumtuning.info\/wp-content\/uploads\/2014\/01\/RJ45-shield-plug-hinten.png\"><img decoding=\"async\" data-attachment-id=\"188\" data-permalink=\"https:\/\/das.raumtuning.info\/?attachment_id=188\" data-orig-file=\"https:\/\/i0.wp.com\/das.raumtuning.info\/wp-content\/uploads\/2014\/01\/RJ45-shield-plug-hinten.png?fit=540%2C548&amp;ssl=1\" data-orig-size=\"540,548\" data-comments-opened=\"1\" data-image-meta=\"{&quot;aperture&quot;:&quot;0&quot;,&quot;credit&quot;:&quot;&quot;,&quot;camera&quot;:&quot;&quot;,&quot;caption&quot;:&quot;&quot;,&quot;created_timestamp&quot;:&quot;0&quot;,&quot;copyright&quot;:&quot;&quot;,&quot;focal_length&quot;:&quot;0&quot;,&quot;iso&quot;:&quot;0&quot;,&quot;shutter_speed&quot;:&quot;0&quot;,&quot;title&quot;:&quot;&quot;}\" data-image-title=\"RJ45-shield-plug-hinten\" data-image-description=\"\" data-image-caption=\"\" data-medium-file=\"https:\/\/i0.wp.com\/das.raumtuning.info\/wp-content\/uploads\/2014\/01\/RJ45-shield-plug-hinten.png?fit=295%2C300&amp;ssl=1\" data-large-file=\"https:\/\/i0.wp.com\/das.raumtuning.info\/wp-content\/uploads\/2014\/01\/RJ45-shield-plug-hinten.png?fit=540%2C548&amp;ssl=1\" class=\" wp-image-188    \" title=\"RJ45 LAN nano shield plug mit A.I.O. informiertem Halbedelstein\" src=\"https:\/\/i0.wp.com\/das.raumtuning.info\/wp-content\/uploads\/2014\/01\/RJ45-shield-plug-hinten.png?resize=324%2C329\" alt=\"RJ45 LAN nano shield plug mit A.I.O. informiertem Halbedelstein\" width=\"324\" height=\"329\" srcset=\"https:\/\/i0.wp.com\/das.raumtuning.info\/wp-content\/uploads\/2014\/01\/RJ45-shield-plug-hinten.png?w=540&amp;ssl=1 540w, https:\/\/i0.wp.com\/das.raumtuning.info\/wp-content\/uploads\/2014\/01\/RJ45-shield-plug-hinten.png?resize=295%2C300&amp;ssl=1 295w\" sizes=\"(max-width: 324px) 100vw, 324px\" data-recalc-dims=\"1\" \/><\/a><figcaption id=\"caption-attachment-188\" class=\"wp-caption-text\">RJ45 LAN\u00a0 Nano Shield Plug mit A.I.O. informiertem Halbedelstein<\/figcaption><\/figure>\n<p>Da die wissenschaftlich gesicherten Erkentnisse \u00fcber den Weg der Beeinflussung des Menschen im Unklaren liegen, gehen wir zus\u00e4tzlich zum Schirmen den Weg der Theorie des Prof. Dr. Ing. K. Meyl und beseitigen die nach seinen Erkenntnissen biologisch relevanten Potentialwirbel mittels Informationen. Dies also mit einer Technik, die seit \u00fcber 200 Jahren durch Christian Friedrich Samuel Hahnemann in der Medizin einen festen Platz hat. Als Tr\u00e4ger dieser Information verwenden wir einen <strong>Halbedelstein<\/strong>, den wir mit verschiedenen ,von uns entwickelten Verfahren <strong>informiert<\/strong> und <strong>aktiviert<\/strong> haben. Diese Halbedelsteine werden dann von uns im Nano Shield Plug platziert. Die physikalische Wirkung der Informierung messen wir mittels einer 3D &#8211; elektrischen Feldsonde.<\/p>\n<h4>Die Information gegen Stress<\/h4>\n<figure id=\"attachment_1676\" aria-describedby=\"caption-attachment-1676\" style=\"width: 484px\" class=\"wp-caption aligncenter\"><a href=\"https:\/\/i0.wp.com\/das.raumtuning.info\/wp-content\/uploads\/2014\/01\/Donut-mit-Logo-web.jpg\"><img loading=\"lazy\" decoding=\"async\" data-attachment-id=\"1676\" data-permalink=\"https:\/\/das.raumtuning.info\/?attachment_id=1676\" data-orig-file=\"https:\/\/i0.wp.com\/das.raumtuning.info\/wp-content\/uploads\/2014\/01\/Donut-mit-Logo-web.jpg?fit=1063%2C752&amp;ssl=1\" data-orig-size=\"1063,752\" data-comments-opened=\"1\" data-image-meta=\"{&quot;aperture&quot;:&quot;0&quot;,&quot;credit&quot;:&quot;&quot;,&quot;camera&quot;:&quot;&quot;,&quot;caption&quot;:&quot;&quot;,&quot;created_timestamp&quot;:&quot;0&quot;,&quot;copyright&quot;:&quot;&quot;,&quot;focal_length&quot;:&quot;0&quot;,&quot;iso&quot;:&quot;0&quot;,&quot;shutter_speed&quot;:&quot;0&quot;,&quot;title&quot;:&quot;&quot;,&quot;orientation&quot;:&quot;0&quot;}\" data-image-title=\"Donut-mit-Logo-web\" data-image-description=\"\" data-image-caption=\"&lt;p&gt;K\u00f6rper Entstressung&lt;\/p&gt;\n\" data-medium-file=\"https:\/\/i0.wp.com\/das.raumtuning.info\/wp-content\/uploads\/2014\/01\/Donut-mit-Logo-web.jpg?fit=300%2C212&amp;ssl=1\" data-large-file=\"https:\/\/i0.wp.com\/das.raumtuning.info\/wp-content\/uploads\/2014\/01\/Donut-mit-Logo-web.jpg?fit=640%2C453&amp;ssl=1\" class=\"wp-image-1676\" src=\"https:\/\/i0.wp.com\/das.raumtuning.info\/wp-content\/uploads\/2014\/01\/Donut-mit-Logo-web.jpg?resize=484%2C342\" alt=\"Vortex HiFi A.I.O. Entstressungs Donut\" width=\"484\" height=\"342\" srcset=\"https:\/\/i0.wp.com\/das.raumtuning.info\/wp-content\/uploads\/2014\/01\/Donut-mit-Logo-web.jpg?w=1063&amp;ssl=1 1063w, https:\/\/i0.wp.com\/das.raumtuning.info\/wp-content\/uploads\/2014\/01\/Donut-mit-Logo-web.jpg?resize=300%2C212&amp;ssl=1 300w, https:\/\/i0.wp.com\/das.raumtuning.info\/wp-content\/uploads\/2014\/01\/Donut-mit-Logo-web.jpg?resize=1024%2C724&amp;ssl=1 1024w, https:\/\/i0.wp.com\/das.raumtuning.info\/wp-content\/uploads\/2014\/01\/Donut-mit-Logo-web.jpg?resize=900%2C636&amp;ssl=1 900w\" sizes=\"(max-width: 484px) 100vw, 484px\" data-recalc-dims=\"1\" \/><\/a><figcaption id=\"caption-attachment-1676\" class=\"wp-caption-text\">Vortex HiFi A.I.O. Entstressungs Donut<\/figcaption><\/figure>\n<p class=\"wp-image-1676\">Zus\u00e4tzlich nutzen wir den Halbedelstein auch, um eine entstressende Information aufzubringen, um der Str\u00f6rung \u00fcber Potentialwirbel im menschlichen Organismus eine entstressende Wirkung entgegen zu setzen. Diese Wirkung messen wir mit der Methode der Herzratenvariabilit\u00e4ts-Messung \u00fcber ein EKG. Dabei k\u00f6nnen wir anhand eines Computerprogramms den Zustand des Autonomen Nervensystems erkennen &#8211; also ob Sie gestresst sind oder entspannt.<\/p>\n<h2>Vortex HiFi Halbedelsteine mit A.O.I. Informierung<\/h2>\n<figure id=\"attachment_1675\" aria-describedby=\"caption-attachment-1675\" style=\"width: 1063px\" class=\"wp-caption aligncenter\"><a href=\"https:\/\/i0.wp.com\/das.raumtuning.info\/wp-content\/uploads\/2014\/01\/pyramiden-30-40-mit-logo-web.jpg\"><img loading=\"lazy\" decoding=\"async\" data-attachment-id=\"1675\" data-permalink=\"https:\/\/das.raumtuning.info\/?attachment_id=1675\" data-orig-file=\"https:\/\/i0.wp.com\/das.raumtuning.info\/wp-content\/uploads\/2014\/01\/pyramiden-30-40-mit-logo-web.jpg?fit=1063%2C797&amp;ssl=1\" data-orig-size=\"1063,797\" data-comments-opened=\"1\" data-image-meta=\"{&quot;aperture&quot;:&quot;0&quot;,&quot;credit&quot;:&quot;&quot;,&quot;camera&quot;:&quot;&quot;,&quot;caption&quot;:&quot;&quot;,&quot;created_timestamp&quot;:&quot;0&quot;,&quot;copyright&quot;:&quot;&quot;,&quot;focal_length&quot;:&quot;0&quot;,&quot;iso&quot;:&quot;0&quot;,&quot;shutter_speed&quot;:&quot;0&quot;,&quot;title&quot;:&quot;&quot;,&quot;orientation&quot;:&quot;0&quot;}\" data-image-title=\"pyramiden-30&amp;#8211;40-mit-logo-web\" data-image-description=\"\" data-image-caption=\"&lt;p&gt;A.I.O. Entst\u00f6rprodukte&lt;\/p&gt;\n\" data-medium-file=\"https:\/\/i0.wp.com\/das.raumtuning.info\/wp-content\/uploads\/2014\/01\/pyramiden-30-40-mit-logo-web.jpg?fit=300%2C224&amp;ssl=1\" data-large-file=\"https:\/\/i0.wp.com\/das.raumtuning.info\/wp-content\/uploads\/2014\/01\/pyramiden-30-40-mit-logo-web.jpg?fit=640%2C479&amp;ssl=1\" class=\"wp-image-1675 size-full\" src=\"https:\/\/i0.wp.com\/das.raumtuning.info\/wp-content\/uploads\/2014\/01\/pyramiden-30-40-mit-logo-web.jpg?resize=640%2C480\" alt=\"Vortex HiFi A.I.O. Entst\u00f6r-Pyramieden 30 und 40 zur Entst\u00f6rung und Entstressung\" width=\"640\" height=\"480\" srcset=\"https:\/\/i0.wp.com\/das.raumtuning.info\/wp-content\/uploads\/2014\/01\/pyramiden-30-40-mit-logo-web.jpg?w=1063&amp;ssl=1 1063w, https:\/\/i0.wp.com\/das.raumtuning.info\/wp-content\/uploads\/2014\/01\/pyramiden-30-40-mit-logo-web.jpg?resize=300%2C224&amp;ssl=1 300w, https:\/\/i0.wp.com\/das.raumtuning.info\/wp-content\/uploads\/2014\/01\/pyramiden-30-40-mit-logo-web.jpg?resize=1024%2C767&amp;ssl=1 1024w, https:\/\/i0.wp.com\/das.raumtuning.info\/wp-content\/uploads\/2014\/01\/pyramiden-30-40-mit-logo-web.jpg?resize=900%2C674&amp;ssl=1 900w\" sizes=\"(max-width: 640px) 100vw, 640px\" data-recalc-dims=\"1\" \/><\/a><figcaption id=\"caption-attachment-1675\" class=\"wp-caption-text\">Vortex HiFi A.I.O. Entst\u00f6r-Pyramieden 30 und 40 zur Entst\u00f6rung und Entstressung<\/figcaption><\/figure>\n<p>Die A.I.O. Informierten Entst\u00f6rmittel aus dem Halbedelstein Obsidian entst\u00f6ren R\u00e4ume, Ger\u00e4te, Lautsprecher und Fensterschiben. Dabei steht A.O.I. f\u00fcr All- In-One. Das bedeutet, wir haben sowohl\u00a0 zwei Informationen, als auch ein Feld zur Verteilung auf einen amorphen Halbedelstein aufgebracht.<\/p>\n<h3>Die Kombination Information mit Verteilfeld<\/h3>\n<p>Die A.I.O. &#8211; Technik erm\u00f6glicht durch die Kombination von Verteilfeld und Information, dass die sonst nur lokal wirkende Information \u00fcber einen weiten Bereich wirken kann. Dies verst\u00e4rkt die Wirkung der Entst\u00f6rmittel enorm, ja es potenziert die Wirkung geradezu.<\/p>\n<h3>Die Kombination aus Entst\u00f6rung und Entstressung<\/h3>\n<p>Die <strong>Vortex HiFi A.I.O. Technik<\/strong> integriert aber noch eine zweite Besonderheit &#8211; eine Informierung gegen Stress.<\/p>\n","protected":false},"excerpt":{"rendered":"<p>Innovationen f\u00fcr die Sinne&#8230; &#8230; lautet unsere Zielsetzung. Wir wollen, dass Sie besser h\u00f6ren und besser sehen. Das ist w\u00f6rtlich zu nehmen. Wir besch\u00e4ftigen uns mit dem Menschen und wie unsere heutige HiFi-Stereo und AV-Technik aber auch die h\u00e4usliche Umwelt den Menschen beim H\u00f6ren und Sehen unbemerkt und nebenbei negativ beeinflusst. H\u00f6ren ist reine Nervensache Das H\u00f6ren beginnt zwar mit Schall endet aber mit Nervenimpulsen und Hormonaussch\u00fcttungen. Das, was wir letztendlich empfinden, ist das Ergebnis eines langen Verarbeitungsprozesses mit Unterdr\u00fcckung&#8230;<\/p>\n<p class=\"read-more\"><a class=\"btn btn-default\" href=\"https:\/\/das.raumtuning.info\/?page_id=138\">Weiterlesen<span class=\"screen-reader-text\"> Weiterlesen<\/span><\/a><\/p>\n","protected":false},"author":1,"featured_media":642,"parent":0,"menu_order":0,"comment_status":"open","ping_status":"closed","template":"","meta":{"jetpack_post_was_ever_published":false,"footnotes":""},"class_list":["post-138","page","type-page","status-publish","has-post-thumbnail","hentry"],"aioseo_notices":[],"jetpack_sharing_enabled":true,"jetpack_shortlink":"https:\/\/wp.me\/P4hjs0-2e","jetpack-related-posts":[{"id":1690,"url":"https:\/\/das.raumtuning.info\/?page_id=1690","url_meta":{"origin":138,"position":0},"title":"Power Imagination","date":"9. Dezember 2014","format":false,"excerpt":"Herzlich willkommen in der Welt der kraftvollen Vorstellungskraft - die Vortex HiFi P.I. Technik. Die Power Imagination (P.I.) Technik von Vortex HiFi \u00fcberlagert den St\u00f6rfeldern einer Anlage oder des Raumes P.I.-Informationen. Diese Informationen\u00a0 haben das Ziel, St\u00f6rungen im kybernetischen Kommunikationssystem des menschlichen K\u00f6rper aufzul\u00f6sen. So ist eine ganzheitliche Musikempfindung wie\u2026","rel":"","context":"Similar post","img":{"alt_text":"","src":"https:\/\/i0.wp.com\/das.raumtuning.info\/wp-content\/uploads\/2014\/12\/Power-Imanigation.jpg?fit=1200%2C633&ssl=1&resize=350%2C200","width":350,"height":200},"classes":[]},{"id":6790,"url":"https:\/\/das.raumtuning.info\/?page_id=6790","url_meta":{"origin":138,"position":1},"title":"Musik, Emotionen und Stress das Interview","date":"29. M\u00e4rz 2023","format":false,"excerpt":"Musik, Emotionen und Stress\u00a0von Marco Kolks, H\u00f6rerlebnis Ein Interview mit Norbert Maurer \u00fcber die neuen Ground Optimizer von Vortex HiFi H\u00f6rerlebnis hat die neuen Ground Optimizer der 2. Generation von Vortex HiFi getestet und war \u00fcberrascht, wie gro\u00df der Unterschied zur ersten Generation ist. Grunds\u00e4tzlich reduziert der Ground Optimizer niederfrequente\u2026","rel":"","context":"Similar post","img":{"alt_text":"","src":"https:\/\/i0.wp.com\/das.raumtuning.info\/wp-content\/uploads\/2023\/03\/Cover-Ground-Optimizer-MKII-Head.jpg?fit=1200%2C595&ssl=1&resize=350%2C200","width":350,"height":200},"classes":[]},{"id":297,"url":"https:\/\/das.raumtuning.info\/?page_id=297","url_meta":{"origin":138,"position":2},"title":"Ger\u00e4te entst\u00f6ren","date":"30. Januar 2014","format":false,"excerpt":"Moderne Quellen wie Streamer arbeiten heute mit 32 Bit Signaltiefe und 384 kHz Samplingfrequenz, arbeiten also zigtausende Mal feiner, als die CD dies je konnte. Aber warum klingen sie unter gleichen Bedingungen nicht wirklich besser? Wir zeigen Ihnen, wie Sie die Klangbremsen Ihrer Anlage beseitigen. Die moderne medizinische Forschung zeigt,\u2026","rel":"","context":"Similar post","img":{"alt_text":"","src":"https:\/\/i0.wp.com\/das.raumtuning.info\/wp-content\/uploads\/2014\/01\/cyrus-streamer2.png?fit=1080%2C425&ssl=1&resize=350%2C200","width":350,"height":200},"classes":[]},{"id":12,"url":"https:\/\/das.raumtuning.info\/?page_id=12","url_meta":{"origin":138,"position":3},"title":"\u00dcber uns","date":"12. Dezember 2013","format":false,"excerpt":"\u00a0Meine Vision Guten Tag. Mein Name ist Norbert Maurer und ich habe die Vision,\u00a0 jedem Musikliebhaber mit meinen Vortex HiFi-Podukten ein nat\u00fcrliches, lifeartiges Musikerlebnis zu verschaffen. Ich weiss, dass es m\u00f6glich ist - ich erlebe es jeden Tag! Schon vor ca. 30 Jahren habe ich selbst im HiFi - Gesch\u00e4ft\u2026","rel":"","context":"With 2 comments","img":{"alt_text":"Quelle: Vortex HiFi","src":"https:\/\/i0.wp.com\/das.raumtuning.info\/wp-content\/uploads\/2014\/02\/Gitarre_web.jpg?fit=1080%2C716&ssl=1&resize=350%2C200","width":350,"height":200},"classes":[]},{"id":281,"url":"https:\/\/das.raumtuning.info\/?page_id=281","url_meta":{"origin":138,"position":4},"title":"Entstressung","date":"30. Januar 2014","format":false,"excerpt":"Alle wollen stressfrei h\u00f6ren Im HiFi wird viel \u00fcber stressfreies H\u00f6ren philosophiert. Analoge Plattenspieler seien stressfrei, da diese nur analoge - also nat\u00fcrliche Verzerrungen bes\u00e4\u00dfen. R\u00f6hrenverst\u00e4rker w\u00fcrden stressfrei klingen, da diese bestimmte Wunder-Oberwellen erzeugen w\u00fcrden. Ein weiterer Kandidat, der als das ultimative Prinzip zum stressfreien H\u00f6ren gilt, ist der elektrostatische\u2026","rel":"","context":"Similar post","img":{"alt_text":"","src":"https:\/\/i0.wp.com\/das.raumtuning.info\/wp-content\/uploads\/2014\/01\/Tietel-Entstresung.jpg?fit=1080%2C540&ssl=1&resize=350%2C200","width":350,"height":200},"classes":[]},{"id":289,"url":"https:\/\/das.raumtuning.info\/?page_id=289","url_meta":{"origin":138,"position":5},"title":"Menschen entstressen","date":"30. Januar 2014","format":false,"excerpt":"Emotionen, G\u00e4nsehaut und Fu\u00dfwippen Musik bedeutet Emotionen, G\u00e4nsehaut und das unbewusste Fu\u00dfwippen. Nicht der Schall ist das Entscheidende, sondern die k\u00f6rperliche Reaktion! Man h\u00f6rt eine Frauenstimme und stellt sich sofort eine Person vor \u2013 oft sehr konkret. Musik stimuliert verschiedene Gehirnregionen - das H\u00f6ren aber eben auch zum Beispiel den\u2026","rel":"","context":"Similar post","img":{"alt_text":"Quelle: Vortex HiFi","src":"https:\/\/i0.wp.com\/das.raumtuning.info\/wp-content\/uploads\/2014\/02\/S\u00e4ngerin2-web.jpg?fit=1080%2C702&ssl=1&resize=350%2C200","width":350,"height":200},"classes":[]}],"_links":{"self":[{"href":"https:\/\/das.raumtuning.info\/index.php?rest_route=\/wp\/v2\/pages\/138","targetHints":{"allow":["GET"]}}],"collection":[{"href":"https:\/\/das.raumtuning.info\/index.php?rest_route=\/wp\/v2\/pages"}],"about":[{"href":"https:\/\/das.raumtuning.info\/index.php?rest_route=\/wp\/v2\/types\/page"}],"author":[{"embeddable":true,"href":"https:\/\/das.raumtuning.info\/index.php?rest_route=\/wp\/v2\/users\/1"}],"replies":[{"embeddable":true,"href":"https:\/\/das.raumtuning.info\/index.php?rest_route=%2Fwp%2Fv2%2Fcomments&post=138"}],"version-history":[{"count":74,"href":"https:\/\/das.raumtuning.info\/index.php?rest_route=\/wp\/v2\/pages\/138\/revisions"}],"predecessor-version":[{"id":1798,"href":"https:\/\/das.raumtuning.info\/index.php?rest_route=\/wp\/v2\/pages\/138\/revisions\/1798"}],"wp:featuredmedia":[{"embeddable":true,"href":"https:\/\/das.raumtuning.info\/index.php?rest_route=\/wp\/v2\/media\/642"}],"wp:attachment":[{"href":"https:\/\/das.raumtuning.info\/index.php?rest_route=%2Fwp%2Fv2%2Fmedia&parent=138"}],"curies":[{"name":"wp","href":"https:\/\/api.w.org\/{rel}","templated":true}]}}