{"id":1596,"date":"2014-11-06T11:23:58","date_gmt":"2014-11-06T10:23:58","guid":{"rendered":"http:\/\/das.raumtuning.info\/?page_id=1596"},"modified":"2014-11-06T12:21:54","modified_gmt":"2014-11-06T11:21:54","slug":"bedienungsanleitung-a-i-o-pyramiden","status":"publish","type":"page","link":"https:\/\/das.raumtuning.info\/?page_id=1596","title":{"rendered":"Bedienungsanleitung A.I.O. Pyramiden"},"content":{"rendered":"<h3>Herzlichen Gl\u00fcckwunsch zum Erwerb Ihrer Vortex HiFi A.I.O. Pyramide 30 \/ 40!<\/h3>\n<p>Sie haben eines der innovativsten HiFi -Zubeh\u00f6r-Produkte \u00fcberhaupt erworben. Die A.I.O. Pyramide 30 \/ 40 ist das Ergebnis einer langj\u00e4hrigen Erforschung der Beeinflussung des menschlichen Nervensystems \/ H\u00f6rsystems durch <a title=\"Elektrosmog und H\u00f6ren\" href=\"http:\/\/das.raumtuning.info\/?page_id=239\" target=\"_blank\">Elektrosmog<\/a> und deren Beseitigung.<\/p>\n<h5 style=\"text-align: center;\">Der St\u00f6rungsprozess des Nervensystems \/ H\u00f6rsystems<\/h5>\n<h5><a href=\"https:\/\/i0.wp.com\/das.raumtuning.info\/wp-content\/uploads\/2014\/11\/St\u00f6rprozess.png\"><img fetchpriority=\"high\" decoding=\"async\" data-attachment-id=\"1604\" data-permalink=\"https:\/\/das.raumtuning.info\/?attachment_id=1604\" data-orig-file=\"https:\/\/i0.wp.com\/das.raumtuning.info\/wp-content\/uploads\/2014\/11\/St\u00f6rprozess.png?fit=741%2C148&amp;ssl=1\" data-orig-size=\"741,148\" data-comments-opened=\"1\" data-image-meta=\"{&quot;aperture&quot;:&quot;0&quot;,&quot;credit&quot;:&quot;&quot;,&quot;camera&quot;:&quot;&quot;,&quot;caption&quot;:&quot;&quot;,&quot;created_timestamp&quot;:&quot;0&quot;,&quot;copyright&quot;:&quot;&quot;,&quot;focal_length&quot;:&quot;0&quot;,&quot;iso&quot;:&quot;0&quot;,&quot;shutter_speed&quot;:&quot;0&quot;,&quot;title&quot;:&quot;&quot;,&quot;orientation&quot;:&quot;0&quot;}\" data-image-title=\"St\u00f6rprozess\" data-image-description=\"\" data-image-caption=\"\" data-medium-file=\"https:\/\/i0.wp.com\/das.raumtuning.info\/wp-content\/uploads\/2014\/11\/St\u00f6rprozess.png?fit=300%2C59&amp;ssl=1\" data-large-file=\"https:\/\/i0.wp.com\/das.raumtuning.info\/wp-content\/uploads\/2014\/11\/St\u00f6rprozess.png?fit=640%2C128&amp;ssl=1\" class=\"aligncenter size-full wp-image-1604\" src=\"https:\/\/i0.wp.com\/das.raumtuning.info\/wp-content\/uploads\/2014\/11\/St\u00f6rprozess.png?resize=640%2C128\" alt=\"St\u00f6rprozess\" width=\"640\" height=\"128\" srcset=\"https:\/\/i0.wp.com\/das.raumtuning.info\/wp-content\/uploads\/2014\/11\/St\u00f6rprozess.png?w=741&amp;ssl=1 741w, https:\/\/i0.wp.com\/das.raumtuning.info\/wp-content\/uploads\/2014\/11\/St\u00f6rprozess.png?resize=300%2C59&amp;ssl=1 300w\" sizes=\"(max-width: 640px) 100vw, 640px\" data-recalc-dims=\"1\" \/><\/a>\u00a0 Der Entst\u00f6r-Prozess mit A.I.O. Entst\u00f6r-Pyramide 30 \/ 40<a href=\"https:\/\/i0.wp.com\/das.raumtuning.info\/wp-content\/uploads\/2014\/11\/EntSt\u00f6rprozess-pyramiden.png\"><img decoding=\"async\" data-attachment-id=\"1603\" data-permalink=\"https:\/\/das.raumtuning.info\/?attachment_id=1603\" data-orig-file=\"https:\/\/i0.wp.com\/das.raumtuning.info\/wp-content\/uploads\/2014\/11\/EntSt\u00f6rprozess-pyramiden.png?fit=742%2C118&amp;ssl=1\" data-orig-size=\"742,118\" data-comments-opened=\"1\" data-image-meta=\"{&quot;aperture&quot;:&quot;0&quot;,&quot;credit&quot;:&quot;&quot;,&quot;camera&quot;:&quot;&quot;,&quot;caption&quot;:&quot;&quot;,&quot;created_timestamp&quot;:&quot;0&quot;,&quot;copyright&quot;:&quot;&quot;,&quot;focal_length&quot;:&quot;0&quot;,&quot;iso&quot;:&quot;0&quot;,&quot;shutter_speed&quot;:&quot;0&quot;,&quot;title&quot;:&quot;&quot;,&quot;orientation&quot;:&quot;0&quot;}\" data-image-title=\"EntSt\u00f6rprozess pyramiden\" data-image-description=\"\" data-image-caption=\"\" data-medium-file=\"https:\/\/i0.wp.com\/das.raumtuning.info\/wp-content\/uploads\/2014\/11\/EntSt\u00f6rprozess-pyramiden.png?fit=300%2C47&amp;ssl=1\" data-large-file=\"https:\/\/i0.wp.com\/das.raumtuning.info\/wp-content\/uploads\/2014\/11\/EntSt\u00f6rprozess-pyramiden.png?fit=640%2C102&amp;ssl=1\" class=\"aligncenter size-full wp-image-1603\" src=\"https:\/\/i0.wp.com\/das.raumtuning.info\/wp-content\/uploads\/2014\/11\/EntSt\u00f6rprozess-pyramiden.png?resize=640%2C102\" alt=\"EntSt\u00f6rprozess pyramiden\" width=\"640\" height=\"102\" srcset=\"https:\/\/i0.wp.com\/das.raumtuning.info\/wp-content\/uploads\/2014\/11\/EntSt\u00f6rprozess-pyramiden.png?w=742&amp;ssl=1 742w, https:\/\/i0.wp.com\/das.raumtuning.info\/wp-content\/uploads\/2014\/11\/EntSt\u00f6rprozess-pyramiden.png?resize=300%2C47&amp;ssl=1 300w\" sizes=\"(max-width: 640px) 100vw, 640px\" data-recalc-dims=\"1\" \/><\/a><\/h5>\n<p>Vortex HiFi A.I.O. Pyramide 30 \/ 40 sind so konstruiert, dass m\u00f6glichst wenige der besonders starken St\u00f6rungen in HiFi &#8211; Systemen (Potentialwirbel) das H\u00f6ren negativ beeinflussen. So bleiben die Vorstellungskraft und so die Korrekturf\u00e4higkeit Ihres H\u00f6rsystems maximal erhalten. Die Musik f\u00fchlt sich f\u00fcr Sie einfach richtig an. Sie empfinden Musik wie life, stressfrei, detailreich und dreidimensional. Im Folgenden haben wir ein paar Regeln f\u00fcr den Umgang mit unseren A.I.O. Pyramide 30 \/ 40 erarbeitet, damit Sie den maximalen Klang aus Ihrer HiFi \u2013 Anlage herausholen.<\/p>\n<h4>Bipolares Aktivfeld<\/h4>\n<p>Die Pyramiden 30 \/ 40 besitzen ein <a title=\"Bipolares Aktivfeld\" href=\"http:\/\/das.raumtuning.info\/?page_id=279\" target=\"_blank\">bipolares Aktivfeld,<\/a> um die <a title=\"Informierung\" href=\"http:\/\/das.raumtuning.info\/?page_id=277\" target=\"_blank\">Informationen<\/a> der Pyramiden zu verteilen (siehe www.vortexhifi.com unter Techniken und bipolares Aktivfeld). Wie der Name des Feldes schon sagt, hat jede Pyramide zwei gegens\u00e4tzliche Felder, welche aus den beiden Seiten austreten. Die Feldrichtung in Richtung der Spitze der Pyramiden, nennen wir die Vorzugsrichtung und die Feldrichtung aus der Basis der Pyramide nennen wir die Gegenrichtung.<\/p>\n<div class=\"tiled-gallery type-rectangular tiled-gallery-unresized\" data-original-width=\"640\" data-carousel-extra='{&quot;blog_id&quot;:1,&quot;permalink&quot;:&quot;https:\\\/\\\/das.raumtuning.info\\\/?page_id=1596&quot;,&quot;likes_blog_id&quot;:63231692}' itemscope itemtype=\"http:\/\/schema.org\/ImageGallery\" > <div class=\"gallery-row\" style=\"width: 640px; height: 634px;\" data-original-width=\"640\" data-original-height=\"634\" > <div class=\"gallery-group images-1\" style=\"width: 320px; height: 634px;\" data-original-width=\"320\" data-original-height=\"634\" > <div class=\"tiled-gallery-item tiled-gallery-item-large\" itemprop=\"associatedMedia\" itemscope itemtype=\"http:\/\/schema.org\/ImageObject\"> <a href=\"https:\/\/das.raumtuning.info\/?attachment_id=1599\" border=\"0\" itemprop=\"url\"> <meta itemprop=\"width\" content=\"316\"> <meta itemprop=\"height\" content=\"630\"> <img decoding=\"async\" data-attachment-id=\"1599\" data-orig-file=\"https:\/\/das.raumtuning.info\/wp-content\/uploads\/2014\/11\/Bipolares-Feld-pyramide-Falsch.jpg\" data-orig-size=\"351,700\" data-comments-opened=\"1\" data-image-meta=\"{&quot;aperture&quot;:&quot;0&quot;,&quot;credit&quot;:&quot;&quot;,&quot;camera&quot;:&quot;&quot;,&quot;caption&quot;:&quot;&quot;,&quot;created_timestamp&quot;:&quot;0&quot;,&quot;copyright&quot;:&quot;&quot;,&quot;focal_length&quot;:&quot;0&quot;,&quot;iso&quot;:&quot;0&quot;,&quot;shutter_speed&quot;:&quot;0&quot;,&quot;title&quot;:&quot;&quot;,&quot;orientation&quot;:&quot;0&quot;}\" data-image-title=\"Bipolares Feld pyramide Falsch\" data-image-description=\"\" data-medium-file=\"https:\/\/i0.wp.com\/das.raumtuning.info\/wp-content\/uploads\/2014\/11\/Bipolares-Feld-pyramide-Falsch.jpg?fit=150%2C300&#038;ssl=1\" data-large-file=\"https:\/\/i0.wp.com\/das.raumtuning.info\/wp-content\/uploads\/2014\/11\/Bipolares-Feld-pyramide-Falsch.jpg?fit=351%2C700&#038;ssl=1\" src=\"https:\/\/i0.wp.com\/das.raumtuning.info\/wp-content\/uploads\/2014\/11\/Bipolares-Feld-pyramide-Falsch.jpg?w=316&#038;h=630&#038;ssl=1\" width=\"316\" height=\"630\" data-original-width=\"316\" data-original-height=\"630\" itemprop=\"http:\/\/schema.org\/image\" title=\"Bipolares Feld pyramide Falsch\" alt=\"Bipolares Feld pyramide Falsch\" style=\"width: 316px; height: 630px;\" \/> <\/a> <\/div> <\/div> <!-- close group --> <div class=\"gallery-group images-1\" style=\"width: 320px; height: 634px;\" data-original-width=\"320\" data-original-height=\"634\" > <div class=\"tiled-gallery-item tiled-gallery-item-large\" itemprop=\"associatedMedia\" itemscope itemtype=\"http:\/\/schema.org\/ImageObject\"> <a href=\"https:\/\/das.raumtuning.info\/?attachment_id=1600\" border=\"0\" itemprop=\"url\"> <meta itemprop=\"width\" content=\"316\"> <meta itemprop=\"height\" content=\"630\"> <img loading=\"lazy\" decoding=\"async\" data-attachment-id=\"1600\" data-orig-file=\"https:\/\/das.raumtuning.info\/wp-content\/uploads\/2014\/11\/Bipolares-Feld-pyramide-richtig.jpg\" data-orig-size=\"353,704\" data-comments-opened=\"1\" data-image-meta=\"{&quot;aperture&quot;:&quot;0&quot;,&quot;credit&quot;:&quot;&quot;,&quot;camera&quot;:&quot;&quot;,&quot;caption&quot;:&quot;&quot;,&quot;created_timestamp&quot;:&quot;0&quot;,&quot;copyright&quot;:&quot;&quot;,&quot;focal_length&quot;:&quot;0&quot;,&quot;iso&quot;:&quot;0&quot;,&quot;shutter_speed&quot;:&quot;0&quot;,&quot;title&quot;:&quot;&quot;,&quot;orientation&quot;:&quot;0&quot;}\" data-image-title=\"Bipolares Feld pyramide richtig\" data-image-description=\"\" data-medium-file=\"https:\/\/i0.wp.com\/das.raumtuning.info\/wp-content\/uploads\/2014\/11\/Bipolares-Feld-pyramide-richtig.jpg?fit=150%2C300&#038;ssl=1\" data-large-file=\"https:\/\/i0.wp.com\/das.raumtuning.info\/wp-content\/uploads\/2014\/11\/Bipolares-Feld-pyramide-richtig.jpg?fit=353%2C704&#038;ssl=1\" src=\"https:\/\/i0.wp.com\/das.raumtuning.info\/wp-content\/uploads\/2014\/11\/Bipolares-Feld-pyramide-richtig.jpg?w=316&#038;h=630&#038;ssl=1\" width=\"316\" height=\"630\" data-original-width=\"316\" data-original-height=\"630\" itemprop=\"http:\/\/schema.org\/image\" title=\"Bipolares Feld pyramide richtig\" alt=\"Bipolares Feld pyramide richtig\" style=\"width: 316px; height: 630px;\" \/> <\/a> <\/div> <\/div> <!-- close group --> <\/div> <!-- close row --> <\/div>\n<p>Werden zwei Vortex HiFi A.I.O. \u2013 Produkte (z.B. eine Ronde und eine Pyramide) eingesetzt, so m\u00fcssen immer entgegengesetzte Felder aufeinander wirken. Bei der Pyramide 30 \/ 40 m\u00fcssen die Standfl\u00e4che (hier Minus-Symbol) und eine nicht Logo \u2013 Fl\u00e4che der Ronde (hier Plus-Symbol) aufeinander zeigen.<\/p>\n<p>Wirken gleiche Feldrichtungen aufeinander (siehe Bild oben links) wird die Klangqualit\u00e4t immer schlecht sein, egal wie viele Entst\u00f6rungen Sie im Raum noch durchf\u00fchren!<br \/>\nGrunds\u00e4tzlich sind die Aktivfelder (plus oder minus) praktisch gleichwertig in ihrer Entst\u00f6rwirkung. Wir empfehlen aber, wenn es sinnvoll wird zwei Entst\u00f6rmittel an einem Ort einzusetzen (z.B. Lautsprecher, Trafo, Ausgangs\u00fcbertrager), entweder <a title=\"A.I.O. Entst\u00f6r -Produkte\" href=\"http:\/\/das.raumtuning.info\/?page_id=265\" target=\"_blank\">A.I.O. Produkte<\/a> nur wie rechts beschrieben aufeinander wirken zu lassen oder in einem 90 Grad Winkel zueinander einzusetzen.<\/p>\n<h4>Erstverschlechterung<\/h4>\n<p>Die A.I.O. Pyramiden sind hochgradig<a title=\"Informierung\" href=\"http:\/\/das.raumtuning.info\/?page_id=277\" target=\"_blank\"> informiert<\/a> und <a title=\"Bipolares Aktivfeld\" href=\"http:\/\/das.raumtuning.info\/?page_id=279\" target=\"_blank\">aktiviert<\/a>. Informierungen sind grunds\u00e4tzlich aus der hom\u00f6opathischen Medizin bekannt. Diese Informationen \/ Strukturen ver\u00e4ndern die Stellen, an denen Sie die Ronden einsetzen, um St\u00f6rungen auf das menschliche Nervensystem zu reduzieren. Dies messen wir mit einem HRV-EKG. Beim Umformen (Informieren) dieser Stellen entsteht anfangs eine Verschlechterung. In dieser Zeit kann das Klangbild unharmonisch, undifferenziert bis dumpf klingen und ver\u00e4ndert sich st\u00e4ndig. Geben Sie den Stellen, die Sie mit den Ronden behandeln, also Zeit! Das Gr\u00f6bste sollte nach einer Stunde abgeschlossen sein. Sehr gute Ergebnisse treten nach 72 Stunden auf. Abgeschlossen ist diese Umformung nach ca. 6 Wochen (siehe <a title=\"Testbericht H\u00f6rerlebnis\" href=\"http:\/\/das.raumtuning.info\/?p=1439\" target=\"_blank\">Vortex HiFi-Test H\u00f6rerlebnis<\/a>).<\/p>\n<h4>Tipp: Verst\u00e4rkung der Wirkung durch 2D \u2013 Chip<\/h4>\n<p>Die Wirkung der A.I.O. Pyramiden 30 \/ 40 l\u00e4sst sich mit einem <a title=\"2D-Entst\u00f6r-Chips\" href=\"http:\/\/das.raumtuning.info\/?page_id=263\" target=\"_blank\">Vortex HiFi 2D \u2013 Entst\u00f6r Chip<\/a> 20mm noch einmal verst\u00e4rken. Auf den 2D \u2013 Entst\u00f6r &#8211; Chips befinden sich Informationen, welche die Informationen der Ronden erg\u00e4nzen und andererseits durch das bipolare Aktivfeld der Ronde werden die Informationen der 2D \u2013 Chips weit in den Raum verteilt. So erg\u00e4nzen sich diese beiden Konzepte in einer einmaligen Weise.<\/p>\n<h4>Was kann mit den A.I.O. Pyramide 30 \/ 40 entst\u00f6rt werden?<\/h4>\n<p>Die A.I.O. Pyramide 30 \/ 40 ist zusammen mit unseren A.I.O. Ronden 70 das st\u00e4rkste Entst\u00f6rmittel. Durch das starke<a title=\"Bipolares Aktivfeld\" href=\"http:\/\/das.raumtuning.info\/?page_id=279\" target=\"_blank\"> bipolare Aktivfeld<\/a> in Verbindung mit der <a title=\"A.I.O. Entst\u00f6rung\" href=\"http:\/\/das.raumtuning.info\/?page_id=245\" target=\"_blank\">A.I.O. &#8211; Informierung<\/a> ist die Pyramide 30 \/ 40 das Entst\u00f6rmittel f\u00fcr sehr starke, punkf\u00f6rmige St\u00f6rungen wie Trafos, Raumecken und Lautsprecher.<\/p>\n<h5>Die m\u00f6glichen Einsatzorte<\/h5>\n<p><strong>Ger\u00e4te allgemein:<\/strong><\/p>\n<p>\u2022 Entst\u00f6rung des Trafos: Sie stellen die A.I.O. Pyramide 30 oder 40 auf das Geh\u00e4use oberhalb des Trafos.<\/p>\n<p><strong>Lautsprecher<\/strong><\/p>\n<p>\u2022 Stellen Sie eine A.I.O. Pyramide 30 oder 40 auf den Lautsprecher etwa an die Kante der Schallwand. Dabei sollte das Aktivfeld die Schwingspule des Hocht\u00f6ner erreichen und so entst\u00f6ren.<\/p>\n<p><strong>Raumecken<\/strong><\/p>\n<p>\u2022 Stellen Sie in Jede Raumecke eine A.I.O. Pyramide 30 oder 40<\/p>\n<p><strong>Verst\u00e4rker<\/strong><\/p>\n<p>\u2022 Die Pyramide 40 als st\u00e4rkstes Entst\u00f6rmittel ist besonders geeignet, um starke Trafos von oben zu entst\u00f6ren. Stellen Sie daher eine A.I.O. Pyramide 40 auf das Geh\u00e4use oberhalb des Trafos.<br \/>\n\u2022 Bei R\u00f6hrenger\u00e4ten optional: Auf jeden Ausgangs\u00fcbertrager eine A.I.O. Pyramide 30 \/ 40 wirken lassen.<\/p>\n<h4>Spezialisierte Entst\u00f6rprodukte<\/h4>\n<p>Wir verf\u00fcgen f\u00fcr besondere Aufgabenstellungen wie offene Schnittstellen <a title=\"Nano Shield Plugs\" href=\"http:\/\/das.raumtuning.info\/?page_id=267\" target=\"_blank\">(Nano Shield Plug\u00b4s<\/a> wie f\u00fcr USB, LAN, Netz) noch \u00fcber weitere spezialisierte Entst\u00f6rmittel im Programm, welche Sie der <a title=\"Anleitungen\" href=\"http:\/\/das.raumtuning.info\/?page_id=1526\" target=\"_blank\">Entst\u00f6rmatrix<\/a> entnehmen k\u00f6nnen.<\/p>\n<p><a title=\"Anleitungen\" href=\"http:\/\/das.raumtuning.info\/?page_id=1526\" target=\"_blank\">Weitere Anleitungen hier<\/a><\/p>\n<p>&nbsp;<\/p>\n","protected":false},"excerpt":{"rendered":"<p>Herzlichen Gl\u00fcckwunsch zum Erwerb Ihrer Vortex HiFi A.I.O. Pyramide 30 \/ 40! Sie haben eines der innovativsten HiFi -Zubeh\u00f6r-Produkte \u00fcberhaupt erworben. Die A.I.O. Pyramide 30 \/ 40 ist das Ergebnis einer langj\u00e4hrigen Erforschung der Beeinflussung des menschlichen Nervensystems \/ H\u00f6rsystems durch Elektrosmog und deren Beseitigung. Der St\u00f6rungsprozess des Nervensystems \/ H\u00f6rsystems \u00a0 Der Entst\u00f6r-Prozess mit A.I.O. Entst\u00f6r-Pyramide 30 \/ 40 Vortex HiFi A.I.O. Pyramide 30 \/ 40 sind so konstruiert, dass m\u00f6glichst wenige der besonders starken St\u00f6rungen in HiFi &#8211;&#8230;<\/p>\n<p class=\"read-more\"><a class=\"btn btn-default\" href=\"https:\/\/das.raumtuning.info\/?page_id=1596\">Weiterlesen<span class=\"screen-reader-text\"> Weiterlesen<\/span><\/a><\/p>\n","protected":false},"author":1,"featured_media":1597,"parent":0,"menu_order":0,"comment_status":"open","ping_status":"closed","template":"","meta":{"jetpack_post_was_ever_published":false,"footnotes":""},"class_list":["post-1596","page","type-page","status-publish","has-post-thumbnail","hentry"],"aioseo_notices":[],"jetpack_sharing_enabled":true,"jetpack_shortlink":"https:\/\/wp.me\/P4hjs0-pK","jetpack-related-posts":[{"id":265,"url":"https:\/\/das.raumtuning.info\/?page_id=265","url_meta":{"origin":1596,"position":0},"title":"A.I.O. Entst\u00f6r -Produkte","date":"29. Januar 2014","format":false,"excerpt":"Die Vortex HiFi A.I.O. Produkt \u2013 Vorteile Reduzierung von St\u00f6rfeldern ohne klangsch\u00e4dliche Filter Reduzierung von St\u00f6rfeldern ohne akustische Beeintr\u00e4chtigungen Reduzierung von St\u00f6rfeldern ohne Signalver\u00e4nderung Informierung gegen klangsch\u00e4dliche Potentialwirbel (Entst\u00f6rung) Informierung zur Entstressung des Menschen Informationen f\u00fcr eine kraftvolle Vorstellungskraft (P.I.-Technik) in Diamant-Standard. (Nur bei Diamant Standard Produkten.) Vitalisierung.\u00a0 (Nur bei\u2026","rel":"","context":"Similar post","img":{"alt_text":"","src":"https:\/\/i0.wp.com\/das.raumtuning.info\/wp-content\/uploads\/2014\/01\/Ronde-30-10-web.jpg?fit=1063%2C752&ssl=1&resize=350%2C200","width":350,"height":200},"classes":[]},{"id":291,"url":"https:\/\/das.raumtuning.info\/?page_id=291","url_meta":{"origin":1596,"position":1},"title":"Wenn Lautsprecher verschwinden &#8230;","date":"30. Januar 2014","format":false,"excerpt":"... und Lifeklang bleibt. Stellen Sie sich vor, Ihre Lautsprecher w\u00e4ren verschwunden und Sie sitzen im Konzertsaal - so klingen Lautsprecher mit den exclusiven Vortex HiFi Techniken. Wie verschwinden Lautsprecher, wenn wir nicht Harry Houdini bem\u00fchen k\u00f6nnen. Die L\u00f6sung lautet: durch Einbildung oder besser Vorstellungskraft. Man k\u00f6nnte aber auch sagen,\u2026","rel":"","context":"Similar post","img":{"alt_text":"Quelle: Vortex HiFi","src":"https:\/\/i0.wp.com\/das.raumtuning.info\/wp-content\/uploads\/2014\/02\/Orgel-web.jpg?fit=1080%2C719&ssl=1&resize=350%2C200","width":350,"height":200},"classes":[]},{"id":1650,"url":"https:\/\/das.raumtuning.info\/?page_id=1650","url_meta":{"origin":1596,"position":2},"title":"Bedienungsanleitung 2D Entst\u00f6r Chips","date":"26. November 2014","format":false,"excerpt":"Herzlichen Gl\u00fcckwunsch zum Erwerb Ihrer Vortex HiFi 2D-Entst\u00f6r-Chips! Sie haben eines der innovativsten HiFi -Zubeh\u00f6r-Produkte \u00fcberhaupt erworben. Die 2D-Entst\u00f6r-Chips sind das Ergebnis einer langj\u00e4hrigen Erforschung der Beeinflussung des menschlichen Nervensystems \/ H\u00f6rsystems durch Elektrosmog und deren Beseitigung. Vortex HiFi 2D-Entst\u00f6r-Chips sind so konstruiert, dass diese m\u00f6glichst \u00fcberall eingesetzt werden k\u00f6nnen.\u2026","rel":"","context":"Similar post","img":{"alt_text":"Vortex HiFi 2D - Entst\u00f6r -Chips-Schwarz","src":"https:\/\/i0.wp.com\/das.raumtuning.info\/wp-content\/uploads\/2014\/11\/2D-Chips-Schwarz.jpg?fit=1080%2C764&ssl=1&resize=350%2C200","width":350,"height":200},"classes":[]},{"id":2479,"url":"https:\/\/das.raumtuning.info\/?page_id=2479","url_meta":{"origin":1596,"position":3},"title":"A.I.O. &#8211; CAPS","date":"29. M\u00e4rz 2016","format":false,"excerpt":"Die Klangrevolution in Sachen Dust Caps Das Video aus der Reihe short and simple erkl\u00e4rt die AIO Caps und die neuen Diamant Plus Caps und zeigt die Anwendung. https:\/\/youtu.be\/YM3W1Bal-p0 Mit unseren informierten A.I.O.- Dust CAPS schl\u00e4gt Vortex HiFi ein neues Kapitel im High End HiFi auf. Ein 5,-\u20ac Zubeh\u00f6r das\u2026","rel":"","context":"Similar post","img":{"alt_text":"","src":"https:\/\/i0.wp.com\/das.raumtuning.info\/wp-content\/uploads\/2016\/03\/Alle-CAPS-AIO-Granit-CAP.jpg?fit=1200%2C800&ssl=1&resize=350%2C200","width":350,"height":200},"classes":[]},{"id":281,"url":"https:\/\/das.raumtuning.info\/?page_id=281","url_meta":{"origin":1596,"position":4},"title":"Entstressung","date":"30. Januar 2014","format":false,"excerpt":"Alle wollen stressfrei h\u00f6ren Im HiFi wird viel \u00fcber stressfreies H\u00f6ren philosophiert. Analoge Plattenspieler seien stressfrei, da diese nur analoge - also nat\u00fcrliche Verzerrungen bes\u00e4\u00dfen. R\u00f6hrenverst\u00e4rker w\u00fcrden stressfrei klingen, da diese bestimmte Wunder-Oberwellen erzeugen w\u00fcrden. Ein weiterer Kandidat, der als das ultimative Prinzip zum stressfreien H\u00f6ren gilt, ist der elektrostatische\u2026","rel":"","context":"Similar post","img":{"alt_text":"","src":"https:\/\/i0.wp.com\/das.raumtuning.info\/wp-content\/uploads\/2014\/01\/Tietel-Entstresung.jpg?fit=1080%2C540&ssl=1&resize=350%2C200","width":350,"height":200},"classes":[]},{"id":138,"url":"https:\/\/das.raumtuning.info\/?page_id=138","url_meta":{"origin":1596,"position":5},"title":"Techniken","date":"28. Januar 2014","format":false,"excerpt":"Innovationen f\u00fcr die Sinne... ... lautet unsere Zielsetzung. Wir wollen, dass Sie besser h\u00f6ren und besser sehen. Das ist w\u00f6rtlich zu nehmen. Wir besch\u00e4ftigen uns mit dem Menschen und wie unsere heutige HiFi-Stereo und AV-Technik aber auch die h\u00e4usliche Umwelt den Menschen beim H\u00f6ren und Sehen unbemerkt und nebenbei negativ\u2026","rel":"","context":"Similar post","img":{"alt_text":"Quelle: Vortex HiFi","src":"https:\/\/i0.wp.com\/das.raumtuning.info\/wp-content\/uploads\/2014\/02\/Orgel-web.jpg?fit=1080%2C719&ssl=1&resize=350%2C200","width":350,"height":200},"classes":[]}],"_links":{"self":[{"href":"https:\/\/das.raumtuning.info\/index.php?rest_route=\/wp\/v2\/pages\/1596","targetHints":{"allow":["GET"]}}],"collection":[{"href":"https:\/\/das.raumtuning.info\/index.php?rest_route=\/wp\/v2\/pages"}],"about":[{"href":"https:\/\/das.raumtuning.info\/index.php?rest_route=\/wp\/v2\/types\/page"}],"author":[{"embeddable":true,"href":"https:\/\/das.raumtuning.info\/index.php?rest_route=\/wp\/v2\/users\/1"}],"replies":[{"embeddable":true,"href":"https:\/\/das.raumtuning.info\/index.php?rest_route=%2Fwp%2Fv2%2Fcomments&post=1596"}],"version-history":[{"count":6,"href":"https:\/\/das.raumtuning.info\/index.php?rest_route=\/wp\/v2\/pages\/1596\/revisions"}],"predecessor-version":[{"id":1608,"href":"https:\/\/das.raumtuning.info\/index.php?rest_route=\/wp\/v2\/pages\/1596\/revisions\/1608"}],"wp:featuredmedia":[{"embeddable":true,"href":"https:\/\/das.raumtuning.info\/index.php?rest_route=\/wp\/v2\/media\/1597"}],"wp:attachment":[{"href":"https:\/\/das.raumtuning.info\/index.php?rest_route=%2Fwp%2Fv2%2Fmedia&parent=1596"}],"curies":[{"name":"wp","href":"https:\/\/api.w.org\/{rel}","templated":true}]}}