{"id":1831,"date":"2015-02-20T12:09:04","date_gmt":"2015-02-20T11:09:04","guid":{"rendered":"http:\/\/das.raumtuning.info\/?page_id=1831"},"modified":"2025-10-08T09:31:19","modified_gmt":"2025-10-08T07:31:19","slug":"haendler-2","status":"publish","type":"page","link":"https:\/\/das.raumtuning.info\/?page_id=1831","title":{"rendered":"H\u00e4ndler"},"content":{"rendered":"\r\n<h1 class=\"wp-block-heading\">Vortex HiFi H\u00e4ndler in Ihrer N\u00e4he<\/h1>\r\n\r\n\r\n\r\n<h2 class=\"wp-block-heading\"><strong>Warum gibt es das Vortex HiFi System nicht \u00fcberall zu kaufen?<\/strong><\/h2>\r\n\r\n\r\n\r\n<p>Damit Sie den maximalen Nutzen aus den Vortex HiFi Produkten ziehen k\u00f6nnen ist eine fundierte Beratung durch speziell geschultes Fachpersonal notwendig. Dieses notwendige Fachwissen hat mit klassischem HiFi \u2013 Wissen nichts zu tun.<\/p>\r\n\r\n\r\n\r\n<p>Selbst <strong>h\u00f6chst qualifizierte HiFi Spezialisten<\/strong> k\u00f6nnen <strong>unm\u00f6glich<\/strong> mit dem Vortex HiFi \u2013 System fehlerfrei umgehen, wenn Sie sich nicht mit dem Vortex HiFi System eingehend <em><strong>theoretisch und praktisch<\/strong><\/em> auseinandergesetzt haben! Nicht geschulte HiFi Spezialisten<strong> k\u00f6nnen die Wirkmechanismen nicht kennen<\/strong>, da viele Grundlagen von Vortex HiFi erarbeitet wurden.<\/p>\r\n\r\n\r\n\r\n<p>Das bedeutet f\u00fcr Sie, das sich durch falsche Anwendung der Produkte im System sogar ein <strong>deutlich schlechterer Klang<\/strong> einstellen kann.<\/p>\r\n\r\n\r\n\r\n<blockquote class=\"wp-block-quote is-layout-flow wp-block-quote-is-layout-flow\">\r\n<p><strong>Bei richtiger Beratung haben wir hingegen 98% begeisterte Kunden!<\/strong><\/p>\r\n<\/blockquote>\r\n\r\n\r\n\r\n<p>Kaufen Sie daher Vortex HiFi Produkte nur beim autorisierten Vortex HiFi \u2013 H\u00e4ndler. Nur so stellen Sie ein maximales Klangerlebnis f\u00fcr sich sicher! Nicht nur unsere Produktqualit\u00e4t sondern auch die <strong>Beratungsqualit\u00e4t ihres H\u00e4ndlers<\/strong> bestimmt das Ergebnis im entscheidenden Ma\u00dfe!<\/p>\r\n\r\n\r\n<hr class=\"wp-block-separator has-css-opacity\" \/>\r\n\r\n\r\n<h1 class=\"wp-block-heading has-vivid-green-cyan-color has-text-color\">Vortex HiFi in Deutschland<\/h1>\r\n\r\n\r\n<hr class=\"wp-block-separator has-css-opacity\" \/>\r\n\r\n\r\n<h2 class=\"wp-block-heading has-very-dark-gray-color has-text-color\">Vertrieb Deutschland<\/h2>\r\n\r\n\r\n\r\n<p><strong>Bellevu<\/strong>eaudio<\/p>\r\n\r\n\r\n\r\n<p>Andreas Sehlhorst<br \/>Von Hofmann Stra\u00dfe 2<br \/>44579 Castrop-Rauxel<\/p>\r\n\r\n\r\n\r\n<p>kontakt@bellevueaudio.de<a href=\"mailto:kontakt@bellevueaudio.de\"><br \/><\/a>Website: <a href=\"https:\/\/www.bellevueaudio.de\">https:\/\/www.bellevueaudio.de<\/a><br \/><strong>Fon: +49 177 78 47 433<\/strong><\/p>\r\n\r\n\r\n<hr class=\"wp-block-separator has-css-opacity\" \/>\r\n\r\n\r\n<h1 class=\"wp-block-heading\">Der Vortex HiFi H\u00e4ndler in Ihrer N\u00e4he<\/h1>\r\n\r\n\r\n\r\n<p><strong>Hifi Zubeh\u00f6r<\/strong><br \/>Marienthaler Str. 143<br \/>08060 Zwickau<br \/>0375 \/ 5674895<br \/>shop@hifi-zubehoer.com<br \/><a href=\"http:\/\/www.hifi-zubehoer.info\" target=\"_blank\" rel=\"noreferrer noopener\">www.hifi-zubehoer.info<\/a><\/p>\r\n\r\n\r\n\r\n<p><strong>Klangatelier Berlin<\/strong><\/p>\r\n<p>Tonstudio Tempelhof GmbH<br \/>Claszeile 41<br \/>14165 Berlin<br \/>030 \/ 7521384<br \/>mail@klangatelier-berlin.de<br \/><a href=\"http:\/\/www.klangatelier-berlin.de\">www.klangatelier-berlin.de<\/a><\/p>\r\n\r\n\r\n\r\n<p><strong>SOUND &amp; VISION<\/strong><br \/>Eppendorfer Landstra\u00dfe 112<br \/>20249 Hamburg<br \/>040 \/ 4801660<br \/><a href=\"mailto:cmeyer@soundvisionfidelity.de\">cmeyer@soundvisionfidelity.de<\/a><br \/><a href=\"http:\/\/www.soundvisionfidelity.de\">www.soundvisionfidelity.de<\/a><\/p>\r\n\r\n\r\n\r\n\r\n\r\n<p><strong>On\/Off Hifi<\/strong><br \/>Brodenbacher Stra\u00dfe 16<br \/>56154 Boppard<br \/>06742 \/ 804510<br \/>h.insten@on-off-hifi.de<br \/><a href=\"http:\/\/www.on-off-hifi.de\" target=\"_blank\" rel=\"noreferrer noopener\">www.on-off-hifi.de<\/a><\/p>\r\n\r\n\r\n\r\n\r\n\r\n<p><strong>Das andere Hi-Fi Studio<\/strong><br \/>Robert-Bosch-Stra\u00dfe 66<br \/>61184 Karben<br \/>06039 \/ 46528,\u00a0 Mobil 0173 &#8211; 5918606<br \/>info@dasanderehifistudio.de<br \/><a href=\"http:\/\/www.dasanderehifistudio.de\/\">www.dasanderehifistudio.de<\/a><\/p>\r\n\r\n\r\n\r\n<p><strong>Fastaudio HiFi &#8211; Studios<\/strong><br \/>Br\u00e4hlesgasse 21<br \/>70372 Stuttgart<br \/>0711 \/ 480 88 88<br \/>info@fastaudio.com<br \/><a href=\"http:\/\/www.fastaudio.com\/showroom\">www.fastaudio.com\/showroom<\/a><\/p>\r\n\r\n\r\n\r\n\r\n\r\n\r\n\r\n<p><strong>Hifi Studio G\u00e4rtner<\/strong><br \/>Ehlenbrucher Stra\u00dfe 6<br \/>32761 Lage<br \/>05232 \/ 97888<br \/>info@hifi-studio-gaertner.de<br \/><a href=\"http:\/\/www.hifi-studio-gaertner.de\" target=\"_blank\" rel=\"noreferrer noopener\">www.hifi-studio-gaertner.de<\/a><\/p>\r\n\r\n\r\n\r\n\r\n\r\n<p><strong>Lighthouse-Audio<\/strong><br \/>Waldstra\u00dfe 2<br \/>34286 Spangenberg<br \/>05663 \/ 939785<br \/><a href=\"mailto:lighthouse-audio@email.de\" target=\"_blank\" rel=\"noreferrer noopener\">lighthouse-audio@email.de<\/a><\/p>\r\n\r\n\r\n\r\n<p><strong>HiFi G\u00e4rber<\/strong><br \/>Abtstor 7-9<br \/>37037 Fulda<br \/>0661 \/ 72422<br \/>info@hifi-gaerber.de<br \/><a href=\"https:\/\/www.hifi-gaerber.de\">https:\/\/www.hifi-gaerber.de<\/a><\/p>\r\n\r\n\r\n\r\n<p><strong>Knopf HiFi<\/strong><br \/>Aachener Stra\u00dfe 5+6<br \/>40223 D\u00fcsseldorf<br \/>0211 \/ 331776<br \/>info@knopfhifi.de<br \/><a href=\"https:\/\/www.knopfhifi.de\">https:\/\/www.knopfhifi.de<\/a><\/p>\r\n\r\n\r\n\r\n<p><strong>Norbert\u00b4s Hifi St\u00fcbchen<\/strong><br \/>Groner Landstra\u00dfe 27<br \/>37081 G\u00f6ttingen<br \/>0551 \/ 42477<br \/>mail@hifi-stuebchen.de<br \/><a href=\"http:\/\/www.hifi-stuebchen.de\" target=\"_blank\" rel=\"noreferrer noopener\">www.hifi-stuebchen.de<\/a><\/p>\r\n\r\n\r\n\r\n<p><strong>HiFi im Hinterhof<\/strong><br \/>Geleitstra\u00dfe 50<br \/>63067 Offenbach<br \/>069 \/ 888609<br \/>hifi-im-hinterhof@t-online.de<br \/><a href=\"https:\/\/www.hifi-in-offenbach.de\">https:\/\/www.hifi-in-offenbach.de<\/a><\/p>\r\n\r\n\r\n\r\n<p><strong>HiFi Belzer<\/strong><br \/>Handwerkerstra\u00dfe 2<br \/>66740 Saarlouis<br \/>06831 \/ 122280<br \/>info@hifibelzer.de<br \/><a href=\"http:\/\/www.hifibelzer.de\">www.hifibelzer.de<\/a><\/p>\r\n\r\n\r\n\r\n\r\n\r\n<p><strong>Klang Art<\/strong><br \/>Preysingstra\u00dfe 37<br \/>94447 Plattling<br \/>09931 \/ 3087<br \/>klangart.deg@t-online.de<\/p>\r\n\r\n\r\n<hr class=\"wp-block-separator has-css-opacity\" \/>\r\n\r\n\r\n<h1 class=\"wp-block-heading has-vivid-cyan-blue-color has-text-color\">Vortex HiFi in \u00d6sterreich<\/h1>\r\n\r\n\r\n<hr class=\"wp-block-separator has-css-opacity\" \/>\r\n\r\n\r\n<h2 class=\"wp-block-heading\">Vertrieb \u00d6sterreich<\/h2>\r\n\r\n\r\n\r\n<p>Musik&amp;Akustik<\/p>\r\n\r\n\r\n\r\n<p>Norbert Maurer<br \/>Wahlscheider Stra\u00dfe 14<br \/>D-53907 Lohmar<br \/>Tel: + 49 226 9074 361<br \/>info@musikundakustik.de<br \/><a title=\"\" href=\"http:\/\/www.vortexhifi.com\" target=\"_blank\" rel=\"noopener\">http:\/\/www.vortexhifi.com<\/a><\/p>\r\n\r\n\r\n\r\n<h1>H\u00e4ndler in \u00d6sterreich<\/h1>\r\n<p><strong>LIFELIKE<\/strong><br \/>Schottenfeldgasse 60<br \/>A-1070 Wien<br \/>0043 152482220<br \/>Mail: office@lifelike.at<br \/><a href=\"https:\/\/www.audioperfect.at\">https:\/\/www.lifelike.at\/kontakt\/<\/a><\/p>\r\n\r\n\r\n\r\n\r\n\r\n<p><strong>AktivStudio<\/strong><br \/>Pradler Stra\u00dfe 3<br \/>A-6020 Innsbruck<br \/>0043 (0)676 5906026<br \/><a href=\"mailto:info@aktivstudio.at\">info@aktivstudio.at<\/a><br \/><a href=\"https:\/\/www.aktivstudio.at\">https:\/\/www.aktivstudio.at<\/a><\/p>\r\n\r\n\r\n\r\n<h1 class=\"wp-block-heading has-text-color\" style=\"color: #fa5a00;\">Vortex HiFi in den Niederlanden \/ Belgien \/ Luxenburg<\/h1>\r\n\r\n\r\n<hr class=\"wp-block-separator has-css-opacity\" \/>\r\n\r\n\r\n<h2 class=\"wp-block-heading\">Vertrieb Benelux<\/h2>\r\n\r\n\r\n<hr class=\"wp-block-separator has-css-opacity\" \/>\r\n\r\n\r\n<p class=\"has-normal-font-size\">Musik&amp;Akustik<\/p>\r\n\r\n\r\n\r\n<p class=\"has-normal-font-size\">Norbert Maurer<br \/>Wahlscheider Stra\u00dfe 14<br \/>D-53907 Lohmar<br \/>Tel: + 49 226 9074 361<br \/>info@musikundakustik.de<br \/><a title=\"\" href=\"http:\/\/www.vortexhifi.com\" target=\"_blank\" rel=\"noopener\">http:\/\/www.vortexhifi.com<\/a><\/p>\r\n\r\n\r\n\r\n<h1>H\u00e4ndler in BeNeLux<\/h1>\r\n<p><strong>Kemp Elektroniks<\/strong><br \/>Quellijnstraat 15<br \/>1072XM\u00a0Amsterdam<br \/>0031 (0) 20-7764464<br \/><a class=\"\" href=\"mailto:info@kempelektroniks.nl\">info@kempelektroniks.nl<\/a><br \/><a class=\"\" href=\"http:\/\/www.kempelektroniks.nl\/\">www.kempelektroniks.nl<\/a><\/p>\r\n\r\n\r\n\r\n<p><strong>King Audio<\/strong><br \/>Theodorus Dobbeweg 17<br \/>6883GN\u00a0Velp<br \/>0031 (0) 6-54724261<br \/><a class=\"\" href=\"mailto:info@kingaudio.nl\">info@kingaudio.nl<\/a><br \/><a class=\"\" href=\"http:\/\/www.kingaudio.nl\/\">www.kingaudio.nl<\/a><\/p>\r\n\r\n\r\n\r\n<p>&nbsp;<\/p>\r\n","protected":false},"excerpt":{"rendered":"<p>Vortex HiFi H\u00e4ndler in Ihrer N\u00e4he Warum gibt es das Vortex HiFi System nicht \u00fcberall zu kaufen? Damit Sie den maximalen Nutzen aus den Vortex HiFi Produkten ziehen k\u00f6nnen ist eine fundierte Beratung durch speziell geschultes Fachpersonal notwendig. Dieses notwendige Fachwissen hat mit klassischem HiFi \u2013 Wissen nichts zu tun. Selbst h\u00f6chst qualifizierte HiFi Spezialisten k\u00f6nnen unm\u00f6glich mit dem Vortex HiFi \u2013 System fehlerfrei umgehen, wenn Sie sich nicht mit dem Vortex HiFi System eingehend theoretisch und praktisch auseinandergesetzt haben!&#8230;<\/p>\n<p class=\"read-more\"><a class=\"btn btn-default\" href=\"https:\/\/das.raumtuning.info\/?page_id=1831\">Weiterlesen<span class=\"screen-reader-text\"> Weiterlesen<\/span><\/a><\/p>\n","protected":false},"author":1,"featured_media":644,"parent":0,"menu_order":0,"comment_status":"open","ping_status":"closed","template":"","meta":{"jetpack_post_was_ever_published":false,"footnotes":""},"class_list":["post-1831","page","type-page","status-publish","has-post-thumbnail","hentry"],"aioseo_notices":[],"jetpack_sharing_enabled":true,"jetpack_shortlink":"https:\/\/wp.me\/P4hjs0-tx","jetpack-related-posts":[{"id":10,"url":"https:\/\/das.raumtuning.info\/","url_meta":{"origin":1831,"position":0},"title":"Home","date":"12. Dezember 2013","format":false,"excerpt":"Musik h\u00f6ren war gestern... ... Musik empfinden ist heute! - Vortex HiFi \u00a0 \u00a0 \u00a0 \u00a0 Die Vortex HiFi Forschung stellt immer wieder die (HiFi)-Welt auf den Kopf. Technische Ger\u00e4te wie Handys, Laptops, Computer oder Router, die das Musikh\u00f6ren bisher stark verschlechtert haben, f\u00f6rdern nun den Klang durch neue Vortex\u2026","rel":"","context":"Similar post","img":{"alt_text":"","src":"https:\/\/i0.wp.com\/das.raumtuning.info\/wp-content\/uploads\/2014\/01\/Blut-in-nat\u00fcrlicher-Umwelt-rot2.png?resize=350%2C200","width":350,"height":200},"classes":[]},{"id":4826,"url":"https:\/\/das.raumtuning.info\/?page_id=4826","url_meta":{"origin":1831,"position":1},"title":"Vortex HiFi Surface Optimizer 50 ml","date":"18. M\u00e4rz 2020","format":false,"excerpt":"Antistatikmittel mit Bienenwachs Schonende, saubere Pflege und Antistatik Behandlung f\u00fcr Ihre Lautsprecher, CD\u00b4s, Kabel und alle HiFi-Komponenten sowie Zubeh\u00f6rprodukte aus Kunststoff.f\u00fcr viele Oberfl\u00e4chen wie Holz, Metall, Stein, glattes Leder sowie Kunststoff geeignet.Ganz ohne L\u00f6sungsmittelkeine Silikonesch\u00fctzt vor Wiederanschmutzung und statischer Aufladung Vortex HiFi Surface Optimizer nutzt alle nat\u00fcrlichen Wirkungsstoffe von Bienenwachs\u2026","rel":"","context":"Similar post","img":{"alt_text":"","src":"https:\/\/i0.wp.com\/das.raumtuning.info\/wp-content\/uploads\/2020\/03\/vortex-hifi-surface-optimizer-statische-aufladung-nachhaltig-mindern-varbild-29314.jpeg?fit=1200%2C1200&ssl=1&resize=350%2C200","width":350,"height":200},"classes":[]},{"id":297,"url":"https:\/\/das.raumtuning.info\/?page_id=297","url_meta":{"origin":1831,"position":2},"title":"Ger\u00e4te entst\u00f6ren","date":"30. Januar 2014","format":false,"excerpt":"Moderne Quellen wie Streamer arbeiten heute mit 32 Bit Signaltiefe und 384 kHz Samplingfrequenz, arbeiten also zigtausende Mal feiner, als die CD dies je konnte. Aber warum klingen sie unter gleichen Bedingungen nicht wirklich besser? Wir zeigen Ihnen, wie Sie die Klangbremsen Ihrer Anlage beseitigen. Die moderne medizinische Forschung zeigt,\u2026","rel":"","context":"Similar post","img":{"alt_text":"","src":"https:\/\/i0.wp.com\/das.raumtuning.info\/wp-content\/uploads\/2014\/01\/cyrus-streamer2.png?fit=1080%2C425&ssl=1&resize=350%2C200","width":350,"height":200},"classes":[]},{"id":6819,"url":"https:\/\/das.raumtuning.info\/?page_id=6819","url_meta":{"origin":1831,"position":3},"title":"Interviev mit Siegfried Nehls in HFi-Today","date":"30. M\u00e4rz 2023","format":false,"excerpt":"Interview mit Sigfried Nehls vom Klangatelier Berlin HiFi-Today 12\/2022 Autor: Frank Wacker Ein Interview mit dem auf Hifi-Zubeho\u0308r spezialisierten Fachha\u0308ndler Klangatelier Berlin. Es gibt wohl kaum einen Hifi-Laden in Deutschland, der ein so gro\u00dfes Sortiment an Zubeho\u0308rprodukten anbietet und auf einen fast 50-ja\u0308hrigen Erfahrungsschatz zuru\u0308ckgreifen kann wie der Inhaber Siegfried\u2026","rel":"","context":"Similar post","img":{"alt_text":"","src":"https:\/\/i0.wp.com\/das.raumtuning.info\/wp-content\/uploads\/2023\/03\/Siegfried-Nehls-e1680023525407.jpg?fit=1200%2C437&ssl=1&resize=350%2C200","width":350,"height":200},"classes":[]},{"id":1616,"url":"https:\/\/das.raumtuning.info\/?page_id=1616","url_meta":{"origin":1831,"position":4},"title":"Bedienungsanleitung Nano Shield Plugs","date":"6. November 2014","format":false,"excerpt":"Herzlichen Gl\u00fcckwunsch zum Erwerb Ihres Vortex HiFi Nano Shield Plug Sie haben eines der Innovativsten HiFi- Zubeh\u00f6r-Produkte \u00fcberhaupt erworben. Ihr Nano Shield Plug vereinigt High Tech Know-how moderner Nano - Abschirm-Technik mit den neuesten Erkenntnissen in der Beeinflussung des menschlichen Nervensystems durch Elektrosmog und deren Beseitigung. Vortex HiFi Plug -\u2026","rel":"","context":"Similar post","img":{"alt_text":"Vortex HiFi Nano Shield Power Plug B","src":"https:\/\/i0.wp.com\/das.raumtuning.info\/wp-content\/uploads\/2014\/11\/Stecker..jpg?fit=1063%2C752&ssl=1&resize=350%2C200","width":350,"height":200},"classes":[]},{"id":289,"url":"https:\/\/das.raumtuning.info\/?page_id=289","url_meta":{"origin":1831,"position":5},"title":"Menschen entstressen","date":"30. Januar 2014","format":false,"excerpt":"Emotionen, G\u00e4nsehaut und Fu\u00dfwippen Musik bedeutet Emotionen, G\u00e4nsehaut und das unbewusste Fu\u00dfwippen. Nicht der Schall ist das Entscheidende, sondern die k\u00f6rperliche Reaktion! Man h\u00f6rt eine Frauenstimme und stellt sich sofort eine Person vor \u2013 oft sehr konkret. Musik stimuliert verschiedene Gehirnregionen - das H\u00f6ren aber eben auch zum Beispiel den\u2026","rel":"","context":"Similar post","img":{"alt_text":"Quelle: Vortex HiFi","src":"https:\/\/i0.wp.com\/das.raumtuning.info\/wp-content\/uploads\/2014\/02\/S\u00e4ngerin2-web.jpg?fit=1080%2C702&ssl=1&resize=350%2C200","width":350,"height":200},"classes":[]}],"_links":{"self":[{"href":"https:\/\/das.raumtuning.info\/index.php?rest_route=\/wp\/v2\/pages\/1831","targetHints":{"allow":["GET"]}}],"collection":[{"href":"https:\/\/das.raumtuning.info\/index.php?rest_route=\/wp\/v2\/pages"}],"about":[{"href":"https:\/\/das.raumtuning.info\/index.php?rest_route=\/wp\/v2\/types\/page"}],"author":[{"embeddable":true,"href":"https:\/\/das.raumtuning.info\/index.php?rest_route=\/wp\/v2\/users\/1"}],"replies":[{"embeddable":true,"href":"https:\/\/das.raumtuning.info\/index.php?rest_route=%2Fwp%2Fv2%2Fcomments&post=1831"}],"version-history":[{"count":26,"href":"https:\/\/das.raumtuning.info\/index.php?rest_route=\/wp\/v2\/pages\/1831\/revisions"}],"predecessor-version":[{"id":9267,"href":"https:\/\/das.raumtuning.info\/index.php?rest_route=\/wp\/v2\/pages\/1831\/revisions\/9267"}],"wp:featuredmedia":[{"embeddable":true,"href":"https:\/\/das.raumtuning.info\/index.php?rest_route=\/wp\/v2\/media\/644"}],"wp:attachment":[{"href":"https:\/\/das.raumtuning.info\/index.php?rest_route=%2Fwp%2Fv2%2Fmedia&parent=1831"}],"curies":[{"name":"wp","href":"https:\/\/api.w.org\/{rel}","templated":true}]}}