{"id":1971,"date":"2015-06-23T11:44:20","date_gmt":"2015-06-23T09:44:20","guid":{"rendered":"http:\/\/das.raumtuning.info\/?page_id=1971"},"modified":"2015-08-20T17:05:50","modified_gmt":"2015-08-20T15:05:50","slug":"obsidian-vulkan-glas","status":"publish","type":"page","link":"https:\/\/das.raumtuning.info\/?page_id=1971","title":{"rendered":"Obsidian &#8211; Vulkanglas"},"content":{"rendered":"<h1>Obsidian &#8211; ein kraftvolles Geschenk der Natur f\u00fcr au\u00dfergew\u00f6hnliche, musikalische Momente<\/h1>\n<p>Die Obsidiane sind die Tr\u00e4ger unserer <a href=\"http:\/\/das.raumtuning.info\/?page_id=245\" target=\"_blank\">Dualen Information<\/a> zu <a href=\"http:\/\/das.raumtuning.info\/?page_id=283\" target=\"_blank\">Entst\u00f6rung<\/a> und <a href=\"http:\/\/das.raumtuning.info\/?page_id=281\" target=\"_blank\">Entstressung <\/a>und so ein zentrales Glied der Vortex HiFi Techniken.<\/p>\n<h2>Was ist Obsidian Mineralogisch?<\/h2>\n<figure id=\"attachment_1675\" aria-describedby=\"caption-attachment-1675\" style=\"width: 325px\" class=\"wp-caption aligncenter\"><a href=\"https:\/\/i0.wp.com\/das.raumtuning.info\/wp-content\/uploads\/2014\/01\/pyramiden-30-40-mit-logo-web.jpg\"><img fetchpriority=\"high\" decoding=\"async\" data-attachment-id=\"1675\" data-permalink=\"https:\/\/das.raumtuning.info\/?attachment_id=1675\" data-orig-file=\"https:\/\/i0.wp.com\/das.raumtuning.info\/wp-content\/uploads\/2014\/01\/pyramiden-30-40-mit-logo-web.jpg?fit=1063%2C797&amp;ssl=1\" data-orig-size=\"1063,797\" data-comments-opened=\"1\" data-image-meta=\"{&quot;aperture&quot;:&quot;0&quot;,&quot;credit&quot;:&quot;&quot;,&quot;camera&quot;:&quot;&quot;,&quot;caption&quot;:&quot;&quot;,&quot;created_timestamp&quot;:&quot;0&quot;,&quot;copyright&quot;:&quot;&quot;,&quot;focal_length&quot;:&quot;0&quot;,&quot;iso&quot;:&quot;0&quot;,&quot;shutter_speed&quot;:&quot;0&quot;,&quot;title&quot;:&quot;&quot;,&quot;orientation&quot;:&quot;0&quot;}\" data-image-title=\"pyramiden-30&amp;#8211;40-mit-logo-web\" data-image-description=\"\" data-image-caption=\"&lt;p&gt;A.I.O. Entst\u00f6rprodukte&lt;\/p&gt;\n\" data-medium-file=\"https:\/\/i0.wp.com\/das.raumtuning.info\/wp-content\/uploads\/2014\/01\/pyramiden-30-40-mit-logo-web.jpg?fit=300%2C224&amp;ssl=1\" data-large-file=\"https:\/\/i0.wp.com\/das.raumtuning.info\/wp-content\/uploads\/2014\/01\/pyramiden-30-40-mit-logo-web.jpg?fit=640%2C479&amp;ssl=1\" class=\"wp-image-1675\" src=\"https:\/\/i0.wp.com\/das.raumtuning.info\/wp-content\/uploads\/2014\/01\/pyramiden-30-40-mit-logo-web.jpg?resize=325%2C243\" alt=\"Vortex HiFi A.I.O. Entst\u00f6r-Pyramieden 30 und 40\" width=\"325\" height=\"243\" srcset=\"https:\/\/i0.wp.com\/das.raumtuning.info\/wp-content\/uploads\/2014\/01\/pyramiden-30-40-mit-logo-web.jpg?w=1063&amp;ssl=1 1063w, https:\/\/i0.wp.com\/das.raumtuning.info\/wp-content\/uploads\/2014\/01\/pyramiden-30-40-mit-logo-web.jpg?resize=300%2C224&amp;ssl=1 300w, https:\/\/i0.wp.com\/das.raumtuning.info\/wp-content\/uploads\/2014\/01\/pyramiden-30-40-mit-logo-web.jpg?resize=1024%2C767&amp;ssl=1 1024w, https:\/\/i0.wp.com\/das.raumtuning.info\/wp-content\/uploads\/2014\/01\/pyramiden-30-40-mit-logo-web.jpg?resize=900%2C674&amp;ssl=1 900w\" sizes=\"(max-width: 325px) 100vw, 325px\" data-recalc-dims=\"1\" \/><\/a><figcaption id=\"caption-attachment-1675\" class=\"wp-caption-text\">A.I.O. &#8211; Entst\u00f6r-Pyramiden aus schwarzem Obsidian.<\/figcaption><\/figure>\n<p>Obsidian in ein nat\u00fcrlich vorkommendes Gesteinsglas. Obsidian entsteht bei der raschen Abk\u00fchlung von Lava. Daher wird es auch Lavaglas oder auch Vulkanglas genannt. Zum Obsidian wird es weil es einen geringen Wasseranteil hat. Bei einem Wasseranteil \u00fcber 4% bl\u00e4ht sich die Fl\u00fcssigkeit auf und es entsteht Bimsstein. Weil die Lava schnell erkaltete kommt es nicht zur Ausbildung regelm\u00e4\u00dfiger Kristallstrukturen und es entsteht eben ein Glas.<\/p>\n<p>Obsidian ist metastabil und zeigt innerhalb geologischer Zeitr\u00e4ume die Tendenz zur \u201eEntglasung\u201c.<\/p>\n<figure id=\"attachment_1676\" aria-describedby=\"caption-attachment-1676\" style=\"width: 241px\" class=\"wp-caption alignleft\"><a href=\"https:\/\/i0.wp.com\/das.raumtuning.info\/wp-content\/uploads\/2014\/01\/Donut-mit-Logo-web.jpg\"><img decoding=\"async\" data-attachment-id=\"1676\" data-permalink=\"https:\/\/das.raumtuning.info\/?attachment_id=1676\" data-orig-file=\"https:\/\/i0.wp.com\/das.raumtuning.info\/wp-content\/uploads\/2014\/01\/Donut-mit-Logo-web.jpg?fit=1063%2C752&amp;ssl=1\" data-orig-size=\"1063,752\" data-comments-opened=\"1\" data-image-meta=\"{&quot;aperture&quot;:&quot;0&quot;,&quot;credit&quot;:&quot;&quot;,&quot;camera&quot;:&quot;&quot;,&quot;caption&quot;:&quot;&quot;,&quot;created_timestamp&quot;:&quot;0&quot;,&quot;copyright&quot;:&quot;&quot;,&quot;focal_length&quot;:&quot;0&quot;,&quot;iso&quot;:&quot;0&quot;,&quot;shutter_speed&quot;:&quot;0&quot;,&quot;title&quot;:&quot;&quot;,&quot;orientation&quot;:&quot;0&quot;}\" data-image-title=\"Donut-mit-Logo-web\" data-image-description=\"\" data-image-caption=\"&lt;p&gt;K\u00f6rper Entstressung&lt;\/p&gt;\n\" data-medium-file=\"https:\/\/i0.wp.com\/das.raumtuning.info\/wp-content\/uploads\/2014\/01\/Donut-mit-Logo-web.jpg?fit=300%2C212&amp;ssl=1\" data-large-file=\"https:\/\/i0.wp.com\/das.raumtuning.info\/wp-content\/uploads\/2014\/01\/Donut-mit-Logo-web.jpg?fit=640%2C453&amp;ssl=1\" class=\" wp-image-1676\" src=\"https:\/\/i0.wp.com\/das.raumtuning.info\/wp-content\/uploads\/2014\/01\/Donut-mit-Logo-web.jpg?resize=241%2C170\" alt=\"Vortex HiFi A.I.O. Entstressungs Donut\" width=\"241\" height=\"170\" srcset=\"https:\/\/i0.wp.com\/das.raumtuning.info\/wp-content\/uploads\/2014\/01\/Donut-mit-Logo-web.jpg?w=1063&amp;ssl=1 1063w, https:\/\/i0.wp.com\/das.raumtuning.info\/wp-content\/uploads\/2014\/01\/Donut-mit-Logo-web.jpg?resize=300%2C212&amp;ssl=1 300w, https:\/\/i0.wp.com\/das.raumtuning.info\/wp-content\/uploads\/2014\/01\/Donut-mit-Logo-web.jpg?resize=1024%2C724&amp;ssl=1 1024w, https:\/\/i0.wp.com\/das.raumtuning.info\/wp-content\/uploads\/2014\/01\/Donut-mit-Logo-web.jpg?resize=900%2C636&amp;ssl=1 900w\" sizes=\"(max-width: 241px) 100vw, 241px\" data-recalc-dims=\"1\" \/><\/a><figcaption id=\"caption-attachment-1676\" class=\"wp-caption-text\">Vortex HiFi A.I.O. Entstressungs Donut<\/figcaption><\/figure>\n<p>Eine Variet\u00e4t die wir auch verwenden ist der Schneeflockenobsidian. Schneeflockenobsidiane enthalten radial gewachsene Einschl\u00fcsse. Diese wuchsen kugelf\u00f6rmig aus einem Kristallisationspunkt. Diese \u201eSchneeflocken\u201c im Obsidian sind meist Feldsp\u00e4te.<\/p>\n<figure id=\"attachment_188\" aria-describedby=\"caption-attachment-188\" style=\"width: 191px\" class=\"wp-caption alignright\"><a href=\"https:\/\/i0.wp.com\/das.raumtuning.info\/wp-content\/uploads\/2014\/01\/RJ45-shield-plug-hinten.png\"><img decoding=\"async\" data-attachment-id=\"188\" data-permalink=\"https:\/\/das.raumtuning.info\/?attachment_id=188\" data-orig-file=\"https:\/\/i0.wp.com\/das.raumtuning.info\/wp-content\/uploads\/2014\/01\/RJ45-shield-plug-hinten.png?fit=540%2C548&amp;ssl=1\" data-orig-size=\"540,548\" data-comments-opened=\"1\" data-image-meta=\"{&quot;aperture&quot;:&quot;0&quot;,&quot;credit&quot;:&quot;&quot;,&quot;camera&quot;:&quot;&quot;,&quot;caption&quot;:&quot;&quot;,&quot;created_timestamp&quot;:&quot;0&quot;,&quot;copyright&quot;:&quot;&quot;,&quot;focal_length&quot;:&quot;0&quot;,&quot;iso&quot;:&quot;0&quot;,&quot;shutter_speed&quot;:&quot;0&quot;,&quot;title&quot;:&quot;&quot;}\" data-image-title=\"RJ45-shield-plug-hinten\" data-image-description=\"\" data-image-caption=\"\" data-medium-file=\"https:\/\/i0.wp.com\/das.raumtuning.info\/wp-content\/uploads\/2014\/01\/RJ45-shield-plug-hinten.png?fit=295%2C300&amp;ssl=1\" data-large-file=\"https:\/\/i0.wp.com\/das.raumtuning.info\/wp-content\/uploads\/2014\/01\/RJ45-shield-plug-hinten.png?fit=540%2C548&amp;ssl=1\" class=\"wp-image-188\" src=\"https:\/\/i0.wp.com\/das.raumtuning.info\/wp-content\/uploads\/2014\/01\/RJ45-shield-plug-hinten.png?resize=191%2C194\" alt=\"RJ45-shield-plug-hinten\" width=\"191\" height=\"194\" srcset=\"https:\/\/i0.wp.com\/das.raumtuning.info\/wp-content\/uploads\/2014\/01\/RJ45-shield-plug-hinten.png?w=540&amp;ssl=1 540w, https:\/\/i0.wp.com\/das.raumtuning.info\/wp-content\/uploads\/2014\/01\/RJ45-shield-plug-hinten.png?resize=295%2C300&amp;ssl=1 295w\" sizes=\"(max-width: 191px) 100vw, 191px\" data-recalc-dims=\"1\" \/><\/a><figcaption id=\"caption-attachment-188\" class=\"wp-caption-text\">Schneeflockenobsidian zum Entst\u00f6ren und Entstressen im RJ45 -LAN Plug<\/figcaption><\/figure>\n<p>Farbe: Der Obsidian ist meist dunkelgr\u00fcn bis schwarz gef\u00e4rbt, gelegentlich auch braun und r\u00f6tlich. Das kommt durch im Gestein feinstverteilte H\u00e4matit- oder Magnetitminerale. Auch wir verwenden verschiedene Variet\u00e4ten. Wir setzen sowohl schwarzen Obsidian, Schneeflockenobsidian als auch braune Obsidiane je nach Anwendung ein.<\/p>\n<p>&nbsp;<\/p>\n<dl id=\"attachment_1995\" class=\"wp-caption aligncenter\" style=\"width: 1080px;\">\n<dt class=\"wp-caption-dt\">\n<h2><span style=\"color: #333333;\">Was ist Obsidian energetisch?<\/span><\/h2>\n<\/dt>\n<\/dl>\n<figure id=\"attachment_1995\" aria-describedby=\"caption-attachment-1995\" style=\"width: 1080px\" class=\"wp-caption alignnone\"><a href=\"https:\/\/i0.wp.com\/das.raumtuning.info\/wp-content\/uploads\/2015\/06\/Obsidian.jpg\" target=\"_blank\"><img loading=\"lazy\" decoding=\"async\" data-attachment-id=\"1995\" data-permalink=\"https:\/\/das.raumtuning.info\/?attachment_id=1995\" data-orig-file=\"https:\/\/i0.wp.com\/das.raumtuning.info\/wp-content\/uploads\/2015\/06\/Obsidian.jpg?fit=1080%2C810&amp;ssl=1\" data-orig-size=\"1080,810\" data-comments-opened=\"1\" data-image-meta=\"{&quot;aperture&quot;:&quot;0&quot;,&quot;credit&quot;:&quot;&quot;,&quot;camera&quot;:&quot;&quot;,&quot;caption&quot;:&quot;&quot;,&quot;created_timestamp&quot;:&quot;0&quot;,&quot;copyright&quot;:&quot;&quot;,&quot;focal_length&quot;:&quot;0&quot;,&quot;iso&quot;:&quot;0&quot;,&quot;shutter_speed&quot;:&quot;0&quot;,&quot;title&quot;:&quot;&quot;,&quot;orientation&quot;:&quot;0&quot;}\" data-image-title=\"Obsidian\" data-image-description=\"\" data-image-caption=\"\" data-medium-file=\"https:\/\/i0.wp.com\/das.raumtuning.info\/wp-content\/uploads\/2015\/06\/Obsidian.jpg?fit=300%2C225&amp;ssl=1\" data-large-file=\"https:\/\/i0.wp.com\/das.raumtuning.info\/wp-content\/uploads\/2015\/06\/Obsidian.jpg?fit=640%2C480&amp;ssl=1\" class=\"wp-image-1995 size-full\" src=\"https:\/\/i0.wp.com\/das.raumtuning.info\/wp-content\/uploads\/2015\/06\/Obsidian.jpg?resize=640%2C480\" alt=\"Obsidian\" width=\"640\" height=\"480\" srcset=\"https:\/\/i0.wp.com\/das.raumtuning.info\/wp-content\/uploads\/2015\/06\/Obsidian.jpg?w=1080&amp;ssl=1 1080w, https:\/\/i0.wp.com\/das.raumtuning.info\/wp-content\/uploads\/2015\/06\/Obsidian.jpg?resize=150%2C113&amp;ssl=1 150w, https:\/\/i0.wp.com\/das.raumtuning.info\/wp-content\/uploads\/2015\/06\/Obsidian.jpg?resize=300%2C225&amp;ssl=1 300w, https:\/\/i0.wp.com\/das.raumtuning.info\/wp-content\/uploads\/2015\/06\/Obsidian.jpg?resize=1024%2C768&amp;ssl=1 1024w, https:\/\/i0.wp.com\/das.raumtuning.info\/wp-content\/uploads\/2015\/06\/Obsidian.jpg?resize=900%2C675&amp;ssl=1 900w\" sizes=\"(max-width: 640px) 100vw, 640px\" data-recalc-dims=\"1\" \/><\/a><figcaption id=\"caption-attachment-1995\" class=\"wp-caption-text\">Schwarzer Obsidian als Rohstein. Einer der bedeutensten Heilsteine. Dieser Halbedelstein ist die Grundlage unserer Vortex HiFi A.I.O. &#8211; Technik (Bild Vortex HiFi)<\/figcaption><\/figure>\n<p>Die Urgewalt Vulkan hat uns mit dem Obsidian einen der wichtigsten Heilsteine* \u00fcberhaupt beschert und er wird seit der Steinzeit vom Menschen verwendet.<\/p>\n<p>Dem schwarzen Obsidian wird nachgesagt, das er in der Lage sei eine bessere Durchblutung sowie Energieversorgung zu gew\u00e4hrleisten und daher bei Gef\u00e4\u00dfverengungen, Energieblockaden oder Temperaturempfindlichkeit lindernd zu wirken. So ist es nicht verwunderlich, das ihm auch eine Verbesserung der Wahrnehmung zugeschrieben wird.<\/p>\n<p>Mit seinen ihm zugeschriebenen Eigenschaften auf die menschliche Psyche sind so genante Obsidianspiegel (Ronden) seit langer Zeit Begleiter vieler Menschen in der Meditation.<\/p>\n<p>Der Obsidian steht so f\u00fcr ein St\u00fcck Natur das uns hilft unsere Umwelt wieder ein St\u00fcck nat\u00fcrlicher zu machen , vom Alltag abzuschalten und somit ein Musikerlebniss erm\u00f6glicht, das seines gleichen sucht.<\/p>\n<p>Wir verwenden neben dem schwarzen Obsidian auch die Variet\u00e4t des Schneeflocken Obsidians. Diese verwenden wir in unseren <a href=\"http:\/\/das.raumtuning.info\/?page_id=269\" target=\"_blank\">Kabeln<\/a>, Steckern und unseren <a href=\"http:\/\/das.raumtuning.info\/?page_id=267\" target=\"_blank\">Nano Shield Plug<\/a> &#8211; Produkten. Den Schneeflockenobsidian verwenden wir auch f\u00fcr die K\u00f6rperentstressung als <a href=\"http:\/\/das.raumtuning.info\/?page_id=265\" target=\"_blank\">Donut<\/a>.<\/p>\n<p>Die untere Grafik zeigt die Ver\u00e4nderung der Kennzahlen einer Herzratenvariabilit\u00e4tsmessung (spezielles EKG) einmal ohne und einmal mit unserem Obsidian Donut. Der Stressindex verbesserte sich um 32% und die Total Power, quasi die Gesamtregelf\u00e4higkeit, um 90%.<\/p>\n<p><a href=\"https:\/\/i0.wp.com\/das.raumtuning.info\/wp-content\/uploads\/2014\/01\/HRV-Ver\u00e4nderung-Donut.png\"><img loading=\"lazy\" decoding=\"async\" data-attachment-id=\"1036\" data-permalink=\"https:\/\/das.raumtuning.info\/?attachment_id=1036\" data-orig-file=\"https:\/\/i0.wp.com\/das.raumtuning.info\/wp-content\/uploads\/2014\/01\/HRV-Ver\u00e4nderung-Donut.png?fit=679%2C679&amp;ssl=1\" data-orig-size=\"679,679\" data-comments-opened=\"1\" data-image-meta=\"{&quot;aperture&quot;:&quot;0&quot;,&quot;credit&quot;:&quot;&quot;,&quot;camera&quot;:&quot;&quot;,&quot;caption&quot;:&quot;&quot;,&quot;created_timestamp&quot;:&quot;0&quot;,&quot;copyright&quot;:&quot;&quot;,&quot;focal_length&quot;:&quot;0&quot;,&quot;iso&quot;:&quot;0&quot;,&quot;shutter_speed&quot;:&quot;0&quot;,&quot;title&quot;:&quot;&quot;}\" data-image-title=\"HRV-Ver\u00e4nderung-Donut\" data-image-description=\"\" data-image-caption=\"\" data-medium-file=\"https:\/\/i0.wp.com\/das.raumtuning.info\/wp-content\/uploads\/2014\/01\/HRV-Ver\u00e4nderung-Donut.png?fit=300%2C300&amp;ssl=1\" data-large-file=\"https:\/\/i0.wp.com\/das.raumtuning.info\/wp-content\/uploads\/2014\/01\/HRV-Ver\u00e4nderung-Donut.png?fit=640%2C640&amp;ssl=1\" class=\" size-full wp-image-1036 aligncenter\" src=\"https:\/\/i0.wp.com\/das.raumtuning.info\/wp-content\/uploads\/2014\/01\/HRV-Ver\u00e4nderung-Donut.png?resize=640%2C640\" alt=\"HRV-Ver\u00e4nderung-Donut\" width=\"640\" height=\"640\" srcset=\"https:\/\/i0.wp.com\/das.raumtuning.info\/wp-content\/uploads\/2014\/01\/HRV-Ver\u00e4nderung-Donut.png?w=679&amp;ssl=1 679w, https:\/\/i0.wp.com\/das.raumtuning.info\/wp-content\/uploads\/2014\/01\/HRV-Ver\u00e4nderung-Donut.png?resize=150%2C150&amp;ssl=1 150w, https:\/\/i0.wp.com\/das.raumtuning.info\/wp-content\/uploads\/2014\/01\/HRV-Ver\u00e4nderung-Donut.png?resize=300%2C300&amp;ssl=1 300w, https:\/\/i0.wp.com\/das.raumtuning.info\/wp-content\/uploads\/2014\/01\/HRV-Ver\u00e4nderung-Donut.png?resize=144%2C144&amp;ssl=1 144w\" sizes=\"(max-width: 640px) 100vw, 640px\" data-recalc-dims=\"1\" \/><\/a><br \/>\n*Die aufgef\u00fchrten Informationen zur Wirkung des Obsidiansbasieren auf \u00dcberlieferungen und eigenen Erfahrungen. Die Wirkungen sind wissenschaftlich nicht nachgewiesen oder medizinisch anerkannt.<\/p>\n","protected":false},"excerpt":{"rendered":"<p>Obsidian &#8211; ein kraftvolles Geschenk der Natur f\u00fcr au\u00dfergew\u00f6hnliche, musikalische Momente Die Obsidiane sind die Tr\u00e4ger unserer Dualen Information zu Entst\u00f6rung und Entstressung und so ein zentrales Glied der Vortex HiFi Techniken. Was ist Obsidian Mineralogisch? Obsidian in ein nat\u00fcrlich vorkommendes Gesteinsglas. Obsidian entsteht bei der raschen Abk\u00fchlung von Lava. Daher wird es auch Lavaglas oder auch Vulkanglas genannt. Zum Obsidian wird es weil es einen geringen Wasseranteil hat. Bei einem Wasseranteil \u00fcber 4% bl\u00e4ht sich die Fl\u00fcssigkeit auf und&#8230;<\/p>\n<p class=\"read-more\"><a class=\"btn btn-default\" href=\"https:\/\/das.raumtuning.info\/?page_id=1971\">Weiterlesen<span class=\"screen-reader-text\"> Weiterlesen<\/span><\/a><\/p>\n","protected":false},"author":1,"featured_media":1987,"parent":0,"menu_order":0,"comment_status":"open","ping_status":"closed","template":"","meta":{"jetpack_post_was_ever_published":false,"footnotes":""},"class_list":["post-1971","page","type-page","status-publish","has-post-thumbnail","hentry","has-post-video"],"aioseo_notices":[],"jetpack_sharing_enabled":true,"jetpack_shortlink":"https:\/\/wp.me\/P4hjs0-vN","jetpack-related-posts":[{"id":265,"url":"https:\/\/das.raumtuning.info\/?page_id=265","url_meta":{"origin":1971,"position":0},"title":"A.I.O. Entst\u00f6r -Produkte","date":"29. Januar 2014","format":false,"excerpt":"Die Vortex HiFi A.I.O. Produkt \u2013 Vorteile Reduzierung von St\u00f6rfeldern ohne klangsch\u00e4dliche Filter Reduzierung von St\u00f6rfeldern ohne akustische Beeintr\u00e4chtigungen Reduzierung von St\u00f6rfeldern ohne Signalver\u00e4nderung Informierung gegen klangsch\u00e4dliche Potentialwirbel (Entst\u00f6rung) Informierung zur Entstressung des Menschen Informationen f\u00fcr eine kraftvolle Vorstellungskraft (P.I.-Technik) in Diamant-Standard. (Nur bei Diamant Standard Produkten.) Vitalisierung.\u00a0 (Nur bei\u2026","rel":"","context":"Similar post","img":{"alt_text":"","src":"https:\/\/i0.wp.com\/das.raumtuning.info\/wp-content\/uploads\/2014\/01\/Ronde-30-10-web.jpg?fit=1063%2C752&ssl=1&resize=350%2C200","width":350,"height":200},"classes":[]},{"id":245,"url":"https:\/\/das.raumtuning.info\/?page_id=245","url_meta":{"origin":1971,"position":1},"title":"A.I.O. Entst\u00f6rung","date":"29. Januar 2014","format":false,"excerpt":"A.I.O. - das all in one - Konzept A.I.O. steht f\u00fcr \"all-in-one\". Hierbei war es erstmals mit \u00fcberschaubarem Aufwand m\u00f6glich, Informationen sowohl f\u00fcr eine Entst\u00f6rung von Feldanomalien, eine Information gegen Stress im Menschen und ein bipolares Feld auf ein Objekt aufzubringen. Diese einmalige Technik ist ein Meilenstein sowohl in der\u2026","rel":"","context":"Similar post","img":{"alt_text":"Quelle: Vortex HiFi","src":"https:\/\/i0.wp.com\/das.raumtuning.info\/wp-content\/uploads\/2014\/02\/marimbaphon.jpg?fit=1080%2C529&ssl=1&resize=350%2C200","width":350,"height":200},"classes":[]},{"id":267,"url":"https:\/\/das.raumtuning.info\/?page_id=267","url_meta":{"origin":1971,"position":2},"title":"Nano Shield Plugs","date":"29. Januar 2014","format":false,"excerpt":"Die Vortex HiFi Nano Shield Plug\u00b4s jetzt in 3 Qualit\u00e4tsstufen. Vorteile: Massefreier und damit quellenfreier Schirm Einzigartiges Nanopartikel Schirmmaterial mit einer Schirmwirkung bis zu sagenhaften 40GHz Schirmmaterial mit Absorbtionswirkung Schirmmaterial mit Potentialwirbel-Reduzierung A.I.O. - Halbedelstein zur Entst\u00f6rung und Entstressung Resonanzd\u00e4mpfende Konstruktion Bei den P.I. - Plugs werden zus\u00e4tzlich 11 verschidene\u2026","rel":"","context":"Similar post","img":{"alt_text":"","src":"https:\/\/i0.wp.com\/das.raumtuning.info\/wp-content\/uploads\/2014\/01\/Power-Plug-Beitragsbild-web.jpg?fit=1063%2C752&ssl=1&resize=350%2C200","width":350,"height":200},"classes":[]},{"id":289,"url":"https:\/\/das.raumtuning.info\/?page_id=289","url_meta":{"origin":1971,"position":3},"title":"Menschen entstressen","date":"30. Januar 2014","format":false,"excerpt":"Emotionen, G\u00e4nsehaut und Fu\u00dfwippen Musik bedeutet Emotionen, G\u00e4nsehaut und das unbewusste Fu\u00dfwippen. Nicht der Schall ist das Entscheidende, sondern die k\u00f6rperliche Reaktion! Man h\u00f6rt eine Frauenstimme und stellt sich sofort eine Person vor \u2013 oft sehr konkret. Musik stimuliert verschiedene Gehirnregionen - das H\u00f6ren aber eben auch zum Beispiel den\u2026","rel":"","context":"Similar post","img":{"alt_text":"Quelle: Vortex HiFi","src":"https:\/\/i0.wp.com\/das.raumtuning.info\/wp-content\/uploads\/2014\/02\/S\u00e4ngerin2-web.jpg?fit=1080%2C702&ssl=1&resize=350%2C200","width":350,"height":200},"classes":[]},{"id":4826,"url":"https:\/\/das.raumtuning.info\/?page_id=4826","url_meta":{"origin":1971,"position":4},"title":"Vortex HiFi Surface Optimizer 50 ml","date":"18. M\u00e4rz 2020","format":false,"excerpt":"Antistatikmittel mit Bienenwachs Schonende, saubere Pflege und Antistatik Behandlung f\u00fcr Ihre Lautsprecher, CD\u00b4s, Kabel und alle HiFi-Komponenten sowie Zubeh\u00f6rprodukte aus Kunststoff.f\u00fcr viele Oberfl\u00e4chen wie Holz, Metall, Stein, glattes Leder sowie Kunststoff geeignet.Ganz ohne L\u00f6sungsmittelkeine Silikonesch\u00fctzt vor Wiederanschmutzung und statischer Aufladung Vortex HiFi Surface Optimizer nutzt alle nat\u00fcrlichen Wirkungsstoffe von Bienenwachs\u2026","rel":"","context":"Similar post","img":{"alt_text":"","src":"https:\/\/i0.wp.com\/das.raumtuning.info\/wp-content\/uploads\/2020\/03\/vortex-hifi-surface-optimizer-statische-aufladung-nachhaltig-mindern-varbild-29314.jpeg?fit=1200%2C1200&ssl=1&resize=350%2C200","width":350,"height":200},"classes":[]},{"id":138,"url":"https:\/\/das.raumtuning.info\/?page_id=138","url_meta":{"origin":1971,"position":5},"title":"Techniken","date":"28. Januar 2014","format":false,"excerpt":"Innovationen f\u00fcr die Sinne... ... lautet unsere Zielsetzung. Wir wollen, dass Sie besser h\u00f6ren und besser sehen. Das ist w\u00f6rtlich zu nehmen. Wir besch\u00e4ftigen uns mit dem Menschen und wie unsere heutige HiFi-Stereo und AV-Technik aber auch die h\u00e4usliche Umwelt den Menschen beim H\u00f6ren und Sehen unbemerkt und nebenbei negativ\u2026","rel":"","context":"Similar post","img":{"alt_text":"Quelle: Vortex HiFi","src":"https:\/\/i0.wp.com\/das.raumtuning.info\/wp-content\/uploads\/2014\/02\/Orgel-web.jpg?fit=1080%2C719&ssl=1&resize=350%2C200","width":350,"height":200},"classes":[]}],"_links":{"self":[{"href":"https:\/\/das.raumtuning.info\/index.php?rest_route=\/wp\/v2\/pages\/1971","targetHints":{"allow":["GET"]}}],"collection":[{"href":"https:\/\/das.raumtuning.info\/index.php?rest_route=\/wp\/v2\/pages"}],"about":[{"href":"https:\/\/das.raumtuning.info\/index.php?rest_route=\/wp\/v2\/types\/page"}],"author":[{"embeddable":true,"href":"https:\/\/das.raumtuning.info\/index.php?rest_route=\/wp\/v2\/users\/1"}],"replies":[{"embeddable":true,"href":"https:\/\/das.raumtuning.info\/index.php?rest_route=%2Fwp%2Fv2%2Fcomments&post=1971"}],"version-history":[{"count":18,"href":"https:\/\/das.raumtuning.info\/index.php?rest_route=\/wp\/v2\/pages\/1971\/revisions"}],"predecessor-version":[{"id":2059,"href":"https:\/\/das.raumtuning.info\/index.php?rest_route=\/wp\/v2\/pages\/1971\/revisions\/2059"}],"wp:featuredmedia":[{"embeddable":true,"href":"https:\/\/das.raumtuning.info\/index.php?rest_route=\/wp\/v2\/media\/1987"}],"wp:attachment":[{"href":"https:\/\/das.raumtuning.info\/index.php?rest_route=%2Fwp%2Fv2%2Fmedia&parent=1971"}],"curies":[{"name":"wp","href":"https:\/\/api.w.org\/{rel}","templated":true}]}}