{"id":239,"date":"2014-01-29T19:13:23","date_gmt":"2014-01-29T18:13:23","guid":{"rendered":"http:\/\/das.raumtuning.info\/?page_id=239"},"modified":"2015-08-25T13:08:08","modified_gmt":"2015-08-25T11:08:08","slug":"elektrosmog","status":"publish","type":"page","link":"https:\/\/das.raumtuning.info\/?page_id=239","title":{"rendered":"Elektrosmog und H\u00f6ren"},"content":{"rendered":"<p>In der Diskussion \u00fcber Beeinflussungen durch Elektrosmog ist zwischen wissenschaftlichen Erkenntnissen und Empirie zu unterscheiden.<\/p>\n<h4>Wissenschaftliche Erkenntnisse<\/h4>\n<p>Es ist schon erstaunlich, dass hierzulande Tausende Mediziner Appelle gegen gepulste Mikrowellenstrahlung unterschreiben, weil ihre Patienten darunter gesundheitlich leiden.\u00a0 Allein der <a title=\"Freiburger Appell.PDF\" href=\"http:\/\/das.raumtuning.info\/?attachment_id=724\" target=\"_blank\">Freiburger- Appell<\/a> von \u00c4rzten wurde von ca. 40.000 Personen unterschrieben.<\/p>\n<p><a href=\"http:\/\/das.raumtuning.info\/wp-content\/uploads\/2015\/08\/Freiburger_Appell_mit-Unterstreichung.pdf\" target=\"_blank\"><img fetchpriority=\"high\" decoding=\"async\" data-attachment-id=\"2060\" data-permalink=\"https:\/\/das.raumtuning.info\/?attachment_id=2060\" data-orig-file=\"https:\/\/i0.wp.com\/das.raumtuning.info\/wp-content\/uploads\/2014\/01\/Freiburger-Appell.jpg?fit=1564%2C2240&amp;ssl=1\" data-orig-size=\"1564,2240\" data-comments-opened=\"1\" data-image-meta=\"{&quot;aperture&quot;:&quot;0&quot;,&quot;credit&quot;:&quot;&quot;,&quot;camera&quot;:&quot;&quot;,&quot;caption&quot;:&quot;&quot;,&quot;created_timestamp&quot;:&quot;0&quot;,&quot;copyright&quot;:&quot;&quot;,&quot;focal_length&quot;:&quot;0&quot;,&quot;iso&quot;:&quot;0&quot;,&quot;shutter_speed&quot;:&quot;0&quot;,&quot;title&quot;:&quot;&quot;,&quot;orientation&quot;:&quot;0&quot;}\" data-image-title=\"Freiburger Appell\" data-image-description=\"\" data-image-caption=\"\" data-medium-file=\"https:\/\/i0.wp.com\/das.raumtuning.info\/wp-content\/uploads\/2014\/01\/Freiburger-Appell.jpg?fit=209%2C300&amp;ssl=1\" data-large-file=\"https:\/\/i0.wp.com\/das.raumtuning.info\/wp-content\/uploads\/2014\/01\/Freiburger-Appell.jpg?fit=640%2C917&amp;ssl=1\" class=\"aligncenter wp-image-2060 size-full\" src=\"https:\/\/i0.wp.com\/das.raumtuning.info\/wp-content\/uploads\/2014\/01\/Freiburger-Appell.jpg?resize=640%2C917\" alt=\"Freiburger Appell\" width=\"640\" height=\"917\" srcset=\"https:\/\/i0.wp.com\/das.raumtuning.info\/wp-content\/uploads\/2014\/01\/Freiburger-Appell.jpg?w=1564&amp;ssl=1 1564w, https:\/\/i0.wp.com\/das.raumtuning.info\/wp-content\/uploads\/2014\/01\/Freiburger-Appell.jpg?resize=105%2C150&amp;ssl=1 105w, https:\/\/i0.wp.com\/das.raumtuning.info\/wp-content\/uploads\/2014\/01\/Freiburger-Appell.jpg?resize=209%2C300&amp;ssl=1 209w, https:\/\/i0.wp.com\/das.raumtuning.info\/wp-content\/uploads\/2014\/01\/Freiburger-Appell.jpg?resize=715%2C1024&amp;ssl=1 715w, https:\/\/i0.wp.com\/das.raumtuning.info\/wp-content\/uploads\/2014\/01\/Freiburger-Appell.jpg?resize=900%2C1289&amp;ssl=1 900w, https:\/\/i0.wp.com\/das.raumtuning.info\/wp-content\/uploads\/2014\/01\/Freiburger-Appell.jpg?w=1280 1280w\" sizes=\"(max-width: 640px) 100vw, 640px\" data-recalc-dims=\"1\" \/><\/a>Leider f\u00e4llt diese erschreckende Tatsache nicht auf fruchtbaren wissenschaftlichen Boden. Zwingende Folge m\u00fcssten doch wissenschaftliche Versuchsreihen sein, in deren Mittelpunkt unbekannte Wirkmechanismen stehen, um schnellstm\u00f6glich Gr\u00fcnde f\u00fcr diese gesundheitlichen Probleme zu finden.<\/p>\n<p>In der ehemaligen Sowjetunion war man auf diesem Gebiet schon viel weiter. Nach <a title=\"Prof.em. Dr. med. Karl Hecht\" href=\"http:\/\/das.raumtuning.info\/?page_id=309\">Prof. Dr. med. Karl Hecht<\/a> ist dort schon l\u00e4nger bekannt, dass es bei jeder Feld- und Wellenart sowie bei jeder Frequenz \u00e4u\u00dferst differenzierte Wirkungen auf den menschlichen K\u00f6rper und die Umwelt gibt. In Deutschland beschr\u00e4nkt sich der aktuelle Wissenstand darauf, dass es (im Mikrowellenbereich) keine andere Wirkung auf Menschen gibt als W\u00e4rme. Daher unterscheiden sich in beiden L\u00e4ndern auch die Grenzwerte. So liegen \u00fcberall dort, wo wissenschaftliche Forschungen auf diesem Gebiet betrieben werden und wo Auswirkungen auf Menschen oder Tiere festgestellt wurden, die Grenzwerte deutlich unter den thermischen relevanten W\u00e4rmegrenzwerten.<\/p>\n<p>Ebenso wie in der fr\u00fcheren Sowjetunion hat auch <a title=\"Prof. Dr. Peter Semm\" href=\"http:\/\/das.raumtuning.info\/?page_id=311\">Dr. Peter Semm<\/a> (fr\u00fcher Deutsche Telekom) festgestellt, dass pulsierende GSM-Signale biologisch drastisch wirkungsvoller sind als nicht pulsierende. Daher sind konsequenter Weise die Grenzwerte in vielen osteurop\u00e4ischen L\u00e4ndern (auch in der ehemaligen DDR) bei gepulster Strahlung im Vergleich zur ungepulster Strahlung deutlich niedriger angesetzt worden. Viele seiner Kollegen, die auch beratend f\u00fcr die Bundesregierung t\u00e4tig sind, haben trotz wissenschaftlicher Ver\u00f6ffentlichungen die Auswirkungen von Elektrosmog noch nicht erkannt. Das wiederum f\u00fchrt dazu, dass deutsche Grenzwerte f\u00fcr gepulste Strahlung um das 32-fache h\u00f6her liegen d\u00fcrfen, als ungepulste. Beispielsweise \u00fcberschreitet der deutsche Grenzwert f\u00fcr Mobilfunk im 900MHz-Band die Empfehlung vom BUND (Bund f\u00fcr Umwelt und Naturschutz Deutschland) um den Faktor 4,5 Mio. Vor diesem Hintergrund wiegt die Ignoranz gegen\u00fcber den \u00e4rztlichen Hilferufen noch viel schwerer.<\/p>\n<p>Vortex HiFi hat inzwischen in Tausenden von Versuchen den Einfluss von Elektrosmog auf das H\u00f6ren nachgewiesen und wird durch die wissenschaftlichen Forschungserkenntnisse best\u00e4tigt.<\/p>\n<h4>Empirische Fakten<\/h4>\n<p>Zurzeit gibt es in der Wissenschaft leider noch keine allgemein akzeptierten Untersuchungsreihen, die die in der Praxis millionenfach auftretenden biologischen Ph\u00e4nomene \u00fcberpr\u00fcfen oder erkl\u00e4ren k\u00f6nnen. Daher haben wir Forschungsergebnisse von vier Wissenschaftlern zusammengefasst, die sich eingehender mit dem Elektrosmog besch\u00e4ftigt haben.<\/p>\n<h4><a title=\"Prof.Dr.Ing. Konstantin Meyl\" href=\"http:\/\/das.raumtuning.info\/?page_id=313\">Prof. Dr. Ing. Konstantin Meyl<\/a><\/h4>\n<p>Meyl stuft die von Tesla entdeckten longitudinalen elektromagnetischen Wellen, als die biologisch (klanglich) relevanten im Elektrosmog ein. Seine Theorie f\u00fcllt die L\u00fccke zwischen den medizinisch-biologischen Erkenntnissen anderer Forscher und der bislang bekannten Physik.<\/p>\n<h4><a title=\"Prof.em. Dr. med. Karl Hecht\" href=\"http:\/\/das.raumtuning.info\/?page_id=309\">Prof. Dr. Med. Karl Hecht<\/a><\/h4>\n<p>Hecht besch\u00e4ftigt sich seit vielen Jahrzehnten ganzheitlich und systematisch mit dem Thema Elektrosmog. Er hat Zugang zu wissenschaftlichen Arbeiten aus der Sowjetunion und verf\u00fcgt dadurch auch \u00fcber\u00a0ein enormes Wissen bez\u00fcglich Langzeitwirkungen von elektromagnetischen Feldern von 0-3 GHz auf den Menschen. Er ist verantwortlich f\u00fcr \u00fcber 750 wissenschaftliche Ver\u00f6ffentlichungen und er erlaubt sich eine differenzierte Wissenschaftskritik hinsichtlich des Themas Elektrosmog.<\/p>\n<h4><a title=\"Prof. Dr. Magda Havas\" href=\"http:\/\/das.raumtuning.info\/?page_id=307\">Prof. Dr. Magda Havas<\/a><\/h4>\n<p>Havas besch\u00e4ftigte sich zuerst mit chemischen Einfl\u00fcssen auf biologische Systeme, legte sp\u00e4ter aber ihren Schwerpunkt auf die Erforschung des Einflusses von elektromagnetischen Feldern auf Menschen. Neben den Problemen, die Mikrowellen (Handy, DECT, WLAN) erzeugen, wies sie den eklatanten Einfluss von Oberwellen auf Stromnetzen (Dirty Power) auf den menschlichen K\u00f6rper nach. Dazu gibt es leicht verst\u00e4ndliche und einpr\u00e4gsame Videofilme (englisch).<\/p>\n<p>Besonders interessant ist, dass sowohl die von ihr als biologisch relevant nachgewiesenen Frequenzen und Intensit\u00e4ten in der Audio-Technik nicht nur auf dem Stromnetz auftreten, sondern auch auf den Signalleitungen im HiFi. Dies sind elementare Erkenntnisse f\u00fcr Klangph\u00e4nomene im HiFi bei jeder Art von Kabeln.<\/p>\n<h4><a title=\"Prof. Dr. Peter Semm\" href=\"http:\/\/das.raumtuning.info\/?page_id=311\">Prof. Dr. Peter Semm<\/a><\/h4>\n<p>Semms Forschung besch\u00e4ftigt sich mit gepulster Mikrowellen-Strahlung. Die f\u00fcr uns zentrale Aussage ist, dass unter Laborbedingungen bei ungepulster Mikrowellenstrahlung keine Wirkung auf Nervenzellen auftreten, aber bei gepulster Mikrowellenstrahlung bis 60 Prozent der Nervenzellen von Zebrafinken falsch feuerten. Er zeigt so, dass nicht die Frequenz oder Intensit\u00e4t, sondern die Struktur entscheidend ist.<\/p>\n","protected":false},"excerpt":{"rendered":"<p>In der Diskussion \u00fcber Beeinflussungen durch Elektrosmog ist zwischen wissenschaftlichen Erkenntnissen und Empirie zu unterscheiden. Wissenschaftliche Erkenntnisse Es ist schon erstaunlich, dass hierzulande Tausende Mediziner Appelle gegen gepulste Mikrowellenstrahlung unterschreiben, weil ihre Patienten darunter gesundheitlich leiden.\u00a0 Allein der Freiburger- Appell von \u00c4rzten wurde von ca. 40.000 Personen unterschrieben. Leider f\u00e4llt diese erschreckende Tatsache nicht auf fruchtbaren wissenschaftlichen Boden. Zwingende Folge m\u00fcssten doch wissenschaftliche Versuchsreihen sein, in deren Mittelpunkt unbekannte Wirkmechanismen stehen, um schnellstm\u00f6glich Gr\u00fcnde f\u00fcr diese gesundheitlichen Probleme zu finden&#8230;.<\/p>\n<p class=\"read-more\"><a class=\"btn btn-default\" href=\"https:\/\/das.raumtuning.info\/?page_id=239\">Weiterlesen<span class=\"screen-reader-text\"> Weiterlesen<\/span><\/a><\/p>\n","protected":false},"author":1,"featured_media":637,"parent":138,"menu_order":0,"comment_status":"open","ping_status":"closed","template":"","meta":{"jetpack_post_was_ever_published":false,"footnotes":""},"class_list":["post-239","page","type-page","status-publish","has-post-thumbnail","hentry"],"aioseo_notices":[],"jetpack_sharing_enabled":true,"jetpack_shortlink":"https:\/\/wp.me\/P4hjs0-3R","jetpack-related-posts":[{"id":307,"url":"https:\/\/das.raumtuning.info\/?page_id=307","url_meta":{"origin":239,"position":0},"title":"Prof. Dr. Magda Havas","date":"30. Januar 2014","format":false,"excerpt":"Dr. Magda Havas, PhD ist Associate Professor of Environmental & Resource Studies an der Trent University. Sie lehrt im \u201ecentre of helth studies\u201c an der Trent University in Kanada\u00a0unter anderem \u2013 \u201eBiological Effects of Electromagnetic Fields\u201c. Hierbei geht es um den Einfluss von magnetischen sowie elektrischen Feldern bis zu elektromagnetischen\u2026","rel":"","context":"With 2 comments","img":{"alt_text":"Quelle: Vortex HiFi","src":"https:\/\/i0.wp.com\/das.raumtuning.info\/wp-content\/uploads\/2014\/02\/Xylophon_web.jpg?fit=1080%2C643&ssl=1&resize=350%2C200","width":350,"height":200},"classes":[]},{"id":309,"url":"https:\/\/das.raumtuning.info\/?page_id=309","url_meta":{"origin":239,"position":1},"title":"Prof.em. Dr. med. Karl Hecht","date":"30. Januar 2014","format":false,"excerpt":"Zitat Prof. Dr. med. Karl Hecht: \u201eIn meiner \u00fcber 50-j\u00e4hrigen T\u00e4tigkeit als Arzt und medizinischer Wissenschaftler habe ich immer wieder die Erfahrung gemacht, \u00a0dass Unsinniges, Unwissenschaftliches und Unwahrheit eher geglaubt werden und sich im Ged\u00e4chtnis der Menschen festsetzen und viel l\u00e4nger Bestand haben k\u00f6nnen als Wahrheiten, Sinnvolles und echtes Wissenschaftliches.\u2026","rel":"","context":"Similar post","img":{"alt_text":"Quelle: Vortex HiFi","src":"https:\/\/i0.wp.com\/das.raumtuning.info\/wp-content\/uploads\/2014\/02\/Rassel_web.jpg?fit=1080%2C717&ssl=1&resize=350%2C200","width":350,"height":200},"classes":[]},{"id":311,"url":"https:\/\/das.raumtuning.info\/?page_id=311","url_meta":{"origin":239,"position":2},"title":"Prof. Dr. rer. nat. Peter Semm","date":"30. Januar 2014","format":false,"excerpt":"Dr. Robert C. Beason und Dr. rer. Nat. Peter Semm ver\u00f6ffentlichten in Neuroscience Letters 333 (2002) 175\u2013178 ihre Forschung bez\u00fcglich der Wirkung von gepulster Mikrowellenstrahlung, wie sie bei GSM \u2013 Telefonen eingesetzt wird, auf das Nervensystem von Zebrafinken. Der Titel der Ver\u00f6ffentlichung lautet: \u201eResponses of neurons to an amplitude modulated\u2026","rel":"","context":"Similar post","img":{"alt_text":"Quelle: Vortex HiFi","src":"https:\/\/i0.wp.com\/das.raumtuning.info\/wp-content\/uploads\/2014\/02\/Klavier.jpg?fit=1080%2C553&ssl=1&resize=350%2C200","width":350,"height":200},"classes":[]},{"id":323,"url":"https:\/\/das.raumtuning.info\/?page_id=323","url_meta":{"origin":239,"position":3},"title":"Videos von Dr. Magda Havas","date":"30. Januar 2014","format":false,"excerpt":"Hier finden Sie ein paar Videos \u00fcber den Einfluss von Elektrosmog auf den meschlichen K\u00f6rper.Quelle: Dr. Magda Havas Video \u00fcber die Beeinflussung der Herzschlagregelung durch Mikrowellenstrahlung (DECTTelefone)\u00a0 - von Dr. Magda Havas http:\/\/www.youtube.com\/watch?v=_EI9fZX4iww&feature=player_detailpage Video \u00fcber die Beeinflussung von Nerven durch Oberwllen im Stromnetz am Beispiel von Multiple Sklerose Patienten -\u2026","rel":"","context":"Similar post","img":{"alt_text":"","src":"https:\/\/i0.wp.com\/img.youtube.com\/vi\/_EI9fZX4iww\/0.jpg?resize=350%2C200","width":350,"height":200},"classes":[]},{"id":6790,"url":"https:\/\/das.raumtuning.info\/?page_id=6790","url_meta":{"origin":239,"position":4},"title":"Musik, Emotionen und Stress das Interview","date":"29. M\u00e4rz 2023","format":false,"excerpt":"Musik, Emotionen und Stress\u00a0von Marco Kolks, H\u00f6rerlebnis Ein Interview mit Norbert Maurer \u00fcber die neuen Ground Optimizer von Vortex HiFi H\u00f6rerlebnis hat die neuen Ground Optimizer der 2. Generation von Vortex HiFi getestet und war \u00fcberrascht, wie gro\u00df der Unterschied zur ersten Generation ist. Grunds\u00e4tzlich reduziert der Ground Optimizer niederfrequente\u2026","rel":"","context":"Similar post","img":{"alt_text":"","src":"https:\/\/i0.wp.com\/das.raumtuning.info\/wp-content\/uploads\/2023\/03\/Cover-Ground-Optimizer-MKII-Head.jpg?fit=1200%2C595&ssl=1&resize=350%2C200","width":350,"height":200},"classes":[]},{"id":4480,"url":"https:\/\/das.raumtuning.info\/?page_id=4480","url_meta":{"origin":239,"position":5},"title":"Produktvideos \/ Anleitungen","date":"6. M\u00e4rz 2019","format":false,"excerpt":"Infovideos zum Thema Blut und Oszillation Alignement Eines der zentralen Probleme - wenn nicht das zentrale Problem \u2013 in Verbindung mit elektromagnetischen Wellen und Feldern, welche auf den Menschen wirken, ist das diese die roten Blutk\u00f6rper verkleben und so das Blut dickfl\u00fcssigen machen. Dies hat nicht nur f\u00fcr das H\u00f6ren\u2026","rel":"","context":"Similar post","img":{"alt_text":"","src":"https:\/\/i0.wp.com\/das.raumtuning.info\/wp-content\/uploads\/2020\/04\/Bildschirmfoto-2020-04-29-um-10.52.13.png?fit=1200%2C672&ssl=1&resize=350%2C200","width":350,"height":200},"classes":[]}],"_links":{"self":[{"href":"https:\/\/das.raumtuning.info\/index.php?rest_route=\/wp\/v2\/pages\/239","targetHints":{"allow":["GET"]}}],"collection":[{"href":"https:\/\/das.raumtuning.info\/index.php?rest_route=\/wp\/v2\/pages"}],"about":[{"href":"https:\/\/das.raumtuning.info\/index.php?rest_route=\/wp\/v2\/types\/page"}],"author":[{"embeddable":true,"href":"https:\/\/das.raumtuning.info\/index.php?rest_route=\/wp\/v2\/users\/1"}],"replies":[{"embeddable":true,"href":"https:\/\/das.raumtuning.info\/index.php?rest_route=%2Fwp%2Fv2%2Fcomments&post=239"}],"version-history":[{"count":15,"href":"https:\/\/das.raumtuning.info\/index.php?rest_route=\/wp\/v2\/pages\/239\/revisions"}],"predecessor-version":[{"id":325,"href":"https:\/\/das.raumtuning.info\/index.php?rest_route=\/wp\/v2\/pages\/239\/revisions\/325"}],"up":[{"embeddable":true,"href":"https:\/\/das.raumtuning.info\/index.php?rest_route=\/wp\/v2\/pages\/138"}],"wp:featuredmedia":[{"embeddable":true,"href":"https:\/\/das.raumtuning.info\/index.php?rest_route=\/wp\/v2\/media\/637"}],"wp:attachment":[{"href":"https:\/\/das.raumtuning.info\/index.php?rest_route=%2Fwp%2Fv2%2Fmedia&parent=239"}],"curies":[{"name":"wp","href":"https:\/\/api.w.org\/{rel}","templated":true}]}}