{"id":243,"date":"2014-01-29T19:19:38","date_gmt":"2014-01-29T18:19:38","guid":{"rendered":"http:\/\/das.raumtuning.info\/?page_id=243"},"modified":"2014-03-27T13:57:07","modified_gmt":"2014-03-27T12:57:07","slug":"nano-shield","status":"publish","type":"page","link":"https:\/\/das.raumtuning.info\/?page_id=243","title":{"rendered":"Nano Shield"},"content":{"rendered":"<h2>9 &#8211; fach anders &#8211; VORTEX HIFI Nano Shield<\/h2>\n<h5>Die Vorteile unserer Nano Shield &#8211; Technologie<\/h5>\n<ul>\n<li>Nanopartikel &#8211; Beschichtung f\u00fcr einzigartige Schirmeigenschaften<\/li>\n<li>Patentiertes Vakuumverfahren zur &#8220;Verschmelzung&#8221; der Nanopartikel mit dem Gewebe<\/li>\n<li>Schirmwirkung bis zu sagenhaften 40 GHz<\/li>\n<li>Schirm mit Absorbereigenschaften<\/li>\n<li>Potentialwirbelarm durch A.I.O. &#8211; Informierung<\/li>\n<li>quellenfreien Schirmung<\/li>\n<li>massefreie Schirmung<\/li>\n<\/ul>\n<h5>Nanopartikel &#8211; Beschichtung f\u00fcr einzigartige Schirmeigenschaften<\/h5>\n<p><a href=\"https:\/\/i0.wp.com\/das.raumtuning.info\/wp-content\/uploads\/2014\/01\/Nano-Shield-doppel.png\"><img fetchpriority=\"high\" decoding=\"async\" data-attachment-id=\"542\" data-permalink=\"https:\/\/das.raumtuning.info\/?attachment_id=542\" data-orig-file=\"https:\/\/i0.wp.com\/das.raumtuning.info\/wp-content\/uploads\/2014\/01\/Nano-Shield-doppel.png?fit=540%2C252&amp;ssl=1\" data-orig-size=\"540,252\" data-comments-opened=\"1\" data-image-meta=\"{&quot;aperture&quot;:&quot;0&quot;,&quot;credit&quot;:&quot;&quot;,&quot;camera&quot;:&quot;&quot;,&quot;caption&quot;:&quot;&quot;,&quot;created_timestamp&quot;:&quot;0&quot;,&quot;copyright&quot;:&quot;&quot;,&quot;focal_length&quot;:&quot;0&quot;,&quot;iso&quot;:&quot;0&quot;,&quot;shutter_speed&quot;:&quot;0&quot;,&quot;title&quot;:&quot;&quot;}\" data-image-title=\"Nano-Shield-doppel\" data-image-description=\"\" data-image-caption=\"\" data-medium-file=\"https:\/\/i0.wp.com\/das.raumtuning.info\/wp-content\/uploads\/2014\/01\/Nano-Shield-doppel.png?fit=300%2C140&amp;ssl=1\" data-large-file=\"https:\/\/i0.wp.com\/das.raumtuning.info\/wp-content\/uploads\/2014\/01\/Nano-Shield-doppel.png?fit=540%2C252&amp;ssl=1\" class=\"alignnone size-full wp-image-542\" alt=\"Nano-Shield-doppel\" src=\"https:\/\/i0.wp.com\/das.raumtuning.info\/wp-content\/uploads\/2014\/01\/Nano-Shield-doppel.png?resize=540%2C252\" width=\"540\" height=\"252\" srcset=\"https:\/\/i0.wp.com\/das.raumtuning.info\/wp-content\/uploads\/2014\/01\/Nano-Shield-doppel.png?w=540&amp;ssl=1 540w, https:\/\/i0.wp.com\/das.raumtuning.info\/wp-content\/uploads\/2014\/01\/Nano-Shield-doppel.png?resize=300%2C140&amp;ssl=1 300w\" sizes=\"(max-width: 540px) 100vw, 540px\" data-recalc-dims=\"1\" \/><\/a><\/p>\n<p>Das VORTEX HIFI Nano Shield Schirmmaterial ist ein aus Kupfer bestehendes Schirmgewebe. Zus\u00e4tzlich wurden Nanopartikel aufgebracht, welche die Eigenschaften des Schirmmaterials v\u00f6llig ver\u00e4ndern.<\/p>\n<p>W\u00e4hrend das unbeschichtete Material Wasser sofort aufnimmt (rechtes Bild) und verteilt, durchdringt ein Wassertrofen auch nach Stunden nicht in das Nano-Schirmmaterial (siehe linkes Bild)\u00a0 ein und perlt\u00a0stattdessen\u00a0ab. Es ergeben sich durch die Nano-Beschichtung ein v\u00f6llig anderer Einfluss auf die Oberfl\u00e4chenspannung des Wassertropfens. Diese Beschichtung schafft v\u00f6llig neue elektromagnetische Eigenschaften ,die ein Schirmgewebe sonst nicht hat.<\/p>\n<h5>Patentiertes Vakuumverfahren zur &#8220;Verschmelzung&#8221; der Nanopartikel mit dem Gewebe<\/h5>\n<p>Um eine h\u00f6here Nanopartikeldichte zu erreichen, wurden die Nanopartikel in einem patentierten\u00a0 Verfahren im Vakuum auf die Oberfl\u00e4che wie &#8220;angeschwei\u00dft&#8221;. Dies\u00a0 f\u00fchrt zu einer dauerhaften Versiegelung der Oberfl\u00e4che und damit dauerhaft hohen Schirmwirkung. Abnehmende Schirmeigenschaften, wie bei metallisierten Geweben sind so ausgeschlossen.<\/p>\n<h5>Schirmwirkung bis zu sagenhaften 40 GHz<\/h5>\n<p>Schirmgewebe haben \u00fcblicherweise eine maximale Schirmwirkung bis ca. 4GHz. Durch die Nano-Technologie Oberfl\u00e4chenbehandlung wurde das Material v\u00f6llig dicht gemacht und besitzt eine hohe Schirmwirkung bis zu sagenhaften 40 GHz.<\/p>\n<h5>Schirmwirkungen von 80 bis 120 dB<\/h5>\n<p>Unser Nano Shield Material kann nicht nur extrem hohe Frequenzen schirmen, sondern hat auch eine hohe Schirmwirkung von 80 bis 120 dB &#8211; im Mittel 85dB.<\/p>\n<h5>Schirm mit Absorbereigenschaften<\/h5>\n<div class=\"tiled-gallery type-square tiled-gallery-unresized\" data-original-width=\"640\" data-carousel-extra='{&quot;blog_id&quot;:1,&quot;permalink&quot;:&quot;https:\\\/\\\/das.raumtuning.info\\\/?page_id=243&quot;,&quot;likes_blog_id&quot;:63231692}' itemscope itemtype=\"http:\/\/schema.org\/ImageGallery\" > <div class=\"gallery-row\" style=\"width: 640px; height: 640px;\" data-original-width=\"640\" data-original-height=\"640\" > <div class=\"gallery-group\" style=\"width: 640px; height: 640px;\" data-original-width=\"640\" data-original-height=\"640\" > <div class=\"tiled-gallery-item \" itemprop=\"associatedMedia\" itemscope itemtype=\"http:\/\/schema.org\/ImageObject\"> <a href=\"https:\/\/das.raumtuning.info\/?attachment_id=681\" border=\"0\" itemprop=\"url\"> <meta itemprop=\"width\" content=\"636\"> <meta itemprop=\"height\" content=\"636\"> <img decoding=\"async\" data-attachment-id=\"681\" data-orig-file=\"https:\/\/das.raumtuning.info\/wp-content\/uploads\/2014\/01\/Info-Shield-2.jpg\" data-orig-size=\"1080,1080\" data-comments-opened=\"1\" data-image-meta=\"{&quot;aperture&quot;:&quot;0&quot;,&quot;credit&quot;:&quot;&quot;,&quot;camera&quot;:&quot;&quot;,&quot;caption&quot;:&quot;&quot;,&quot;created_timestamp&quot;:&quot;0&quot;,&quot;copyright&quot;:&quot;&quot;,&quot;focal_length&quot;:&quot;0&quot;,&quot;iso&quot;:&quot;0&quot;,&quot;shutter_speed&quot;:&quot;0&quot;,&quot;title&quot;:&quot;&quot;}\" data-image-title=\"Konventioneller Folien-Schirm reflektiert die Strahlung. Quelle: Vortex HiFi\" data-image-description=\"&lt;p&gt;Konventioneller Folien-Schirm reflektiert die Strahlung&lt;\/p&gt; \" data-medium-file=\"https:\/\/i0.wp.com\/das.raumtuning.info\/wp-content\/uploads\/2014\/01\/Info-Shield-2.jpg?fit=300%2C300&#038;ssl=1\" data-large-file=\"https:\/\/i0.wp.com\/das.raumtuning.info\/wp-content\/uploads\/2014\/01\/Info-Shield-2.jpg?fit=640%2C640&#038;ssl=1\" src=\"https:\/\/i0.wp.com\/das.raumtuning.info\/wp-content\/uploads\/2014\/01\/Info-Shield-2.jpg?w=636&#038;h=636&#038;crop=1&#038;ssl=1\" width=\"636\" height=\"636\" data-original-width=\"636\" data-original-height=\"636\" itemprop=\"http:\/\/schema.org\/image\" title=\"Konventioneller Folien-Schirm reflektiert die Strahlung. Quelle: Vortex HiFi\" alt=\"Konventioneller Folien-Schirm reflektiert die Strahlung. Quelle: Vortex HiFi\" style=\"width: 636px; height: 636px;\" \/> <\/a> <div class=\"tiled-gallery-caption\" itemprop=\"caption description\"> Konventioneller Folien-Schirm reflektiert die Strahlung. Quelle: Vortex HiFi <\/div> <\/div> <\/div> <\/div> <div class=\"gallery-row\" style=\"width: 640px; height: 640px;\" data-original-width=\"640\" data-original-height=\"640\" > <div class=\"gallery-group\" style=\"width: 640px; height: 640px;\" data-original-width=\"640\" data-original-height=\"640\" > <div class=\"tiled-gallery-item \" itemprop=\"associatedMedia\" itemscope itemtype=\"http:\/\/schema.org\/ImageObject\"> <a href=\"https:\/\/das.raumtuning.info\/?attachment_id=682\" border=\"0\" itemprop=\"url\"> <meta itemprop=\"width\" content=\"636\"> <meta itemprop=\"height\" content=\"636\"> <img decoding=\"async\" data-attachment-id=\"682\" data-orig-file=\"https:\/\/das.raumtuning.info\/wp-content\/uploads\/2014\/01\/Info-Shield.jpg\" data-orig-size=\"1080,1080\" data-comments-opened=\"1\" data-image-meta=\"{&quot;aperture&quot;:&quot;0&quot;,&quot;credit&quot;:&quot;&quot;,&quot;camera&quot;:&quot;&quot;,&quot;caption&quot;:&quot;&quot;,&quot;created_timestamp&quot;:&quot;0&quot;,&quot;copyright&quot;:&quot;&quot;,&quot;focal_length&quot;:&quot;0&quot;,&quot;iso&quot;:&quot;0&quot;,&quot;shutter_speed&quot;:&quot;0&quot;,&quot;title&quot;:&quot;&quot;}\" data-image-title=\"Nano Shield Vlies absorbiert Strahlung durch &amp;#8220;unendliche&amp;#8221; Reflexion. Quelle: Vortex HiFi\" data-image-description=\"&lt;p&gt;Nano Shield Vlies absorbiert Strahlung durch &amp;#8220;unendliche&amp;#8221; Reflexion&lt;\/p&gt; \" data-medium-file=\"https:\/\/i0.wp.com\/das.raumtuning.info\/wp-content\/uploads\/2014\/01\/Info-Shield.jpg?fit=300%2C300&#038;ssl=1\" data-large-file=\"https:\/\/i0.wp.com\/das.raumtuning.info\/wp-content\/uploads\/2014\/01\/Info-Shield.jpg?fit=640%2C640&#038;ssl=1\" src=\"https:\/\/i0.wp.com\/das.raumtuning.info\/wp-content\/uploads\/2014\/01\/Info-Shield.jpg?w=636&#038;h=636&#038;crop=1&#038;ssl=1\" width=\"636\" height=\"636\" data-original-width=\"636\" data-original-height=\"636\" itemprop=\"http:\/\/schema.org\/image\" title=\"Nano Shield Vlies absorbiert Strahlung durch &quot;unendliche&quot; Reflexion. Quelle: Vortex HiFi\" alt=\"Nano Shield Vlies absorbiert Strahlung durch &quot;unendliche&quot; Reflexion. Quelle: Vortex HiFi\" style=\"width: 636px; height: 636px;\" \/> <\/a> <div class=\"tiled-gallery-caption\" itemprop=\"caption description\"> Nano Shield Vlies absorbiert Strahlung durch &#8220;unendliche&#8221; Reflexion. Quelle: Vortex HiFi <\/div> <\/div> <\/div> <\/div> <\/div>\n<p>Eine der ungew\u00f6hnlichsten und herausragensten\u00a0 Eigenschaften dieses Nanopartiken-Materials ist sicher die Absorber-Wirkung. Die Info-Graphiken zeigen den Unterschied. Die Wellen, die auf den Nano Shield treffen, werden quasi unendlich reflektiert und so schlie\u00dflich absorbiert &#8211; in W\u00e4rme umgesetzt. Die Energie, die auf eine Folie oder metallisierten Schirm trifft, reflektiert die Energie. St\u00f6rungen k\u00f6nnen sich so verst\u00e4rken.<\/p>\n<p>Insbesondere digitalen Schaltungen, mit ihren digitalen Impulsen (<a title=\"Nano Shield Plug\u00b4s\" href=\"http:\/\/das.raumtuning.info\/?page_id=267\" target=\"_blank\">RJ45 Plug, USB Plug\u00b4s, RCA 75 Ohm Plug\u00b4s<\/a>), erzeugen extrem hochfrequente Oberwellen. Hier kann die Nano Shield Technik ihr volles Potential ausspielen.<\/p>\n<h5>Potentialwirbelarm durch A.I.O. &#8211; Informierung<\/h5>\n<p>Jeder Schirm reflektiert nicht nur elektromagnetische Wellen, sondern verwirbelt diese auch. Das bedeutet, es entstehen die von <a title=\"Prof.Dr.Ing. Konstantin Meyl\" href=\"http:\/\/das.raumtuning.info\/?page_id=313\">Prof. Dr. Ing. Konstantin Meyl<\/a> als biologisch wirkend (klangsch\u00e4dlichen) eingestuften Potentialwirbel. Jeder Schirm hat also Vor- und Nachteile. Durch die <a title=\"A.I.O. Entst\u00f6rung\" href=\"http:\/\/das.raumtuning.info\/?page_id=245\">A.I.O. &#8211; Informierung <\/a>des Schirmmaterials werden die entstehenden Potentialwirbel wieder aufgel\u00f6st. So ist erstmals Schirmen ohne Nachteile m\u00f6glich.<\/p>\n<h5>Quellenfreien Schirmung<\/h5>\n<p>Entgegen der im HiFi-Bereich \u00fcblichen Praxis, dass die Schirmausf\u00fchrungen immer auch eine Feldquelle darstellen, wird der VORTEX HIFI Nano Shield immer quellenfrei ausgef\u00fchrt. Das bedeutet, der Schirm wirkt nicht als Quelle eines elektrischen oder magnetischen Feldes oder einer elektromagnetischen Welle.\u00a0 So gehen keine negativen Beeinflussungen vom Schirm aus.<\/p>\n<h5>Massefreie Schirmung<\/h5>\n<p>Der VORTEX HIFI Nano Shield wird niemals auf Masse gelegt. Auf der Masse eines Ger\u00e4tes befinden sich St\u00f6rungen von bis \u00fcber 130 Volt &#8211; und diese\u00a0besitzt St\u00f6rfrequenzen bis weit in den Megaherz-Bereich. Dies bedeutet, es werden klangsch\u00e4dliche, weil nervenbeeinflussende Felder abgestrahlt &#8211; so wie es <a title=\"Prof. Dr. Magda Havas\" href=\"http:\/\/das.raumtuning.info\/?page_id=307\">Prof. Dr. Magda Havas <\/a>bei ihren <a title=\"Dirty Power\" href=\"http:\/\/das.raumtuning.info\/?page_id=230\">Dirty Power Untersuchungen<\/a> beschreibt. Zus\u00e4tzlich erh\u00e4lt die Ger\u00e4temasse durch &#8220;Massegeschirmte&#8221; Produkte die Antennen, um die Massest\u00f6rungen auch abzustrahlen.<\/p>\n","protected":false},"excerpt":{"rendered":"<p>9 &#8211; fach anders &#8211; VORTEX HIFI Nano Shield Die Vorteile unserer Nano Shield &#8211; Technologie Nanopartikel &#8211; Beschichtung f\u00fcr einzigartige Schirmeigenschaften Patentiertes Vakuumverfahren zur &#8220;Verschmelzung&#8221; der Nanopartikel mit dem Gewebe Schirmwirkung bis zu sagenhaften 40 GHz Schirm mit Absorbereigenschaften Potentialwirbelarm durch A.I.O. &#8211; Informierung quellenfreien Schirmung massefreie Schirmung Nanopartikel &#8211; Beschichtung f\u00fcr einzigartige Schirmeigenschaften Das VORTEX HIFI Nano Shield Schirmmaterial ist ein aus Kupfer bestehendes Schirmgewebe. Zus\u00e4tzlich wurden Nanopartikel aufgebracht, welche die Eigenschaften des Schirmmaterials v\u00f6llig ver\u00e4ndern. W\u00e4hrend das&#8230;<\/p>\n<p class=\"read-more\"><a class=\"btn btn-default\" href=\"https:\/\/das.raumtuning.info\/?page_id=243\">Weiterlesen<span class=\"screen-reader-text\"> Weiterlesen<\/span><\/a><\/p>\n","protected":false},"author":1,"featured_media":541,"parent":138,"menu_order":0,"comment_status":"open","ping_status":"closed","template":"","meta":{"jetpack_post_was_ever_published":false,"footnotes":""},"class_list":["post-243","page","type-page","status-publish","has-post-thumbnail","hentry"],"aioseo_notices":[],"jetpack_sharing_enabled":true,"jetpack_shortlink":"https:\/\/wp.me\/P4hjs0-3V","jetpack-related-posts":[{"id":267,"url":"https:\/\/das.raumtuning.info\/?page_id=267","url_meta":{"origin":243,"position":0},"title":"Nano Shield Plugs","date":"29. Januar 2014","format":false,"excerpt":"Die Vortex HiFi Nano Shield Plug\u00b4s jetzt in 3 Qualit\u00e4tsstufen. Vorteile: Massefreier und damit quellenfreier Schirm Einzigartiges Nanopartikel Schirmmaterial mit einer Schirmwirkung bis zu sagenhaften 40GHz Schirmmaterial mit Absorbtionswirkung Schirmmaterial mit Potentialwirbel-Reduzierung A.I.O. - Halbedelstein zur Entst\u00f6rung und Entstressung Resonanzd\u00e4mpfende Konstruktion Bei den P.I. - Plugs werden zus\u00e4tzlich 11 verschidene\u2026","rel":"","context":"Similar post","img":{"alt_text":"","src":"https:\/\/i0.wp.com\/das.raumtuning.info\/wp-content\/uploads\/2014\/01\/Power-Plug-Beitragsbild-web.jpg?fit=1063%2C752&ssl=1&resize=350%2C200","width":350,"height":200},"classes":[]},{"id":401,"url":"https:\/\/das.raumtuning.info\/?page_id=401","url_meta":{"origin":243,"position":1},"title":"Steckerd\u00e4mpfung","date":"30. Januar 2014","format":false,"excerpt":"Wenn Stecker schwingen, ist Ihr Klang der Verlierer Dass vibrierende Stecker guten Klang negativ beeinflussen, ja ganz verhindern k\u00f6nnen, ist im High End HiFi eine \u00fcber viele Jahre bekannte Tatsache. So wurden f\u00fcr den Super High End Bereich speziell ged\u00e4mpfte Stecker und Buchsen entwickelt oder es werden Stecker und Buchsen\u2026","rel":"","context":"Similar post","img":{"alt_text":"Quelle: Vortex HiFi","src":"https:\/\/i0.wp.com\/das.raumtuning.info\/wp-content\/uploads\/2014\/02\/Trommel_web.jpg?fit=1080%2C719&ssl=1&resize=350%2C200","width":350,"height":200},"classes":[]},{"id":1616,"url":"https:\/\/das.raumtuning.info\/?page_id=1616","url_meta":{"origin":243,"position":2},"title":"Bedienungsanleitung Nano Shield Plugs","date":"6. November 2014","format":false,"excerpt":"Herzlichen Gl\u00fcckwunsch zum Erwerb Ihres Vortex HiFi Nano Shield Plug Sie haben eines der Innovativsten HiFi- Zubeh\u00f6r-Produkte \u00fcberhaupt erworben. Ihr Nano Shield Plug vereinigt High Tech Know-how moderner Nano - Abschirm-Technik mit den neuesten Erkenntnissen in der Beeinflussung des menschlichen Nervensystems durch Elektrosmog und deren Beseitigung. Vortex HiFi Plug -\u2026","rel":"","context":"Similar post","img":{"alt_text":"Vortex HiFi Nano Shield Power Plug B","src":"https:\/\/i0.wp.com\/das.raumtuning.info\/wp-content\/uploads\/2014\/11\/Stecker..jpg?fit=1063%2C752&ssl=1&resize=350%2C200","width":350,"height":200},"classes":[]},{"id":293,"url":"https:\/\/das.raumtuning.info\/?page_id=293","url_meta":{"origin":243,"position":3},"title":"Strom entst\u00f6ren","date":"30. Januar 2014","format":false,"excerpt":"Warum sollten Sie sich mit Strom besch\u00e4ftigen, wenn Sie Musik genie\u00dfen wollen? Weil die Praxis zeigt, dass, wenn Sie Ihre Stromkomponenten ver\u00e4ndern, der Klang sich auch ver\u00e4ndert! Dabei werden \u00fcblicherweise sogenannte Strom-Conditioner, Filter aber auch spezielle Netzkabel und Sicherungen angeboten. Das kann schon mal 1.000 bis 10.000 Euro kosten. Allen\u2026","rel":"","context":"Similar post","img":{"alt_text":"","src":"https:\/\/i0.wp.com\/das.raumtuning.info\/wp-content\/uploads\/2014\/01\/Power-Plug-Beitragsbild-web.jpg?fit=1063%2C752&ssl=1&resize=350%2C200","width":350,"height":200},"classes":[]},{"id":372,"url":"https:\/\/das.raumtuning.info\/?page_id=372","url_meta":{"origin":243,"position":4},"title":"Massefreier Schirm","date":"30. Januar 2014","format":false,"excerpt":"Schlechter H\u00f6ren durch Schirmung auf Masse Wie wir durch die Dirty Power Forschung von Prof. Dr. Magda Havas wissen k\u00f6nnen je nach Frequenz\u00a0 schon Oberwellen von weniger als 5 millivolt die maximale Empfehlung von 50GS Einheiten f\u00fcr die Elektrosmog-Belastung in Wohnr\u00e4umen \u00fcberschreiten. Dies bedeutet schon sehr geringe St\u00f6rungen auf der\u2026","rel":"","context":"With 2 comments","img":{"alt_text":"Quelle: Vortex HiFi","src":"https:\/\/i0.wp.com\/das.raumtuning.info\/wp-content\/uploads\/2014\/02\/Querfl\u00f6te_web.jpg?fit=1080%2C624&ssl=1&resize=350%2C200","width":350,"height":200},"classes":[]},{"id":297,"url":"https:\/\/das.raumtuning.info\/?page_id=297","url_meta":{"origin":243,"position":5},"title":"Ger\u00e4te entst\u00f6ren","date":"30. Januar 2014","format":false,"excerpt":"Moderne Quellen wie Streamer arbeiten heute mit 32 Bit Signaltiefe und 384 kHz Samplingfrequenz, arbeiten also zigtausende Mal feiner, als die CD dies je konnte. Aber warum klingen sie unter gleichen Bedingungen nicht wirklich besser? Wir zeigen Ihnen, wie Sie die Klangbremsen Ihrer Anlage beseitigen. Die moderne medizinische Forschung zeigt,\u2026","rel":"","context":"Similar post","img":{"alt_text":"","src":"https:\/\/i0.wp.com\/das.raumtuning.info\/wp-content\/uploads\/2014\/01\/cyrus-streamer2.png?fit=1080%2C425&ssl=1&resize=350%2C200","width":350,"height":200},"classes":[]}],"_links":{"self":[{"href":"https:\/\/das.raumtuning.info\/index.php?rest_route=\/wp\/v2\/pages\/243","targetHints":{"allow":["GET"]}}],"collection":[{"href":"https:\/\/das.raumtuning.info\/index.php?rest_route=\/wp\/v2\/pages"}],"about":[{"href":"https:\/\/das.raumtuning.info\/index.php?rest_route=\/wp\/v2\/types\/page"}],"author":[{"embeddable":true,"href":"https:\/\/das.raumtuning.info\/index.php?rest_route=\/wp\/v2\/users\/1"}],"replies":[{"embeddable":true,"href":"https:\/\/das.raumtuning.info\/index.php?rest_route=%2Fwp%2Fv2%2Fcomments&post=243"}],"version-history":[{"count":17,"href":"https:\/\/das.raumtuning.info\/index.php?rest_route=\/wp\/v2\/pages\/243\/revisions"}],"predecessor-version":[{"id":942,"href":"https:\/\/das.raumtuning.info\/index.php?rest_route=\/wp\/v2\/pages\/243\/revisions\/942"}],"up":[{"embeddable":true,"href":"https:\/\/das.raumtuning.info\/index.php?rest_route=\/wp\/v2\/pages\/138"}],"wp:featuredmedia":[{"embeddable":true,"href":"https:\/\/das.raumtuning.info\/index.php?rest_route=\/wp\/v2\/media\/541"}],"wp:attachment":[{"href":"https:\/\/das.raumtuning.info\/index.php?rest_route=%2Fwp%2Fv2%2Fmedia&parent=243"}],"curies":[{"name":"wp","href":"https:\/\/api.w.org\/{rel}","templated":true}]}}