{"id":245,"date":"2014-01-29T19:21:01","date_gmt":"2014-01-29T18:21:01","guid":{"rendered":"http:\/\/das.raumtuning.info\/?page_id=245"},"modified":"2015-06-02T13:47:12","modified_gmt":"2015-06-02T11:47:12","slug":"a-i-o-entstoerung","status":"publish","type":"page","link":"https:\/\/das.raumtuning.info\/?page_id=245","title":{"rendered":"A.I.O. Entst\u00f6rung"},"content":{"rendered":"<h4>A.I.O. &#8211; das all in one &#8211; Konzept<\/h4>\n<p>A.I.O. steht f\u00fcr &#8220;all-in-one&#8221;. Hierbei war es erstmals mit \u00fcberschaubarem Aufwand m\u00f6glich, <a title=\"Informierung\" href=\"http:\/\/das.raumtuning.info\/?page_id=277\" target=\"_blank\">Informationen<\/a> sowohl f\u00fcr eine <a title=\"Entst\u00f6rung\" href=\"http:\/\/das.raumtuning.info\/?page_id=283\" target=\"_blank\">Entst\u00f6rung<\/a> von Feldanomalien, eine <a title=\"Entstressung\" href=\"http:\/\/das.raumtuning.info\/?page_id=281\" target=\"_blank\">Information gegen Stress<\/a> im Menschen und ein <a title=\"Bipolares Aktivfeld\" href=\"http:\/\/das.raumtuning.info\/?page_id=279\" target=\"_blank\">bipolares Feld<\/a> auf ein Objekt aufzubringen. Diese einmalige Technik ist ein Meilenstein sowohl in der Klangverbesserung als auch im Preis-\/Leistungsverh\u00e4ltnis.<\/p>\n<h4>A.I.O. Halbedelstein &#8211; Technik<\/h4>\n<p>Die A.I.O Informationen und das neuartige <a title=\"Bipolares Aktivfeld\" href=\"http:\/\/das.raumtuning.info\/?page_id=279\" target=\"_blank\">bipolare Aktivfeld <\/a>werden auf einen Halbedelstein &#8211; dem Obsidian aufgebracht. Der Obsidian ist ein amorphes Material, also ein Halbedelstein ohne eine Kristallstruktur. Dieses Material ist ideal, mit unseren<a title=\"Informierung\" href=\"http:\/\/das.raumtuning.info\/?page_id=277\" target=\"_blank\"> Informationen<\/a> zum <a title=\"Entst\u00f6rung\" href=\"http:\/\/das.raumtuning.info\/?page_id=283\" target=\"_blank\">Entst\u00f6ren<\/a> und <a title=\"Entstressung\" href=\"http:\/\/das.raumtuning.info\/?page_id=281\" target=\"_blank\">Entstressen<\/a> zu &#8220;programmieren&#8221;.<\/p>\n<h4><a title=\"Bipolares Aktivfeld\" href=\"http:\/\/das.raumtuning.info\/?page_id=279\" target=\"_blank\">Bipolares Aktivfeld<\/a><\/h4>\n<p>Durch eine neue Technik ist es uns erstmals m\u00f6glich, auch sehr kleine Objekte herzustellen, welche einen gro\u00dfen Wirkradius sowohl mit den<a title=\"Entst\u00f6rung\" href=\"http:\/\/das.raumtuning.info\/?page_id=283\" target=\"_blank\"> Entst\u00f6rinformationen<\/a> als auch den <a title=\"Entstressung\" href=\"http:\/\/das.raumtuning.info\/?page_id=281\" target=\"_blank\">Entstressungsinformationen<\/a> haben.<\/p>\n<h4><a title=\"Entst\u00f6rung\" href=\"http:\/\/das.raumtuning.info\/?page_id=283\" target=\"_blank\">Informationen zur Entst\u00f6rung<\/a><\/h4>\n<p>In jedem modernen Wohumfeld befinden sich viele sogenannte Feldanomalien. Das bedeutet, Magnetfelder und elektrische Felder, die nicht nat\u00fcrlich sind und im Verdacht stehen, gesundheitsgef\u00e4hrdend zu sein. An diesen Feldanomalien entstehen nach den Arbeiten von <a title=\"Prof.Dr.Ing. Konstantin Meyl\" href=\"http:\/\/das.raumtuning.info\/?page_id=313\" target=\"_blank\">Prof. Dr. Konstantin Meyl <\/a>biologisch wirkende Potentialwirbel, wie Sie an Magnetfeldern, elektrischen Feldern, aber auch an Oberfl\u00e4chen auftreten, wo sich die Permeabilit\u00e4t (magnetische Leitf\u00e4higkeit) oder Permitivit\u00e4t (dielektrische Leitf\u00e4higkeit) schlagartig \u00e4ndert. Unsere Informationen l\u00f6sen nun diese Potentialwirbel auf und <a title=\"Entst\u00f6rung\" href=\"http:\/\/das.raumtuning.info\/?page_id=283\" target=\"_blank\">entst\u00f6ren<\/a> so diese Feldanomalie.<\/p>\n<h4><a title=\"Entstressung\" href=\"http:\/\/das.raumtuning.info\/?page_id=281\" target=\"_blank\">Informationen zum Entstressen<\/a><\/h4>\n<p>Neben der<a title=\"Informierung\" href=\"http:\/\/das.raumtuning.info\/?page_id=277\" target=\"_blank\"> Information<\/a> zur <a title=\"Entst\u00f6rung\" href=\"http:\/\/das.raumtuning.info\/?page_id=283\" target=\"_blank\">Entst\u00f6rung<\/a> besitzt die A.I.O. -Technik zus\u00e4tzlich eine <a title=\"Informierung\" href=\"http:\/\/das.raumtuning.info\/?page_id=277\" target=\"_blank\">Informierung <\/a>zur <a title=\"Entstressung\" href=\"http:\/\/das.raumtuning.info\/?page_id=281\" target=\"_blank\">Entstressung<\/a> des Menschen und so zum differenzierten und entspannten H\u00f6ren. Diese einmalige Kombination erreicht eine Klangverbesserung, die einzigartig ist.<\/p>\n","protected":false},"excerpt":{"rendered":"<p>A.I.O. &#8211; das all in one &#8211; Konzept A.I.O. steht f\u00fcr &#8220;all-in-one&#8221;. Hierbei war es erstmals mit \u00fcberschaubarem Aufwand m\u00f6glich, Informationen sowohl f\u00fcr eine Entst\u00f6rung von Feldanomalien, eine Information gegen Stress im Menschen und ein bipolares Feld auf ein Objekt aufzubringen. Diese einmalige Technik ist ein Meilenstein sowohl in der Klangverbesserung als auch im Preis-\/Leistungsverh\u00e4ltnis. A.I.O. Halbedelstein &#8211; Technik Die A.I.O Informationen und das neuartige bipolare Aktivfeld werden auf einen Halbedelstein &#8211; dem Obsidian aufgebracht. Der Obsidian ist ein amorphes&#8230;<\/p>\n<p class=\"read-more\"><a class=\"btn btn-default\" href=\"https:\/\/das.raumtuning.info\/?page_id=245\">Weiterlesen<span class=\"screen-reader-text\"> Weiterlesen<\/span><\/a><\/p>\n","protected":false},"author":1,"featured_media":647,"parent":138,"menu_order":0,"comment_status":"open","ping_status":"closed","template":"","meta":{"jetpack_post_was_ever_published":false,"footnotes":""},"class_list":["post-245","page","type-page","status-publish","has-post-thumbnail","hentry"],"aioseo_notices":[],"jetpack_sharing_enabled":true,"jetpack_shortlink":"https:\/\/wp.me\/P4hjs0-3X","jetpack-related-posts":[{"id":265,"url":"https:\/\/das.raumtuning.info\/?page_id=265","url_meta":{"origin":245,"position":0},"title":"A.I.O. Entst\u00f6r -Produkte","date":"29. Januar 2014","format":false,"excerpt":"Die Vortex HiFi A.I.O. Produkt \u2013 Vorteile Reduzierung von St\u00f6rfeldern ohne klangsch\u00e4dliche Filter Reduzierung von St\u00f6rfeldern ohne akustische Beeintr\u00e4chtigungen Reduzierung von St\u00f6rfeldern ohne Signalver\u00e4nderung Informierung gegen klangsch\u00e4dliche Potentialwirbel (Entst\u00f6rung) Informierung zur Entstressung des Menschen Informationen f\u00fcr eine kraftvolle Vorstellungskraft (P.I.-Technik) in Diamant-Standard. (Nur bei Diamant Standard Produkten.) Vitalisierung.\u00a0 (Nur bei\u2026","rel":"","context":"Similar post","img":{"alt_text":"","src":"https:\/\/i0.wp.com\/das.raumtuning.info\/wp-content\/uploads\/2014\/01\/Ronde-30-10-web.jpg?fit=1063%2C752&ssl=1&resize=350%2C200","width":350,"height":200},"classes":[]},{"id":1971,"url":"https:\/\/das.raumtuning.info\/?page_id=1971","url_meta":{"origin":245,"position":1},"title":"Obsidian &#8211; Vulkanglas","date":"23. Juni 2015","format":false,"excerpt":"Obsidian - ein kraftvolles Geschenk der Natur f\u00fcr au\u00dfergew\u00f6hnliche, musikalische Momente Die Obsidiane sind die Tr\u00e4ger unserer Dualen Information zu Entst\u00f6rung und Entstressung und so ein zentrales Glied der Vortex HiFi Techniken. Was ist Obsidian Mineralogisch? Obsidian in ein nat\u00fcrlich vorkommendes Gesteinsglas. Obsidian entsteht bei der raschen Abk\u00fchlung von Lava.\u2026","rel":"","context":"Similar post","img":{"alt_text":"","src":"https:\/\/i0.wp.com\/das.raumtuning.info\/wp-content\/uploads\/2015\/06\/placeholder.png.png?fit=560%2C315&ssl=1&resize=350%2C200","width":350,"height":200},"classes":[]},{"id":279,"url":"https:\/\/das.raumtuning.info\/?page_id=279","url_meta":{"origin":245,"position":2},"title":"Bipolares Aktivfeld","date":"30. Januar 2014","format":false,"excerpt":"Informationen verteilen Schon seit vielen Jahren arbeitet der Entwickler\u00a0 der A.I.O. - Technik, Norbert Maurer, an Konzepten zur Verteilung von Strukturinformationen zwecks Entst\u00f6rung und Entstressung. Dabei experimentierte er mit Ionen, Licht aber auch einem Feld, das er Aktivfeld nannte. Aktivfeld deshalb, weil die sonst lokal wirkenden Strukturinformationen damit \u00fcber einen\u2026","rel":"","context":"Similar post","img":{"alt_text":"Quelle: Vortex HiFi","src":"https:\/\/i0.wp.com\/das.raumtuning.info\/wp-content\/uploads\/2014\/02\/Klarinette_web.jpg?fit=1080%2C580&ssl=1&resize=350%2C200","width":350,"height":200},"classes":[]},{"id":138,"url":"https:\/\/das.raumtuning.info\/?page_id=138","url_meta":{"origin":245,"position":3},"title":"Techniken","date":"28. Januar 2014","format":false,"excerpt":"Innovationen f\u00fcr die Sinne... ... lautet unsere Zielsetzung. Wir wollen, dass Sie besser h\u00f6ren und besser sehen. Das ist w\u00f6rtlich zu nehmen. Wir besch\u00e4ftigen uns mit dem Menschen und wie unsere heutige HiFi-Stereo und AV-Technik aber auch die h\u00e4usliche Umwelt den Menschen beim H\u00f6ren und Sehen unbemerkt und nebenbei negativ\u2026","rel":"","context":"Similar post","img":{"alt_text":"Quelle: Vortex HiFi","src":"https:\/\/i0.wp.com\/das.raumtuning.info\/wp-content\/uploads\/2014\/02\/Orgel-web.jpg?fit=1080%2C719&ssl=1&resize=350%2C200","width":350,"height":200},"classes":[]},{"id":267,"url":"https:\/\/das.raumtuning.info\/?page_id=267","url_meta":{"origin":245,"position":4},"title":"Nano Shield Plugs","date":"29. Januar 2014","format":false,"excerpt":"Die Vortex HiFi Nano Shield Plug\u00b4s jetzt in 3 Qualit\u00e4tsstufen. Vorteile: Massefreier und damit quellenfreier Schirm Einzigartiges Nanopartikel Schirmmaterial mit einer Schirmwirkung bis zu sagenhaften 40GHz Schirmmaterial mit Absorbtionswirkung Schirmmaterial mit Potentialwirbel-Reduzierung A.I.O. - Halbedelstein zur Entst\u00f6rung und Entstressung Resonanzd\u00e4mpfende Konstruktion Bei den P.I. - Plugs werden zus\u00e4tzlich 11 verschidene\u2026","rel":"","context":"Similar post","img":{"alt_text":"","src":"https:\/\/i0.wp.com\/das.raumtuning.info\/wp-content\/uploads\/2014\/01\/Power-Plug-Beitragsbild-web.jpg?fit=1063%2C752&ssl=1&resize=350%2C200","width":350,"height":200},"classes":[]},{"id":291,"url":"https:\/\/das.raumtuning.info\/?page_id=291","url_meta":{"origin":245,"position":5},"title":"Wenn Lautsprecher verschwinden &#8230;","date":"30. Januar 2014","format":false,"excerpt":"... und Lifeklang bleibt. Stellen Sie sich vor, Ihre Lautsprecher w\u00e4ren verschwunden und Sie sitzen im Konzertsaal - so klingen Lautsprecher mit den exclusiven Vortex HiFi Techniken. Wie verschwinden Lautsprecher, wenn wir nicht Harry Houdini bem\u00fchen k\u00f6nnen. Die L\u00f6sung lautet: durch Einbildung oder besser Vorstellungskraft. Man k\u00f6nnte aber auch sagen,\u2026","rel":"","context":"Similar post","img":{"alt_text":"Quelle: Vortex HiFi","src":"https:\/\/i0.wp.com\/das.raumtuning.info\/wp-content\/uploads\/2014\/02\/Orgel-web.jpg?fit=1080%2C719&ssl=1&resize=350%2C200","width":350,"height":200},"classes":[]}],"_links":{"self":[{"href":"https:\/\/das.raumtuning.info\/index.php?rest_route=\/wp\/v2\/pages\/245","targetHints":{"allow":["GET"]}}],"collection":[{"href":"https:\/\/das.raumtuning.info\/index.php?rest_route=\/wp\/v2\/pages"}],"about":[{"href":"https:\/\/das.raumtuning.info\/index.php?rest_route=\/wp\/v2\/types\/page"}],"author":[{"embeddable":true,"href":"https:\/\/das.raumtuning.info\/index.php?rest_route=\/wp\/v2\/users\/1"}],"replies":[{"embeddable":true,"href":"https:\/\/das.raumtuning.info\/index.php?rest_route=%2Fwp%2Fv2%2Fcomments&post=245"}],"version-history":[{"count":10,"href":"https:\/\/das.raumtuning.info\/index.php?rest_route=\/wp\/v2\/pages\/245\/revisions"}],"predecessor-version":[{"id":1912,"href":"https:\/\/das.raumtuning.info\/index.php?rest_route=\/wp\/v2\/pages\/245\/revisions\/1912"}],"up":[{"embeddable":true,"href":"https:\/\/das.raumtuning.info\/index.php?rest_route=\/wp\/v2\/pages\/138"}],"wp:featuredmedia":[{"embeddable":true,"href":"https:\/\/das.raumtuning.info\/index.php?rest_route=\/wp\/v2\/media\/647"}],"wp:attachment":[{"href":"https:\/\/das.raumtuning.info\/index.php?rest_route=%2Fwp%2Fv2%2Fmedia&parent=245"}],"curies":[{"name":"wp","href":"https:\/\/api.w.org\/{rel}","templated":true}]}}