{"id":277,"date":"2014-01-30T10:31:27","date_gmt":"2014-01-30T09:31:27","guid":{"rendered":"http:\/\/das.raumtuning.info\/?page_id=277"},"modified":"2014-03-27T13:57:07","modified_gmt":"2014-03-27T12:57:07","slug":"informierung","status":"publish","type":"page","link":"https:\/\/das.raumtuning.info\/?page_id=277","title":{"rendered":"Informierung"},"content":{"rendered":"<h1>\u00a0Was ist Informierung und wie nutzen wir diese f\u00fcr Ihr H\u00f6rerlebnis?<\/h1>\n<p>Informationen, so wie wir diese verstehen, sind Strukturen, welche physikalische und\/oder biologische Reaktionen hervorrufen. Es ist ein Schl\u00fcssel-Schloss-Prinzip. Die Vorg\u00e4nge zum Beispiel im Menschen werden durch Kommunikation hervorgerufen. Eine Zelle sagt der N\u00e4chsten, was diese zu tun hat. Dazu benutzten die Zellen eine Struktur, auf die die Zellen eingestellt sind.<\/p>\n<h4>Helfende Informationen<\/h4>\n<p>Informationen k\u00f6nnen so dem K\u00f6rper helfen, besser zu funktionieren, wie wir es aus der Informationsmedizin her kennen. Eine der bekanntesten medizinischen Bereiche, in denen Informationen eingesetzt werden, ist sicher die Hom\u00f6opathie.<\/p>\n<h4>St\u00f6rende Informationen<\/h4>\n<p>Dass Informationen aber auch den K\u00f6rper st\u00f6ren k\u00f6nnen, zeigt die Forschung von <a title=\"Prof. Dr. Peter Semm\" href=\"http:\/\/das.raumtuning.info\/?page_id=311\" target=\"_blank\">Prof. Dr. Peter Semm<\/a>. Dieser wies nach, dass 60% der Nervenzellen eines Zebrafinken falsch feuerten, wenn ein GSM- (Handy) &#8211; Signal gepulst wurde. Ohne die 217 Hz Pulsierung passierte nichts.<\/p>\n<p>Genau so teilen wir auch die Wirkungen unserer Informationen auf. Einerseits reduzieren wir die Wirkung von St\u00f6rungen mit speziellen Informationen. Andererseits entstressen wir den Menschen mit positiven Informationen.<\/p>\n<h4>Informationen gegen negative pysikalische Reaktionen<\/h4>\n<p>Vortex HIFI verwendet grunds\u00e4tzlich 2 Informationen f\u00fcr die Reduzierung von Potentialwirbeln, wie diese von <a title=\"Prof.Dr.Ing. Konstantin Meyl\" href=\"http:\/\/das.raumtuning.info\/?page_id=313\" target=\"_blank\">Prof.Dr.Ing.Konstantin Meyl<\/a> als biologisch relevant eingestuft werden. Dies sind einmal die Informationen aus der <a title=\"2D \u2013 Entst\u00f6rung\" href=\"http:\/\/das.raumtuning.info\/?page_id=247\" target=\"_blank\">2D-Chip-Technik<\/a> und einmal die Entst\u00f6r-Information aus der<a title=\"A.I.O. Entst\u00f6rung\" href=\"http:\/\/das.raumtuning.info\/?page_id=245\" target=\"_blank\"> A.I.O. \u2013 Entst\u00f6rtechnik<\/a>.<\/p>\n<p>Die biologische Relevanz der an St\u00f6rungen auftretenden Potentialwirbel ist negativ zu sehen. Die an Feld-St\u00f6rungen und durch Wirbelstr\u00f6me auftretenden Potentialwirbel erzeugen Rauschen und auf diesem Weg St\u00f6rungen auf dem Nervensystem und damit Stress. Dass bedeutet, diese Potentialwirbel m\u00fcssen aufgel\u00f6st\u2013 also werden entst\u00f6rt. Durch zum Beispiel die Informierung der <a title=\"2D-Entst\u00f6r-Chip\u00b4s\" href=\"http:\/\/das.raumtuning.info\/?page_id=263\" target=\"_blank\">2D-Entst\u00f6rchips<\/a> werden die Potentialwirbel aufgel\u00f6st und deutlich messbar die Feldst\u00e4rke an einer St\u00f6rquelle reduziert (siehe 3D-E-Feld-Messungen mit und ohne <a title=\"2D-Entst\u00f6r-Chip\u00b4s\" href=\"http:\/\/das.raumtuning.info\/?page_id=263\" target=\"_blank\">2D-Entst\u00f6rchips<\/a>).<\/p>\n<figure id=\"attachment_437\" aria-describedby=\"caption-attachment-437\" style=\"width: 1080px\" class=\"wp-caption alignnone\"><a href=\"http:\/\/das.raumtuning.info\/?attachment_id=437\" rel=\"attachment wp-att-437\"><img fetchpriority=\"high\" decoding=\"async\" data-attachment-id=\"437\" data-permalink=\"https:\/\/das.raumtuning.info\/?attachment_id=437\" data-orig-file=\"https:\/\/i0.wp.com\/das.raumtuning.info\/wp-content\/uploads\/2014\/01\/LCD-Vormessung.png?fit=1080%2C822&amp;ssl=1\" data-orig-size=\"1080,822\" data-comments-opened=\"1\" data-image-meta=\"{&quot;aperture&quot;:&quot;0&quot;,&quot;credit&quot;:&quot;&quot;,&quot;camera&quot;:&quot;&quot;,&quot;caption&quot;:&quot;&quot;,&quot;created_timestamp&quot;:&quot;0&quot;,&quot;copyright&quot;:&quot;&quot;,&quot;focal_length&quot;:&quot;0&quot;,&quot;iso&quot;:&quot;0&quot;,&quot;shutter_speed&quot;:&quot;0&quot;,&quot;title&quot;:&quot;&quot;}\" data-image-title=\"LCD-Vormessung\" data-image-description=\"\" data-image-caption=\"\" data-medium-file=\"https:\/\/i0.wp.com\/das.raumtuning.info\/wp-content\/uploads\/2014\/01\/LCD-Vormessung.png?fit=300%2C228&amp;ssl=1\" data-large-file=\"https:\/\/i0.wp.com\/das.raumtuning.info\/wp-content\/uploads\/2014\/01\/LCD-Vormessung.png?fit=640%2C487&amp;ssl=1\" class=\" wp-image-437 \" title=\"Vormessung eines LCD-TV\u00b4s ohne 2D-Entst\u00f6r-Chip\u00b4s. Im Messpunkt 5 220,3 Volt \/ Meter elektrische Feldst\u00e4rke.\" alt=\"Vormessung eines LCD-TV\u00b4s ohne 2D-Entst\u00f6r-Chip\u00b4s. Im Messpunkt 5 220,3 Volt \/ Meter elektrische Feldst\u00e4rke.\" src=\"https:\/\/i0.wp.com\/das.raumtuning.info\/wp-content\/uploads\/2014\/01\/LCD-Vormessung.png?resize=640%2C487\" width=\"640\" height=\"487\" srcset=\"https:\/\/i0.wp.com\/das.raumtuning.info\/wp-content\/uploads\/2014\/01\/LCD-Vormessung.png?w=1080&amp;ssl=1 1080w, https:\/\/i0.wp.com\/das.raumtuning.info\/wp-content\/uploads\/2014\/01\/LCD-Vormessung.png?resize=300%2C228&amp;ssl=1 300w, https:\/\/i0.wp.com\/das.raumtuning.info\/wp-content\/uploads\/2014\/01\/LCD-Vormessung.png?resize=1024%2C779&amp;ssl=1 1024w, https:\/\/i0.wp.com\/das.raumtuning.info\/wp-content\/uploads\/2014\/01\/LCD-Vormessung.png?resize=900%2C685&amp;ssl=1 900w\" sizes=\"(max-width: 640px) 100vw, 640px\" data-recalc-dims=\"1\" \/><\/a><figcaption id=\"caption-attachment-437\" class=\"wp-caption-text\">Vormessung eines LCD-TV\u00b4s ohne 2D-Entst\u00f6rchips. Im Messpunkt 5 220,3 Volt \/ Meter elektrische Feldst\u00e4rke.<\/figcaption><\/figure>\n<figure id=\"attachment_438\" aria-describedby=\"caption-attachment-438\" style=\"width: 1080px\" class=\"wp-caption alignnone\"><a href=\"http:\/\/das.raumtuning.info\/?attachment_id=438\" rel=\"attachment wp-att-438\"><img decoding=\"async\" data-attachment-id=\"438\" data-permalink=\"https:\/\/das.raumtuning.info\/?attachment_id=438\" data-orig-file=\"https:\/\/i0.wp.com\/das.raumtuning.info\/wp-content\/uploads\/2014\/01\/LCD-Nachmessung.png?fit=1080%2C822&amp;ssl=1\" data-orig-size=\"1080,822\" data-comments-opened=\"1\" data-image-meta=\"{&quot;aperture&quot;:&quot;0&quot;,&quot;credit&quot;:&quot;&quot;,&quot;camera&quot;:&quot;&quot;,&quot;caption&quot;:&quot;&quot;,&quot;created_timestamp&quot;:&quot;0&quot;,&quot;copyright&quot;:&quot;&quot;,&quot;focal_length&quot;:&quot;0&quot;,&quot;iso&quot;:&quot;0&quot;,&quot;shutter_speed&quot;:&quot;0&quot;,&quot;title&quot;:&quot;&quot;}\" data-image-title=\"LCD-Nachmessung\" data-image-description=\"\" data-image-caption=\"\" data-medium-file=\"https:\/\/i0.wp.com\/das.raumtuning.info\/wp-content\/uploads\/2014\/01\/LCD-Nachmessung.png?fit=300%2C228&amp;ssl=1\" data-large-file=\"https:\/\/i0.wp.com\/das.raumtuning.info\/wp-content\/uploads\/2014\/01\/LCD-Nachmessung.png?fit=640%2C487&amp;ssl=1\" class=\" wp-image-438\" title=\"Nachmessung des LCD-TV\u00b4s mit 2D-Entst\u00f6r-Chip\u00b4s. Im Messpunkt 5 nun nur noch 22,2 Volt \/ Meter elektrische Feldst\u00e4rke.\" alt=\"Nachmessung des LCD-TV\u00b4s mit 2D-Entst\u00f6r-Chip\u00b4s. Im Messpunkt 5 nun nur noch 22,2 Volt \/ Meter elektrische Feldst\u00e4rke.\" src=\"https:\/\/i0.wp.com\/das.raumtuning.info\/wp-content\/uploads\/2014\/01\/LCD-Nachmessung.png?resize=640%2C487\" width=\"640\" height=\"487\" srcset=\"https:\/\/i0.wp.com\/das.raumtuning.info\/wp-content\/uploads\/2014\/01\/LCD-Nachmessung.png?w=1080&amp;ssl=1 1080w, https:\/\/i0.wp.com\/das.raumtuning.info\/wp-content\/uploads\/2014\/01\/LCD-Nachmessung.png?resize=300%2C228&amp;ssl=1 300w, https:\/\/i0.wp.com\/das.raumtuning.info\/wp-content\/uploads\/2014\/01\/LCD-Nachmessung.png?resize=1024%2C779&amp;ssl=1 1024w, https:\/\/i0.wp.com\/das.raumtuning.info\/wp-content\/uploads\/2014\/01\/LCD-Nachmessung.png?resize=900%2C685&amp;ssl=1 900w\" sizes=\"(max-width: 640px) 100vw, 640px\" data-recalc-dims=\"1\" \/><\/a><figcaption id=\"caption-attachment-438\" class=\"wp-caption-text\">Nachmessung des LCD-TV\u00b4s mit 2D-Entst\u00f6rchips. Im Messpunkt 5 nun nur noch 22,2 Volt \/ Meter elektrische Feldst\u00e4rke.<\/figcaption><\/figure>\n<p>Durch die Reduzierung der Potentialwirbel durch die 2D-Chip-Information entsteht weniger Rauschen und so Stress auf dem menschlichen Nervensystem. Dies wiederum ist absolut notwendig f\u00fcr ein entspanntes, f\u00fcr Sie als nat\u00fcrlich (pers\u00f6nlich richtig empfundenes) Klangerlebnis. Denn <a title=\"Elektrosmog\" href=\"http:\/\/das.raumtuning.info\/?page_id=239\" target=\"_blank\">Elektrosmog<\/a> (Potentialwirbel) ver\u00e4ndert so Ihre H\u00f6rempfindung.<\/p>\n<h4>Informationen f\u00fcr positive k\u00f6rperliche Reaktionen<\/h4>\n<p>Die zweite Gruppe von Informationen, die Vortex HiFi zur Steigerung Ihres Klangerlebnisses einsetzt, will bewusst Stress in Ihrem K\u00f6rper abbauen und den komplexen H\u00f6rvorgang unterst\u00fctzen &#8211; die Sinneswahrnehmung verbessern.<\/p>\n<figure id=\"attachment_186\" aria-describedby=\"caption-attachment-186\" style=\"width: 324px\" class=\"wp-caption alignleft\"><a href=\"http:\/\/das.raumtuning.info\/?attachment_id=186\" rel=\"attachment wp-att-186\"><img decoding=\"async\" data-attachment-id=\"186\" data-permalink=\"https:\/\/das.raumtuning.info\/?attachment_id=186\" data-orig-file=\"https:\/\/i0.wp.com\/das.raumtuning.info\/wp-content\/uploads\/2014\/01\/Donut.png?fit=540%2C518&amp;ssl=1\" data-orig-size=\"540,518\" data-comments-opened=\"1\" data-image-meta=\"{&quot;aperture&quot;:&quot;0&quot;,&quot;credit&quot;:&quot;&quot;,&quot;camera&quot;:&quot;&quot;,&quot;caption&quot;:&quot;&quot;,&quot;created_timestamp&quot;:&quot;0&quot;,&quot;copyright&quot;:&quot;&quot;,&quot;focal_length&quot;:&quot;0&quot;,&quot;iso&quot;:&quot;0&quot;,&quot;shutter_speed&quot;:&quot;0&quot;,&quot;title&quot;:&quot;&quot;}\" data-image-title=\"Donut\" data-image-description=\"\" data-image-caption=\"\" data-medium-file=\"https:\/\/i0.wp.com\/das.raumtuning.info\/wp-content\/uploads\/2014\/01\/Donut.png?fit=300%2C287&amp;ssl=1\" data-large-file=\"https:\/\/i0.wp.com\/das.raumtuning.info\/wp-content\/uploads\/2014\/01\/Donut.png?fit=540%2C518&amp;ssl=1\" class=\"wp-image-186 \" title=\"Vortex HiFi Dounut zur Reduzierung von Stress beim Musikh\u00f6ren\" alt=\"Vortex HiFi Dounut zur Reduzierung von Stress beim Musikh\u00f6ren\" src=\"https:\/\/i0.wp.com\/das.raumtuning.info\/wp-content\/uploads\/2014\/01\/Donut.png?resize=324%2C311\" width=\"324\" height=\"311\" srcset=\"https:\/\/i0.wp.com\/das.raumtuning.info\/wp-content\/uploads\/2014\/01\/Donut.png?w=540&amp;ssl=1 540w, https:\/\/i0.wp.com\/das.raumtuning.info\/wp-content\/uploads\/2014\/01\/Donut.png?resize=300%2C287&amp;ssl=1 300w\" sizes=\"(max-width: 324px) 100vw, 324px\" data-recalc-dims=\"1\" \/><\/a><figcaption id=\"caption-attachment-186\" class=\"wp-caption-text\">Vortex HiFi Dounut zur Reduzierung von Stress beim Musikh\u00f6ren<\/figcaption><\/figure>\n<p>Diese Information ist die zweite Information auf der <a title=\"A.I.O. Entst\u00f6rung\" href=\"http:\/\/das.raumtuning.info\/?page_id=245\" target=\"_blank\">A.I.O.-Technologie<\/a>. Diese Entstressungs &#8211; Information genannte Informirung ist den <a title=\"A.I.O. Entst\u00f6r -Produkte\" href=\"http:\/\/das.raumtuning.info\/?page_id=265\" target=\"_blank\">A.I.O. &#8211; Produkten <\/a>beigegeben und k\u00f6nnen auch \u00fcber Pyramiden, die in der N\u00e4he des H\u00f6rers aufgestellt werden oder sogar \u00fcber einen <a title=\"A.I.O. Entst\u00f6r -Produkte\" href=\"http:\/\/das.raumtuning.info\/?page_id=265\" target=\"_blank\">A.I.O. &#8211; Donut<\/a> am K\u00f6rper getragen werden.<\/p>\n","protected":false},"excerpt":{"rendered":"<p>\u00a0Was ist Informierung und wie nutzen wir diese f\u00fcr Ihr H\u00f6rerlebnis? Informationen, so wie wir diese verstehen, sind Strukturen, welche physikalische und\/oder biologische Reaktionen hervorrufen. Es ist ein Schl\u00fcssel-Schloss-Prinzip. Die Vorg\u00e4nge zum Beispiel im Menschen werden durch Kommunikation hervorgerufen. Eine Zelle sagt der N\u00e4chsten, was diese zu tun hat. Dazu benutzten die Zellen eine Struktur, auf die die Zellen eingestellt sind. Helfende Informationen Informationen k\u00f6nnen so dem K\u00f6rper helfen, besser zu funktionieren, wie wir es aus der Informationsmedizin her kennen&#8230;.<\/p>\n<p class=\"read-more\"><a class=\"btn btn-default\" href=\"https:\/\/das.raumtuning.info\/?page_id=277\">Weiterlesen<span class=\"screen-reader-text\"> Weiterlesen<\/span><\/a><\/p>\n","protected":false},"author":1,"featured_media":656,"parent":138,"menu_order":0,"comment_status":"open","ping_status":"closed","template":"","meta":{"jetpack_post_was_ever_published":false,"footnotes":""},"class_list":["post-277","page","type-page","status-publish","has-post-thumbnail","hentry"],"aioseo_notices":[],"jetpack_sharing_enabled":true,"jetpack_shortlink":"https:\/\/wp.me\/P4hjs0-4t","jetpack-related-posts":[{"id":265,"url":"https:\/\/das.raumtuning.info\/?page_id=265","url_meta":{"origin":277,"position":0},"title":"A.I.O. Entst\u00f6r -Produkte","date":"29. Januar 2014","format":false,"excerpt":"Die Vortex HiFi A.I.O. Produkt \u2013 Vorteile Reduzierung von St\u00f6rfeldern ohne klangsch\u00e4dliche Filter Reduzierung von St\u00f6rfeldern ohne akustische Beeintr\u00e4chtigungen Reduzierung von St\u00f6rfeldern ohne Signalver\u00e4nderung Informierung gegen klangsch\u00e4dliche Potentialwirbel (Entst\u00f6rung) Informierung zur Entstressung des Menschen Informationen f\u00fcr eine kraftvolle Vorstellungskraft (P.I.-Technik) in Diamant-Standard. (Nur bei Diamant Standard Produkten.) Vitalisierung.\u00a0 (Nur bei\u2026","rel":"","context":"Similar post","img":{"alt_text":"","src":"https:\/\/i0.wp.com\/das.raumtuning.info\/wp-content\/uploads\/2014\/01\/Ronde-30-10-web.jpg?fit=1063%2C752&ssl=1&resize=350%2C200","width":350,"height":200},"classes":[]},{"id":1690,"url":"https:\/\/das.raumtuning.info\/?page_id=1690","url_meta":{"origin":277,"position":1},"title":"Power Imagination","date":"9. Dezember 2014","format":false,"excerpt":"Herzlich willkommen in der Welt der kraftvollen Vorstellungskraft - die Vortex HiFi P.I. Technik. Die Power Imagination (P.I.) Technik von Vortex HiFi \u00fcberlagert den St\u00f6rfeldern einer Anlage oder des Raumes P.I.-Informationen. Diese Informationen\u00a0 haben das Ziel, St\u00f6rungen im kybernetischen Kommunikationssystem des menschlichen K\u00f6rper aufzul\u00f6sen. So ist eine ganzheitliche Musikempfindung wie\u2026","rel":"","context":"Similar post","img":{"alt_text":"","src":"https:\/\/i0.wp.com\/das.raumtuning.info\/wp-content\/uploads\/2014\/12\/Power-Imanigation.jpg?fit=1200%2C633&ssl=1&resize=350%2C200","width":350,"height":200},"classes":[]},{"id":138,"url":"https:\/\/das.raumtuning.info\/?page_id=138","url_meta":{"origin":277,"position":2},"title":"Techniken","date":"28. Januar 2014","format":false,"excerpt":"Innovationen f\u00fcr die Sinne... ... lautet unsere Zielsetzung. Wir wollen, dass Sie besser h\u00f6ren und besser sehen. Das ist w\u00f6rtlich zu nehmen. Wir besch\u00e4ftigen uns mit dem Menschen und wie unsere heutige HiFi-Stereo und AV-Technik aber auch die h\u00e4usliche Umwelt den Menschen beim H\u00f6ren und Sehen unbemerkt und nebenbei negativ\u2026","rel":"","context":"Similar post","img":{"alt_text":"Quelle: Vortex HiFi","src":"https:\/\/i0.wp.com\/das.raumtuning.info\/wp-content\/uploads\/2014\/02\/Orgel-web.jpg?fit=1080%2C719&ssl=1&resize=350%2C200","width":350,"height":200},"classes":[]},{"id":2479,"url":"https:\/\/das.raumtuning.info\/?page_id=2479","url_meta":{"origin":277,"position":3},"title":"A.I.O. &#8211; CAPS","date":"29. M\u00e4rz 2016","format":false,"excerpt":"Die Klangrevolution in Sachen Dust Caps Das Video aus der Reihe short and simple erkl\u00e4rt die AIO Caps und die neuen Diamant Plus Caps und zeigt die Anwendung. https:\/\/youtu.be\/YM3W1Bal-p0 Mit unseren informierten A.I.O.- Dust CAPS schl\u00e4gt Vortex HiFi ein neues Kapitel im High End HiFi auf. Ein 5,-\u20ac Zubeh\u00f6r das\u2026","rel":"","context":"Similar post","img":{"alt_text":"","src":"https:\/\/i0.wp.com\/das.raumtuning.info\/wp-content\/uploads\/2016\/03\/Alle-CAPS-AIO-Granit-CAP.jpg?fit=1200%2C800&ssl=1&resize=350%2C200","width":350,"height":200},"classes":[]},{"id":4413,"url":"https:\/\/das.raumtuning.info\/?page_id=4413","url_meta":{"origin":277,"position":4},"title":"Iraser &#8211; L\u00f6schstab","date":"8. Januar 2019","format":false,"excerpt":"Iraser von Vortex HiFi Unser Iraser hat bei Testern und bei K\u00e4ufern voll ins Schwarze getroffen. Produktbewertung hifi-zubeh\u00f6r.shop Zitat: ...Da wenig Zeit, mal auf die Schnelle \u00fcber s\u00e4mtliche Fensterfl\u00e4chen, Heizk\u00f6rper, Anlage, Boxen und Abschlussstecker gefahren und dann Anlage an und nur noch Baukl\u00f6tzer gestaunt!! Trotz gro\u00dfer Anzahl verschiedener Entst\u00f6r-Produkte, wie\u2026","rel":"","context":"Similar post","img":{"alt_text":"","src":"https:\/\/i0.wp.com\/das.raumtuning.info\/wp-content\/uploads\/2018\/12\/Iraser-Stab-Diamant.jpg?fit=1200%2C513&ssl=1&resize=350%2C200","width":350,"height":200},"classes":[]},{"id":289,"url":"https:\/\/das.raumtuning.info\/?page_id=289","url_meta":{"origin":277,"position":5},"title":"Menschen entstressen","date":"30. Januar 2014","format":false,"excerpt":"Emotionen, G\u00e4nsehaut und Fu\u00dfwippen Musik bedeutet Emotionen, G\u00e4nsehaut und das unbewusste Fu\u00dfwippen. Nicht der Schall ist das Entscheidende, sondern die k\u00f6rperliche Reaktion! Man h\u00f6rt eine Frauenstimme und stellt sich sofort eine Person vor \u2013 oft sehr konkret. Musik stimuliert verschiedene Gehirnregionen - das H\u00f6ren aber eben auch zum Beispiel den\u2026","rel":"","context":"Similar post","img":{"alt_text":"Quelle: Vortex HiFi","src":"https:\/\/i0.wp.com\/das.raumtuning.info\/wp-content\/uploads\/2014\/02\/S\u00e4ngerin2-web.jpg?fit=1080%2C702&ssl=1&resize=350%2C200","width":350,"height":200},"classes":[]}],"_links":{"self":[{"href":"https:\/\/das.raumtuning.info\/index.php?rest_route=\/wp\/v2\/pages\/277","targetHints":{"allow":["GET"]}}],"collection":[{"href":"https:\/\/das.raumtuning.info\/index.php?rest_route=\/wp\/v2\/pages"}],"about":[{"href":"https:\/\/das.raumtuning.info\/index.php?rest_route=\/wp\/v2\/types\/page"}],"author":[{"embeddable":true,"href":"https:\/\/das.raumtuning.info\/index.php?rest_route=\/wp\/v2\/users\/1"}],"replies":[{"embeddable":true,"href":"https:\/\/das.raumtuning.info\/index.php?rest_route=%2Fwp%2Fv2%2Fcomments&post=277"}],"version-history":[{"count":14,"href":"https:\/\/das.raumtuning.info\/index.php?rest_route=\/wp\/v2\/pages\/277\/revisions"}],"predecessor-version":[{"id":987,"href":"https:\/\/das.raumtuning.info\/index.php?rest_route=\/wp\/v2\/pages\/277\/revisions\/987"}],"up":[{"embeddable":true,"href":"https:\/\/das.raumtuning.info\/index.php?rest_route=\/wp\/v2\/pages\/138"}],"wp:featuredmedia":[{"embeddable":true,"href":"https:\/\/das.raumtuning.info\/index.php?rest_route=\/wp\/v2\/media\/656"}],"wp:attachment":[{"href":"https:\/\/das.raumtuning.info\/index.php?rest_route=%2Fwp%2Fv2%2Fmedia&parent=277"}],"curies":[{"name":"wp","href":"https:\/\/api.w.org\/{rel}","templated":true}]}}