{"id":283,"date":"2014-01-30T10:34:10","date_gmt":"2014-01-30T09:34:10","guid":{"rendered":"http:\/\/das.raumtuning.info\/?page_id=283"},"modified":"2014-03-27T13:57:07","modified_gmt":"2014-03-27T12:57:07","slug":"entstoerung","status":"publish","type":"page","link":"https:\/\/das.raumtuning.info\/?page_id=283","title":{"rendered":"Entst\u00f6rung"},"content":{"rendered":"<p>Unter Entst\u00f6rung verstehen wir die Reduzierung von physikalischen St\u00f6rquellen durch Entst\u00f6rma\u00dfnahmen. Dies k\u00f6nnen statische Magnetfelder sein, die vom Erdmagnetfeld abweichen. Dies k\u00f6nnen magnetische oder elektrische Wechselfelder sein. Dies k\u00f6nnen aber auch elektromagnetische Wellen oder Wirbel sein. Alle diese elektrischen, magnetischen oder elektromagnetischen Felder stehen in dem begr\u00fcndeten Verdacht, Vorg\u00e4nge im menschlichen K\u00f6rper zu ver\u00e4ndern und Stress zu erzeugen.<\/p>\n<p>Wir m\u00f6chten hierzu auf die Arbeiten von <a title=\"Prof. Dr. Peter Semm\" href=\"http:\/\/das.raumtuning.info\/?page_id=311\">Prof. Dr. Peter Semm<\/a>, <a title=\"Prof.em. Dr. med. Karl Hecht\" href=\"http:\/\/das.raumtuning.info\/?page_id=309\">Prof. em. Dr. Karl Hecht<\/a>, <a title=\"Prof. Dr. Magda Havas\" href=\"http:\/\/das.raumtuning.info\/?page_id=307\">Prof. Dr. Magda Havas<\/a> und <a title=\"Prof.Dr.Ing. Konstantin Meyl\" href=\"http:\/\/das.raumtuning.info\/?page_id=313\">Prof. Dr. Ing. Konstantin Meyl <\/a>verweisen.<\/p>\n<p>Reduzieren wir die oben genanten Felder, Wellen und Wirbel, so f\u00fchlt sich der Mensch besser, er hat weniger Stress und h\u00f6rt besser &#8211; was unser eigentliches Ziel ist.<\/p>\n<p>Entst\u00f6rung bei VORTEX HIFI geschieht auf unterschiedlichen Ebenen.<\/p>\n<ol>\n<li>Durch die Aufl\u00f6sung von Potentialwirbeln, welche von <a title=\"Prof.Dr.Ing. Konstantin Meyl\" href=\"http:\/\/das.raumtuning.info\/?page_id=313\">Prof. Dr. Ing. Konstantin Meyl<\/a> als biologisch relevant, also beeinflussend eingestuft werden. Dies geschieht durch eine komplexe PHONOSOPHIE-<a title=\"Informierung\" href=\"http:\/\/das.raumtuning.info\/?page_id=277\">Informierung<\/a>\u00a0in der <a title=\"2D \u2013 Entst\u00f6rung\" href=\"http:\/\/das.raumtuning.info\/?page_id=247\">2D-Chip -Technik. <\/a>Vortex HiFi verf\u00fcgt aber auch \u00fcber\u00a0eine eigene kombinierte Entst\u00f6r- und <a title=\"Entstressung\" href=\"http:\/\/das.raumtuning.info\/?page_id=281\">Entstressungs<\/a> &#8211; Technik, die <a title=\"A.I.O. Entst\u00f6rung\" href=\"http:\/\/das.raumtuning.info\/?page_id=245\">A.I.O. &#8211; Technik<\/a> auf Halbedelsteinbasis.<\/li>\n<li>Durch Abschirmung mit dem VORTEX HIFI <a title=\"Nano Shield\" href=\"http:\/\/das.raumtuning.info\/?page_id=243\">Nano Shield<\/a>. Dabei werden Entst\u00f6r-Abschirmstecker in offene Netzsteckdosen gesteckt, um das von <a title=\"Prof. Dr. Magda Havas\" href=\"http:\/\/das.raumtuning.info\/?page_id=307\">Prof. Dr. Magda Havas<\/a> beschriebene <a title=\"Dirty Power\" href=\"http:\/\/das.raumtuning.info\/?page_id=230\">Dirty Power<\/a> Problem zu beseitigen. Weiterhin werden quellen- und <a title=\"Massefreier Schirm\" href=\"http:\/\/das.raumtuning.info\/?page_id=372\">massefreie <\/a>sogenannte <a title=\"Nano Shield Plug\u00b4s\" href=\"http:\/\/das.raumtuning.info\/?page_id=267\" target=\"_blank\">Nano Shield Plugs<\/a> in offene Ein &#8211; und Ausg\u00e4nge eingesteckt, um die Abstrahlung von Massest\u00f6rungen zu verhindern.<\/li>\n<li>Durch Kabel, die\u00a0mit einem speziellen <a title=\"Nano Shield\" href=\"http:\/\/das.raumtuning.info\/?page_id=243\" target=\"_blank\">Nano Shield\u00a0<\/a> Schirm ausgestattet sind.\u00a0 Diese\u00a0sind zudem extrem niederohmig und stellen so einen optimalen <a title=\"Potentialausgleich\" href=\"http:\/\/das.raumtuning.info\/?page_id=249\" target=\"_blank\">Potentialausgleich<\/a> her. Die Folge ist, dass weniger Massest\u00f6rungen abgestrahlt werden.\u00a0 Diese Kabel wirken so extrem entst\u00f6rend f\u00fcr die HiFi-Anlage.<\/li>\n<\/ol>\n<p>Eine Entst\u00f6rwirkung kann im Niederfrequenz E-Feld mit dem ROM-Elektronik 3D Fieldmaster gemessen werden. Der ROM &#8211; Elektronik 3D Fieldmaster ist ein High End 3D Messkopf, der aus dem baubiologischen Messbereich\u00a0kommt\u00a0(siehe unten).<\/p>\n<figure id=\"attachment_172\" aria-describedby=\"caption-attachment-172\" style=\"width: 3264px\" class=\"wp-caption alignnone\"><a href=\"https:\/\/i0.wp.com\/das.raumtuning.info\/wp-content\/uploads\/2014\/01\/Foto-28.10.13-13-08-33-1.jpg\"><img fetchpriority=\"high\" decoding=\"async\" data-attachment-id=\"172\" data-permalink=\"https:\/\/das.raumtuning.info\/?attachment_id=172\" data-orig-file=\"https:\/\/i0.wp.com\/das.raumtuning.info\/wp-content\/uploads\/2014\/01\/Foto-28.10.13-13-08-33-1.jpg?fit=3264%2C2448&amp;ssl=1\" data-orig-size=\"3264,2448\" data-comments-opened=\"1\" data-image-meta=\"{&quot;aperture&quot;:&quot;2.4&quot;,&quot;credit&quot;:&quot;&quot;,&quot;camera&quot;:&quot;iPhone 5&quot;,&quot;caption&quot;:&quot;&quot;,&quot;created_timestamp&quot;:&quot;1382965713&quot;,&quot;copyright&quot;:&quot;&quot;,&quot;focal_length&quot;:&quot;4.12&quot;,&quot;iso&quot;:&quot;125&quot;,&quot;shutter_speed&quot;:&quot;0.05&quot;,&quot;title&quot;:&quot;&quot;}\" data-image-title=\"Foto 28.10.13 13 08 33 (1)\" data-image-description=\"\" data-image-caption=\"\" data-medium-file=\"https:\/\/i0.wp.com\/das.raumtuning.info\/wp-content\/uploads\/2014\/01\/Foto-28.10.13-13-08-33-1.jpg?fit=300%2C225&amp;ssl=1\" data-large-file=\"https:\/\/i0.wp.com\/das.raumtuning.info\/wp-content\/uploads\/2014\/01\/Foto-28.10.13-13-08-33-1.jpg?fit=640%2C480&amp;ssl=1\" class=\" wp-image-172\" title=\"High End 3D - E-Feld Me\u00dfkopf der Firma ROM Elektronik\" alt=\"High End 3D - E-Feld Me\u00dfkopf der Firma ROM Elektronik\" src=\"https:\/\/i0.wp.com\/das.raumtuning.info\/wp-content\/uploads\/2014\/01\/Foto-28.10.13-13-08-33-1.jpg?resize=640%2C480\" width=\"640\" height=\"480\" srcset=\"https:\/\/i0.wp.com\/das.raumtuning.info\/wp-content\/uploads\/2014\/01\/Foto-28.10.13-13-08-33-1.jpg?w=3264&amp;ssl=1 3264w, https:\/\/i0.wp.com\/das.raumtuning.info\/wp-content\/uploads\/2014\/01\/Foto-28.10.13-13-08-33-1.jpg?resize=300%2C225&amp;ssl=1 300w, https:\/\/i0.wp.com\/das.raumtuning.info\/wp-content\/uploads\/2014\/01\/Foto-28.10.13-13-08-33-1.jpg?resize=1024%2C768&amp;ssl=1 1024w, https:\/\/i0.wp.com\/das.raumtuning.info\/wp-content\/uploads\/2014\/01\/Foto-28.10.13-13-08-33-1.jpg?resize=900%2C675&amp;ssl=1 900w, https:\/\/i0.wp.com\/das.raumtuning.info\/wp-content\/uploads\/2014\/01\/Foto-28.10.13-13-08-33-1.jpg?w=1280 1280w, https:\/\/i0.wp.com\/das.raumtuning.info\/wp-content\/uploads\/2014\/01\/Foto-28.10.13-13-08-33-1.jpg?w=1920 1920w\" sizes=\"(max-width: 640px) 100vw, 640px\" data-recalc-dims=\"1\" \/><\/a><figcaption id=\"caption-attachment-172\" class=\"wp-caption-text\">High End 3D &#8211; E-Feld Messkopf der Firma ROM Elektronik<\/figcaption><\/figure>\n<p>Wie der Name schon sagt, kann die Feldst\u00e4rke aller drei Raumrichtungen gleichzeitig gemessen werden und in einem Computerprogramm Echtzeit ausgewertet werden. So kann das effektive Feld (Ersatzfeldst\u00e4rke)\u00a0zu jedem Zeitpunkt exakt bestimmt werden (siehe Screenshot).<\/p>\n<figure id=\"attachment_609\" aria-describedby=\"caption-attachment-609\" style=\"width: 720px\" class=\"wp-caption alignnone\"><a href=\"https:\/\/i0.wp.com\/das.raumtuning.info\/wp-content\/uploads\/2014\/01\/3d-e-Display.jpg\"><img decoding=\"async\" data-attachment-id=\"609\" data-permalink=\"https:\/\/das.raumtuning.info\/?attachment_id=609\" data-orig-file=\"https:\/\/i0.wp.com\/das.raumtuning.info\/wp-content\/uploads\/2014\/01\/3d-e-Display.jpg?fit=720%2C547&amp;ssl=1\" data-orig-size=\"720,547\" data-comments-opened=\"1\" data-image-meta=\"{&quot;aperture&quot;:&quot;0&quot;,&quot;credit&quot;:&quot;&quot;,&quot;camera&quot;:&quot;&quot;,&quot;caption&quot;:&quot;&quot;,&quot;created_timestamp&quot;:&quot;0&quot;,&quot;copyright&quot;:&quot;&quot;,&quot;focal_length&quot;:&quot;0&quot;,&quot;iso&quot;:&quot;0&quot;,&quot;shutter_speed&quot;:&quot;0&quot;,&quot;title&quot;:&quot;&quot;}\" data-image-title=\"Computersoftware f\u00fcr 3D-Messkopf\" data-image-description=\"\" data-image-caption=\"\" data-medium-file=\"https:\/\/i0.wp.com\/das.raumtuning.info\/wp-content\/uploads\/2014\/01\/3d-e-Display.jpg?fit=300%2C227&amp;ssl=1\" data-large-file=\"https:\/\/i0.wp.com\/das.raumtuning.info\/wp-content\/uploads\/2014\/01\/3d-e-Display.jpg?fit=640%2C486&amp;ssl=1\" class=\" wp-image-609\" title=\"Computerprogramm f\u00fcr 3D - E - Feld Echtzeitmessungen mit ROM - Elektronik Me\u00dfkopf\" alt=\"Computerprogramm f\u00fcr 3D - E - Feld Echtzeitmessungen mit ROM - Elektronik Me\u00dfkopf\" src=\"https:\/\/i0.wp.com\/das.raumtuning.info\/wp-content\/uploads\/2014\/01\/3d-e-Display.jpg?resize=640%2C486\" width=\"640\" height=\"486\" srcset=\"https:\/\/i0.wp.com\/das.raumtuning.info\/wp-content\/uploads\/2014\/01\/3d-e-Display.jpg?w=720&amp;ssl=1 720w, https:\/\/i0.wp.com\/das.raumtuning.info\/wp-content\/uploads\/2014\/01\/3d-e-Display.jpg?resize=300%2C227&amp;ssl=1 300w\" sizes=\"(max-width: 640px) 100vw, 640px\" data-recalc-dims=\"1\" \/><\/a><figcaption id=\"caption-attachment-609\" class=\"wp-caption-text\">Computerprogramm f\u00fcr 3D &#8211; E &#8211; Feld Echtzeitmessungen mit ROM &#8211; Elektronik Messkopf<\/figcaption><\/figure>\n<p>Die so ermittelten 3D-Messungen kann nun die Software auch in einer 3&#215;3 Matrix speichern und so ein r\u00e4umliches Bild der Feldverh\u00e4ltnisse aufzeigen (siehe Screenshot).<\/p>\n<figure id=\"attachment_610\" aria-describedby=\"caption-attachment-610\" style=\"width: 520px\" class=\"wp-caption alignnone\"><a href=\"https:\/\/i0.wp.com\/das.raumtuning.info\/wp-content\/uploads\/2014\/01\/E-Feld-Matrix-Screenshot.jpg\"><img decoding=\"async\" data-attachment-id=\"610\" data-permalink=\"https:\/\/das.raumtuning.info\/?attachment_id=610\" data-orig-file=\"https:\/\/i0.wp.com\/das.raumtuning.info\/wp-content\/uploads\/2014\/01\/E-Feld-Matrix-Screenshot.jpg?fit=520%2C389&amp;ssl=1\" data-orig-size=\"520,389\" data-comments-opened=\"1\" data-image-meta=\"{&quot;aperture&quot;:&quot;0&quot;,&quot;credit&quot;:&quot;&quot;,&quot;camera&quot;:&quot;&quot;,&quot;caption&quot;:&quot;&quot;,&quot;created_timestamp&quot;:&quot;0&quot;,&quot;copyright&quot;:&quot;&quot;,&quot;focal_length&quot;:&quot;0&quot;,&quot;iso&quot;:&quot;0&quot;,&quot;shutter_speed&quot;:&quot;0&quot;,&quot;title&quot;:&quot;&quot;}\" data-image-title=\"E-Feld-Matrix-Screenshot\" data-image-description=\"\" data-image-caption=\"\" data-medium-file=\"https:\/\/i0.wp.com\/das.raumtuning.info\/wp-content\/uploads\/2014\/01\/E-Feld-Matrix-Screenshot.jpg?fit=300%2C224&amp;ssl=1\" data-large-file=\"https:\/\/i0.wp.com\/das.raumtuning.info\/wp-content\/uploads\/2014\/01\/E-Feld-Matrix-Screenshot.jpg?fit=520%2C389&amp;ssl=1\" class=\" wp-image-610\" title=\"3x3 Matrix zur Darstellung der r\u00e4umlichen Verteilung von Feldanomalien\" alt=\"3x3 Matrix zur Darstellung der r\u00e4umlichen Verteilung von Feldanomalien\" src=\"https:\/\/i0.wp.com\/das.raumtuning.info\/wp-content\/uploads\/2014\/01\/E-Feld-Matrix-Screenshot.jpg?resize=520%2C389\" width=\"520\" height=\"389\" srcset=\"https:\/\/i0.wp.com\/das.raumtuning.info\/wp-content\/uploads\/2014\/01\/E-Feld-Matrix-Screenshot.jpg?w=520&amp;ssl=1 520w, https:\/\/i0.wp.com\/das.raumtuning.info\/wp-content\/uploads\/2014\/01\/E-Feld-Matrix-Screenshot.jpg?resize=300%2C224&amp;ssl=1 300w\" sizes=\"(max-width: 520px) 100vw, 520px\" data-recalc-dims=\"1\" \/><\/a><figcaption id=\"caption-attachment-610\" class=\"wp-caption-text\">3&#215;3 Matrix zur Darstellung der r\u00e4umlichen Verteilung von Feldanomalien<\/figcaption><\/figure>\n<p>So entstanden auch die nachfolgenden zwei 3D &#8211; E-Feld Messungen. Diese zeigen die Feldver\u00e4nderung eines LCD-TV\u00b4s einmal mit der 2D-Technik und einmal ohne.<\/p>\n<figure id=\"attachment_606\" aria-describedby=\"caption-attachment-606\" style=\"width: 1080px\" class=\"wp-caption alignnone\"><a href=\"https:\/\/i0.wp.com\/das.raumtuning.info\/wp-content\/uploads\/2014\/01\/Titel-Entst\u00f6rung1.jpg\"><img loading=\"lazy\" decoding=\"async\" data-attachment-id=\"606\" data-permalink=\"https:\/\/das.raumtuning.info\/?attachment_id=606\" data-orig-file=\"https:\/\/i0.wp.com\/das.raumtuning.info\/wp-content\/uploads\/2014\/01\/Titel-Entst\u00f6rung1.jpg?fit=1080%2C496&amp;ssl=1\" data-orig-size=\"1080,496\" data-comments-opened=\"1\" data-image-meta=\"{&quot;aperture&quot;:&quot;0&quot;,&quot;credit&quot;:&quot;&quot;,&quot;camera&quot;:&quot;&quot;,&quot;caption&quot;:&quot;&quot;,&quot;created_timestamp&quot;:&quot;0&quot;,&quot;copyright&quot;:&quot;&quot;,&quot;focal_length&quot;:&quot;0&quot;,&quot;iso&quot;:&quot;0&quot;,&quot;shutter_speed&quot;:&quot;0&quot;,&quot;title&quot;:&quot;&quot;}\" data-image-title=\"Titel-Entst\u00f6rung\" data-image-description=\"\" data-image-caption=\"\" data-medium-file=\"https:\/\/i0.wp.com\/das.raumtuning.info\/wp-content\/uploads\/2014\/01\/Titel-Entst\u00f6rung1.jpg?fit=300%2C137&amp;ssl=1\" data-large-file=\"https:\/\/i0.wp.com\/das.raumtuning.info\/wp-content\/uploads\/2014\/01\/Titel-Entst\u00f6rung1.jpg?fit=640%2C294&amp;ssl=1\" class=\" wp-image-606\" title=\"3x3 E-Feld Matrix zum Aufzeigen der Feldunterschiede mit und ohne 2D-Chip Entst\u00f6rungan einem LCD-TV\" alt=\"3x3 E-Feld Matrix zum Aufzeigen der Feldunterschiede mit und ohne 2D-Chip Entst\u00f6rungan einem LCD-TV\" src=\"https:\/\/i0.wp.com\/das.raumtuning.info\/wp-content\/uploads\/2014\/01\/Titel-Entst\u00f6rung1.jpg?resize=640%2C294\" width=\"640\" height=\"294\" srcset=\"https:\/\/i0.wp.com\/das.raumtuning.info\/wp-content\/uploads\/2014\/01\/Titel-Entst\u00f6rung1.jpg?w=1080&amp;ssl=1 1080w, https:\/\/i0.wp.com\/das.raumtuning.info\/wp-content\/uploads\/2014\/01\/Titel-Entst\u00f6rung1.jpg?resize=300%2C137&amp;ssl=1 300w, https:\/\/i0.wp.com\/das.raumtuning.info\/wp-content\/uploads\/2014\/01\/Titel-Entst\u00f6rung1.jpg?resize=1024%2C470&amp;ssl=1 1024w, https:\/\/i0.wp.com\/das.raumtuning.info\/wp-content\/uploads\/2014\/01\/Titel-Entst\u00f6rung1.jpg?resize=900%2C413&amp;ssl=1 900w\" sizes=\"(max-width: 640px) 100vw, 640px\" data-recalc-dims=\"1\" \/><\/a><figcaption id=\"caption-attachment-606\" class=\"wp-caption-text\">3&#215;3 E-Feld Matrix zum Aufzeigen der Feldunterschiede mit und ohne 2D-Chip Entst\u00f6rung an einem LCD-TV<\/figcaption><\/figure>\n<p>Die Wertetabellen oberhalb der Grafik zeigen die deutliche Reduzierung der Feldst\u00e4rke &#8211; also Entst\u00f6rung &#8211; durch die VORTEX HIFI -Technik.<\/p>\n","protected":false},"excerpt":{"rendered":"<p>Unter Entst\u00f6rung verstehen wir die Reduzierung von physikalischen St\u00f6rquellen durch Entst\u00f6rma\u00dfnahmen. Dies k\u00f6nnen statische Magnetfelder sein, die vom Erdmagnetfeld abweichen. Dies k\u00f6nnen magnetische oder elektrische Wechselfelder sein. Dies k\u00f6nnen aber auch elektromagnetische Wellen oder Wirbel sein. Alle diese elektrischen, magnetischen oder elektromagnetischen Felder stehen in dem begr\u00fcndeten Verdacht, Vorg\u00e4nge im menschlichen K\u00f6rper zu ver\u00e4ndern und Stress zu erzeugen. Wir m\u00f6chten hierzu auf die Arbeiten von Prof. Dr. Peter Semm, Prof. em. Dr. Karl Hecht, Prof. Dr. Magda Havas und Prof&#8230;.<\/p>\n<p class=\"read-more\"><a class=\"btn btn-default\" href=\"https:\/\/das.raumtuning.info\/?page_id=283\">Weiterlesen<span class=\"screen-reader-text\"> Weiterlesen<\/span><\/a><\/p>\n","protected":false},"author":1,"featured_media":606,"parent":138,"menu_order":0,"comment_status":"open","ping_status":"closed","template":"","meta":{"jetpack_post_was_ever_published":false,"footnotes":""},"class_list":["post-283","page","type-page","status-publish","has-post-thumbnail","hentry"],"aioseo_notices":[],"jetpack_sharing_enabled":true,"jetpack_shortlink":"https:\/\/wp.me\/P4hjs0-4z","jetpack-related-posts":[{"id":313,"url":"https:\/\/das.raumtuning.info\/?page_id=313","url_meta":{"origin":283,"position":0},"title":"Prof.Dr.Ing. Konstantin Meyl","date":"30. Januar 2014","format":false,"excerpt":"Hier haben wir die f\u00fcr die HiFi-Technik grundlegenden Aussagen aus der erweiterten Physik Meyl\u00b4s aus seinen Ver\u00f6ffentlichungen zusammengefasst. Eine Kurze Abhandlung seiner Theorie finden sie unten. \u201eNeben den transversalen elektromagnetischen Wellen nach Heinrich Hertz, gibt es auch sich longitudinal ausbreitende Wellen nach Tesla.\u201c Diese Annahme ist grundlegend f\u00fcr die Erkl\u00e4rung\u2026","rel":"","context":"Similar post","img":{"alt_text":"Quelle: Vortex HiFi","src":"https:\/\/i0.wp.com\/das.raumtuning.info\/wp-content\/uploads\/2014\/02\/Trommel_web.jpg?fit=1080%2C719&ssl=1&resize=350%2C200","width":350,"height":200},"classes":[]},{"id":247,"url":"https:\/\/das.raumtuning.info\/?page_id=247","url_meta":{"origin":283,"position":1},"title":"2D &#8211; Entst\u00f6rung","date":"29. Januar 2014","format":false,"excerpt":"Wenn Preis und Leistung z\u00e4hlen Die 2D \u2013 Entst\u00f6rung ist f\u00fcr die HiFi \u2013 Basics entwickelt. \u00dcberall, wo Strom flie\u00dft, elektrische oder magnetische Felder abgestrahlt werden, elektromagnetische Wellen ihren Ursprung haben oder sich die Leitf\u00e4higkeit f\u00fcr elektrische (Permitivit\u00e4t) oder magnetische (Permeabilit\u00e4t) Felder sich pl\u00f6tzlich \u00e4ndern, entstehen die von Prof. Dr.\u2026","rel":"","context":"Similar post","img":{"alt_text":"Quelle: Vortex HiFi","src":"https:\/\/i0.wp.com\/das.raumtuning.info\/wp-content\/uploads\/2014\/02\/Snare_web.jpg?fit=1080%2C533&ssl=1&resize=350%2C200","width":350,"height":200},"classes":[]},{"id":293,"url":"https:\/\/das.raumtuning.info\/?page_id=293","url_meta":{"origin":283,"position":2},"title":"Strom entst\u00f6ren","date":"30. Januar 2014","format":false,"excerpt":"Warum sollten Sie sich mit Strom besch\u00e4ftigen, wenn Sie Musik genie\u00dfen wollen? Weil die Praxis zeigt, dass, wenn Sie Ihre Stromkomponenten ver\u00e4ndern, der Klang sich auch ver\u00e4ndert! Dabei werden \u00fcblicherweise sogenannte Strom-Conditioner, Filter aber auch spezielle Netzkabel und Sicherungen angeboten. Das kann schon mal 1.000 bis 10.000 Euro kosten. Allen\u2026","rel":"","context":"Similar post","img":{"alt_text":"","src":"https:\/\/i0.wp.com\/das.raumtuning.info\/wp-content\/uploads\/2014\/01\/Power-Plug-Beitragsbild-web.jpg?fit=1063%2C752&ssl=1&resize=350%2C200","width":350,"height":200},"classes":[]},{"id":138,"url":"https:\/\/das.raumtuning.info\/?page_id=138","url_meta":{"origin":283,"position":3},"title":"Techniken","date":"28. Januar 2014","format":false,"excerpt":"Innovationen f\u00fcr die Sinne... ... lautet unsere Zielsetzung. Wir wollen, dass Sie besser h\u00f6ren und besser sehen. Das ist w\u00f6rtlich zu nehmen. Wir besch\u00e4ftigen uns mit dem Menschen und wie unsere heutige HiFi-Stereo und AV-Technik aber auch die h\u00e4usliche Umwelt den Menschen beim H\u00f6ren und Sehen unbemerkt und nebenbei negativ\u2026","rel":"","context":"Similar post","img":{"alt_text":"Quelle: Vortex HiFi","src":"https:\/\/i0.wp.com\/das.raumtuning.info\/wp-content\/uploads\/2014\/02\/Orgel-web.jpg?fit=1080%2C719&ssl=1&resize=350%2C200","width":350,"height":200},"classes":[]},{"id":309,"url":"https:\/\/das.raumtuning.info\/?page_id=309","url_meta":{"origin":283,"position":4},"title":"Prof.em. Dr. med. Karl Hecht","date":"30. Januar 2014","format":false,"excerpt":"Zitat Prof. Dr. med. Karl Hecht: \u201eIn meiner \u00fcber 50-j\u00e4hrigen T\u00e4tigkeit als Arzt und medizinischer Wissenschaftler habe ich immer wieder die Erfahrung gemacht, \u00a0dass Unsinniges, Unwissenschaftliches und Unwahrheit eher geglaubt werden und sich im Ged\u00e4chtnis der Menschen festsetzen und viel l\u00e4nger Bestand haben k\u00f6nnen als Wahrheiten, Sinnvolles und echtes Wissenschaftliches.\u2026","rel":"","context":"Similar post","img":{"alt_text":"Quelle: Vortex HiFi","src":"https:\/\/i0.wp.com\/das.raumtuning.info\/wp-content\/uploads\/2014\/02\/Rassel_web.jpg?fit=1080%2C717&ssl=1&resize=350%2C200","width":350,"height":200},"classes":[]},{"id":230,"url":"https:\/\/das.raumtuning.info\/?page_id=230","url_meta":{"origin":283,"position":5},"title":"Dirty Power \/ Dirty Electricity","date":"29. Januar 2014","format":false,"excerpt":"Was ist Dirty Power oder auch Dirty Electricity? Unter Dirty Power verstehen wir St\u00f6rpotentiale auf den Stromleitungen und die daraus resultierenden Beeinflussungen. Besch\u00e4ftigen wir uns mit der Problematik, die im Wesentlichen auf Prof.\u00a0Dr. Magda Havas und David Stetzer zur\u00fcckzuf\u00fchren ist, m\u00fcssen wir zwei Aspekte unterscheiden: Zum einen geht es um\u2026","rel":"","context":"Similar post","img":{"alt_text":"","src":"https:\/\/i0.wp.com\/das.raumtuning.info\/wp-content\/uploads\/2014\/02\/Klavier_Seiten_web.jpg?fit=1080%2C498&ssl=1&resize=350%2C200","width":350,"height":200},"classes":[]}],"_links":{"self":[{"href":"https:\/\/das.raumtuning.info\/index.php?rest_route=\/wp\/v2\/pages\/283","targetHints":{"allow":["GET"]}}],"collection":[{"href":"https:\/\/das.raumtuning.info\/index.php?rest_route=\/wp\/v2\/pages"}],"about":[{"href":"https:\/\/das.raumtuning.info\/index.php?rest_route=\/wp\/v2\/types\/page"}],"author":[{"embeddable":true,"href":"https:\/\/das.raumtuning.info\/index.php?rest_route=\/wp\/v2\/users\/1"}],"replies":[{"embeddable":true,"href":"https:\/\/das.raumtuning.info\/index.php?rest_route=%2Fwp%2Fv2%2Fcomments&post=283"}],"version-history":[{"count":10,"href":"https:\/\/das.raumtuning.info\/index.php?rest_route=\/wp\/v2\/pages\/283\/revisions"}],"predecessor-version":[{"id":985,"href":"https:\/\/das.raumtuning.info\/index.php?rest_route=\/wp\/v2\/pages\/283\/revisions\/985"}],"up":[{"embeddable":true,"href":"https:\/\/das.raumtuning.info\/index.php?rest_route=\/wp\/v2\/pages\/138"}],"wp:featuredmedia":[{"embeddable":true,"href":"https:\/\/das.raumtuning.info\/index.php?rest_route=\/wp\/v2\/media\/606"}],"wp:attachment":[{"href":"https:\/\/das.raumtuning.info\/index.php?rest_route=%2Fwp%2Fv2%2Fmedia&parent=283"}],"curies":[{"name":"wp","href":"https:\/\/api.w.org\/{rel}","templated":true}]}}