{"id":307,"date":"2014-01-30T10:56:48","date_gmt":"2014-01-30T09:56:48","guid":{"rendered":"http:\/\/das.raumtuning.info\/?page_id=307"},"modified":"2014-04-08T19:43:37","modified_gmt":"2014-04-08T17:43:37","slug":"prof-dr-magda-havas","status":"publish","type":"page","link":"https:\/\/das.raumtuning.info\/?page_id=307","title":{"rendered":"Prof. Dr. Magda Havas"},"content":{"rendered":"<p><b>Dr. Magda Havas<\/b>, <b>PhD<\/b> ist Associate Professor of Environmental &amp; Resource Studies an der <b>Trent University.<\/b><\/p>\n<p>Sie lehrt <b>im \u201ecentre of helth studies\u201c<\/b> an der Trent University in Kanada\u00a0unter anderem \u2013 <b>\u201eBiological Effects of Electromagnetic Fields\u201c<\/b>. Hierbei geht es um den Einfluss von magnetischen sowie elektrischen Feldern bis zu elektromagnetischen Wellen im Gigahertz Bereich auf den menschlichen K\u00f6rper.<\/p>\n<p>Dr. Magda Havas ist auch Co-Professor f\u00fcr die interdisziplin\u00e4re Einf\u00fchrungsvorlesung im Bereich Umwelt Forschung und Studien<b>-\u201e Introduction to Environmental Science\/Studies\u201c<\/b>. Hier geht es um Grundlagen der Umweltforschung inklusive der politischen, \u00f6konomischen aber auch ethischen Aspekte der Umweltforschung.<\/p>\n<p>Dr. Magda Haves ist also eine Forscherin mit profunden Kenntnissen in interdisziplin\u00e4ren, ganzheitlichen, \u00f6kologischen sowie wissenschaftlichen Arbeiten.<\/p>\n<p>Die Arbeit von Dr. Magda Havas ist nicht nur wegen ihren Inhalten so interessant, sondern auch wegen deren einfache und einpr\u00e4gsame Kommunikation. Das ist auch eines ihrer Spezialgebiete, welche sie lehrt. Sie vermittelt in ihrem Kurs <b>\u201eENVIRONMENT &amp; COMMUNICATION\u201c<\/b> wie man effektiv auch gegen\u00fcber nicht-wissenschaftlichen Zielgruppen wissenschaftliche Inhalte kommuniziert.<\/p>\n<h4><b>F\u00fcr den HiFi-Bereich interessante Forschungsergebnisse von Dr. Magda Havas<\/b><\/h4>\n<h5><b>Niederfrequenz Ergebnisse<\/b><\/h5>\n<p>Magda Havas zeigt den Einfluss extrem niedriger elektromagnetischer Frequenzen auf den menschlichen K\u00f6rper auf. Hier besch\u00e4ftigt sie sich mit den Oberwellen auf den Stromnetzen und deren Einfluss auf K\u00f6rperfunktionen. Diese Effekte werden unter den Begriffen <a title=\"Dirty Power\" href=\"http:\/\/das.raumtuning.info\/?page_id=230\" target=\"_blank\">Dirty Power <\/a>oder<a title=\"Dirty Power\" href=\"http:\/\/das.raumtuning.info\/?page_id=230\" target=\"_blank\"> Dirty Electricity <\/a>dargestellt. In Zusammenarbeit mit Prof.Dr. Martin Graham und Dave Statzer zeigt Sie auf, dass bei einem hohen Oberwellenanteil auf dem Stromnetz <a title=\"Dirty Power\" href=\"http:\/\/das.raumtuning.info\/?page_id=230\" target=\"_blank\">(siehe Dirty Power<\/a>) sowohl das Nervensystem <a href=\"http:\/\/www.youtube.com\/watch?v=xdtIPb3Veuw\" target=\"_blank\">(Multipel Sklerose)<\/a> als auch hormonelle Regelungen wie beim Blutzucker (<a href=\"http:\/\/www.youtube.com\/watch?v=gJcM6RZwyfA&amp;feature=player_embedded\" target=\"_blank\">Zuckerkrankheit<\/a>) bei Elektrosmog empfindlichen Menschen erheblich durcheinander gebracht werden. Ebenso treten teilweise spontan und extrem intensiv Hautver\u00e4nderungen auf. Da Energiesparlampen eine erhebliche Verst\u00e4rkung von niederfrequentem Elektrosmog erzeugen, ist Magda Havas eine der \u00e4rgsten Gegner dieser Technik. Ihre Forschung bringt hier Schockierendes zu Tage <a title=\"Videos von Dr. Magda Havas\" href=\"http:\/\/das.raumtuning.info\/?page_id=323\">(siehe Video)<\/a>.<\/p>\n<p><a href=\"https:\/\/i0.wp.com\/das.raumtuning.info\/wp-content\/uploads\/2014\/01\/TCO99-Band2-E-Feld-Messung-Lampenvergleich-Text.jpg\"><img fetchpriority=\"high\" decoding=\"async\" data-attachment-id=\"553\" data-permalink=\"https:\/\/das.raumtuning.info\/?attachment_id=553\" data-orig-file=\"https:\/\/i0.wp.com\/das.raumtuning.info\/wp-content\/uploads\/2014\/01\/TCO99-Band2-E-Feld-Messung-Lampenvergleich-Text.jpg?fit=1024%2C768&amp;ssl=1\" data-orig-size=\"1024,768\" data-comments-opened=\"1\" data-image-meta=\"{&quot;aperture&quot;:&quot;0&quot;,&quot;credit&quot;:&quot;&quot;,&quot;camera&quot;:&quot;&quot;,&quot;caption&quot;:&quot;&quot;,&quot;created_timestamp&quot;:&quot;0&quot;,&quot;copyright&quot;:&quot;&quot;,&quot;focal_length&quot;:&quot;0&quot;,&quot;iso&quot;:&quot;0&quot;,&quot;shutter_speed&quot;:&quot;0&quot;,&quot;title&quot;:&quot;&quot;}\" data-image-title=\"TCO99 Band2 E-Feld Messung Lampenvergleich-Text\" data-image-description=\"\" data-image-caption=\"\" data-medium-file=\"https:\/\/i0.wp.com\/das.raumtuning.info\/wp-content\/uploads\/2014\/01\/TCO99-Band2-E-Feld-Messung-Lampenvergleich-Text.jpg?fit=300%2C225&amp;ssl=1\" data-large-file=\"https:\/\/i0.wp.com\/das.raumtuning.info\/wp-content\/uploads\/2014\/01\/TCO99-Band2-E-Feld-Messung-Lampenvergleich-Text.jpg?fit=640%2C480&amp;ssl=1\" class=\"alignnone size-full wp-image-553\" alt=\"TCO99 Band2 E-Feld Messung Lampenvergleich-Text\" src=\"https:\/\/i0.wp.com\/das.raumtuning.info\/wp-content\/uploads\/2014\/01\/TCO99-Band2-E-Feld-Messung-Lampenvergleich-Text.jpg?resize=640%2C480\" width=\"640\" height=\"480\" srcset=\"https:\/\/i0.wp.com\/das.raumtuning.info\/wp-content\/uploads\/2014\/01\/TCO99-Band2-E-Feld-Messung-Lampenvergleich-Text.jpg?w=1024&amp;ssl=1 1024w, https:\/\/i0.wp.com\/das.raumtuning.info\/wp-content\/uploads\/2014\/01\/TCO99-Band2-E-Feld-Messung-Lampenvergleich-Text.jpg?resize=300%2C225&amp;ssl=1 300w, https:\/\/i0.wp.com\/das.raumtuning.info\/wp-content\/uploads\/2014\/01\/TCO99-Band2-E-Feld-Messung-Lampenvergleich-Text.jpg?resize=900%2C675&amp;ssl=1 900w\" sizes=\"(max-width: 640px) 100vw, 640px\" data-recalc-dims=\"1\" \/><\/a><\/p>\n<p>Ihre Ergebnisse trug Dr. Magda Havas auch auf einem WHO-Workshop am 25. Oktober 2004 in Prag vor (siehe \u00fcbersetzte Tabelle). Die Tabelle zeigt eine typische Patientin, welche bei einem hohen Oberwellenanteil (blaue Balken) auf ihrem Stromnetz \u00fcber\u00a0starke bis moderate funktionelle St\u00f6rungen klagte und bei geringen Oberwellen (rote Balken) auf ihrem Stromnetz (speziell baubiologisch gefiltert) sehr milde und keine Befindlichkeitsst\u00f6rungen aufwies. Neben den Problemen wie Kopfschmerzen, Ged\u00e4chtnisverlust (zentrales Nervensystem \u2013 Verarbeitung der H\u00f6rinformationen) und Verwirrung (Nervensystem) traten auch <b>Ohrger\u00e4usche<\/b> auf!!! Magda Haves zeigt so in systematischen Untersuchungen den Zusammenhang von niederfrequenten magnetischen bzw. elektrischen Feldern und dem H\u00f6ren auf.<\/p>\n<p><a href=\"https:\/\/i0.wp.com\/das.raumtuning.info\/wp-content\/uploads\/2014\/01\/Magda-Havas-Tabelle.jpg\"><img decoding=\"async\" data-attachment-id=\"554\" data-permalink=\"https:\/\/das.raumtuning.info\/?attachment_id=554\" data-orig-file=\"https:\/\/i0.wp.com\/das.raumtuning.info\/wp-content\/uploads\/2014\/01\/Magda-Havas-Tabelle.jpg?fit=540%2C358&amp;ssl=1\" data-orig-size=\"540,358\" data-comments-opened=\"1\" data-image-meta=\"{&quot;aperture&quot;:&quot;0&quot;,&quot;credit&quot;:&quot;&quot;,&quot;camera&quot;:&quot;&quot;,&quot;caption&quot;:&quot;&quot;,&quot;created_timestamp&quot;:&quot;0&quot;,&quot;copyright&quot;:&quot;&quot;,&quot;focal_length&quot;:&quot;0&quot;,&quot;iso&quot;:&quot;0&quot;,&quot;shutter_speed&quot;:&quot;0&quot;,&quot;title&quot;:&quot;&quot;}\" data-image-title=\"Tabelle \u00fcber die Gesundheitsst\u00f6rungen einer elektrosensieblen Frau.\" data-image-description=\"&lt;p&gt;Tabelle \u00fcber die Gesundheitsst\u00f6rungen einer elektrosensieblen Frau.&lt;\/p&gt;\n\" data-image-caption=\"&lt;p&gt;Tabelle \u00fcber die Gesundheitsst\u00f6rungen einer elektrosensieblen Frau.&lt;\/p&gt;\n\" data-medium-file=\"https:\/\/i0.wp.com\/das.raumtuning.info\/wp-content\/uploads\/2014\/01\/Magda-Havas-Tabelle.jpg?fit=300%2C198&amp;ssl=1\" data-large-file=\"https:\/\/i0.wp.com\/das.raumtuning.info\/wp-content\/uploads\/2014\/01\/Magda-Havas-Tabelle.jpg?fit=540%2C358&amp;ssl=1\" class=\"alignnone size-full wp-image-554\" alt=\"Magda Havas Tabelle\" src=\"https:\/\/i0.wp.com\/das.raumtuning.info\/wp-content\/uploads\/2014\/01\/Magda-Havas-Tabelle.jpg?resize=540%2C358\" width=\"540\" height=\"358\" srcset=\"https:\/\/i0.wp.com\/das.raumtuning.info\/wp-content\/uploads\/2014\/01\/Magda-Havas-Tabelle.jpg?w=540&amp;ssl=1 540w, https:\/\/i0.wp.com\/das.raumtuning.info\/wp-content\/uploads\/2014\/01\/Magda-Havas-Tabelle.jpg?resize=300%2C198&amp;ssl=1 300w\" sizes=\"(max-width: 540px) 100vw, 540px\" data-recalc-dims=\"1\" \/><\/a><\/p>\n<h5><b>Hochfrequenz Ergebnisse<\/b><\/h5>\n<p>Neben dem <a title=\"Dirty Power\" href=\"http:\/\/das.raumtuning.info\/?page_id=230\" target=\"_blank\"><b>Dirty Powe<\/b><b>r<\/b><\/a> Problem (Niederfrequenz) zeigt Dr. Magda Havas die Folgen von Radiofrequenz und Hochfrequenzstrahlungen auf. Sie stellt fest, dass die Herzregelung durch <a href=\"http:\/\/www.youtube.com\/watch?v=_EI9fZX4iww\" target=\"_blank\">DECT-Telefone<\/a> (digitale Schnurlos-Telefone) ebenso durcheinander gebracht wird, wie durch WLAN Konzentrationsschwierigkeiten und kognitive Ausf\u00e4lle an Schulen auftreten. Durch die unerm\u00fcdliche Arbeit in diesem Bereich sind heute in Kanada auf den Geb\u00e4uden von Feuerwehren Mobilfunk-Sendet\u00fcrme verboten, da diese unter anderem \u201eVerwirrtheit\u201c ausl\u00f6sen. Sicher keine positive Eigenschaft eines Feuerwehrmannes.<\/p>\n<p><strong>Unter Videos haben wir paar ausgesuchte <a title=\"Videos von Dr. Magda Havas\" href=\"http:\/\/das.raumtuning.info\/?page_id=323\" target=\"_blank\">kleine Videos<\/a> von Magda Haves hinterlegt<\/strong><\/p>\n<p>Eine gute Durchblutung des Geh\u00f6rs ist Voraussetzung f\u00fcr ein differnziertes H\u00f6ren. Auch dies verschlechtert Elektrosmog:<\/p>\n<p class=\"jetpack-slideshow-noscript robots-nocontent\">Diese Slideshow erfordert aktiviertes JavaScript.<\/p><div id=\"gallery-307-1-slideshow\" class=\"jetpack-slideshow-window jetpack-slideshow jetpack-slideshow-black\" data-trans=\"fade\" data-autostart=\"1\" data-gallery=\"[{&quot;src&quot;:&quot;https:\\\/\\\/i0.wp.com\\\/das.raumtuning.info\\\/wp-content\\\/uploads\\\/2014\\\/01\\\/Blut-in-nat\\u00fcrlicher-Umwelt-rot2.png?fit=720%2C720\\u0026ssl=1&quot;,&quot;id&quot;:&quot;1021&quot;,&quot;title&quot;:&quot;Blut-in-nat\\u00fcrlicher-Umwelt-rot2&quot;,&quot;alt&quot;:&quot;&quot;,&quot;caption&quot;:&quot;Blut in einer gesunden, elektrosmogarmen Umwelt. Vereinzelte rote Blutk\\u00f6rper.&quot;,&quot;itemprop&quot;:&quot;image&quot;},{&quot;src&quot;:&quot;https:\\\/\\\/i0.wp.com\\\/das.raumtuning.info\\\/wp-content\\\/uploads\\\/2014\\\/01\\\/Blut-nach-70-Minuten-am-Computer-rot.png?fit=720%2C720\\u0026ssl=1&quot;,&quot;id&quot;:&quot;1023&quot;,&quot;title&quot;:&quot;Blut-nach-70-Minuten-am-Computer-rot&quot;,&quot;alt&quot;:&quot;&quot;,&quot;caption&quot;:&quot;Blut nach 70 Minuten vor dem Computer. Gedrolleneffekt ist deutlich zu sehen. Die roten Blutk\\u00f6rper verklebe. Es ergibt sich eine schlechte Mikrozirkulation.&quot;,&quot;itemprop&quot;:&quot;image&quot;},{&quot;src&quot;:&quot;https:\\\/\\\/i0.wp.com\\\/das.raumtuning.info\\\/wp-content\\\/uploads\\\/2014\\\/01\\\/Blut-nach-10-Minuten-mit-DECT-Telefon-rot.png?fit=720%2C721\\u0026ssl=1&quot;,&quot;id&quot;:&quot;1022&quot;,&quot;title&quot;:&quot;Blut-nach-10-Minuten-mit-DECT-Telefon-rot&quot;,&quot;alt&quot;:&quot;&quot;,&quot;caption&quot;:&quot;Blut nach 10 Minuten DECT  telefonieren. Es sind gro\\u00dffl\\u00e4chig die roten Blutk\\u00f6rper verklebt. Es ergibt sich eine sehr beschr\\u00e4nkte Mikrozirkulation und Sauerstoffversorgung..&quot;,&quot;itemprop&quot;:&quot;image&quot;}]\" itemscope itemtype=\"https:\/\/schema.org\/ImageGallery\"><\/div>\n","protected":false},"excerpt":{"rendered":"<p>Dr. Magda Havas, PhD ist Associate Professor of Environmental &amp; Resource Studies an der Trent University. Sie lehrt im \u201ecentre of helth studies\u201c an der Trent University in Kanada\u00a0unter anderem \u2013 \u201eBiological Effects of Electromagnetic Fields\u201c. Hierbei geht es um den Einfluss von magnetischen sowie elektrischen Feldern bis zu elektromagnetischen Wellen im Gigahertz Bereich auf den menschlichen K\u00f6rper. Dr. Magda Havas ist auch Co-Professor f\u00fcr die interdisziplin\u00e4re Einf\u00fchrungsvorlesung im Bereich Umwelt Forschung und Studien-\u201e Introduction to Environmental Science\/Studies\u201c. Hier geht&#8230;<\/p>\n<p class=\"read-more\"><a class=\"btn btn-default\" href=\"https:\/\/das.raumtuning.info\/?page_id=307\">Weiterlesen<span class=\"screen-reader-text\"> Weiterlesen<\/span><\/a><\/p>\n","protected":false},"author":1,"featured_media":646,"parent":239,"menu_order":0,"comment_status":"open","ping_status":"closed","template":"","meta":{"jetpack_post_was_ever_published":false,"footnotes":""},"class_list":["post-307","page","type-page","status-publish","has-post-thumbnail","hentry"],"aioseo_notices":[],"jetpack_sharing_enabled":true,"jetpack_shortlink":"https:\/\/wp.me\/P4hjs0-4X","jetpack-related-posts":[{"id":323,"url":"https:\/\/das.raumtuning.info\/?page_id=323","url_meta":{"origin":307,"position":0},"title":"Videos von Dr. Magda Havas","date":"30. Januar 2014","format":false,"excerpt":"Hier finden Sie ein paar Videos \u00fcber den Einfluss von Elektrosmog auf den meschlichen K\u00f6rper.Quelle: Dr. Magda Havas Video \u00fcber die Beeinflussung der Herzschlagregelung durch Mikrowellenstrahlung (DECTTelefone)\u00a0 - von Dr. Magda Havas http:\/\/www.youtube.com\/watch?v=_EI9fZX4iww&feature=player_detailpage Video \u00fcber die Beeinflussung von Nerven durch Oberwllen im Stromnetz am Beispiel von Multiple Sklerose Patienten -\u2026","rel":"","context":"Similar post","img":{"alt_text":"","src":"https:\/\/i0.wp.com\/img.youtube.com\/vi\/_EI9fZX4iww\/0.jpg?resize=350%2C200","width":350,"height":200},"classes":[]},{"id":230,"url":"https:\/\/das.raumtuning.info\/?page_id=230","url_meta":{"origin":307,"position":1},"title":"Dirty Power \/ Dirty Electricity","date":"29. Januar 2014","format":false,"excerpt":"Was ist Dirty Power oder auch Dirty Electricity? Unter Dirty Power verstehen wir St\u00f6rpotentiale auf den Stromleitungen und die daraus resultierenden Beeinflussungen. Besch\u00e4ftigen wir uns mit der Problematik, die im Wesentlichen auf Prof.\u00a0Dr. Magda Havas und David Stetzer zur\u00fcckzuf\u00fchren ist, m\u00fcssen wir zwei Aspekte unterscheiden: Zum einen geht es um\u2026","rel":"","context":"Similar post","img":{"alt_text":"","src":"https:\/\/i0.wp.com\/das.raumtuning.info\/wp-content\/uploads\/2014\/02\/Klavier_Seiten_web.jpg?fit=1080%2C498&ssl=1&resize=350%2C200","width":350,"height":200},"classes":[]},{"id":372,"url":"https:\/\/das.raumtuning.info\/?page_id=372","url_meta":{"origin":307,"position":2},"title":"Massefreier Schirm","date":"30. Januar 2014","format":false,"excerpt":"Schlechter H\u00f6ren durch Schirmung auf Masse Wie wir durch die Dirty Power Forschung von Prof. Dr. Magda Havas wissen k\u00f6nnen je nach Frequenz\u00a0 schon Oberwellen von weniger als 5 millivolt die maximale Empfehlung von 50GS Einheiten f\u00fcr die Elektrosmog-Belastung in Wohnr\u00e4umen \u00fcberschreiten. Dies bedeutet schon sehr geringe St\u00f6rungen auf der\u2026","rel":"","context":"With 2 comments","img":{"alt_text":"Quelle: Vortex HiFi","src":"https:\/\/i0.wp.com\/das.raumtuning.info\/wp-content\/uploads\/2014\/02\/Querfl\u00f6te_web.jpg?fit=1080%2C624&ssl=1&resize=350%2C200","width":350,"height":200},"classes":[]},{"id":283,"url":"https:\/\/das.raumtuning.info\/?page_id=283","url_meta":{"origin":307,"position":3},"title":"Entst\u00f6rung","date":"30. Januar 2014","format":false,"excerpt":"Unter Entst\u00f6rung verstehen wir die Reduzierung von physikalischen St\u00f6rquellen durch Entst\u00f6rma\u00dfnahmen. Dies k\u00f6nnen statische Magnetfelder sein, die vom Erdmagnetfeld abweichen. Dies k\u00f6nnen magnetische oder elektrische Wechselfelder sein. Dies k\u00f6nnen aber auch elektromagnetische Wellen oder Wirbel sein. Alle diese elektrischen, magnetischen oder elektromagnetischen Felder stehen in dem begr\u00fcndeten Verdacht, Vorg\u00e4nge im\u2026","rel":"","context":"Similar post","img":{"alt_text":"","src":"https:\/\/i0.wp.com\/das.raumtuning.info\/wp-content\/uploads\/2014\/01\/Titel-Entst\u00f6rung1.jpg?fit=1080%2C496&ssl=1&resize=350%2C200","width":350,"height":200},"classes":[]},{"id":239,"url":"https:\/\/das.raumtuning.info\/?page_id=239","url_meta":{"origin":307,"position":4},"title":"Elektrosmog und H\u00f6ren","date":"29. Januar 2014","format":false,"excerpt":"In der Diskussion \u00fcber Beeinflussungen durch Elektrosmog ist zwischen wissenschaftlichen Erkenntnissen und Empirie zu unterscheiden. Wissenschaftliche Erkenntnisse Es ist schon erstaunlich, dass hierzulande Tausende Mediziner Appelle gegen gepulste Mikrowellenstrahlung unterschreiben, weil ihre Patienten darunter gesundheitlich leiden.\u00a0 Allein der Freiburger- Appell von \u00c4rzten wurde von ca. 40.000 Personen unterschrieben. Leider f\u00e4llt\u2026","rel":"","context":"Similar post","img":{"alt_text":"Quelle: Vortex HiFi","src":"https:\/\/i0.wp.com\/das.raumtuning.info\/wp-content\/uploads\/2014\/02\/Klavier_Hammer_web.jpg?fit=1080%2C550&ssl=1&resize=350%2C200","width":350,"height":200},"classes":[]},{"id":41,"url":"https:\/\/das.raumtuning.info\/?page_id=41","url_meta":{"origin":307,"position":5},"title":"L\u00f6sungen","date":"13. Januar 2014","format":false,"excerpt":"Die Vortex HiFi Entst\u00f6rmatrix Hier sehen Sie einzelne Probleme und unserre L\u00f6sungen. Weiter unten haben wir f\u00fcr Sie L\u00f6sungsbereiche zusammengestellt. Ziel unserer L\u00f6sungen ist es, die konkreten Probleme in ihrem Zuhause zu beseitigen, damit Sie Musik wie Life in Ihrem Zuhause genie\u00dfen k\u00f6nnen. Dazu setzen wir ganzheitlich, also am Raum,\u2026","rel":"","context":"Similar post","img":{"alt_text":"Quelle: Vortex HiFi","src":"https:\/\/i0.wp.com\/das.raumtuning.info\/wp-content\/uploads\/2014\/02\/E-Gitarre-Steg_web.jpg?fit=1080%2C810&ssl=1&resize=350%2C200","width":350,"height":200},"classes":[]}],"_links":{"self":[{"href":"https:\/\/das.raumtuning.info\/index.php?rest_route=\/wp\/v2\/pages\/307","targetHints":{"allow":["GET"]}}],"collection":[{"href":"https:\/\/das.raumtuning.info\/index.php?rest_route=\/wp\/v2\/pages"}],"about":[{"href":"https:\/\/das.raumtuning.info\/index.php?rest_route=\/wp\/v2\/types\/page"}],"author":[{"embeddable":true,"href":"https:\/\/das.raumtuning.info\/index.php?rest_route=\/wp\/v2\/users\/1"}],"replies":[{"embeddable":true,"href":"https:\/\/das.raumtuning.info\/index.php?rest_route=%2Fwp%2Fv2%2Fcomments&post=307"}],"version-history":[{"count":8,"href":"https:\/\/das.raumtuning.info\/index.php?rest_route=\/wp\/v2\/pages\/307\/revisions"}],"predecessor-version":[{"id":1045,"href":"https:\/\/das.raumtuning.info\/index.php?rest_route=\/wp\/v2\/pages\/307\/revisions\/1045"}],"up":[{"embeddable":true,"href":"https:\/\/das.raumtuning.info\/index.php?rest_route=\/wp\/v2\/pages\/239"}],"wp:featuredmedia":[{"embeddable":true,"href":"https:\/\/das.raumtuning.info\/index.php?rest_route=\/wp\/v2\/media\/646"}],"wp:attachment":[{"href":"https:\/\/das.raumtuning.info\/index.php?rest_route=%2Fwp%2Fv2%2Fmedia&parent=307"}],"curies":[{"name":"wp","href":"https:\/\/api.w.org\/{rel}","templated":true}]}}