{"id":309,"date":"2014-01-30T10:58:36","date_gmt":"2014-01-30T09:58:36","guid":{"rendered":"http:\/\/das.raumtuning.info\/?page_id=309"},"modified":"2014-03-27T13:57:07","modified_gmt":"2014-03-27T12:57:07","slug":"prof-em-dr-med-karl-hecht","status":"publish","type":"page","link":"https:\/\/das.raumtuning.info\/?page_id=309","title":{"rendered":"Prof.em. Dr. med. Karl Hecht"},"content":{"rendered":"<p>Zitat Prof. Dr. med. Karl Hecht:<\/p>\n<p><b><i>\u201eIn meiner \u00fcber 50-j\u00e4hrigen T\u00e4tigkeit als Arzt und medizinischer Wissenschaftler habe ich immer wieder die Erfahrung gemacht,<\/i><\/b><\/p>\n<ul>\n<li><b><i>\u00a0dass Unsinniges, Unwissenschaftliches und Unwahrheit eher geglaubt werden und sich im Ged\u00e4chtnis der Menschen festsetzen und viel l\u00e4nger Bestand haben k\u00f6nnen als Wahrheiten, Sinnvolles und echtes Wissenschaftliches.<\/i><\/b><\/li>\n<li><b><i>\u00a0dass echten neuen Erkenntnissen immer mit Skepsis und manchmal sogar mit Verleumdungen entgegen getreten wird, dagegen an alten, l\u00e4ngst nicht mehr g\u00fcltigen Dogmen festgehalten wird, obgleich sie den Menschen nichts mehr n\u00fctzen oder sogar schaden.\u201c<\/i><\/b><\/li>\n<\/ul>\n<p>Prof. Dr. Med. Karl Hecht ist mit \u00fcber 750 wissenschaftlichen Ver\u00f6ffentlichungen ein angesehener Wissenschaftler. Die Arbeiten von Prof. Dr. med. Karl Hecht sind insoweit interessant, da diese einen sehr umfassenden Blick auf die Wirkung von Elektrosmog auf den Menschen vermitteln. Insbesondere seine Zusammenfassung der russischen Forschung zu diesem Thema aus \u00fcber 800 russischen Originalarbeiten ist in seiner Komplexit\u00e4t und Aussagekraft einzigartig. Diese Literaturstudie wurde vom Bundesministerium f\u00fcr Telekommunikation in Auftrag gegeben. Insbesondere in dieser Zusammenfassung wird auch bei den biologischen Wirkungen von Mikrowellenstrahlung (Siehe Biologische Wirkungen Elektromagnetischer Felder im Frequenzbereich 0 \u2013 3 GHz auf den Menschen) ausdr\u00fccklich auf deren Einfluss auf den H\u00f6rsinn und Sehsinn hingewiesen.<\/p>\n<p>Einen ausgesprochen differenzierten historischen Abriss \u00fcber die Wirkung von elektromagnetischen Feldern und Wellen zeigt er in \u201e Zur Verharmlosung der gesundheitsrelevanten Wirkung von hochfrequenten Radio- und Mikrowellenstrahlungen (einschlie\u00dflich des Mobiltelefonsystems) auf die funktionellen und k\u00f6rperlichen Prozesse des Menschen\u201c. Diese Stellungnahme ist auch gleichzeitig eine Wissenschaftskritik an der aktuellen \u201eForschung im Bereich Elektrosmog.<\/p>\n","protected":false},"excerpt":{"rendered":"<p>Zitat Prof. Dr. med. Karl Hecht: \u201eIn meiner \u00fcber 50-j\u00e4hrigen T\u00e4tigkeit als Arzt und medizinischer Wissenschaftler habe ich immer wieder die Erfahrung gemacht, \u00a0dass Unsinniges, Unwissenschaftliches und Unwahrheit eher geglaubt werden und sich im Ged\u00e4chtnis der Menschen festsetzen und viel l\u00e4nger Bestand haben k\u00f6nnen als Wahrheiten, Sinnvolles und echtes Wissenschaftliches. \u00a0dass echten neuen Erkenntnissen immer mit Skepsis und manchmal sogar mit Verleumdungen entgegen getreten wird, dagegen an alten, l\u00e4ngst nicht mehr g\u00fcltigen Dogmen festgehalten wird, obgleich sie den Menschen nichts&#8230;<\/p>\n<p class=\"read-more\"><a class=\"btn btn-default\" href=\"https:\/\/das.raumtuning.info\/?page_id=309\">Weiterlesen<span class=\"screen-reader-text\"> Weiterlesen<\/span><\/a><\/p>\n","protected":false},"author":1,"featured_media":656,"parent":10,"menu_order":0,"comment_status":"open","ping_status":"closed","template":"","meta":{"jetpack_post_was_ever_published":false,"footnotes":""},"class_list":["post-309","page","type-page","status-publish","has-post-thumbnail","hentry"],"aioseo_notices":[],"jetpack_sharing_enabled":true,"jetpack_shortlink":"https:\/\/wp.me\/P4hjs0-4Z","jetpack-related-posts":[{"id":239,"url":"https:\/\/das.raumtuning.info\/?page_id=239","url_meta":{"origin":309,"position":0},"title":"Elektrosmog und H\u00f6ren","date":"29. Januar 2014","format":false,"excerpt":"In der Diskussion \u00fcber Beeinflussungen durch Elektrosmog ist zwischen wissenschaftlichen Erkenntnissen und Empirie zu unterscheiden. Wissenschaftliche Erkenntnisse Es ist schon erstaunlich, dass hierzulande Tausende Mediziner Appelle gegen gepulste Mikrowellenstrahlung unterschreiben, weil ihre Patienten darunter gesundheitlich leiden.\u00a0 Allein der Freiburger- Appell von \u00c4rzten wurde von ca. 40.000 Personen unterschrieben. Leider f\u00e4llt\u2026","rel":"","context":"Similar post","img":{"alt_text":"Quelle: Vortex HiFi","src":"https:\/\/i0.wp.com\/das.raumtuning.info\/wp-content\/uploads\/2014\/02\/Klavier_Hammer_web.jpg?fit=1080%2C550&ssl=1&resize=350%2C200","width":350,"height":200},"classes":[]},{"id":41,"url":"https:\/\/das.raumtuning.info\/?page_id=41","url_meta":{"origin":309,"position":1},"title":"L\u00f6sungen","date":"13. Januar 2014","format":false,"excerpt":"Die Vortex HiFi Entst\u00f6rmatrix Hier sehen Sie einzelne Probleme und unserre L\u00f6sungen. Weiter unten haben wir f\u00fcr Sie L\u00f6sungsbereiche zusammengestellt. Ziel unserer L\u00f6sungen ist es, die konkreten Probleme in ihrem Zuhause zu beseitigen, damit Sie Musik wie Life in Ihrem Zuhause genie\u00dfen k\u00f6nnen. Dazu setzen wir ganzheitlich, also am Raum,\u2026","rel":"","context":"Similar post","img":{"alt_text":"Quelle: Vortex HiFi","src":"https:\/\/i0.wp.com\/das.raumtuning.info\/wp-content\/uploads\/2014\/02\/E-Gitarre-Steg_web.jpg?fit=1080%2C810&ssl=1&resize=350%2C200","width":350,"height":200},"classes":[]},{"id":283,"url":"https:\/\/das.raumtuning.info\/?page_id=283","url_meta":{"origin":309,"position":2},"title":"Entst\u00f6rung","date":"30. Januar 2014","format":false,"excerpt":"Unter Entst\u00f6rung verstehen wir die Reduzierung von physikalischen St\u00f6rquellen durch Entst\u00f6rma\u00dfnahmen. Dies k\u00f6nnen statische Magnetfelder sein, die vom Erdmagnetfeld abweichen. Dies k\u00f6nnen magnetische oder elektrische Wechselfelder sein. Dies k\u00f6nnen aber auch elektromagnetische Wellen oder Wirbel sein. Alle diese elektrischen, magnetischen oder elektromagnetischen Felder stehen in dem begr\u00fcndeten Verdacht, Vorg\u00e4nge im\u2026","rel":"","context":"Similar post","img":{"alt_text":"","src":"https:\/\/i0.wp.com\/das.raumtuning.info\/wp-content\/uploads\/2014\/01\/Titel-Entst\u00f6rung1.jpg?fit=1080%2C496&ssl=1&resize=350%2C200","width":350,"height":200},"classes":[]},{"id":230,"url":"https:\/\/das.raumtuning.info\/?page_id=230","url_meta":{"origin":309,"position":3},"title":"Dirty Power \/ Dirty Electricity","date":"29. Januar 2014","format":false,"excerpt":"Was ist Dirty Power oder auch Dirty Electricity? Unter Dirty Power verstehen wir St\u00f6rpotentiale auf den Stromleitungen und die daraus resultierenden Beeinflussungen. Besch\u00e4ftigen wir uns mit der Problematik, die im Wesentlichen auf Prof.\u00a0Dr. Magda Havas und David Stetzer zur\u00fcckzuf\u00fchren ist, m\u00fcssen wir zwei Aspekte unterscheiden: Zum einen geht es um\u2026","rel":"","context":"Similar post","img":{"alt_text":"","src":"https:\/\/i0.wp.com\/das.raumtuning.info\/wp-content\/uploads\/2014\/02\/Klavier_Seiten_web.jpg?fit=1080%2C498&ssl=1&resize=350%2C200","width":350,"height":200},"classes":[]},{"id":295,"url":"https:\/\/das.raumtuning.info\/?page_id=295","url_meta":{"origin":309,"position":4},"title":"Raumtuning","date":"30. Januar 2014","format":false,"excerpt":"Wie wird Ihr Wohnzimmer zum Konzertsaal? Das ist ganz einfach! Sie schalten Ihre HiFi-Anlage an, setzen sich gem\u00fctlich in Ihren Lieblingssessel und schlie\u00dfen Ihre Augen. Schon sind Sie in einer Kirche, einem Jazz-Club oder in einem Konzetsaal. Das einzige, was Sie brauchen, ist Entspannung - denn dann machen Sie Ihr\u2026","rel":"","context":"Similar post","img":{"alt_text":"Quelle: Vortex HiFi","src":"https:\/\/i0.wp.com\/das.raumtuning.info\/wp-content\/uploads\/2014\/02\/Konzertsaal.jpg?fit=1080%2C578&ssl=1&resize=350%2C200","width":350,"height":200},"classes":[]},{"id":1690,"url":"https:\/\/das.raumtuning.info\/?page_id=1690","url_meta":{"origin":309,"position":5},"title":"Power Imagination","date":"9. Dezember 2014","format":false,"excerpt":"Herzlich willkommen in der Welt der kraftvollen Vorstellungskraft - die Vortex HiFi P.I. Technik. Die Power Imagination (P.I.) Technik von Vortex HiFi \u00fcberlagert den St\u00f6rfeldern einer Anlage oder des Raumes P.I.-Informationen. Diese Informationen\u00a0 haben das Ziel, St\u00f6rungen im kybernetischen Kommunikationssystem des menschlichen K\u00f6rper aufzul\u00f6sen. So ist eine ganzheitliche Musikempfindung wie\u2026","rel":"","context":"Similar post","img":{"alt_text":"","src":"https:\/\/i0.wp.com\/das.raumtuning.info\/wp-content\/uploads\/2014\/12\/Power-Imanigation.jpg?fit=1200%2C633&ssl=1&resize=350%2C200","width":350,"height":200},"classes":[]}],"_links":{"self":[{"href":"https:\/\/das.raumtuning.info\/index.php?rest_route=\/wp\/v2\/pages\/309","targetHints":{"allow":["GET"]}}],"collection":[{"href":"https:\/\/das.raumtuning.info\/index.php?rest_route=\/wp\/v2\/pages"}],"about":[{"href":"https:\/\/das.raumtuning.info\/index.php?rest_route=\/wp\/v2\/types\/page"}],"author":[{"embeddable":true,"href":"https:\/\/das.raumtuning.info\/index.php?rest_route=\/wp\/v2\/users\/1"}],"replies":[{"embeddable":true,"href":"https:\/\/das.raumtuning.info\/index.php?rest_route=%2Fwp%2Fv2%2Fcomments&post=309"}],"version-history":[{"count":5,"href":"https:\/\/das.raumtuning.info\/index.php?rest_route=\/wp\/v2\/pages\/309\/revisions"}],"predecessor-version":[{"id":979,"href":"https:\/\/das.raumtuning.info\/index.php?rest_route=\/wp\/v2\/pages\/309\/revisions\/979"}],"up":[{"embeddable":true,"href":"https:\/\/das.raumtuning.info\/index.php?rest_route=\/wp\/v2\/pages\/10"}],"wp:featuredmedia":[{"embeddable":true,"href":"https:\/\/das.raumtuning.info\/index.php?rest_route=\/wp\/v2\/media\/656"}],"wp:attachment":[{"href":"https:\/\/das.raumtuning.info\/index.php?rest_route=%2Fwp%2Fv2%2Fmedia&parent=309"}],"curies":[{"name":"wp","href":"https:\/\/api.w.org\/{rel}","templated":true}]}}