{"id":311,"date":"2014-01-30T10:59:42","date_gmt":"2014-01-30T09:59:42","guid":{"rendered":"http:\/\/das.raumtuning.info\/?page_id=311"},"modified":"2014-03-27T13:57:07","modified_gmt":"2014-03-27T12:57:07","slug":"prof-dr-peter-semm","status":"publish","type":"page","link":"https:\/\/das.raumtuning.info\/?page_id=311","title":{"rendered":"Prof. Dr. rer. nat. Peter Semm"},"content":{"rendered":"<p>Dr. Robert C. Beason und Dr. rer. Nat. Peter Semm ver\u00f6ffentlichten in Neuroscience Letters 333 (2002) 175\u2013178 ihre Forschung bez\u00fcglich der Wirkung von gepulster Mikrowellenstrahlung, wie sie bei GSM \u2013 Telefonen eingesetzt wird, auf das Nervensystem von Zebrafinken. Der Titel der Ver\u00f6ffentlichung lautet: \u201eResponses of neurons to an amplitude modulated microwave stimulus\u201c.<\/p>\n<p>Das Besondere in dieser wissenschaftlichen Ver\u00f6ffentlichung ist, dass eindeutig und zweifelsfrei nachgewiesen wurde, dass Nervenzellen falsch arbeiten, wenn diese mit einem Mikrowellensignal bestahlt werden. Semm forschte dabei mit Zebrafinken. Bei Feldst\u00e4rken weit unter den deutschen Grenzwerten feuerten 60% der Nervenzellen von Zebrafinken falsch! Semm fand aber noch etwas viel Interessanteres heraus. Nahm man die im GSM-Signal \u00fcbliche Pulsierung von 217Hz heraus, traten \u00fcberhaupt keine Einfl\u00fcsse auf das Nervensystem auf! Diese Wirkung zeigte sich auch bei sehr unterschiedlichen Feldst\u00e4rken. Es war also weder die Intensit\u00e4t (in weiten Bereichen) noch die Frequenz, sondern die Struktur und der konkrete Aufbau daf\u00fcr verantwortlich, ob eine biologische Wirkung auftrat oder nicht.<\/p>\n<p><a href=\"http:\/\/www.hese-project.org\/de\/emf\/WissenschaftForschung\/Semm_Prof.%20Dr._Peter\/Responses%20of%20neurons%20to%20an%20amplitude%20modulated%20microwave%20stimulus.pdf\" target=\"_blank\">Hier ein Link zur Ver\u00f6ffendlichung<\/a><\/p>\n<h4>SAT 1 Blitz Prof. Dr. Peter Semm zu Mobilfunk 1999<\/h4>\n<p><span class=\"embed-youtube\" style=\"text-align:center; display: block;\"><iframe class=\"youtube-player\" width=\"640\" height=\"360\" src=\"https:\/\/www.youtube.com\/embed\/g-NrKQPfwXs?version=3&#038;rel=1&#038;showsearch=0&#038;showinfo=1&#038;iv_load_policy=1&#038;fs=1&#038;hl=de-DE&#038;autohide=2&#038;wmode=transparent\" allowfullscreen=\"true\" style=\"border:0;\" sandbox=\"allow-scripts allow-same-origin allow-popups allow-presentation\"><\/iframe><\/span><\/p>\n<p>Daraus folgt, dass alle bisherigen Vorstellungen \u00fcber die biologischen Wirkungen von Elektrosmog auf den Menschen falsch sind und dass v\u00f6llig neue Denkans\u00e4tze notwendig sind.<\/p>\n<p>Diese neuen Denkans\u00e4tze kommen von <a title=\"Prof.Dr.Ing. Konstantin Meyl\" href=\"http:\/\/das.raumtuning.info\/?page_id=313\">Prof. Dr. Ing. Konstantin Meyl,<\/a> der die L\u00fccken in der Ursache-Wirkungskette durch seine Potentialwirbel und longitudinalen elektromagnetischen Wellen schlie\u00dft.<\/p>\n","protected":false},"excerpt":{"rendered":"<p>Dr. Robert C. Beason und Dr. rer. Nat. Peter Semm ver\u00f6ffentlichten in Neuroscience Letters 333 (2002) 175\u2013178 ihre Forschung bez\u00fcglich der Wirkung von gepulster Mikrowellenstrahlung, wie sie bei GSM \u2013 Telefonen eingesetzt wird, auf das Nervensystem von Zebrafinken. Der Titel der Ver\u00f6ffentlichung lautet: \u201eResponses of neurons to an amplitude modulated microwave stimulus\u201c. Das Besondere in dieser wissenschaftlichen Ver\u00f6ffentlichung ist, dass eindeutig und zweifelsfrei nachgewiesen wurde, dass Nervenzellen falsch arbeiten, wenn diese mit einem Mikrowellensignal bestahlt werden. Semm forschte dabei mit&#8230;<\/p>\n<p class=\"read-more\"><a class=\"btn btn-default\" href=\"https:\/\/das.raumtuning.info\/?page_id=311\">Weiterlesen<span class=\"screen-reader-text\"> Weiterlesen<\/span><\/a><\/p>\n","protected":false},"author":1,"featured_media":643,"parent":10,"menu_order":0,"comment_status":"open","ping_status":"closed","template":"","meta":{"jetpack_post_was_ever_published":false,"footnotes":""},"class_list":["post-311","page","type-page","status-publish","has-post-thumbnail","hentry"],"aioseo_notices":[],"jetpack_sharing_enabled":true,"jetpack_shortlink":"https:\/\/wp.me\/P4hjs0-51","jetpack-related-posts":[{"id":239,"url":"https:\/\/das.raumtuning.info\/?page_id=239","url_meta":{"origin":311,"position":0},"title":"Elektrosmog und H\u00f6ren","date":"29. Januar 2014","format":false,"excerpt":"In der Diskussion \u00fcber Beeinflussungen durch Elektrosmog ist zwischen wissenschaftlichen Erkenntnissen und Empirie zu unterscheiden. Wissenschaftliche Erkenntnisse Es ist schon erstaunlich, dass hierzulande Tausende Mediziner Appelle gegen gepulste Mikrowellenstrahlung unterschreiben, weil ihre Patienten darunter gesundheitlich leiden.\u00a0 Allein der Freiburger- Appell von \u00c4rzten wurde von ca. 40.000 Personen unterschrieben. Leider f\u00e4llt\u2026","rel":"","context":"Similar post","img":{"alt_text":"Quelle: Vortex HiFi","src":"https:\/\/i0.wp.com\/das.raumtuning.info\/wp-content\/uploads\/2014\/02\/Klavier_Hammer_web.jpg?fit=1080%2C550&ssl=1&resize=350%2C200","width":350,"height":200},"classes":[]},{"id":277,"url":"https:\/\/das.raumtuning.info\/?page_id=277","url_meta":{"origin":311,"position":1},"title":"Informierung","date":"30. Januar 2014","format":false,"excerpt":"\u00a0Was ist Informierung und wie nutzen wir diese f\u00fcr Ihr H\u00f6rerlebnis? Informationen, so wie wir diese verstehen, sind Strukturen, welche physikalische und\/oder biologische Reaktionen hervorrufen. Es ist ein Schl\u00fcssel-Schloss-Prinzip. Die Vorg\u00e4nge zum Beispiel im Menschen werden durch Kommunikation hervorgerufen. Eine Zelle sagt der N\u00e4chsten, was diese zu tun hat. Dazu\u2026","rel":"","context":"Similar post","img":{"alt_text":"Quelle: Vortex HiFi","src":"https:\/\/i0.wp.com\/das.raumtuning.info\/wp-content\/uploads\/2014\/02\/Rassel_web.jpg?fit=1080%2C717&ssl=1&resize=350%2C200","width":350,"height":200},"classes":[]},{"id":12,"url":"https:\/\/das.raumtuning.info\/?page_id=12","url_meta":{"origin":311,"position":2},"title":"\u00dcber uns","date":"12. Dezember 2013","format":false,"excerpt":"\u00a0Meine Vision Guten Tag. Mein Name ist Norbert Maurer und ich habe die Vision,\u00a0 jedem Musikliebhaber mit meinen Vortex HiFi-Podukten ein nat\u00fcrliches, lifeartiges Musikerlebnis zu verschaffen. Ich weiss, dass es m\u00f6glich ist - ich erlebe es jeden Tag! Schon vor ca. 30 Jahren habe ich selbst im HiFi - Gesch\u00e4ft\u2026","rel":"","context":"With 2 comments","img":{"alt_text":"Quelle: Vortex HiFi","src":"https:\/\/i0.wp.com\/das.raumtuning.info\/wp-content\/uploads\/2014\/02\/Gitarre_web.jpg?fit=1080%2C716&ssl=1&resize=350%2C200","width":350,"height":200},"classes":[]},{"id":283,"url":"https:\/\/das.raumtuning.info\/?page_id=283","url_meta":{"origin":311,"position":3},"title":"Entst\u00f6rung","date":"30. Januar 2014","format":false,"excerpt":"Unter Entst\u00f6rung verstehen wir die Reduzierung von physikalischen St\u00f6rquellen durch Entst\u00f6rma\u00dfnahmen. Dies k\u00f6nnen statische Magnetfelder sein, die vom Erdmagnetfeld abweichen. Dies k\u00f6nnen magnetische oder elektrische Wechselfelder sein. Dies k\u00f6nnen aber auch elektromagnetische Wellen oder Wirbel sein. Alle diese elektrischen, magnetischen oder elektromagnetischen Felder stehen in dem begr\u00fcndeten Verdacht, Vorg\u00e4nge im\u2026","rel":"","context":"Similar post","img":{"alt_text":"","src":"https:\/\/i0.wp.com\/das.raumtuning.info\/wp-content\/uploads\/2014\/01\/Titel-Entst\u00f6rung1.jpg?fit=1080%2C496&ssl=1&resize=350%2C200","width":350,"height":200},"classes":[]},{"id":41,"url":"https:\/\/das.raumtuning.info\/?page_id=41","url_meta":{"origin":311,"position":4},"title":"L\u00f6sungen","date":"13. Januar 2014","format":false,"excerpt":"Die Vortex HiFi Entst\u00f6rmatrix Hier sehen Sie einzelne Probleme und unserre L\u00f6sungen. Weiter unten haben wir f\u00fcr Sie L\u00f6sungsbereiche zusammengestellt. Ziel unserer L\u00f6sungen ist es, die konkreten Probleme in ihrem Zuhause zu beseitigen, damit Sie Musik wie Life in Ihrem Zuhause genie\u00dfen k\u00f6nnen. Dazu setzen wir ganzheitlich, also am Raum,\u2026","rel":"","context":"Similar post","img":{"alt_text":"Quelle: Vortex HiFi","src":"https:\/\/i0.wp.com\/das.raumtuning.info\/wp-content\/uploads\/2014\/02\/E-Gitarre-Steg_web.jpg?fit=1080%2C810&ssl=1&resize=350%2C200","width":350,"height":200},"classes":[]},{"id":295,"url":"https:\/\/das.raumtuning.info\/?page_id=295","url_meta":{"origin":311,"position":5},"title":"Raumtuning","date":"30. Januar 2014","format":false,"excerpt":"Wie wird Ihr Wohnzimmer zum Konzertsaal? Das ist ganz einfach! Sie schalten Ihre HiFi-Anlage an, setzen sich gem\u00fctlich in Ihren Lieblingssessel und schlie\u00dfen Ihre Augen. Schon sind Sie in einer Kirche, einem Jazz-Club oder in einem Konzetsaal. Das einzige, was Sie brauchen, ist Entspannung - denn dann machen Sie Ihr\u2026","rel":"","context":"Similar post","img":{"alt_text":"Quelle: Vortex HiFi","src":"https:\/\/i0.wp.com\/das.raumtuning.info\/wp-content\/uploads\/2014\/02\/Konzertsaal.jpg?fit=1080%2C578&ssl=1&resize=350%2C200","width":350,"height":200},"classes":[]}],"_links":{"self":[{"href":"https:\/\/das.raumtuning.info\/index.php?rest_route=\/wp\/v2\/pages\/311","targetHints":{"allow":["GET"]}}],"collection":[{"href":"https:\/\/das.raumtuning.info\/index.php?rest_route=\/wp\/v2\/pages"}],"about":[{"href":"https:\/\/das.raumtuning.info\/index.php?rest_route=\/wp\/v2\/types\/page"}],"author":[{"embeddable":true,"href":"https:\/\/das.raumtuning.info\/index.php?rest_route=\/wp\/v2\/users\/1"}],"replies":[{"embeddable":true,"href":"https:\/\/das.raumtuning.info\/index.php?rest_route=%2Fwp%2Fv2%2Fcomments&post=311"}],"version-history":[{"count":7,"href":"https:\/\/das.raumtuning.info\/index.php?rest_route=\/wp\/v2\/pages\/311\/revisions"}],"predecessor-version":[{"id":977,"href":"https:\/\/das.raumtuning.info\/index.php?rest_route=\/wp\/v2\/pages\/311\/revisions\/977"}],"up":[{"embeddable":true,"href":"https:\/\/das.raumtuning.info\/index.php?rest_route=\/wp\/v2\/pages\/10"}],"wp:featuredmedia":[{"embeddable":true,"href":"https:\/\/das.raumtuning.info\/index.php?rest_route=\/wp\/v2\/media\/643"}],"wp:attachment":[{"href":"https:\/\/das.raumtuning.info\/index.php?rest_route=%2Fwp%2Fv2%2Fmedia&parent=311"}],"curies":[{"name":"wp","href":"https:\/\/api.w.org\/{rel}","templated":true}]}}