{"id":313,"date":"2014-01-30T11:00:43","date_gmt":"2014-01-30T10:00:43","guid":{"rendered":"http:\/\/das.raumtuning.info\/?page_id=313"},"modified":"2014-03-27T13:57:07","modified_gmt":"2014-03-27T12:57:07","slug":"prof-dr-ing-konstantin-meyl","status":"publish","type":"page","link":"https:\/\/das.raumtuning.info\/?page_id=313","title":{"rendered":"Prof.Dr.Ing. Konstantin Meyl"},"content":{"rendered":"<p>Hier haben wir die f\u00fcr die HiFi-Technik grundlegenden Aussagen aus der erweiterten Physik Meyl\u00b4s aus seinen Ver\u00f6ffentlichungen zusammengefasst. Eine Kurze Abhandlung seiner Theorie finden sie unten.<\/p>\n<p><b><i>\u201eNeben den transversalen elektromagnetischen Wellen nach Heinrich Hertz, gibt es auch sich longitudinal ausbreitende Wellen nach Tesla.\u201c<\/i><\/b><\/p>\n<p>Diese Annahme ist grundlegend f\u00fcr die Erkl\u00e4rung vieler physikalischer und H\u00f6rph\u00e4nomene im HiFi, weil die longitudinale Welle sich anders verh\u00e4lt und es keine speziellen Messger\u00e4te f\u00fcr diese Wellenart gibt. Da aber Meyl nur die longitudinalen Wellen als biologisch relevant einstuft, sind Messungen von hertzschen (transversalen) Wellen kein Beweis von biologisch relevanter Strahlung. So k\u00f6nnen wir nur systematisch auf diese Wellenart schlie\u00dfen. Messen wir nur eine geringe Strahlung (Transversalwelle), so bedeutet das nicht, dass die biologisch relevante Strahlung auch wirklich gering ist. So strahlen z.B. Handys sowohl einen transversalen als auch longitudinalen Anteil ab. Dies da die Antennen der Handys zu kurz f\u00fcr die abzustrahlende Wellenl\u00e4nge sind. Man spricht hier von Antennen-Wirkungsgrad. Es werden die Transversalwelle und Rauschen abgestrahlt. Das Rauschen ist nach Meyl der longitudinale Anteil. Wichtig ist zu wissen, dass jede Welle um eine Antenne erst ein Ringwirbel und eine Sto\u00dfwelle ist und erst au\u00dferhalb des Nahfeldes sich zur bekannten Transversalwelle abrollt.<\/p>\n<p><b><i>\u201eNur die longitudinale Welle ist eine Energiewelle.\u201c<\/i><\/b><\/p>\n<p>Die longitudinale elektromagnetische Welle ist wie die Schallwelle eine Sto\u00dfwelle. Diese bildet alle Feldlinien zwischen Sender und Empf\u00e4nger aus. Somit kann alle Energie vom Sender auf den Empf\u00e4nger \u00fcbertragen werden. Das bedeutet ganz praktisch, dass das Abstandsgesetz hier nicht gilt und schon kleinste Energiemengen zu einer biologisch \/ physikalischen Wirkung f\u00fchren kann. Genau das Ph\u00e4nomen entdecken wir massenhaft in der Medizin und Baubiologie. Grenzwerte werden mittlerweile sowohl in der kritischen Baubiologie als auch in der kritischen Medizin grunds\u00e4tzlich in Zweifel gezogen.<\/p>\n<p><b><i>\u201eHochfrequente Longitudinalwellen lassen sich kaum abschirmen, da sie tunneln.\u201c<\/i><\/b><\/p>\n<p>Die besondere Feldliniengeometrie vom Sender zum Empf\u00e4nger (wie zwei auseinandergezogene Kondensatorplatten) f\u00fchrt dazu, dass die longitudinale Welle schwer abgeschirmt werden kann. Dies kann man mit Handys testen, welche einen hohen Anteil longitudinaler Wellen besitzen. Legt man ein Handy in einen Faraday&#8217;schen K\u00e4fig f\u00fcr Mikrowellen wie einer Mikrowelle, so kann das Handy trotzdem i.d.R. angerufen werden. Daher sind Abschirmungen im HiFi nicht immer die effektiven Waffen gegen die negativen biologischen Wirkungen der St\u00f6rungen von Ger\u00e4ten.<\/p>\n<p><b><i>\u201eJeder Wirbel in Leitern (Wirbelstrom) hat auch einen Wirbel (Potentialwirbel) im Dielektrikum. Es besteht eine Dualit\u00e4t der Wirbel.\u201c<\/i><\/b><\/p>\n<p>Die wohl wichtigste Entdeckung von Prof. Dr. K. Meyl f\u00fcr die Vortex HiFi-Technik-Forschung ist der Wirbel. Prof. Dr. K. Meyl sieht alle Teilchen als Wirbel, aber auch als einen weiteren stabilen Zustand einer Welle. Es gibt auch Wirbelp\u00e4rchen zwischen Wirbeln in Leitern (Wirbelstr\u00f6men) und Wirbeln im Dielektrikum, die von ihm entdeckten Potentialwirbel. Durch die Existenz von Potentialwirbeln im Dielektrikum ergeben sich sehr komplexe und auch \u00fcber gr\u00f6\u00dfere Strecken interagierende Wirksysteme in Ger\u00e4ten, als man bisher angenommen hatte. Ist eine Schaltung wirbelstromarm aufgebaut, klingt diese auch besser.<\/p>\n<p><b><i>\u201eDer \u00dcbergang von einer Welle zum Wirbel und von einem Wirbel zu einer Welle ist verlustfrei. Beides \u2013 Welle und Wirbel &#8211; sind dann stabile Zust\u00e4nde!\u201c<\/i><\/b><\/p>\n<p>Der \u00dcbergang von einer Welle in einen Wirbel und von einem Wirbel in eine Welle erfolgt durch eine Feldst\u00f6rung. Das kann eine magnetische oder elektrische, aber auch eine dielektrische St\u00f6rung (Ver\u00e4nderungen des Medium) sein. Der \u00dcbergang ist verlustfrei. Das bedeutet, der Wirbel ist energietragend. Unsere E-Feld- Messungen zeigen auch die Aufl\u00f6sung von Pontialwirbeln, da die Feldst\u00e4rke nach der Behandlung deutlich gesunken ist. Hier ist der Wirbel zur Welle geworden und hat die Energie \u201emitgenommen\u201c, die vorher einen Hot Spot gebildet hatte.<\/p>\n<p><b><i>\u201eAn einer Feldst\u00f6rung k\u00f6nnen sich Wellen verwirbeln.\u201c<\/i><\/b><\/p>\n<p>Das Auftreten von Wirbeln ist f\u00fcr Meyl ein Naturgesetz. Wirbel finden sich im Weltraum (Vakuum), in Gasen, Fl\u00fcssigkeiten und auch in Feststoffen (Wirbelstr\u00f6me). Meyl sieht aber auch die Elementarteilchen als Wirbel \u2013 als Elementarwirbel. Nehmen wir z.B. die Lichtwelle, die sich zum Elementarwirbel (Teilchen) Photon verwirbelt. Dies geschieht an einer Feldst\u00f6rung! Dieses physikalische Ph\u00e4nomen ist als Dualit\u00e4t des Lichtes bekannt. Licht ist hier nicht Welle oder Teilchen, sondern Welle und Wirbel, die ohne Verlust ineinander \u00fcbergehen k\u00f6nnen. Dabei bestimmt die Versuchsanordnung (Feldst\u00f6rung), ob Licht als Welle oder als Teilchen auftritt. \u00c4hnlich verh\u00e4lt es sich auch mit dem Elektron, welches beim Tunneln zur Welle wird und nach dem Austritt der Potentialbarriere wieder zur Welle. Die klassische Physik hat hier keine Erkl\u00e4rung. Die Quantenphysik mit ihrer anderen Sichtweise spricht hier von der Wellenfunktion f\u00fcr freie Teilchen. Die Wirbelphysik Meyl\u00b4s sieht diese Effekte als nat\u00fcrliche Zust\u00e4nde einer Welle an.<\/p>\n<p>Dasselbe Prinzip, welches Meyl bei Elementarteilchen und ihrer Dualit\u00e4t \u2013 Welle\/ Wirbel \u2013 annimmt, sieht er auch bei elektromagnetischen Wellen, die sich an Feldst\u00f6rungen zu einem Potentialwirbel aufrollen. So k\u00f6nnen Potentialwirbel nicht nur im Umfeld von Antennen und Leitern auftreten, sondern generell an Mediengrenzen, wenn sich f\u00fcr die Welle die Verh\u00e4ltnisse \u00e4ndern. Dies k\u00f6nnen so magnetisch Felder oder elektrische Felder aber auch Materialien sein, die eine andere Permeabilit\u00e4t oder Permitivit\u00e4t zum bisherigen Medium haben. Das gr\u00f6\u00dfte Problem in unserer Umwelt und in Ger\u00e4ten stellt hier die sprunghaft sich \u00e4ndernde Permitivit\u00e4t dar. In Ger\u00e4ten sind dies die Platinen sowie die Geh\u00e4use und in der Umwelt alle Grenzfl\u00e4chen des Raumes und hier insbesondere Fu\u00dfbodenheizungen (Wasser) und Glasscheiben mit ihrer 6-8-fach h\u00f6heren Pemitivit\u00e4t gegen\u00fcber Luft. An diesen Stellen der Feldst\u00f6rungen liegt neben den Feldquellen und Sendern unser Hauptmerk bei der Raumentst\u00f6rung. Aber auch bei Kabeln stellen die verwendeten Isolationen das Medium dar, welches in Verbindung mit der Luft die Potentialwirbel erzeugt. Im HiFi gibt es, wie jeder Entwickler wei\u00df, das ideale Isolationsmaterial \u2013 Luft. Hier gibt es keine Potentialwirbel-Bildung! Vergleichen Sie die klanglichen Ergebnisse von Kabeln mit der relativen Permitivit\u00e4t der Isolation zu Luft, werden sie feststellen, dass die meylsche Theorie auch hier mit der \u201emusikalischen Realit\u00e4t\u201c \u00fcbereinstimmt!<\/p>\n<p>Die Wirbelentstehung durch eine Feldst\u00f6rung ist auch eines der Probleme bei der wissenschaftlichen Erforschung der biologischen Wirkungen von Elektrosmog. Der Versuchsaufbau bestimmt, ob Wirbel entstehen und so ob Elektrosmog \u00fcberhaupt biologisch eine Wirkung zeigt.<\/p>\n<p><b><i>\u201ePotentialwirbel ziehen sich zusammen und rauschen und werden so biologisch relevant.\u201c<\/i><\/b><\/p>\n<p>Die Potentialwirbel haben nach Meyl die Eigenschaft sich zusammen zu ziehen. Sie stellen bei Leitern den Gegenwirbel zum Stromwirbel dar, der die Eigenschaft hat, sich auszudehnen. Dieses Zusammenziehen f\u00fchrt zu einer Frequenztransformation und erzeugt ein Rauschen deren Frequenzen biologische Systeme in ihrer Kommunikations-Wellenl\u00e4nge treffen und so biologisch relevant sind. Ohne diese Frequenztransformation \u00fcber den Potentialwirbel gibt es keine biologische\/musikalische Wirkung! Die Nervenleitung kann nicht gest\u00f6rt werden. Entstehen so bei Versuchen reine Transversalwellen und es findet keine Verwirbelung statt, haben wir auch keine Wirkung. Dies ist im HiFi auch mit perfekt \u00fcbereinstimmenden Kabel-\/Stecker- Kombinationen festzustellen, wenn die Wellenwiderst\u00e4nde \u00fcbereinstimmen und so Wirbelstr\u00f6me und stehende Wellen reduziert werden. Ohne eine Signal\u00e4nderung klingt die Musik einfach detailreicher und r\u00e4umlicher. Dazu haben wir eine Vielzahl von Experimenten durchgef\u00fchrt, welche diese Annahme best\u00e4tigen.<\/p>\n<p>Das untere Bild zeigt die \u00dcbertragung von Nervenimpulsen als Potentialwirbel nach der Theorie von Meyl. Nur bei der Wellenl\u00e4nge der Schn\u00fcrringe ist eine St\u00f6rung m\u00f6glich. Durch das Rauschen der Potentialwirbel wird auch diese Frequenz getroffen und so entsteht eine biologische Relevanz. Die untere Grafik stammt aus \u201eSkalarwellen in der Medizin\u201c von , Prof. Dr.-Ing. Konstantin Meyl.<\/p>\n<h5><span style=\"color: #000000;\"><a href=\"http:\/\/www.k-meyl.de\/go\/Primaerliteratur\/Physikalische-Grundlagen-fuer-die-Informationsverarbeitung.pdf\" target=\"_blank\"><span style=\"color: #000000;\"><b><i>Link zu: Prof.Dr.Ing.K.Meyl: <\/i><\/b><\/span><\/a><a href=\"http:\/\/www.k-meyl.de\/go\/Primaerliteratur\/Physikalische-Grundlagen-fuer-die-Informationsverarbeitung.pdf\" target=\"_blank\"><span style=\"color: #000000;\"><b><i>Physikalische Grundlagen f\u00fcr die Informationsverarbeitung im Menschen<\/i><\/b><\/span><\/a><\/span><\/h5>\n<p><span style=\"color: #3366ff;\"><a href=\"http:\/\/www.k-meyl.de\/go\/Primaerliteratur\/Physikalische-Grundlagen-fuer-die-Informationsverarbeitung.pdf\" target=\"_blank\"><span style=\"color: #3366ff;\"><b><i>Physikalische Grundlagen f\u00fcr die Informationsverarbeitung im Menschen<\/i><\/b><\/span><\/a><\/span><\/p>\n<h5><span style=\"color: #000000;\">Link zu <a href=\"http:\/\/www.k-meyl.de\/go\/Primaerliteratur\/Physikalische-Grundlagen-fuer-die-Informationsverarbeitung.pdf\" target=\"_blank\"><span style=\"color: #000000;\"><i>Prof.Dr.Ing.K.Meyl: DNA and Cell Resonance (englisch)<\/i><\/span><\/a><\/span><\/h5>\n<p>Vorgetragen auf dem 2nd DNA World Congress in Dalian, China<\/p>\n<p><a href=\"http:\/\/www.k-meyl.de\/go\/Primaerliteratur\/manuscript_4.pdf\" target=\"_blank\"><span style=\"color: #3366ff;\"><em>http:\/\/www.k-meyl.de\/go\/Primaerliteratur\/manuscript_4.pdf<\/em><\/span><\/a><\/p>\n<p>Kurz-Video mit Prof. Dr. Ing. Konstantin Meyl \u00fcber Bioresonanz.<\/p>\n<p><span class=\"embed-youtube\" style=\"text-align:center; display: block;\"><iframe class=\"youtube-player\" width=\"640\" height=\"360\" src=\"https:\/\/www.youtube.com\/embed\/0xG340VqytA?version=3&#038;rel=1&#038;showsearch=0&#038;showinfo=1&#038;iv_load_policy=1&#038;fs=1&#038;hl=de-DE&#038;autohide=2&#038;wmode=transparent\" allowfullscreen=\"true\" style=\"border:0;\" sandbox=\"allow-scripts allow-same-origin allow-popups allow-presentation\"><\/iframe><\/span><\/p>\n<h5>Video mit Prof. Dr. Ing. Konstantin Meyl \u00fcber Bioresonanz.<\/h5>\n<p><span class=\"embed-youtube\" style=\"text-align:center; display: block;\"><iframe class=\"youtube-player\" width=\"640\" height=\"360\" src=\"https:\/\/www.youtube.com\/embed\/jUzbHDiiOzM?version=3&#038;rel=1&#038;showsearch=0&#038;showinfo=1&#038;iv_load_policy=1&#038;fs=1&#038;hl=de-DE&#038;autohide=2&#038;wmode=transparent\" allowfullscreen=\"true\" style=\"border:0;\" sandbox=\"allow-scripts allow-same-origin allow-popups allow-presentation\"><\/iframe><\/span><\/p>\n<p>&nbsp;<\/p>\n","protected":false},"excerpt":{"rendered":"<p>Hier haben wir die f\u00fcr die HiFi-Technik grundlegenden Aussagen aus der erweiterten Physik Meyl\u00b4s aus seinen Ver\u00f6ffentlichungen zusammengefasst. Eine Kurze Abhandlung seiner Theorie finden sie unten. \u201eNeben den transversalen elektromagnetischen Wellen nach Heinrich Hertz, gibt es auch sich longitudinal ausbreitende Wellen nach Tesla.\u201c Diese Annahme ist grundlegend f\u00fcr die Erkl\u00e4rung vieler physikalischer und H\u00f6rph\u00e4nomene im HiFi, weil die longitudinale Welle sich anders verh\u00e4lt und es keine speziellen Messger\u00e4te f\u00fcr diese Wellenart gibt. Da aber Meyl nur die longitudinalen Wellen als&#8230;<\/p>\n<p class=\"read-more\"><a class=\"btn btn-default\" href=\"https:\/\/das.raumtuning.info\/?page_id=313\">Weiterlesen<span class=\"screen-reader-text\"> Weiterlesen<\/span><\/a><\/p>\n","protected":false},"author":1,"featured_media":653,"parent":10,"menu_order":0,"comment_status":"open","ping_status":"closed","template":"","meta":{"jetpack_post_was_ever_published":false,"footnotes":""},"class_list":["post-313","page","type-page","status-publish","has-post-thumbnail","hentry"],"aioseo_notices":[],"jetpack_sharing_enabled":true,"jetpack_shortlink":"https:\/\/wp.me\/P4hjs0-53","jetpack-related-posts":[{"id":239,"url":"https:\/\/das.raumtuning.info\/?page_id=239","url_meta":{"origin":313,"position":0},"title":"Elektrosmog und H\u00f6ren","date":"29. Januar 2014","format":false,"excerpt":"In der Diskussion \u00fcber Beeinflussungen durch Elektrosmog ist zwischen wissenschaftlichen Erkenntnissen und Empirie zu unterscheiden. Wissenschaftliche Erkenntnisse Es ist schon erstaunlich, dass hierzulande Tausende Mediziner Appelle gegen gepulste Mikrowellenstrahlung unterschreiben, weil ihre Patienten darunter gesundheitlich leiden.\u00a0 Allein der Freiburger- Appell von \u00c4rzten wurde von ca. 40.000 Personen unterschrieben. Leider f\u00e4llt\u2026","rel":"","context":"Similar post","img":{"alt_text":"Quelle: Vortex HiFi","src":"https:\/\/i0.wp.com\/das.raumtuning.info\/wp-content\/uploads\/2014\/02\/Klavier_Hammer_web.jpg?fit=1080%2C550&ssl=1&resize=350%2C200","width":350,"height":200},"classes":[]},{"id":243,"url":"https:\/\/das.raumtuning.info\/?page_id=243","url_meta":{"origin":313,"position":1},"title":"Nano Shield","date":"29. Januar 2014","format":false,"excerpt":"9 - fach anders - VORTEX HIFI Nano Shield Die Vorteile unserer Nano Shield - Technologie Nanopartikel - Beschichtung f\u00fcr einzigartige Schirmeigenschaften Patentiertes Vakuumverfahren zur \"Verschmelzung\" der Nanopartikel mit dem Gewebe Schirmwirkung bis zu sagenhaften 40 GHz Schirm mit Absorbereigenschaften Potentialwirbelarm durch A.I.O. - Informierung quellenfreien Schirmung massefreie Schirmung Nanopartikel\u2026","rel":"","context":"With 2 comments","img":{"alt_text":"","src":"https:\/\/i0.wp.com\/das.raumtuning.info\/wp-content\/uploads\/2014\/01\/Nano-Shield-doppel1.jpg?fit=1080%2C503&ssl=1&resize=350%2C200","width":350,"height":200},"classes":[]},{"id":283,"url":"https:\/\/das.raumtuning.info\/?page_id=283","url_meta":{"origin":313,"position":2},"title":"Entst\u00f6rung","date":"30. Januar 2014","format":false,"excerpt":"Unter Entst\u00f6rung verstehen wir die Reduzierung von physikalischen St\u00f6rquellen durch Entst\u00f6rma\u00dfnahmen. Dies k\u00f6nnen statische Magnetfelder sein, die vom Erdmagnetfeld abweichen. Dies k\u00f6nnen magnetische oder elektrische Wechselfelder sein. Dies k\u00f6nnen aber auch elektromagnetische Wellen oder Wirbel sein. Alle diese elektrischen, magnetischen oder elektromagnetischen Felder stehen in dem begr\u00fcndeten Verdacht, Vorg\u00e4nge im\u2026","rel":"","context":"Similar post","img":{"alt_text":"","src":"https:\/\/i0.wp.com\/das.raumtuning.info\/wp-content\/uploads\/2014\/01\/Titel-Entst\u00f6rung1.jpg?fit=1080%2C496&ssl=1&resize=350%2C200","width":350,"height":200},"classes":[]},{"id":10,"url":"https:\/\/das.raumtuning.info\/","url_meta":{"origin":313,"position":3},"title":"Home","date":"12. Dezember 2013","format":false,"excerpt":"Musik h\u00f6ren war gestern... ... Musik empfinden ist heute! - Vortex HiFi \u00a0 \u00a0 \u00a0 \u00a0 Die Vortex HiFi Forschung stellt immer wieder die (HiFi)-Welt auf den Kopf. Technische Ger\u00e4te wie Handys, Laptops, Computer oder Router, die das Musikh\u00f6ren bisher stark verschlechtert haben, f\u00f6rdern nun den Klang durch neue Vortex\u2026","rel":"","context":"Similar post","img":{"alt_text":"","src":"https:\/\/i0.wp.com\/das.raumtuning.info\/wp-content\/uploads\/2014\/01\/Blut-in-nat\u00fcrlicher-Umwelt-rot2.png?resize=350%2C200","width":350,"height":200},"classes":[]},{"id":138,"url":"https:\/\/das.raumtuning.info\/?page_id=138","url_meta":{"origin":313,"position":4},"title":"Techniken","date":"28. Januar 2014","format":false,"excerpt":"Innovationen f\u00fcr die Sinne... ... lautet unsere Zielsetzung. Wir wollen, dass Sie besser h\u00f6ren und besser sehen. Das ist w\u00f6rtlich zu nehmen. Wir besch\u00e4ftigen uns mit dem Menschen und wie unsere heutige HiFi-Stereo und AV-Technik aber auch die h\u00e4usliche Umwelt den Menschen beim H\u00f6ren und Sehen unbemerkt und nebenbei negativ\u2026","rel":"","context":"Similar post","img":{"alt_text":"Quelle: Vortex HiFi","src":"https:\/\/i0.wp.com\/das.raumtuning.info\/wp-content\/uploads\/2014\/02\/Orgel-web.jpg?fit=1080%2C719&ssl=1&resize=350%2C200","width":350,"height":200},"classes":[]},{"id":230,"url":"https:\/\/das.raumtuning.info\/?page_id=230","url_meta":{"origin":313,"position":5},"title":"Dirty Power \/ Dirty Electricity","date":"29. Januar 2014","format":false,"excerpt":"Was ist Dirty Power oder auch Dirty Electricity? Unter Dirty Power verstehen wir St\u00f6rpotentiale auf den Stromleitungen und die daraus resultierenden Beeinflussungen. Besch\u00e4ftigen wir uns mit der Problematik, die im Wesentlichen auf Prof.\u00a0Dr. Magda Havas und David Stetzer zur\u00fcckzuf\u00fchren ist, m\u00fcssen wir zwei Aspekte unterscheiden: Zum einen geht es um\u2026","rel":"","context":"Similar post","img":{"alt_text":"","src":"https:\/\/i0.wp.com\/das.raumtuning.info\/wp-content\/uploads\/2014\/02\/Klavier_Seiten_web.jpg?fit=1080%2C498&ssl=1&resize=350%2C200","width":350,"height":200},"classes":[]}],"_links":{"self":[{"href":"https:\/\/das.raumtuning.info\/index.php?rest_route=\/wp\/v2\/pages\/313","targetHints":{"allow":["GET"]}}],"collection":[{"href":"https:\/\/das.raumtuning.info\/index.php?rest_route=\/wp\/v2\/pages"}],"about":[{"href":"https:\/\/das.raumtuning.info\/index.php?rest_route=\/wp\/v2\/types\/page"}],"author":[{"embeddable":true,"href":"https:\/\/das.raumtuning.info\/index.php?rest_route=\/wp\/v2\/users\/1"}],"replies":[{"embeddable":true,"href":"https:\/\/das.raumtuning.info\/index.php?rest_route=%2Fwp%2Fv2%2Fcomments&post=313"}],"version-history":[{"count":18,"href":"https:\/\/das.raumtuning.info\/index.php?rest_route=\/wp\/v2\/pages\/313\/revisions"}],"predecessor-version":[{"id":978,"href":"https:\/\/das.raumtuning.info\/index.php?rest_route=\/wp\/v2\/pages\/313\/revisions\/978"}],"up":[{"embeddable":true,"href":"https:\/\/das.raumtuning.info\/index.php?rest_route=\/wp\/v2\/pages\/10"}],"wp:featuredmedia":[{"embeddable":true,"href":"https:\/\/das.raumtuning.info\/index.php?rest_route=\/wp\/v2\/media\/653"}],"wp:attachment":[{"href":"https:\/\/das.raumtuning.info\/index.php?rest_route=%2Fwp%2Fv2%2Fmedia&parent=313"}],"curies":[{"name":"wp","href":"https:\/\/api.w.org\/{rel}","templated":true}]}}