{"id":323,"date":"2014-01-30T12:09:42","date_gmt":"2014-01-30T11:09:42","guid":{"rendered":"http:\/\/das.raumtuning.info\/?page_id=323"},"modified":"2014-03-27T13:57:07","modified_gmt":"2014-03-27T12:57:07","slug":"videos-von-dr-magda-havas","status":"publish","type":"page","link":"https:\/\/das.raumtuning.info\/?page_id=323","title":{"rendered":"Videos von Dr. Magda Havas"},"content":{"rendered":"<h1>Hier finden Sie ein paar Videos \u00fcber den Einfluss von Elektrosmog auf den meschlichen K\u00f6rper.Quelle: Dr. Magda Havas<\/h1>\n<h4><strong>Video \u00fcber die Beeinflussung der Herzschlagregelung durch Mikrowellenstrahlung (DECTTelefone)\u00a0 &#8211; von Dr. Magda Havas<\/strong><\/h4>\n<p><span class=\"embed-youtube\" style=\"text-align:center; display: block;\"><iframe class=\"youtube-player\" width=\"640\" height=\"360\" src=\"https:\/\/www.youtube.com\/embed\/_EI9fZX4iww?version=3&#038;rel=1&#038;showsearch=0&#038;showinfo=1&#038;iv_load_policy=1&#038;fs=1&#038;hl=de-DE&#038;autohide=2&#038;wmode=transparent\" allowfullscreen=\"true\" style=\"border:0;\" sandbox=\"allow-scripts allow-same-origin allow-popups allow-presentation\"><\/iframe><\/span><\/p>\n<h4>Video \u00fcber die Beeinflussung von Nerven durch Oberwllen im Stromnetz am Beispiel von Multiple Sklerose Patienten &#8211; von Dr. Magda Havas<\/h4>\n<p><span class=\"embed-youtube\" style=\"text-align:center; display: block;\"><iframe class=\"youtube-player\" width=\"640\" height=\"360\" src=\"https:\/\/www.youtube.com\/embed\/xdtIPb3Veuw?version=3&#038;rel=1&#038;showsearch=0&#038;showinfo=1&#038;iv_load_policy=1&#038;fs=1&#038;hl=de-DE&#038;autohide=2&#038;wmode=transparent\" allowfullscreen=\"true\" style=\"border:0;\" sandbox=\"allow-scripts allow-same-origin allow-popups allow-presentation\"><\/iframe><\/span><\/p>\n<h4><strong>Video \u00fcber die Verklumpung vob roten Blutk\u00f6rperchen durch Elektrosmog (Handy, Computer) &#8211; von Dr. Magda Havas<\/strong><\/h4>\n<p><span class=\"embed-youtube\" style=\"text-align:center; display: block;\"><iframe class=\"youtube-player\" width=\"640\" height=\"360\" src=\"https:\/\/www.youtube.com\/embed\/L7E36zGHxRw?version=3&#038;rel=1&#038;showsearch=0&#038;showinfo=1&#038;iv_load_policy=1&#038;fs=1&#038;hl=de-DE&#038;autohide=2&#038;wmode=transparent\" allowfullscreen=\"true\" style=\"border:0;\" sandbox=\"allow-scripts allow-same-origin allow-popups allow-presentation\"><\/iframe><\/span><\/p>\n<h4><strong>Video \u00fcber den Einfluss von Oberwellen auf dem Stromnetz auf die Blutzuckerregelung\u00a0 &#8211; von Dr. Magda Havas<\/strong><\/h4>\n<p>http:\/\/www.youtube.com\/watch?v=gJcM6RZwyfA&amp;feature=player_detailpageVideo \u00fcber die Struktur von Oberwellen auf dem Stromnetz und der biologischen Wirkung &#8211; von Dr. Magda Havas<\/p>\n<p><span class=\"embed-youtube\" style=\"text-align:center; display: block;\"><iframe class=\"youtube-player\" width=\"640\" height=\"360\" src=\"https:\/\/www.youtube.com\/embed\/vbebpRvwd8k?version=3&#038;rel=1&#038;showsearch=0&#038;showinfo=1&#038;iv_load_policy=1&#038;fs=1&#038;hl=de-DE&#038;autohide=2&#038;wmode=transparent\" allowfullscreen=\"true\" style=\"border:0;\" sandbox=\"allow-scripts allow-same-origin allow-popups allow-presentation\"><\/iframe><\/span><\/p>\n<h4>Video \u00fcber den Einfluss von WLAN &#8211; von Dr. Magda Havas<\/h4>\n<p><span class=\"embed-youtube\" style=\"text-align:center; display: block;\"><iframe class=\"youtube-player\" width=\"640\" height=\"360\" src=\"https:\/\/www.youtube.com\/embed\/6v75sKAUFdc?version=3&#038;rel=1&#038;showsearch=0&#038;showinfo=1&#038;iv_load_policy=1&#038;fs=1&#038;hl=de-DE&#038;autohide=2&#038;wmode=transparent\" allowfullscreen=\"true\" style=\"border:0;\" sandbox=\"allow-scripts allow-same-origin allow-popups allow-presentation\"><\/iframe><\/span><\/p>\n","protected":false},"excerpt":{"rendered":"<p>Hier finden Sie ein paar Videos \u00fcber den Einfluss von Elektrosmog auf den meschlichen K\u00f6rper.Quelle: Dr. Magda Havas Video \u00fcber die Beeinflussung der Herzschlagregelung durch Mikrowellenstrahlung (DECTTelefone)\u00a0 &#8211; von Dr. Magda Havas Video \u00fcber die Beeinflussung von Nerven durch Oberwllen im Stromnetz am Beispiel von Multiple Sklerose Patienten &#8211; von Dr. Magda Havas Video \u00fcber die Verklumpung vob roten Blutk\u00f6rperchen durch Elektrosmog (Handy, Computer) &#8211; von Dr. Magda Havas Video \u00fcber den Einfluss von Oberwellen auf dem Stromnetz auf die&#8230;<\/p>\n<p class=\"read-more\"><a class=\"btn btn-default\" href=\"https:\/\/das.raumtuning.info\/?page_id=323\">Weiterlesen<span class=\"screen-reader-text\"> Weiterlesen<\/span><\/a><\/p>\n","protected":false},"author":1,"featured_media":0,"parent":307,"menu_order":0,"comment_status":"open","ping_status":"closed","template":"","meta":{"jetpack_post_was_ever_published":false,"footnotes":""},"class_list":["post-323","page","type-page","status-publish","hentry"],"aioseo_notices":[],"jetpack_sharing_enabled":true,"jetpack_shortlink":"https:\/\/wp.me\/P4hjs0-5d","jetpack-related-posts":[{"id":307,"url":"https:\/\/das.raumtuning.info\/?page_id=307","url_meta":{"origin":323,"position":0},"title":"Prof. Dr. Magda Havas","date":"30. Januar 2014","format":false,"excerpt":"Dr. Magda Havas, PhD ist Associate Professor of Environmental & Resource Studies an der Trent University. Sie lehrt im \u201ecentre of helth studies\u201c an der Trent University in Kanada\u00a0unter anderem \u2013 \u201eBiological Effects of Electromagnetic Fields\u201c. Hierbei geht es um den Einfluss von magnetischen sowie elektrischen Feldern bis zu elektromagnetischen\u2026","rel":"","context":"With 2 comments","img":{"alt_text":"Quelle: Vortex HiFi","src":"https:\/\/i0.wp.com\/das.raumtuning.info\/wp-content\/uploads\/2014\/02\/Xylophon_web.jpg?fit=1080%2C643&ssl=1&resize=350%2C200","width":350,"height":200},"classes":[]},{"id":230,"url":"https:\/\/das.raumtuning.info\/?page_id=230","url_meta":{"origin":323,"position":1},"title":"Dirty Power \/ Dirty Electricity","date":"29. Januar 2014","format":false,"excerpt":"Was ist Dirty Power oder auch Dirty Electricity? Unter Dirty Power verstehen wir St\u00f6rpotentiale auf den Stromleitungen und die daraus resultierenden Beeinflussungen. Besch\u00e4ftigen wir uns mit der Problematik, die im Wesentlichen auf Prof.\u00a0Dr. Magda Havas und David Stetzer zur\u00fcckzuf\u00fchren ist, m\u00fcssen wir zwei Aspekte unterscheiden: Zum einen geht es um\u2026","rel":"","context":"Similar post","img":{"alt_text":"","src":"https:\/\/i0.wp.com\/das.raumtuning.info\/wp-content\/uploads\/2014\/02\/Klavier_Seiten_web.jpg?fit=1080%2C498&ssl=1&resize=350%2C200","width":350,"height":200},"classes":[]},{"id":239,"url":"https:\/\/das.raumtuning.info\/?page_id=239","url_meta":{"origin":323,"position":2},"title":"Elektrosmog und H\u00f6ren","date":"29. Januar 2014","format":false,"excerpt":"In der Diskussion \u00fcber Beeinflussungen durch Elektrosmog ist zwischen wissenschaftlichen Erkenntnissen und Empirie zu unterscheiden. Wissenschaftliche Erkenntnisse Es ist schon erstaunlich, dass hierzulande Tausende Mediziner Appelle gegen gepulste Mikrowellenstrahlung unterschreiben, weil ihre Patienten darunter gesundheitlich leiden.\u00a0 Allein der Freiburger- Appell von \u00c4rzten wurde von ca. 40.000 Personen unterschrieben. Leider f\u00e4llt\u2026","rel":"","context":"Similar post","img":{"alt_text":"Quelle: Vortex HiFi","src":"https:\/\/i0.wp.com\/das.raumtuning.info\/wp-content\/uploads\/2014\/02\/Klavier_Hammer_web.jpg?fit=1080%2C550&ssl=1&resize=350%2C200","width":350,"height":200},"classes":[]},{"id":372,"url":"https:\/\/das.raumtuning.info\/?page_id=372","url_meta":{"origin":323,"position":3},"title":"Massefreier Schirm","date":"30. Januar 2014","format":false,"excerpt":"Schlechter H\u00f6ren durch Schirmung auf Masse Wie wir durch die Dirty Power Forschung von Prof. Dr. Magda Havas wissen k\u00f6nnen je nach Frequenz\u00a0 schon Oberwellen von weniger als 5 millivolt die maximale Empfehlung von 50GS Einheiten f\u00fcr die Elektrosmog-Belastung in Wohnr\u00e4umen \u00fcberschreiten. Dies bedeutet schon sehr geringe St\u00f6rungen auf der\u2026","rel":"","context":"With 2 comments","img":{"alt_text":"Quelle: Vortex HiFi","src":"https:\/\/i0.wp.com\/das.raumtuning.info\/wp-content\/uploads\/2014\/02\/Querfl\u00f6te_web.jpg?fit=1080%2C624&ssl=1&resize=350%2C200","width":350,"height":200},"classes":[]},{"id":283,"url":"https:\/\/das.raumtuning.info\/?page_id=283","url_meta":{"origin":323,"position":4},"title":"Entst\u00f6rung","date":"30. Januar 2014","format":false,"excerpt":"Unter Entst\u00f6rung verstehen wir die Reduzierung von physikalischen St\u00f6rquellen durch Entst\u00f6rma\u00dfnahmen. Dies k\u00f6nnen statische Magnetfelder sein, die vom Erdmagnetfeld abweichen. Dies k\u00f6nnen magnetische oder elektrische Wechselfelder sein. Dies k\u00f6nnen aber auch elektromagnetische Wellen oder Wirbel sein. Alle diese elektrischen, magnetischen oder elektromagnetischen Felder stehen in dem begr\u00fcndeten Verdacht, Vorg\u00e4nge im\u2026","rel":"","context":"Similar post","img":{"alt_text":"","src":"https:\/\/i0.wp.com\/das.raumtuning.info\/wp-content\/uploads\/2014\/01\/Titel-Entst\u00f6rung1.jpg?fit=1080%2C496&ssl=1&resize=350%2C200","width":350,"height":200},"classes":[]},{"id":4480,"url":"https:\/\/das.raumtuning.info\/?page_id=4480","url_meta":{"origin":323,"position":5},"title":"Produktvideos \/ Anleitungen","date":"6. M\u00e4rz 2019","format":false,"excerpt":"Infovideos zum Thema Blut und Oszillation Alignement Eines der zentralen Probleme - wenn nicht das zentrale Problem \u2013 in Verbindung mit elektromagnetischen Wellen und Feldern, welche auf den Menschen wirken, ist das diese die roten Blutk\u00f6rper verkleben und so das Blut dickfl\u00fcssigen machen. Dies hat nicht nur f\u00fcr das H\u00f6ren\u2026","rel":"","context":"Similar post","img":{"alt_text":"","src":"https:\/\/i0.wp.com\/das.raumtuning.info\/wp-content\/uploads\/2020\/04\/Bildschirmfoto-2020-04-29-um-10.52.13.png?fit=1200%2C672&ssl=1&resize=350%2C200","width":350,"height":200},"classes":[]}],"_links":{"self":[{"href":"https:\/\/das.raumtuning.info\/index.php?rest_route=\/wp\/v2\/pages\/323","targetHints":{"allow":["GET"]}}],"collection":[{"href":"https:\/\/das.raumtuning.info\/index.php?rest_route=\/wp\/v2\/pages"}],"about":[{"href":"https:\/\/das.raumtuning.info\/index.php?rest_route=\/wp\/v2\/types\/page"}],"author":[{"embeddable":true,"href":"https:\/\/das.raumtuning.info\/index.php?rest_route=\/wp\/v2\/users\/1"}],"replies":[{"embeddable":true,"href":"https:\/\/das.raumtuning.info\/index.php?rest_route=%2Fwp%2Fv2%2Fcomments&post=323"}],"version-history":[{"count":1,"href":"https:\/\/das.raumtuning.info\/index.php?rest_route=\/wp\/v2\/pages\/323\/revisions"}],"predecessor-version":[{"id":324,"href":"https:\/\/das.raumtuning.info\/index.php?rest_route=\/wp\/v2\/pages\/323\/revisions\/324"}],"up":[{"embeddable":true,"href":"https:\/\/das.raumtuning.info\/index.php?rest_route=\/wp\/v2\/pages\/307"}],"wp:attachment":[{"href":"https:\/\/das.raumtuning.info\/index.php?rest_route=%2Fwp%2Fv2%2Fmedia&parent=323"}],"curies":[{"name":"wp","href":"https:\/\/api.w.org\/{rel}","templated":true}]}}