{"id":3964,"date":"2018-12-13T18:54:59","date_gmt":"2018-12-13T17:54:59","guid":{"rendered":"http:\/\/das.raumtuning.info\/?page_id=3964"},"modified":"2018-12-13T19:15:52","modified_gmt":"2018-12-13T18:15:52","slug":"haendlerschulung","status":"publish","type":"page","link":"https:\/\/das.raumtuning.info\/?page_id=3964","title":{"rendered":"H\u00e4ndlerschulung"},"content":{"rendered":"","protected":true},"excerpt":{"rendered":"","protected":true},"author":1,"featured_media":0,"parent":0,"menu_order":0,"comment_status":"closed","ping_status":"closed","template":"","meta":{"jetpack_post_was_ever_published":false,"footnotes":""},"class_list":["post-3964","page","type-page","status-publish","post-password-required","hentry"],"aioseo_notices":[],"jetpack_sharing_enabled":false,"jetpack_shortlink":"https:\/\/wp.me\/P4hjs0-11W","jetpack-related-posts":[{"id":6206,"url":"https:\/\/das.raumtuning.info\/?page_id=6206","url_meta":{"origin":3964,"position":0},"title":"FAQ-Videos","date":"6. Januar 2022","format":false,"excerpt":"Hier finden Sie Erkl\u00e4rungen f\u00fcr oft gestellte Fragen: https:\/\/youtu.be\/czCBYnDOVSk https:\/\/youtu.be\/-amUJuxJmjQ https:\/\/youtu.be\/IIqoTFk3LCI https:\/\/youtu.be\/uZzatcqzG8M \u00a0 \u00a0 \u00a0","rel":"","context":"Similar post","img":{"alt_text":"","src":"https:\/\/i0.wp.com\/img.youtube.com\/vi\/czCBYnDOVSk\/0.jpg?resize=350%2C200","width":350,"height":200},"classes":[]},{"id":4819,"url":"https:\/\/das.raumtuning.info\/?page_id=4819","url_meta":{"origin":3964,"position":1},"title":"Bedienungsanleitung Oszillation Alignement Card","date":"18. M\u00e4rz 2020","format":false,"excerpt":"Vielen Dank fu\u0308r den Kauf der Oszillation Alignement Card. Sie haben eines der innovativsten Produkte im Bereich Wellness und HiFi erworben. Ziel: Ziel der Oszillation Alignement Card ist es die au\u00dferordentlich negativen Wirkungen von elektromagnetischen Wellen auf den menschlichen Organismus und hier insbesondere der internen Kommunikation zu beseitigen. Kinesiologische Tests\u2026","rel":"","context":"Similar post","img":{"alt_text":"","src":"https:\/\/i0.wp.com\/das.raumtuning.info\/wp-content\/uploads\/2020\/02\/testbericht-vortex-hifi-oscillation-alignment-card-varbild-29243.jpg?fit=1200%2C1200&ssl=1&resize=350%2C200","width":350,"height":200},"classes":[]},{"id":5169,"url":"https:\/\/das.raumtuning.info\/?page_id=5169","url_meta":{"origin":3964,"position":2},"title":"Anleitung: Power Optimizer","date":"4. August 2020","format":false,"excerpt":"https:\/\/youtu.be\/9Inn1j0vB88 https:\/\/youtu.be\/jt784I-4Pys","rel":"","context":"Similar post","img":{"alt_text":"","src":"https:\/\/i0.wp.com\/das.raumtuning.info\/wp-content\/uploads\/2018\/01\/PO-2_3-5.jpg?fit=1200%2C675&ssl=1&resize=350%2C200","width":350,"height":200},"classes":[]},{"id":4480,"url":"https:\/\/das.raumtuning.info\/?page_id=4480","url_meta":{"origin":3964,"position":3},"title":"Produktvideos \/ Anleitungen","date":"6. M\u00e4rz 2019","format":false,"excerpt":"Infovideos zum Thema Blut und Oszillation Alignement Eines der zentralen Probleme - wenn nicht das zentrale Problem \u2013 in Verbindung mit elektromagnetischen Wellen und Feldern, welche auf den Menschen wirken, ist das diese die roten Blutk\u00f6rper verkleben und so das Blut dickfl\u00fcssigen machen. Dies hat nicht nur f\u00fcr das H\u00f6ren\u2026","rel":"","context":"Similar post","img":{"alt_text":"","src":"https:\/\/i0.wp.com\/das.raumtuning.info\/wp-content\/uploads\/2020\/04\/Bildschirmfoto-2020-04-29-um-10.52.13.png?fit=1200%2C672&ssl=1&resize=350%2C200","width":350,"height":200},"classes":[]},{"id":5164,"url":"https:\/\/das.raumtuning.info\/?page_id=5164","url_meta":{"origin":3964,"position":4},"title":"Anleitung: Nano Diamant Contact Oil Sigma","date":"4. August 2020","format":false,"excerpt":"https:\/\/youtu.be\/nvalQbqmGtY","rel":"","context":"Similar post","img":{"alt_text":"","src":"https:\/\/i0.wp.com\/das.raumtuning.info\/wp-content\/uploads\/2020\/08\/vortex-hifi_nano-diamond-contact-oil.jpg?fit=1200%2C600&ssl=1&resize=350%2C200","width":350,"height":200},"classes":[]},{"id":5182,"url":"https:\/\/das.raumtuning.info\/?page_id=5182","url_meta":{"origin":3964,"position":5},"title":"Anleitung: Vibration Naturalizer Ger\u00e4tef\u00fcsse","date":"4. August 2020","format":false,"excerpt":"https:\/\/youtu.be\/4CA8W_5tvSk","rel":"","context":"Similar post","img":{"alt_text":"","src":"https:\/\/i0.wp.com\/das.raumtuning.info\/wp-content\/uploads\/2018\/01\/Alle-F\u00fc\u00dfe-Schwarz-Hintergrund-unscharf-1.jpg?fit=1200%2C675&ssl=1&resize=350%2C200","width":350,"height":200},"classes":[]}],"_links":{"self":[{"href":"https:\/\/das.raumtuning.info\/index.php?rest_route=\/wp\/v2\/pages\/3964","targetHints":{"allow":["GET"]}}],"collection":[{"href":"https:\/\/das.raumtuning.info\/index.php?rest_route=\/wp\/v2\/pages"}],"about":[{"href":"https:\/\/das.raumtuning.info\/index.php?rest_route=\/wp\/v2\/types\/page"}],"author":[{"embeddable":true,"href":"https:\/\/das.raumtuning.info\/index.php?rest_route=\/wp\/v2\/users\/1"}],"replies":[{"embeddable":true,"href":"https:\/\/das.raumtuning.info\/index.php?rest_route=%2Fwp%2Fv2%2Fcomments&post=3964"}],"version-history":[{"count":3,"href":"https:\/\/das.raumtuning.info\/index.php?rest_route=\/wp\/v2\/pages\/3964\/revisions"}],"predecessor-version":[{"id":3968,"href":"https:\/\/das.raumtuning.info\/index.php?rest_route=\/wp\/v2\/pages\/3964\/revisions\/3968"}],"wp:attachment":[{"href":"https:\/\/das.raumtuning.info\/index.php?rest_route=%2Fwp%2Fv2%2Fmedia&parent=3964"}],"curies":[{"name":"wp","href":"https:\/\/api.w.org\/{rel}","templated":true}]}}