{"id":401,"date":"2014-01-30T17:27:09","date_gmt":"2014-01-30T16:27:09","guid":{"rendered":"http:\/\/das.raumtuning.info\/?page_id=401"},"modified":"2014-03-27T13:57:07","modified_gmt":"2014-03-27T12:57:07","slug":"steckerdaempfung","status":"publish","type":"page","link":"https:\/\/das.raumtuning.info\/?page_id=401","title":{"rendered":"Steckerd\u00e4mpfung"},"content":{"rendered":"<h1>Wenn Stecker schwingen, ist Ihr Klang der Verlierer<\/h1>\n<p>Dass vibrierende Stecker guten Klang negativ beeinflussen, ja ganz verhindern k\u00f6nnen, ist im High End HiFi eine \u00fcber viele Jahre bekannte Tatsache. So wurden f\u00fcr den Super High End Bereich speziell ged\u00e4mpfte Stecker und Buchsen entwickelt oder es werden Stecker und Buchsen eingeknetet. Die Vortex HiFi Forschung hat diese Ph\u00e4nomene seit vielen Jahren untersucht und so eine L\u00f6sung entwickelt, die das Problem konsequent l\u00f6st.<\/p>\n<h3>Mechanische D\u00e4mpfung der Buchsenschwingung<\/h3>\n<p>Die Metallteile der Vortex HiFi <a title=\"Nano Shield Plug\u00b4s\" href=\"http:\/\/das.raumtuning.info\/?page_id=267\" target=\"_blank\">Nano Shield Plugs<\/a> oder Vortex HiFi <a title=\"Nano Shield Kabel\" href=\"http:\/\/das.raumtuning.info\/?page_id=269\" target=\"_blank\">Nano Shield Kabel<\/a>, die Kontakt zu der Ger\u00e4tebuchse haben, werden\u00a0 ged\u00e4mpft. Wir isolieren also nicht die Schwingung, sondern wir lassen diese auf den Stecker gelangen und d\u00e4mpfen diese Schwingung mit einer speziellen D\u00e4mpfungsmasse. Dies reduziert Resonanzen durch mechanische Reflexionen.<\/p>\n<h3>Selbstklebend f\u00fcr maximale D\u00e4mpfung<\/h3>\n<p>Diese D\u00e4mpfungsmasse ist auf Metallteilen und Kunststoffteilen selbstklebend und hat so immer einen festen Kontakt zum Metall f\u00fcr eine perfekte D\u00e4mpfung. Dies ist ein entscheidender Vorteil gegen\u00fcber Sand oder anderen D\u00e4mpfungsmitteln, die sich nicht mit dem Stecker selbst verkleben. Die D\u00e4mpfung klappt auch &#8220;\u00fcber Kopf&#8221; entgegen der Schwerkraft.<\/p>\n<h3>Reflexionsarme Schwingungsd\u00e4mpfung<\/h3>\n<p>Der Vorteil dieser Ma\u00dfnahme ist, dass die Schwingung nicht am \u00dcbergang reflektiert wird und sich aufschaukeln (in Resonanz gehen) kann. Dieses von Norbert Maurer entwickelte Prinzip der Ableitung und einer sp\u00e4teren D\u00e4mpfung hat sich schon im super High End HiFi-Rackbereich bestens bew\u00e4hrt.<\/p>\n<p>Durch dieses D\u00e4mpfungskonzept wird nicht nur die Schwingung des Abschlusssteckers oder des Kabels verringert, sondern auch die Buchse selbst gibt die Schwingung an den Stecker ab und d\u00e4mpft diese .<\/p>\n<h3>Reduzierung von klangsch\u00e4dlichen Potentialwirbeln<\/h3>\n<p>Neu ist die Behandlung des D\u00e4mpfungsmaterials, welche klangsch\u00e4dlich Potentialwirbel (<a title=\"Prof.Dr.Ing. Konstantin Meyl\" href=\"http:\/\/das.raumtuning.info\/?page_id=313\" target=\"_blank\">siehe Meyl<\/a>) in der Masse (die Potentialwirbel treten nur im Dielektrikum auf)\u00a0 reduziert.<\/p>\n<h3>Hohlraum-F\u00fcllung<\/h3>\n<p>Um eine mechanische Schwingung der Metallteile zus\u00e4tzlich zu behindern, wurde nahezu das gesammte Innen-Volumen der Stecker gef\u00fcllt.<\/p>\n<h3>Schirmung ohne Nachteile<\/h3>\n<p>Somit stellen die Vortex HiFi <a title=\"Nano Shield Plug\u00b4s\" href=\"http:\/\/das.raumtuning.info\/?page_id=267\" target=\"_blank\">Nano Shield Plug\u00b4s<\/a> und <a title=\"Nano Shield Kabel\" href=\"http:\/\/das.raumtuning.info\/?page_id=269\" target=\"_blank\">Kabel<\/a> auch einen deutlichen Beitrag zur Verbesserung des Klanges durch eine mechanische Beruhigung der Ger\u00e4tebuchsen da. Die Vorteile durch eine Schirmung der Buchsen wird so nicht durch eine in Resonanz geratene Stecker-Konstruktion vernichtet.<\/p>\n<p>&nbsp;<\/p>\n","protected":false},"excerpt":{"rendered":"<p>Wenn Stecker schwingen, ist Ihr Klang der Verlierer Dass vibrierende Stecker guten Klang negativ beeinflussen, ja ganz verhindern k\u00f6nnen, ist im High End HiFi eine \u00fcber viele Jahre bekannte Tatsache. So wurden f\u00fcr den Super High End Bereich speziell ged\u00e4mpfte Stecker und Buchsen entwickelt oder es werden Stecker und Buchsen eingeknetet. Die Vortex HiFi Forschung hat diese Ph\u00e4nomene seit vielen Jahren untersucht und so eine L\u00f6sung entwickelt, die das Problem konsequent l\u00f6st. Mechanische D\u00e4mpfung der Buchsenschwingung Die Metallteile der Vortex&#8230;<\/p>\n<p class=\"read-more\"><a class=\"btn btn-default\" href=\"https:\/\/das.raumtuning.info\/?page_id=401\">Weiterlesen<span class=\"screen-reader-text\"> Weiterlesen<\/span><\/a><\/p>\n","protected":false},"author":1,"featured_media":653,"parent":138,"menu_order":0,"comment_status":"open","ping_status":"closed","template":"","meta":{"jetpack_post_was_ever_published":false,"footnotes":""},"class_list":["post-401","page","type-page","status-publish","has-post-thumbnail","hentry"],"aioseo_notices":[],"jetpack_sharing_enabled":true,"jetpack_shortlink":"https:\/\/wp.me\/P4hjs0-6t","jetpack-related-posts":[{"id":293,"url":"https:\/\/das.raumtuning.info\/?page_id=293","url_meta":{"origin":401,"position":0},"title":"Strom entst\u00f6ren","date":"30. Januar 2014","format":false,"excerpt":"Warum sollten Sie sich mit Strom besch\u00e4ftigen, wenn Sie Musik genie\u00dfen wollen? Weil die Praxis zeigt, dass, wenn Sie Ihre Stromkomponenten ver\u00e4ndern, der Klang sich auch ver\u00e4ndert! Dabei werden \u00fcblicherweise sogenannte Strom-Conditioner, Filter aber auch spezielle Netzkabel und Sicherungen angeboten. Das kann schon mal 1.000 bis 10.000 Euro kosten. Allen\u2026","rel":"","context":"Similar post","img":{"alt_text":"","src":"https:\/\/i0.wp.com\/das.raumtuning.info\/wp-content\/uploads\/2014\/01\/Power-Plug-Beitragsbild-web.jpg?fit=1063%2C752&ssl=1&resize=350%2C200","width":350,"height":200},"classes":[]},{"id":2169,"url":"https:\/\/das.raumtuning.info\/?page_id=2169","url_meta":{"origin":401,"position":1},"title":"Ground Optimizer","date":"9. Dezember 2015","format":false,"excerpt":"F\u00fcr einen sauberen Klang braucht es eine saubere Masse. Der Ground Optimizer ist Ihr M\u00fclleimer f\u00fcr Massest\u00f6rungen. Die Masse eines Ger\u00e4tes ist gleichzeitig M\u00fcllplatz und K\u00fcchentisch f\u00fcr die Zubereitung Ihres Gourmetklangs. Das kann nicht funktionieren! Massest\u00f6rungen sind elementar f\u00fcr den Klang Die Forderung lautet also, die Massest\u00f6rungen soweit wie irgend\u2026","rel":"","context":"Similar post","img":{"alt_text":"","src":"https:\/\/i0.wp.com\/das.raumtuning.info\/wp-content\/uploads\/2015\/12\/iStock_000012046846_Large.jpg?fit=1200%2C803&ssl=1&resize=350%2C200","width":350,"height":200},"classes":[]},{"id":249,"url":"https:\/\/das.raumtuning.info\/?page_id=249","url_meta":{"origin":401,"position":2},"title":"Potentialausgleich","date":"29. Januar 2014","format":false,"excerpt":"Das Riesenproblem im HiFi Innerhalb der Ger\u00e4te werden teilweise mit dicken Masseschienen, superkurzen Verbindungen, exakte sternf\u00f6rmige Anordnungen, usw. gearbeitet. \u00dcber die Massen der Ger\u00e4te und deren Verbindung au\u00dferhalb der Ger\u00e4te spricht keiner. Dies, obwohl hier die Probleme \u00fcber den Potentialausgleich der Massen dramatisch gr\u00f6\u00dfer sind (siehe die unten stehenden Messungen\u2026","rel":"","context":"Similar post","img":{"alt_text":"Quelle: Vortex HiFi","src":"https:\/\/i0.wp.com\/das.raumtuning.info\/wp-content\/uploads\/2014\/02\/Klavier.jpg?fit=1080%2C553&ssl=1&resize=350%2C200","width":350,"height":200},"classes":[]},{"id":372,"url":"https:\/\/das.raumtuning.info\/?page_id=372","url_meta":{"origin":401,"position":3},"title":"Massefreier Schirm","date":"30. Januar 2014","format":false,"excerpt":"Schlechter H\u00f6ren durch Schirmung auf Masse Wie wir durch die Dirty Power Forschung von Prof. Dr. Magda Havas wissen k\u00f6nnen je nach Frequenz\u00a0 schon Oberwellen von weniger als 5 millivolt die maximale Empfehlung von 50GS Einheiten f\u00fcr die Elektrosmog-Belastung in Wohnr\u00e4umen \u00fcberschreiten. Dies bedeutet schon sehr geringe St\u00f6rungen auf der\u2026","rel":"","context":"With 2 comments","img":{"alt_text":"Quelle: Vortex HiFi","src":"https:\/\/i0.wp.com\/das.raumtuning.info\/wp-content\/uploads\/2014\/02\/Querfl\u00f6te_web.jpg?fit=1080%2C624&ssl=1&resize=350%2C200","width":350,"height":200},"classes":[]},{"id":281,"url":"https:\/\/das.raumtuning.info\/?page_id=281","url_meta":{"origin":401,"position":4},"title":"Entstressung","date":"30. Januar 2014","format":false,"excerpt":"Alle wollen stressfrei h\u00f6ren Im HiFi wird viel \u00fcber stressfreies H\u00f6ren philosophiert. Analoge Plattenspieler seien stressfrei, da diese nur analoge - also nat\u00fcrliche Verzerrungen bes\u00e4\u00dfen. R\u00f6hrenverst\u00e4rker w\u00fcrden stressfrei klingen, da diese bestimmte Wunder-Oberwellen erzeugen w\u00fcrden. Ein weiterer Kandidat, der als das ultimative Prinzip zum stressfreien H\u00f6ren gilt, ist der elektrostatische\u2026","rel":"","context":"Similar post","img":{"alt_text":"","src":"https:\/\/i0.wp.com\/das.raumtuning.info\/wp-content\/uploads\/2014\/01\/Tietel-Entstresung.jpg?fit=1080%2C540&ssl=1&resize=350%2C200","width":350,"height":200},"classes":[]},{"id":2335,"url":"https:\/\/das.raumtuning.info\/?page_id=2335","url_meta":{"origin":401,"position":5},"title":"Bedienungsanleitung Ground Optimizer GO 1 und GO2 Ultra sowie GO3 Ultra","date":"11. Februar 2016","format":false,"excerpt":"Herzlichen Gl\u00fcckwunsch zum Erwerb Ihres Vortex HiFi Ground Optimizer! Sie haben eines der innovativsten HiFi-Produkte \u00fcberhaupt erworben. Der Ground Optimizer vereinigt baubiologisches Know How; High-Tech Abschirm-Technik mit den neuesten Erkenntnissen der Beeinflussung der Musikempfindung und des menschlichen Nervensystems durch Elektrosmog. Der Ground Optimizer ist unser 1. Produkt, welches die Ursache\u2026","rel":"","context":"Similar post","img":{"alt_text":"","src":"https:\/\/i0.wp.com\/das.raumtuning.info\/wp-content\/uploads\/2015\/12\/Vortex-HiFi-Ground-Optimizer.jpeg?fit=1200%2C675&ssl=1&resize=350%2C200","width":350,"height":200},"classes":[]}],"_links":{"self":[{"href":"https:\/\/das.raumtuning.info\/index.php?rest_route=\/wp\/v2\/pages\/401","targetHints":{"allow":["GET"]}}],"collection":[{"href":"https:\/\/das.raumtuning.info\/index.php?rest_route=\/wp\/v2\/pages"}],"about":[{"href":"https:\/\/das.raumtuning.info\/index.php?rest_route=\/wp\/v2\/types\/page"}],"author":[{"embeddable":true,"href":"https:\/\/das.raumtuning.info\/index.php?rest_route=\/wp\/v2\/users\/1"}],"replies":[{"embeddable":true,"href":"https:\/\/das.raumtuning.info\/index.php?rest_route=%2Fwp%2Fv2%2Fcomments&post=401"}],"version-history":[{"count":16,"href":"https:\/\/das.raumtuning.info\/index.php?rest_route=\/wp\/v2\/pages\/401\/revisions"}],"predecessor-version":[{"id":976,"href":"https:\/\/das.raumtuning.info\/index.php?rest_route=\/wp\/v2\/pages\/401\/revisions\/976"}],"up":[{"embeddable":true,"href":"https:\/\/das.raumtuning.info\/index.php?rest_route=\/wp\/v2\/pages\/138"}],"wp:featuredmedia":[{"embeddable":true,"href":"https:\/\/das.raumtuning.info\/index.php?rest_route=\/wp\/v2\/media\/653"}],"wp:attachment":[{"href":"https:\/\/das.raumtuning.info\/index.php?rest_route=%2Fwp%2Fv2%2Fmedia&parent=401"}],"curies":[{"name":"wp","href":"https:\/\/api.w.org\/{rel}","templated":true}]}}