{"id":41,"date":"2014-01-13T17:27:32","date_gmt":"2014-01-13T16:27:32","guid":{"rendered":"http:\/\/das.raumtuning.info\/?page_id=41"},"modified":"2014-09-24T18:11:56","modified_gmt":"2014-09-24T16:11:56","slug":"loesungen","status":"publish","type":"page","link":"https:\/\/das.raumtuning.info\/?page_id=41","title":{"rendered":"L\u00f6sungen"},"content":{"rendered":"<h1>Die Vortex HiFi Entst\u00f6rmatrix<\/h1>\n<p><strong>Hier sehen Sie einzelne Probleme und unserre L\u00f6sungen. Weiter unten haben wir f\u00fcr Sie L\u00f6sungsbereiche zusammengestellt.<br \/>\n<\/strong><\/p>\n<figure id=\"attachment_1507\" aria-describedby=\"caption-attachment-1507\" style=\"width: 1526px\" class=\"wp-caption alignnone\"><a href=\"http:\/\/das.raumtuning.info\/wp-content\/uploads\/2014\/01\/wo_was_wie.pdf\" target=\"_blank\" rel=\"http:\/\/das.raumtuning.info\/wp-content\/uploads\/2014\/01\/wo_was_wie.pdf\"><img fetchpriority=\"high\" decoding=\"async\" data-attachment-id=\"1507\" data-permalink=\"https:\/\/das.raumtuning.info\/?attachment_id=1507\" data-orig-file=\"https:\/\/i0.wp.com\/das.raumtuning.info\/wp-content\/uploads\/2014\/01\/Sreenshot-Matrix.png?fit=1526%2C1079&amp;ssl=1\" data-orig-size=\"1526,1079\" data-comments-opened=\"1\" data-image-meta=\"{&quot;aperture&quot;:&quot;0&quot;,&quot;credit&quot;:&quot;&quot;,&quot;camera&quot;:&quot;&quot;,&quot;caption&quot;:&quot;&quot;,&quot;created_timestamp&quot;:&quot;0&quot;,&quot;copyright&quot;:&quot;&quot;,&quot;focal_length&quot;:&quot;0&quot;,&quot;iso&quot;:&quot;0&quot;,&quot;shutter_speed&quot;:&quot;0&quot;,&quot;title&quot;:&quot;&quot;,&quot;orientation&quot;:&quot;0&quot;}\" data-image-title=\"Sreenshot Matrix\" data-image-description=\"\" data-image-caption=\"\" data-medium-file=\"https:\/\/i0.wp.com\/das.raumtuning.info\/wp-content\/uploads\/2014\/01\/Sreenshot-Matrix.png?fit=300%2C212&amp;ssl=1\" data-large-file=\"https:\/\/i0.wp.com\/das.raumtuning.info\/wp-content\/uploads\/2014\/01\/Sreenshot-Matrix.png?fit=640%2C453&amp;ssl=1\" class=\"wp-image-1507 size-full\" src=\"https:\/\/i0.wp.com\/das.raumtuning.info\/wp-content\/uploads\/2014\/01\/Sreenshot-Matrix.png?resize=640%2C453\" alt=\"Vortex HiFi Entst\u00f6rmatrix\" width=\"640\" height=\"453\" srcset=\"https:\/\/i0.wp.com\/das.raumtuning.info\/wp-content\/uploads\/2014\/01\/Sreenshot-Matrix.png?w=1526&amp;ssl=1 1526w, https:\/\/i0.wp.com\/das.raumtuning.info\/wp-content\/uploads\/2014\/01\/Sreenshot-Matrix.png?resize=300%2C212&amp;ssl=1 300w, https:\/\/i0.wp.com\/das.raumtuning.info\/wp-content\/uploads\/2014\/01\/Sreenshot-Matrix.png?resize=1024%2C724&amp;ssl=1 1024w, https:\/\/i0.wp.com\/das.raumtuning.info\/wp-content\/uploads\/2014\/01\/Sreenshot-Matrix.png?resize=900%2C636&amp;ssl=1 900w, https:\/\/i0.wp.com\/das.raumtuning.info\/wp-content\/uploads\/2014\/01\/Sreenshot-Matrix.png?w=1280 1280w\" sizes=\"(max-width: 640px) 100vw, 640px\" data-recalc-dims=\"1\" \/><\/a><figcaption id=\"caption-attachment-1507\" class=\"wp-caption-text\">Vortex HiFi Entst\u00f6rmatrix<\/figcaption><\/figure>\n<p class=\"MsoNormal\">Ziel unserer <b style=\"mso-bidi-font-weight: normal;\">L\u00f6sungen<\/b> ist es, die konkreten Probleme in ihrem Zuhause zu beseitigen, damit Sie Musik wie Life in Ihrem Zuhause genie\u00dfen k\u00f6nnen. Dazu setzen wir ganzheitlich, also am Raum, am Strom, an den Ger\u00e4ten, aber auch am Menschen selbst an. Neue <a title=\"Elektrosmog\" href=\"http:\/\/das.raumtuning.info\/?page_id=239\">wissenschaftliche Erkenntnisse<\/a> zeigen, dass eine f\u00fcr Sie nat\u00fcrliche Musikempfindung nur eintritt, wenn die Elektroakustik also das Signal selbst und die Verarbeitung von Schallwellen zum Musikerlebnis im menschlichen K\u00f6rper nat\u00fcrlich, ungest\u00f6rt und stressfrei verl\u00e4uft.<\/p>\n<h4 class=\"MsoNormal\">Der Mensch ver\u00e4ndert mehr als die Ger\u00e4te oder Lautsprecher<\/h4>\n<p class=\"MsoNormal\">\u00a0Akustisch ver\u00e4ndert der Mensch durch ein Kompfdrehen (Kopfbezogene \u00dcbertragungsfunktionen) um ca. 30\u00b0 den Frequenzgang im Geh\u00f6rgang des Menschen um ca. 20dB! Dabei wird der Phasengang v\u00f6llig ver\u00e4ndert. Im cochle\u00e4ren Verst\u00e4rkungmechanismus im Innenohr wird mechanisch der Schall um bis zum 1000-fachen verst\u00e4rkt oder abgeschw\u00e4cht. Die \u00e4u\u00dfere akustische Realit\u00e4t macht also nur 0,1% dessen aus, was Sie wahrnehmen. Ob sie sich also auf einen S\u00e4nger konzentrieren (Cocktailparty \u2013 Effekt) oder nicht, ver\u00e4ndert das Erlebte mehr als irgendein elektroakustisches Ger\u00e4t. Nur wenn <b style=\"mso-bidi-font-weight: normal;\">beides,<\/b> das elektroakustische <b style=\"mso-bidi-font-weight: normal;\">Signal und<\/b> die <b style=\"mso-bidi-font-weight: normal;\">Verarbeitung<\/b> <b style=\"mso-bidi-font-weight: normal;\">im Menschen,<\/b> ungest\u00f6rt ist, funktioniert Fu\u00dfwippen und G\u00e4nsehaut!<\/p>\n<p class=\"MsoNormal\">Die aktuelle medizinische Forschung hat gezeigt, dass das H\u00f6rsystem sowohl bei hochfrequenten elektromagnetischen Wellen als auch bei niederfrequenten elektromagnetischen Feldern mit Fehlern reagiert. Dies k\u00f6nnen generell fehlerhafte Nervenimpulse sein, wie Sie <a title=\"Prof. Dr. Peter Semm\" href=\"http:\/\/das.raumtuning.info\/?page_id=311\">Prof. Dr. Peter Semm<\/a> feststellte oder speziell Fehler in den Nervenimpulsen des H\u00f6rnerven, wie es <a title=\"Prof.em. Dr. med. Karl Hecht\" href=\"http:\/\/das.raumtuning.info\/?page_id=309\">Prof. em. Dr. Karl Hecht<\/a> aus russischen Arbeiten beschreibt oder sogar extreme Ohrger\u00e4usche, wie es <a title=\"Prof. Dr. Magda Havas\" href=\"http:\/\/das.raumtuning.info\/?page_id=307\">Prof. Dr. Magda Havas<\/a> bei einem WHO Workshop 2004 in Prag aufzeigte.<\/p>\n<h5 class=\"MsoNormal\"><em>&#8220;Da der Mensch objektiv schon <strong>mechanisch<\/strong> am Kopf (HRTF \u00b4s ca. 20dB) und bei der Umsetzung der Schwingungen in Nervenimpulse an der Tektorialmembran (1000-fach) die akustische Realit\u00e4t im Raum ver\u00e4ndert, ist es auch nicht verwunderlich, dass es keinen Zusammenhang zwichen technischen Daten ,die im Audiobereich erhoben werden und der Klangqualit\u00e4t gibt!&#8221;<\/em><\/h5>\n<p class=\"MsoNormal\">Eindrucksvoll kann man sich dies beim Vergliech der Messprotokolle der Testger\u00e4te bei <a href=\"http:\/\/www.stereo.de\/index.php?id=549\" target=\"_blank\">STEREO<\/a> im Internet nachpr\u00fcfen.<\/p>\n<h4 class=\"MsoNormal\">Daher haben wir aus unseren Erfahrungen,\u00a0 verschiedene L\u00f6sungsbereiche f\u00fcr Sie erarbeitet und die Probleml\u00f6ser systematisch zusammengestellt:<\/h4>\n<ul>\n<li><a title=\"Menschen Entstressen\" href=\"http:\/\/das.raumtuning.info\/?page_id=289\"><strong>Menschen entstressen:<\/strong> <\/a>Wenn emotionale Momente Wirklichkeit werden\u2026<\/li>\n<li><a title=\"Lautsprecher Entst\u00f6ren\" href=\"http:\/\/das.raumtuning.info\/?page_id=291\"><strong>Lautsprecher entst\u00f6ren:<\/strong><\/a> Wenn Lautsprecher verschwinden\u2026<\/li>\n<li><a title=\"Strom Entst\u00f6ren\" href=\"http:\/\/das.raumtuning.info\/?page_id=293\"><strong>Strom abschirmen:<\/strong> <\/a>Wenn Strom klingt und nicht st\u00f6rt\u2026<\/li>\n<li><a title=\"Raumtuning\" href=\"http:\/\/das.raumtuning.info\/?page_id=295\"><strong>R\u00e4ume entst\u00f6ren und entstressen:<\/strong><\/a> Wenn ihr Raum pl\u00f6tzlich klingt und zum Konzertsaal wird \u2026<\/li>\n<li><a title=\"Ger\u00e4te Verbinden\" href=\"http:\/\/das.raumtuning.info\/?page_id=299\"><strong>Ger\u00e4te perfekt verbinden:<\/strong> <\/a>Wenn Ger\u00e4te wirklich zueinander passen\u2026<\/li>\n<li><a title=\"Ger\u00e4te Verbinden\" href=\"http:\/\/das.raumtuning.info\/?page_id=299\"><strong>Digitalger\u00e4te schirmen und entst\u00f6ren:<\/strong><\/a> Wenn Streaming &amp; Co keine Klanggrenzen mehr kennen\u2026<\/li>\n<\/ul>\n","protected":false},"excerpt":{"rendered":"<p>Die Vortex HiFi Entst\u00f6rmatrix Hier sehen Sie einzelne Probleme und unserre L\u00f6sungen. Weiter unten haben wir f\u00fcr Sie L\u00f6sungsbereiche zusammengestellt. Ziel unserer L\u00f6sungen ist es, die konkreten Probleme in ihrem Zuhause zu beseitigen, damit Sie Musik wie Life in Ihrem Zuhause genie\u00dfen k\u00f6nnen. Dazu setzen wir ganzheitlich, also am Raum, am Strom, an den Ger\u00e4ten, aber auch am Menschen selbst an. Neue wissenschaftliche Erkenntnisse zeigen, dass eine f\u00fcr Sie nat\u00fcrliche Musikempfindung nur eintritt, wenn die Elektroakustik also das Signal selbst&#8230;<\/p>\n<p class=\"read-more\"><a class=\"btn btn-default\" href=\"https:\/\/das.raumtuning.info\/?page_id=41\">Weiterlesen<span class=\"screen-reader-text\"> Weiterlesen<\/span><\/a><\/p>\n","protected":false},"author":1,"featured_media":654,"parent":0,"menu_order":0,"comment_status":"open","ping_status":"closed","template":"","meta":{"jetpack_post_was_ever_published":false,"footnotes":""},"class_list":["post-41","page","type-page","status-publish","has-post-thumbnail","hentry"],"aioseo_notices":[],"jetpack_sharing_enabled":true,"jetpack_shortlink":"https:\/\/wp.me\/P4hjs0-F","jetpack-related-posts":[{"id":1596,"url":"https:\/\/das.raumtuning.info\/?page_id=1596","url_meta":{"origin":41,"position":0},"title":"Bedienungsanleitung A.I.O. Pyramiden","date":"6. November 2014","format":false,"excerpt":"Herzlichen Gl\u00fcckwunsch zum Erwerb Ihrer Vortex HiFi A.I.O. Pyramide 30 \/ 40! Sie haben eines der innovativsten HiFi -Zubeh\u00f6r-Produkte \u00fcberhaupt erworben. Die A.I.O. Pyramide 30 \/ 40 ist das Ergebnis einer langj\u00e4hrigen Erforschung der Beeinflussung des menschlichen Nervensystems \/ H\u00f6rsystems durch Elektrosmog und deren Beseitigung. Der St\u00f6rungsprozess des Nervensystems \/\u2026","rel":"","context":"Similar post","img":{"alt_text":"","src":"https:\/\/i0.wp.com\/das.raumtuning.info\/wp-content\/uploads\/2014\/11\/pyramiden.jpg?fit=1063%2C797&ssl=1&resize=350%2C200","width":350,"height":200},"classes":[]},{"id":10,"url":"https:\/\/das.raumtuning.info\/","url_meta":{"origin":41,"position":1},"title":"Home","date":"12. Dezember 2013","format":false,"excerpt":"Musik h\u00f6ren war gestern... ... Musik empfinden ist heute! - Vortex HiFi \u00a0 \u00a0 \u00a0 \u00a0 Die Vortex HiFi Forschung stellt immer wieder die (HiFi)-Welt auf den Kopf. Technische Ger\u00e4te wie Handys, Laptops, Computer oder Router, die das Musikh\u00f6ren bisher stark verschlechtert haben, f\u00f6rdern nun den Klang durch neue Vortex\u2026","rel":"","context":"Similar post","img":{"alt_text":"","src":"https:\/\/i0.wp.com\/das.raumtuning.info\/wp-content\/uploads\/2014\/01\/Blut-in-nat\u00fcrlicher-Umwelt-rot2.png?resize=350%2C200","width":350,"height":200},"classes":[]},{"id":295,"url":"https:\/\/das.raumtuning.info\/?page_id=295","url_meta":{"origin":41,"position":2},"title":"Raumtuning","date":"30. Januar 2014","format":false,"excerpt":"Wie wird Ihr Wohnzimmer zum Konzertsaal? Das ist ganz einfach! Sie schalten Ihre HiFi-Anlage an, setzen sich gem\u00fctlich in Ihren Lieblingssessel und schlie\u00dfen Ihre Augen. Schon sind Sie in einer Kirche, einem Jazz-Club oder in einem Konzetsaal. Das einzige, was Sie brauchen, ist Entspannung - denn dann machen Sie Ihr\u2026","rel":"","context":"Similar post","img":{"alt_text":"Quelle: Vortex HiFi","src":"https:\/\/i0.wp.com\/das.raumtuning.info\/wp-content\/uploads\/2014\/02\/Konzertsaal.jpg?fit=1080%2C578&ssl=1&resize=350%2C200","width":350,"height":200},"classes":[]},{"id":3145,"url":"https:\/\/das.raumtuning.info\/?page_id=3145","url_meta":{"origin":41,"position":3},"title":"Produktgruppen","date":"19. Dezember 2017","format":false,"excerpt":"Vortex HiFi Zubeh\u00f6r besteht aus 8 Produktgruppen in denen 8 unterschiedliche Vortex HiFi Basistechnologien eingesetzt werden. Im Magazin f\u00fcr High Fidelity - H\u00f6rerlebnis - wurde ein Querschnitt unserer Produkte getestet und kommt zu dem Fazit: \"Was Norbert Maurer mit der j\u00fcngsten Vortex Hifi-Technik anbietet, ist in seiner Wirkung in Relation\u2026","rel":"","context":"Similar post","img":{"alt_text":"","src":"https:\/\/i0.wp.com\/das.raumtuning.info\/wp-content\/uploads\/2014\/01\/Produkt\u00fcbersicht-mit-Logo.jpg?fit=1200%2C760&ssl=1&resize=350%2C200","width":350,"height":200},"classes":[]},{"id":1650,"url":"https:\/\/das.raumtuning.info\/?page_id=1650","url_meta":{"origin":41,"position":4},"title":"Bedienungsanleitung 2D Entst\u00f6r Chips","date":"26. November 2014","format":false,"excerpt":"Herzlichen Gl\u00fcckwunsch zum Erwerb Ihrer Vortex HiFi 2D-Entst\u00f6r-Chips! Sie haben eines der innovativsten HiFi -Zubeh\u00f6r-Produkte \u00fcberhaupt erworben. Die 2D-Entst\u00f6r-Chips sind das Ergebnis einer langj\u00e4hrigen Erforschung der Beeinflussung des menschlichen Nervensystems \/ H\u00f6rsystems durch Elektrosmog und deren Beseitigung. Vortex HiFi 2D-Entst\u00f6r-Chips sind so konstruiert, dass diese m\u00f6glichst \u00fcberall eingesetzt werden k\u00f6nnen.\u2026","rel":"","context":"Similar post","img":{"alt_text":"Vortex HiFi 2D - Entst\u00f6r -Chips-Schwarz","src":"https:\/\/i0.wp.com\/das.raumtuning.info\/wp-content\/uploads\/2014\/11\/2D-Chips-Schwarz.jpg?fit=1080%2C764&ssl=1&resize=350%2C200","width":350,"height":200},"classes":[]},{"id":1616,"url":"https:\/\/das.raumtuning.info\/?page_id=1616","url_meta":{"origin":41,"position":5},"title":"Bedienungsanleitung Nano Shield Plugs","date":"6. November 2014","format":false,"excerpt":"Herzlichen Gl\u00fcckwunsch zum Erwerb Ihres Vortex HiFi Nano Shield Plug Sie haben eines der Innovativsten HiFi- Zubeh\u00f6r-Produkte \u00fcberhaupt erworben. Ihr Nano Shield Plug vereinigt High Tech Know-how moderner Nano - Abschirm-Technik mit den neuesten Erkenntnissen in der Beeinflussung des menschlichen Nervensystems durch Elektrosmog und deren Beseitigung. Vortex HiFi Plug -\u2026","rel":"","context":"Similar post","img":{"alt_text":"Vortex HiFi Nano Shield Power Plug B","src":"https:\/\/i0.wp.com\/das.raumtuning.info\/wp-content\/uploads\/2014\/11\/Stecker..jpg?fit=1063%2C752&ssl=1&resize=350%2C200","width":350,"height":200},"classes":[]}],"_links":{"self":[{"href":"https:\/\/das.raumtuning.info\/index.php?rest_route=\/wp\/v2\/pages\/41","targetHints":{"allow":["GET"]}}],"collection":[{"href":"https:\/\/das.raumtuning.info\/index.php?rest_route=\/wp\/v2\/pages"}],"about":[{"href":"https:\/\/das.raumtuning.info\/index.php?rest_route=\/wp\/v2\/types\/page"}],"author":[{"embeddable":true,"href":"https:\/\/das.raumtuning.info\/index.php?rest_route=\/wp\/v2\/users\/1"}],"replies":[{"embeddable":true,"href":"https:\/\/das.raumtuning.info\/index.php?rest_route=%2Fwp%2Fv2%2Fcomments&post=41"}],"version-history":[{"count":19,"href":"https:\/\/das.raumtuning.info\/index.php?rest_route=\/wp\/v2\/pages\/41\/revisions"}],"predecessor-version":[{"id":1504,"href":"https:\/\/das.raumtuning.info\/index.php?rest_route=\/wp\/v2\/pages\/41\/revisions\/1504"}],"wp:featuredmedia":[{"embeddable":true,"href":"https:\/\/das.raumtuning.info\/index.php?rest_route=\/wp\/v2\/media\/654"}],"wp:attachment":[{"href":"https:\/\/das.raumtuning.info\/index.php?rest_route=%2Fwp%2Fv2%2Fmedia&parent=41"}],"curies":[{"name":"wp","href":"https:\/\/api.w.org\/{rel}","templated":true}]}}