{"id":43,"date":"2014-01-13T17:29:12","date_gmt":"2014-01-13T16:29:12","guid":{"rendered":"http:\/\/das.raumtuning.info\/?page_id=43"},"modified":"2015-02-20T12:25:42","modified_gmt":"2015-02-20T11:25:42","slug":"haendler","status":"publish","type":"page","link":"https:\/\/das.raumtuning.info\/?page_id=43","title":{"rendered":"H\u00e4ndler Login"},"content":{"rendered":"","protected":true},"excerpt":{"rendered":"","protected":true},"author":1,"featured_media":0,"parent":1831,"menu_order":0,"comment_status":"closed","ping_status":"closed","template":"full-width.php","meta":{"jetpack_post_was_ever_published":false,"footnotes":""},"class_list":["post-43","page","type-page","status-publish","post-password-required","hentry"],"aioseo_notices":[],"jetpack_sharing_enabled":true,"jetpack_shortlink":"https:\/\/wp.me\/P4hjs0-H","jetpack-related-posts":[{"id":297,"url":"https:\/\/das.raumtuning.info\/?page_id=297","url_meta":{"origin":43,"position":0},"title":"Ger\u00e4te entst\u00f6ren","date":"30. Januar 2014","format":false,"excerpt":"Moderne Quellen wie Streamer arbeiten heute mit 32 Bit Signaltiefe und 384 kHz Samplingfrequenz, arbeiten also zigtausende Mal feiner, als die CD dies je konnte. Aber warum klingen sie unter gleichen Bedingungen nicht wirklich besser? Wir zeigen Ihnen, wie Sie die Klangbremsen Ihrer Anlage beseitigen. Die moderne medizinische Forschung zeigt,\u2026","rel":"","context":"Similar post","img":{"alt_text":"","src":"https:\/\/i0.wp.com\/das.raumtuning.info\/wp-content\/uploads\/2014\/01\/cyrus-streamer2.png?fit=1080%2C425&ssl=1&resize=350%2C200","width":350,"height":200},"classes":[]},{"id":265,"url":"https:\/\/das.raumtuning.info\/?page_id=265","url_meta":{"origin":43,"position":1},"title":"A.I.O. Entst\u00f6r -Produkte","date":"29. Januar 2014","format":false,"excerpt":"Die Vortex HiFi A.I.O. Produkt \u2013 Vorteile Reduzierung von St\u00f6rfeldern ohne klangsch\u00e4dliche Filter Reduzierung von St\u00f6rfeldern ohne akustische Beeintr\u00e4chtigungen Reduzierung von St\u00f6rfeldern ohne Signalver\u00e4nderung Informierung gegen klangsch\u00e4dliche Potentialwirbel (Entst\u00f6rung) Informierung zur Entstressung des Menschen Informationen f\u00fcr eine kraftvolle Vorstellungskraft (P.I.-Technik) in Diamant-Standard. (Nur bei Diamant Standard Produkten.) Vitalisierung.\u00a0 (Nur bei\u2026","rel":"","context":"Similar post","img":{"alt_text":"","src":"https:\/\/i0.wp.com\/das.raumtuning.info\/wp-content\/uploads\/2014\/01\/Ronde-30-10-web.jpg?fit=1063%2C752&ssl=1&resize=350%2C200","width":350,"height":200},"classes":[]},{"id":1831,"url":"https:\/\/das.raumtuning.info\/?page_id=1831","url_meta":{"origin":43,"position":2},"title":"H\u00e4ndler","date":"20. Februar 2015","format":false,"excerpt":"Vortex HiFi H\u00e4ndler in Ihrer N\u00e4he Warum gibt es das Vortex HiFi System nicht \u00fcberall zu kaufen? Damit Sie den maximalen Nutzen aus den Vortex HiFi Produkten ziehen k\u00f6nnen ist eine fundierte Beratung durch speziell geschultes Fachpersonal notwendig. Dieses notwendige Fachwissen hat mit klassischem HiFi \u2013 Wissen nichts zu tun.\u2026","rel":"","context":"Similar post","img":{"alt_text":"Quelle: Vortex HiFi","src":"https:\/\/i0.wp.com\/das.raumtuning.info\/wp-content\/uploads\/2014\/02\/Klarinette_web.jpg?fit=1080%2C580&ssl=1&resize=350%2C200","width":350,"height":200},"classes":[]},{"id":7155,"url":"https:\/\/das.raumtuning.info\/?page_id=7155","url_meta":{"origin":43,"position":3},"title":"Produkte Men\u00fc","date":"9. Januar 2024","format":false,"excerpt":"Nano Diamant Kontakt - \u00d6l Daniel Pla\u00dfmann HIFI Today: \"Was f\u00fcr eine Wunder-Tinktur! Einfach unglaublich!\" HiFi.NL Test Mit 5 von 5 Sternen ist unser Kontakt -\u00d6l das beste auf HiFi.NL getestete Produkt! Hier klicken A.I.O. Entst\u00f6rprodukte Frank Wacker, HIFI Today: Und wie klang\u00b4s? Gigantisch. A.I.O. Entst\u00f6renden Frank Wacker, HiFiToday: Unterm\u2026","rel":"","context":"Similar post","img":{"alt_text":"","src":"https:\/\/i0.wp.com\/das.raumtuning.info\/wp-content\/uploads\/2024\/01\/Surface-Optimizer-1024x1024.png?resize=350%2C200","width":350,"height":200},"classes":[]},{"id":267,"url":"https:\/\/das.raumtuning.info\/?page_id=267","url_meta":{"origin":43,"position":4},"title":"Nano Shield Plugs","date":"29. Januar 2014","format":false,"excerpt":"Die Vortex HiFi Nano Shield Plug\u00b4s jetzt in 3 Qualit\u00e4tsstufen. Vorteile: Massefreier und damit quellenfreier Schirm Einzigartiges Nanopartikel Schirmmaterial mit einer Schirmwirkung bis zu sagenhaften 40GHz Schirmmaterial mit Absorbtionswirkung Schirmmaterial mit Potentialwirbel-Reduzierung A.I.O. - Halbedelstein zur Entst\u00f6rung und Entstressung Resonanzd\u00e4mpfende Konstruktion Bei den P.I. - Plugs werden zus\u00e4tzlich 11 verschidene\u2026","rel":"","context":"Similar post","img":{"alt_text":"","src":"https:\/\/i0.wp.com\/das.raumtuning.info\/wp-content\/uploads\/2014\/01\/Power-Plug-Beitragsbild-web.jpg?fit=1063%2C752&ssl=1&resize=350%2C200","width":350,"height":200},"classes":[]},{"id":263,"url":"https:\/\/das.raumtuning.info\/?page_id=263","url_meta":{"origin":43,"position":5},"title":"2D-Entst\u00f6r-Chips","date":"29. Januar 2014","format":false,"excerpt":"Die Vorteile der Vortex HiFi 2D - Entst\u00f6r - Chips Extrem preiswerte Entst\u00f6rmethode Leicht \u00fcberall anzubringen Unauff\u00e4llige Verwendung! Farben schwarz oder transparent. Kann so auch auf Glasscheiben eingesetzt werden. Extrem flexible Verwendung. Gibt es von extrem klein (6mm) bis gro\u00df (40mm). So auch f\u00fcr Displays von Mobilger\u00e4ten geeignet. Extrem leicht,\u2026","rel":"","context":"Similar post","img":{"alt_text":"Vortex HiFi 2D - Entst\u00f6r -Chips-Schwarz","src":"https:\/\/i0.wp.com\/das.raumtuning.info\/wp-content\/uploads\/2014\/11\/2D-Chips-Schwarz.jpg?fit=1080%2C764&ssl=1&resize=350%2C200","width":350,"height":200},"classes":[]}],"_links":{"self":[{"href":"https:\/\/das.raumtuning.info\/index.php?rest_route=\/wp\/v2\/pages\/43","targetHints":{"allow":["GET"]}}],"collection":[{"href":"https:\/\/das.raumtuning.info\/index.php?rest_route=\/wp\/v2\/pages"}],"about":[{"href":"https:\/\/das.raumtuning.info\/index.php?rest_route=\/wp\/v2\/types\/page"}],"author":[{"embeddable":true,"href":"https:\/\/das.raumtuning.info\/index.php?rest_route=\/wp\/v2\/users\/1"}],"replies":[{"embeddable":true,"href":"https:\/\/das.raumtuning.info\/index.php?rest_route=%2Fwp%2Fv2%2Fcomments&post=43"}],"version-history":[{"count":13,"href":"https:\/\/das.raumtuning.info\/index.php?rest_route=\/wp\/v2\/pages\/43\/revisions"}],"predecessor-version":[{"id":1014,"href":"https:\/\/das.raumtuning.info\/index.php?rest_route=\/wp\/v2\/pages\/43\/revisions\/1014"}],"up":[{"embeddable":true,"href":"https:\/\/das.raumtuning.info\/index.php?rest_route=\/wp\/v2\/pages\/1831"}],"wp:attachment":[{"href":"https:\/\/das.raumtuning.info\/index.php?rest_route=%2Fwp%2Fv2%2Fmedia&parent=43"}],"curies":[{"name":"wp","href":"https:\/\/api.w.org\/{rel}","templated":true}]}}