{"id":4402,"date":"2019-01-04T18:16:19","date_gmt":"2019-01-04T17:16:19","guid":{"rendered":"http:\/\/das.raumtuning.info\/?page_id=4402"},"modified":"2019-01-04T18:16:21","modified_gmt":"2019-01-04T17:16:21","slug":"anleitungen","status":"publish","type":"page","link":"https:\/\/das.raumtuning.info\/?page_id=4402","title":{"rendered":"Anleitungen"},"content":{"rendered":"","protected":false},"excerpt":{"rendered":"","protected":false},"author":1,"featured_media":0,"parent":39,"menu_order":0,"comment_status":"closed","ping_status":"closed","template":"","meta":{"jetpack_post_was_ever_published":false,"footnotes":""},"class_list":["post-4402","page","type-page","status-publish","hentry"],"aioseo_notices":[],"jetpack_sharing_enabled":true,"jetpack_shortlink":"https:\/\/wp.me\/P4hjs0-190","jetpack-related-posts":[{"id":5102,"url":"https:\/\/das.raumtuning.info\/?page_id=5102","url_meta":{"origin":4402,"position":0},"title":"Probleml\u00f6sungsmatrix","date":"19. Mai 2020","format":false,"excerpt":"Einfache Probleml\u00f6sungsmatrix, ohne Bewertung Die einfache Probleml\u00f6sungsmatrix zeigt vertikal (linke Spalten) die Probleme, auf die wir l\u00f6sen k\u00f6nnen. Den jeweiligen Bereichen wie HF-Strahlung, NF-Strahlung, Elektrostatik oder geopathogene Zonen ist je ein Video (Einf\u00fchrung in energetisches HiFi Zubeh\u00f6r) verlinkt, in dem Norbert Maurer und Ed Doggen das Problem und die L\u00f6sungen\u2026","rel":"","context":"Similar post","img":{"alt_text":"","src":"","width":0,"height":0},"classes":[]},{"id":1596,"url":"https:\/\/das.raumtuning.info\/?page_id=1596","url_meta":{"origin":4402,"position":1},"title":"Bedienungsanleitung A.I.O. Pyramiden","date":"6. November 2014","format":false,"excerpt":"Herzlichen Gl\u00fcckwunsch zum Erwerb Ihrer Vortex HiFi A.I.O. Pyramide 30 \/ 40! Sie haben eines der innovativsten HiFi -Zubeh\u00f6r-Produkte \u00fcberhaupt erworben. Die A.I.O. Pyramide 30 \/ 40 ist das Ergebnis einer langj\u00e4hrigen Erforschung der Beeinflussung des menschlichen Nervensystems \/ H\u00f6rsystems durch Elektrosmog und deren Beseitigung. Der St\u00f6rungsprozess des Nervensystems \/\u2026","rel":"","context":"Similar post","img":{"alt_text":"","src":"https:\/\/i0.wp.com\/das.raumtuning.info\/wp-content\/uploads\/2014\/11\/pyramiden.jpg?fit=1063%2C797&ssl=1&resize=350%2C200","width":350,"height":200},"classes":[]},{"id":4480,"url":"https:\/\/das.raumtuning.info\/?page_id=4480","url_meta":{"origin":4402,"position":2},"title":"Produktvideos \/ Anleitungen","date":"6. M\u00e4rz 2019","format":false,"excerpt":"Infovideos zum Thema Blut und Oszillation Alignement Eines der zentralen Probleme - wenn nicht das zentrale Problem \u2013 in Verbindung mit elektromagnetischen Wellen und Feldern, welche auf den Menschen wirken, ist das diese die roten Blutk\u00f6rper verkleben und so das Blut dickfl\u00fcssigen machen. Dies hat nicht nur f\u00fcr das H\u00f6ren\u2026","rel":"","context":"Similar post","img":{"alt_text":"","src":"https:\/\/i0.wp.com\/das.raumtuning.info\/wp-content\/uploads\/2020\/04\/Bildschirmfoto-2020-04-29-um-10.52.13.png?fit=1200%2C672&ssl=1&resize=350%2C200","width":350,"height":200},"classes":[]}],"_links":{"self":[{"href":"https:\/\/das.raumtuning.info\/index.php?rest_route=\/wp\/v2\/pages\/4402","targetHints":{"allow":["GET"]}}],"collection":[{"href":"https:\/\/das.raumtuning.info\/index.php?rest_route=\/wp\/v2\/pages"}],"about":[{"href":"https:\/\/das.raumtuning.info\/index.php?rest_route=\/wp\/v2\/types\/page"}],"author":[{"embeddable":true,"href":"https:\/\/das.raumtuning.info\/index.php?rest_route=\/wp\/v2\/users\/1"}],"replies":[{"embeddable":true,"href":"https:\/\/das.raumtuning.info\/index.php?rest_route=%2Fwp%2Fv2%2Fcomments&post=4402"}],"version-history":[{"count":1,"href":"https:\/\/das.raumtuning.info\/index.php?rest_route=\/wp\/v2\/pages\/4402\/revisions"}],"predecessor-version":[{"id":4403,"href":"https:\/\/das.raumtuning.info\/index.php?rest_route=\/wp\/v2\/pages\/4402\/revisions\/4403"}],"up":[{"embeddable":true,"href":"https:\/\/das.raumtuning.info\/index.php?rest_route=\/wp\/v2\/pages\/39"}],"wp:attachment":[{"href":"https:\/\/das.raumtuning.info\/index.php?rest_route=%2Fwp%2Fv2%2Fmedia&parent=4402"}],"curies":[{"name":"wp","href":"https:\/\/api.w.org\/{rel}","templated":true}]}}