{"id":4448,"date":"2019-01-22T17:17:34","date_gmt":"2019-01-22T16:17:34","guid":{"rendered":"http:\/\/das.raumtuning.info\/?page_id=4448"},"modified":"2020-07-01T19:50:05","modified_gmt":"2020-07-01T17:50:05","slug":"bedienungsanleitung-iraser-loeschstaebe","status":"publish","type":"page","link":"https:\/\/das.raumtuning.info\/?page_id=4448","title":{"rendered":"Bedienungsanleitung Iraser L\u00f6schSt\u00e4be"},"content":{"rendered":"\n<p><strong><em>Herzlichen Gl\u00fcckwunsch\nzum Erwerb Ihres Vortex HiFi Iraser Informationen-L\u00f6schstab!<\/em><\/strong><\/p>\n\n\n\n<p>Der Iraser\nStab hat die Aufgabe unerw\u00fcnschte<a href=\"https:\/\/das.raumtuning.info\/?page_id=277\"> Informationen<\/a>\nwelche sich in Materialien mit der Zeit bilden zu <strong>l\u00f6schen<\/strong> und gegen klanglich vorteilhafte Informationen zu ersetzen.\nJe nach Komplexit\u00e4t dieser von uns auf den Stab aufgebrachten Informationen\nhandelt es sich um einen <a href=\"https:\/\/das.raumtuning.info\/?page_id=245\">A.I.O<\/a>-Iraser, einen <a href=\"https:\/\/das.raumtuning.info\/?page_id=1690\">P.I<\/a>.-Iraser\noder um einen Diamant-Iraser.<\/p>\n\n\n\n<figure class=\"wp-block-image\"><img fetchpriority=\"high\" decoding=\"async\" width=\"640\" height=\"280\" data-attachment-id=\"4450\" data-permalink=\"https:\/\/das.raumtuning.info\/?attachment_id=4450\" data-orig-file=\"https:\/\/i0.wp.com\/das.raumtuning.info\/wp-content\/uploads\/2019\/01\/Magnetfelder-Iraser.png?fit=3384%2C1480&amp;ssl=1\" data-orig-size=\"3384,1480\" data-comments-opened=\"1\" data-image-meta=\"{&quot;aperture&quot;:&quot;0&quot;,&quot;credit&quot;:&quot;&quot;,&quot;camera&quot;:&quot;&quot;,&quot;caption&quot;:&quot;&quot;,&quot;created_timestamp&quot;:&quot;0&quot;,&quot;copyright&quot;:&quot;&quot;,&quot;focal_length&quot;:&quot;0&quot;,&quot;iso&quot;:&quot;0&quot;,&quot;shutter_speed&quot;:&quot;0&quot;,&quot;title&quot;:&quot;&quot;,&quot;orientation&quot;:&quot;0&quot;}\" data-image-title=\"Magnetfelder Iraser\" data-image-description=\"\" data-image-caption=\"\" data-medium-file=\"https:\/\/i0.wp.com\/das.raumtuning.info\/wp-content\/uploads\/2019\/01\/Magnetfelder-Iraser.png?fit=300%2C131&amp;ssl=1\" data-large-file=\"https:\/\/i0.wp.com\/das.raumtuning.info\/wp-content\/uploads\/2019\/01\/Magnetfelder-Iraser.png?fit=640%2C280&amp;ssl=1\" src=\"https:\/\/i0.wp.com\/das.raumtuning.info\/wp-content\/uploads\/2019\/01\/Magnetfelder-Iraser-1024x448.png?resize=640%2C280&#038;ssl=1\" alt=\"\" class=\"wp-image-4450\" srcset=\"https:\/\/i0.wp.com\/das.raumtuning.info\/wp-content\/uploads\/2019\/01\/Magnetfelder-Iraser.png?resize=1024%2C448&amp;ssl=1 1024w, https:\/\/i0.wp.com\/das.raumtuning.info\/wp-content\/uploads\/2019\/01\/Magnetfelder-Iraser.png?resize=150%2C66&amp;ssl=1 150w, https:\/\/i0.wp.com\/das.raumtuning.info\/wp-content\/uploads\/2019\/01\/Magnetfelder-Iraser.png?resize=300%2C131&amp;ssl=1 300w, https:\/\/i0.wp.com\/das.raumtuning.info\/wp-content\/uploads\/2019\/01\/Magnetfelder-Iraser.png?resize=768%2C336&amp;ssl=1 768w, https:\/\/i0.wp.com\/das.raumtuning.info\/wp-content\/uploads\/2019\/01\/Magnetfelder-Iraser.png?w=1280 1280w, https:\/\/i0.wp.com\/das.raumtuning.info\/wp-content\/uploads\/2019\/01\/Magnetfelder-Iraser.png?w=1920 1920w\" sizes=\"(max-width: 640px) 100vw, 640px\" data-recalc-dims=\"1\" \/><\/figure>\n\n\n\n<p><strong>Diametral gepr\u00e4gter Magnet<\/strong><\/p>\n\n\n\n<p>Alle 3 St\u00e4be\nbesitzen an einem Ende des Stabes (die mit dem Punkt an der Seite, oberes Bild\nlinks) einen ca. 5cm langen N52 Supermagneten mit diametralem Magnetfeld. Das\nbedeutet das Magnetfeld besitzt seine Pole an der Seite des Stabes und der Stab\nhat eine Wirkbreite von 5cm. So kann man beim Drehen des Stabes das Feld von\nNordpol auf S\u00fcdpol wechseln \u2013 was f\u00fcr die Entmagnetisierung wichtig ist. Mit\ndieser Seite kann man zum Beispiel Fl\u00e4chen l\u00f6schen und an Kabeln\nentlangstreichen um diese zu l\u00f6schen. Das Magnetfeld ist an dieser Seite am\nst\u00e4rksten da wo der Punkt ist und an der genau gegen\u00fcberliegenden Seite. Das\nMagnetfeld ist praktisch null exakt zwischen dem Punkt und der\ngegen\u00fcberliegenden Seite. <\/p>\n\n\n\n<p>Beim L\u00f6schen\nvon Informationen ist es hier sinnvoll auf den Punkt zu schauen und mit der\nexakt gegen\u00fcberliegenden Seite \u00fcber das zu l\u00f6schende Objekt zu streichen.<\/p>\n\n\n\n<p><strong>L\u00e4ngsgepr\u00e4gter Magnet<\/strong><\/p>\n\n\n\n<p>Die <a href=\"https:\/\/das.raumtuning.info\/?page_id=1690\">P.I<\/a>.-Iraser\nund Diamant-Iraser besitzen zus\u00e4tzlich einen in L\u00e4ngsrichtung gepr\u00e4gten\nMagneten (oberes Bild rechte Seite) der viel dicker ist und so ein st\u00e4rkeres\nMagnetfeld erzeugen kann als der Diametral-Magnet am schwarzen Ende des Stabes.\nMit diesem Ende kann man besonders kritische Objekte l\u00f6schen, wie Stecker oder\nandere dicke Objekte, in die das Magnetfeld tiefer eindringen muss.<\/p>\n\n\n\n<figure class=\"wp-block-image\"><img decoding=\"async\" width=\"640\" height=\"360\" data-attachment-id=\"4451\" data-permalink=\"https:\/\/das.raumtuning.info\/?attachment_id=4451\" data-orig-file=\"https:\/\/i0.wp.com\/das.raumtuning.info\/wp-content\/uploads\/2019\/01\/Iraser-I1-AIO-Quer.jpg?fit=3485%2C1960&amp;ssl=1\" data-orig-size=\"3485,1960\" data-comments-opened=\"1\" data-image-meta=\"{&quot;aperture&quot;:&quot;0&quot;,&quot;credit&quot;:&quot;&quot;,&quot;camera&quot;:&quot;&quot;,&quot;caption&quot;:&quot;&quot;,&quot;created_timestamp&quot;:&quot;0&quot;,&quot;copyright&quot;:&quot;&quot;,&quot;focal_length&quot;:&quot;0&quot;,&quot;iso&quot;:&quot;0&quot;,&quot;shutter_speed&quot;:&quot;0&quot;,&quot;title&quot;:&quot;&quot;,&quot;orientation&quot;:&quot;0&quot;}\" data-image-title=\"Iraser I1 AIO Quer\" data-image-description=\"\" data-image-caption=\"&lt;p&gt;Der wei\u00dfe Vortex HiFi Iraser I1-A.I.O. Stab besitzt nur einen diametralen Magneten im wei\u00dfen Ende w\u00e4hrend die anderen beiden St\u00e4be in beiden Enden einen Magneten mit unterschiedlicher Ausrichtung haben.&lt;\/p&gt;\n\" data-medium-file=\"https:\/\/i0.wp.com\/das.raumtuning.info\/wp-content\/uploads\/2019\/01\/Iraser-I1-AIO-Quer.jpg?fit=300%2C169&amp;ssl=1\" data-large-file=\"https:\/\/i0.wp.com\/das.raumtuning.info\/wp-content\/uploads\/2019\/01\/Iraser-I1-AIO-Quer.jpg?fit=640%2C360&amp;ssl=1\" src=\"https:\/\/i0.wp.com\/das.raumtuning.info\/wp-content\/uploads\/2019\/01\/Iraser-I1-AIO-Quer.jpg?resize=640%2C360\" alt=\"\" class=\"wp-image-4451\" srcset=\"https:\/\/i0.wp.com\/das.raumtuning.info\/wp-content\/uploads\/2019\/01\/Iraser-I1-AIO-Quer.jpg?resize=1024%2C576&amp;ssl=1 1024w, https:\/\/i0.wp.com\/das.raumtuning.info\/wp-content\/uploads\/2019\/01\/Iraser-I1-AIO-Quer.jpg?resize=150%2C84&amp;ssl=1 150w, https:\/\/i0.wp.com\/das.raumtuning.info\/wp-content\/uploads\/2019\/01\/Iraser-I1-AIO-Quer.jpg?resize=300%2C169&amp;ssl=1 300w, https:\/\/i0.wp.com\/das.raumtuning.info\/wp-content\/uploads\/2019\/01\/Iraser-I1-AIO-Quer.jpg?resize=768%2C432&amp;ssl=1 768w, https:\/\/i0.wp.com\/das.raumtuning.info\/wp-content\/uploads\/2019\/01\/Iraser-I1-AIO-Quer.jpg?w=1280 1280w, https:\/\/i0.wp.com\/das.raumtuning.info\/wp-content\/uploads\/2019\/01\/Iraser-I1-AIO-Quer.jpg?w=1920 1920w\" sizes=\"(max-width: 640px) 100vw, 640px\" data-recalc-dims=\"1\" \/><figcaption>Der wei\u00dfe Vortex HiFi Iraser I1-A.I.O. Stab besitzt nur einen diametralen Magneten im wei\u00dfen Ende w\u00e4hrend die anderen beiden St\u00e4be in beiden Enden einen Magneten mit unterschiedlicher Ausrichtung haben.<\/figcaption><\/figure>\n\n\n\n<p><strong><em>Der wei\u00dfe Vortex HiFi Iraser I1-A.I.O. Stab besitzt nur einen\ndiametralen Magneten im wei\u00dfen Ende w\u00e4hrend die anderen beiden St\u00e4be in beiden\nEnden einen Magneten mit unterschiedlicher Ausrichtung haben. <\/em><\/strong><\/p>\n\n\n\n<p>Anwendungsbeispiele:<\/p>\n\n\n\n<ul class=\"wp-block-list\"><li><strong>CD\u00b4s:<\/strong> Gehen Sie zum L\u00f6schen langsam einmal \u00fcber die gesamte Fl\u00e4che der CD mit der dem Punkt abgewandten Seite des Stabes.<\/li><li><strong>LP\u00b4s:<\/strong> Gehen Sie zum L\u00f6schen langsam einmal \u00fcber die gesamte Fl\u00e4che der LP mit der dem Punkt abgewandten Seite des Stabes.<\/li><li><strong>Abschlussstecker<\/strong> (z.B. 75 Ohm): Bei den Diamant- und P.I.-Versionen des Stabes streichen Sie mit dem schwarzen Ende des Stabes am Stecker entlang. Beim Wei\u00dfen A.I.O.-Stab streichen Sie mit dem wei\u00dfen Ende seitlich (gegen\u00fcberliegende Seite des Punktes) am Stecker entlang.<\/li><li><strong>Dust Caps, aus Kunststoff oder Metall<\/strong>: Bei den Diamant- und P.I.-Versionen des Stabes streichen Sie mit dem schwarzen Ende des Stabes am Dust Cap entlang. Beim Wei\u00dfen A.I.O.-Stab streichen Sie mit dem wei\u00dfen Ende seitlich (gegen\u00fcberliegende Seite des Punktes) am Dust Cap entlang.<\/li><li><strong>Analogkabel:<\/strong> Die Stecker werden wie Abschlussstecker behandelt. An den Kabeln wird mit dem diametralen Ende des Stabes gel\u00f6scht (Wei\u00df, Blau oder Gr\u00fcn). Schauen Sie dabei auf den Punkt und gehen mit der gegen\u00fcberliegenden Seite am Kabel entlang.<\/li><li><strong>Digitalkabel<\/strong> (auch optische Kabel): Die Stecker werden wie Abschlussstecker behandelt. An den Kabeln wird mit dem diametralen Ende des Stabes gel\u00f6scht (Wei\u00df, Blau oder Gr\u00fcn). Schauen Sie dabei auf den Punkt und gehen mit der gegen\u00fcberliegenden Seite am Kabel entlang.<\/li><li><strong>Stromkabel:<\/strong> Die Stecker werden wie Abschlussstecker behandelt. An den Kabeln wird mit dem diametralen Ende des Stabes gel\u00f6scht (Wei\u00df, Blau oder Gr\u00fcn). Schauen Sie dabei auf den Punkt und gehen mit der gegen\u00fcberliegenden Seite am Kabel entlang.<\/li><li><strong>Lautsprecherkabel:<\/strong> Die Stecker werden wie Abschlussstecker behandelt. An den Kabeln wird mit dem diametralen Ende des Stabes gel\u00f6scht (Wei\u00df, Blau oder Gr\u00fcn). Schauen Sie dabei auf den Punkt und gehen mit der gegen\u00fcberliegenden Seite am Kabel entlang.<\/li><li><strong>Netzsteckerleisten<\/strong> aus Metall und Kunststoff.&nbsp;Die Stecker und der K\u00f6rper der Leiste werden wie Abschlussstecker behandelt. An den Kabeln wird mit dem diametralen Ende des Stabes gel\u00f6scht (Wei\u00df, Blau oder Gr\u00fcn). Schauen Sie dabei auf den Punkt und gehen mit der gegen\u00fcberliegenden Seite am Kabel entlang.<\/li><li><strong>Rackb\u00f6den,<\/strong> hier insbesondere bei Metall, Kunststoff und Glas. Gehen Sie mit dem diametralen Ende des Stabes langsam \u00fcber die Fl\u00e4chen. Bei Glasfl\u00e4chen gen\u00fcgt ca. 1\/3 der Fl\u00e4che zu behandeln, da Glas Informationen stark leitet und die ganze Fl\u00e4che die Information annimmt. Liegt ein Handy oder DECT-Telefon immer an einer bestimmten Stelle dann sollten Sie diese Stelle aber direkt behandeln.<\/li><li><strong>Glasfl\u00e4chen wie Fenster:<\/strong> Gehen Sie mit dem diametralen Ende des Stabes langsam \u00fcber die Fl\u00e4chen. Bei Glasfl\u00e4chen gen\u00fcgt ca. 1\/3 der Fl\u00e4che zu behandeln, da Glas Informationen stark leitet und die ganze Fl\u00e4che die Information annimmt.<\/li><li><strong>Steckernetzteil und Steckerfilter:<\/strong> Gehen Sie mit dem schwarzen Ende (L\u00e4ngs- Magnet \u2013 nicht bei wei\u00dfem A.I.O.-Stab) langsam am K\u00f6rper der Netzteile oder Filter entlang. Beim wei\u00dfen A.I.O.-Stab ist kein Magnet am schwarzen Ende und es muss das wei\u00dfe, diametrale Ende am K\u00f6rper des Filters oder Netzteils benutzt werden. Das Kabel des Netzteils wird mit dem diametralen Ende (wei\u00df, blau oder gr\u00fcn) wie die anderen Netzkabel auch (siehe oben Netzkabel) behandelt.<\/li><li><strong>Tisch \u2013 und Stehlampen:<\/strong> Gehen Sie mit dem schwarzen Ende (L\u00e4ngs- Magnet \u2013 nicht bei wei\u00dfem A.I.O.-Stab) langsam am Leuchtmittel entlang. Beim wei\u00dfen A.I.O.-Stab ist kein Magnet am schwarzen Ende und es muss das wei\u00dfe, diametrale Ende am Leuchtmittel benutzt werden. Am Netzkabel der Lampe gehen Sie wie unter Netzkabel beschrieben vor.<\/li><\/ul>\n\n\n\n<div class=\"wp-block-file\"><a href=\"http:\/\/das.raumtuning.info\/wp-content\/uploads\/2019\/01\/Iraser-Stab.pdf\">PDF Iraser Stab<\/a><a href=\"http:\/\/das.raumtuning.info\/wp-content\/uploads\/2019\/01\/Iraser-Stab.pdf\" class=\"wp-block-file__button\" download>Herunterladen<\/a><\/div>\n\n\n\n<h2 class=\"wp-block-heading\">Videos zum Thema Iraser L\u00f6schstab<\/h2>\n\n\n\n<figure class=\"wp-block-embed-youtube wp-block-embed is-type-video is-provider-youtube wp-embed-aspect-16-9 wp-has-aspect-ratio\"><div class=\"wp-block-embed__wrapper\">\n<span class=\"embed-youtube\" style=\"text-align:center; display: block;\"><iframe class=\"youtube-player\" width=\"640\" height=\"360\" src=\"https:\/\/www.youtube.com\/embed\/esxle3ns9uQ?version=3&#038;rel=1&#038;showsearch=0&#038;showinfo=1&#038;iv_load_policy=1&#038;fs=1&#038;hl=de-DE&#038;autohide=2&#038;wmode=transparent\" allowfullscreen=\"true\" style=\"border:0;\" sandbox=\"allow-scripts allow-same-origin allow-popups allow-presentation\"><\/iframe><\/span>\n<\/div><\/figure>\n\n\n\n<figure class=\"wp-block-embed-youtube wp-block-embed is-type-video is-provider-youtube wp-embed-aspect-16-9 wp-has-aspect-ratio\"><div class=\"wp-block-embed__wrapper\">\n<span class=\"embed-youtube\" style=\"text-align:center; display: block;\"><iframe class=\"youtube-player\" width=\"640\" height=\"360\" src=\"https:\/\/www.youtube.com\/embed\/BZMtXJpQjZ0?version=3&#038;rel=1&#038;showsearch=0&#038;showinfo=1&#038;iv_load_policy=1&#038;fs=1&#038;hl=de-DE&#038;autohide=2&#038;wmode=transparent\" allowfullscreen=\"true\" style=\"border:0;\" sandbox=\"allow-scripts allow-same-origin allow-popups allow-presentation\"><\/iframe><\/span>\n<\/div><\/figure>\n\n\n\n<figure class=\"wp-block-embed-youtube wp-block-embed is-type-video is-provider-youtube wp-embed-aspect-16-9 wp-has-aspect-ratio\"><div class=\"wp-block-embed__wrapper\">\n<span class=\"embed-youtube\" style=\"text-align:center; display: block;\"><iframe class=\"youtube-player\" width=\"640\" height=\"360\" src=\"https:\/\/www.youtube.com\/embed\/8yqw-56BwuE?version=3&#038;rel=1&#038;showsearch=0&#038;showinfo=1&#038;iv_load_policy=1&#038;fs=1&#038;hl=de-DE&#038;autohide=2&#038;wmode=transparent\" allowfullscreen=\"true\" style=\"border:0;\" sandbox=\"allow-scripts allow-same-origin allow-popups allow-presentation\"><\/iframe><\/span>\n<\/div><\/figure>\n\n\n\n<figure class=\"wp-block-embed-youtube wp-block-embed is-type-video is-provider-youtube wp-embed-aspect-16-9 wp-has-aspect-ratio\"><div class=\"wp-block-embed__wrapper\">\n<span class=\"embed-youtube\" style=\"text-align:center; display: block;\"><iframe class=\"youtube-player\" width=\"640\" height=\"360\" src=\"https:\/\/www.youtube.com\/embed\/Hyd-nGMkb4I?version=3&#038;rel=1&#038;showsearch=0&#038;showinfo=1&#038;iv_load_policy=1&#038;fs=1&#038;hl=de-DE&#038;autohide=2&#038;wmode=transparent\" allowfullscreen=\"true\" style=\"border:0;\" sandbox=\"allow-scripts allow-same-origin allow-popups allow-presentation\"><\/iframe><\/span>\n<\/div><\/figure>\n\n\n\n<figure class=\"wp-block-embed-youtube wp-block-embed is-type-video is-provider-youtube wp-embed-aspect-16-9 wp-has-aspect-ratio\"><div class=\"wp-block-embed__wrapper\">\n<span class=\"embed-youtube\" style=\"text-align:center; display: block;\"><iframe class=\"youtube-player\" width=\"640\" height=\"360\" src=\"https:\/\/www.youtube.com\/embed\/4CPiULov3Sk?version=3&#038;rel=1&#038;showsearch=0&#038;showinfo=1&#038;iv_load_policy=1&#038;fs=1&#038;hl=de-DE&#038;autohide=2&#038;wmode=transparent\" allowfullscreen=\"true\" style=\"border:0;\" sandbox=\"allow-scripts allow-same-origin allow-popups allow-presentation\"><\/iframe><\/span>\n<\/div><\/figure>\n","protected":false},"excerpt":{"rendered":"<p>Herzlichen Gl\u00fcckwunsch zum Erwerb Ihres Vortex HiFi Iraser Informationen-L\u00f6schstab! Der Iraser Stab hat die Aufgabe unerw\u00fcnschte Informationen welche sich in Materialien mit der Zeit bilden zu l\u00f6schen und gegen klanglich vorteilhafte Informationen zu ersetzen. Je nach Komplexit\u00e4t dieser von uns auf den Stab aufgebrachten Informationen handelt es sich um einen A.I.O-Iraser, einen P.I.-Iraser oder um einen Diamant-Iraser. Diametral gepr\u00e4gter Magnet Alle 3 St\u00e4be besitzen an einem Ende des Stabes (die mit dem Punkt an der Seite, oberes Bild links) einen&#8230;<\/p>\n<p class=\"read-more\"><a class=\"btn btn-default\" href=\"https:\/\/das.raumtuning.info\/?page_id=4448\">Weiterlesen<span class=\"screen-reader-text\"> Weiterlesen<\/span><\/a><\/p>\n","protected":false},"author":1,"featured_media":4449,"parent":0,"menu_order":0,"comment_status":"closed","ping_status":"closed","template":"","meta":{"jetpack_post_was_ever_published":false,"footnotes":""},"class_list":["post-4448","page","type-page","status-publish","has-post-thumbnail","hentry"],"aioseo_notices":[],"jetpack_sharing_enabled":true,"jetpack_shortlink":"https:\/\/wp.me\/P4hjs0-19K","jetpack-related-posts":[{"id":4413,"url":"https:\/\/das.raumtuning.info\/?page_id=4413","url_meta":{"origin":4448,"position":0},"title":"Iraser &#8211; L\u00f6schstab","date":"8. Januar 2019","format":false,"excerpt":"Iraser von Vortex HiFi Unser Iraser hat bei Testern und bei K\u00e4ufern voll ins Schwarze getroffen. Produktbewertung hifi-zubeh\u00f6r.shop Zitat: ...Da wenig Zeit, mal auf die Schnelle \u00fcber s\u00e4mtliche Fensterfl\u00e4chen, Heizk\u00f6rper, Anlage, Boxen und Abschlussstecker gefahren und dann Anlage an und nur noch Baukl\u00f6tzer gestaunt!! Trotz gro\u00dfer Anzahl verschiedener Entst\u00f6r-Produkte, wie\u2026","rel":"","context":"Similar post","img":{"alt_text":"","src":"https:\/\/i0.wp.com\/das.raumtuning.info\/wp-content\/uploads\/2018\/12\/Iraser-Stab-Diamant.jpg?fit=1200%2C513&ssl=1&resize=350%2C200","width":350,"height":200},"classes":[]},{"id":6138,"url":"https:\/\/das.raumtuning.info\/?page_id=6138","url_meta":{"origin":4448,"position":1},"title":"Iraser 4 Sigma","date":"15. Dezember 2021","format":false,"excerpt":"Der Iraser 4 Sigma sollte in jeder hochwertigen Anlage zum Standard geh\u00f6ren. Marco Kolks, H\u00f6rerlebnis Fazit: Die \u00dcberschrift \u201eEiner fu\u0308r alle\u201c ist bewusst gew\u00e4hlt. Ich kenne kein vergleichbares Produkt wie den Iraser 4 Sigma, den man so vielf\u00e4ltig einsetzen kann, und das auch noch so eine starke Wirkung entfaltet. Die\u2026","rel":"","context":"Similar post","img":{"alt_text":"","src":"https:\/\/i0.wp.com\/das.raumtuning.info\/wp-content\/uploads\/2021\/12\/IMG_1591-scaled.jpg?fit=1200%2C675&ssl=1&resize=350%2C200","width":350,"height":200},"classes":[]},{"id":3943,"url":"https:\/\/das.raumtuning.info\/?page_id=3943","url_meta":{"origin":4448,"position":2},"title":"Klangpflege","date":"10. Dezember 2018","format":false,"excerpt":"Forever young Wie halten Sie den Klang ihrer Anlage jung? Lieber Musikfreund, immer wieder kommt es vor, dass die Klangqualit\u00e4t unserer HiFi\u2013Anlagen schwankt, ohne dass wir den technischen Grund daf\u00fcr kennen. Oder wir kaufen ein Ger\u00e4t oder Zubeh\u00f6r und irgendwann haben wir das Gef\u00fchl, dass es nicht mehr so klingt,\u2026","rel":"","context":"Similar post","img":{"alt_text":"","src":"https:\/\/i0.wp.com\/das.raumtuning.info\/wp-content\/uploads\/2018\/12\/Nasser-Lappen.jpg?fit=1200%2C901&ssl=1&resize=350%2C200","width":350,"height":200},"classes":[]},{"id":4832,"url":"https:\/\/das.raumtuning.info\/?page_id=4832","url_meta":{"origin":4448,"position":3},"title":"Bedienungsanleitung Vortex HiFi Hochfrequenz Optimizer (HFO)","date":"18. M\u00e4rz 2020","format":false,"excerpt":"Vortex HiFi Hochfrequenz Optimiser Set Sigma (HFO-Sigma Set) Bedienungsanleitung Hochfrequenz Optimizer (HFO) Set Vielen Dank f\u00fcr den Kauf des HFO -Sets. Die Bedienungsanleitung gilt f\u00fcr den HFO -Sigma, HFO-Diamant+ und dem HFO-PI+. Sie haben eines der innovativsten Produkte im Bereich Wellness und HiFi erworben. Ziel: Ziel der HFO- Sets ist\u2026","rel":"","context":"Similar post","img":{"alt_text":"","src":"https:\/\/i0.wp.com\/das.raumtuning.info\/wp-content\/uploads\/2020\/03\/vortex-hifi-hfo-sigma-optimizer-set-varbild-29223.jpg?resize=350%2C200&ssl=1","width":350,"height":200},"classes":[]},{"id":7343,"url":"https:\/\/das.raumtuning.info\/?page_id=7343","url_meta":{"origin":4448,"position":4},"title":"Marie erkl\u00e4rt die Bedienung","date":"24. Januar 2024","format":false,"excerpt":"https:\/\/youtu.be\/zcR0A9hJC-g Die Anwendung der HFO Plugs Sigma Das erste Video besch\u00e4ftigt sich mit der Bedienung unserer neuesten Produktfamilie, der HFO Plugs Sigma.\u00a0Unser Avatar Marie beschreibt Warum HF ein Problem beim Musikh\u00f6ren ist, und wie Sie das Problem mit den neuen Hochfrequenz Optimizern bei sich l\u00f6sen k\u00f6nnen.https:\/\/youtu.be\/PTXgOUnaJtM Anwendung der neuen Power\u2026","rel":"","context":"Similar post","img":{"alt_text":"","src":"https:\/\/i0.wp.com\/img.youtube.com\/vi\/zcR0A9hJC-g\/0.jpg?resize=350%2C200","width":350,"height":200},"classes":[]},{"id":7205,"url":"https:\/\/das.raumtuning.info\/?page_id=7205","url_meta":{"origin":4448,"position":5},"title":"Ground Optimizer MK2","date":"10. Januar 2024","format":false,"excerpt":"Testbericht Iraser 4\u201eIch kenne kein vielseitiger einsetzbares, so wirkungsvolles Zubeh\u00f6r.\u201c Frank Wacker im HiFiTodayHier klickenTestbericht Iraser 1\u201eDer Iraser Stick ist eines der besten Accessoires, das mir seit drei\u00dfig Jahren begegnet ist. John van Polen, HiFi.NL Hier klickenSlider 3 \u00dcberschriftLorem ipsum dolor sit amet consectetur adipiscing elit dolorHier klicken Previous slide\u2026","rel":"","context":"Similar post","img":{"alt_text":"","src":"","width":0,"height":0},"classes":[]}],"_links":{"self":[{"href":"https:\/\/das.raumtuning.info\/index.php?rest_route=\/wp\/v2\/pages\/4448","targetHints":{"allow":["GET"]}}],"collection":[{"href":"https:\/\/das.raumtuning.info\/index.php?rest_route=\/wp\/v2\/pages"}],"about":[{"href":"https:\/\/das.raumtuning.info\/index.php?rest_route=\/wp\/v2\/types\/page"}],"author":[{"embeddable":true,"href":"https:\/\/das.raumtuning.info\/index.php?rest_route=\/wp\/v2\/users\/1"}],"replies":[{"embeddable":true,"href":"https:\/\/das.raumtuning.info\/index.php?rest_route=%2Fwp%2Fv2%2Fcomments&post=4448"}],"version-history":[{"count":5,"href":"https:\/\/das.raumtuning.info\/index.php?rest_route=\/wp\/v2\/pages\/4448\/revisions"}],"predecessor-version":[{"id":5146,"href":"https:\/\/das.raumtuning.info\/index.php?rest_route=\/wp\/v2\/pages\/4448\/revisions\/5146"}],"wp:featuredmedia":[{"embeddable":true,"href":"https:\/\/das.raumtuning.info\/index.php?rest_route=\/wp\/v2\/media\/4449"}],"wp:attachment":[{"href":"https:\/\/das.raumtuning.info\/index.php?rest_route=%2Fwp%2Fv2%2Fmedia&parent=4448"}],"curies":[{"name":"wp","href":"https:\/\/api.w.org\/{rel}","templated":true}]}}