{"id":445,"date":"2014-02-05T18:55:07","date_gmt":"2014-02-05T17:55:07","guid":{"rendered":"http:\/\/das.raumtuning.info\/?page_id=445"},"modified":"2025-01-10T12:09:36","modified_gmt":"2025-01-10T11:09:36","slug":"vertrieb","status":"publish","type":"page","link":"https:\/\/das.raumtuning.info\/?page_id=445","title":{"rendered":"Vertrieb"},"content":{"rendered":"<h2 class=\"wp-block-heading has-very-dark-gray-color has-text-color\">Vertrieb Deutschland<\/h2>\r\n<p><strong>Bellevu<\/strong>eaudio<\/p>\r\n<p>Andreas Sehlhorst<br \/>Von Hofmann Stra\u00dfe 2<br \/>44579 Castrop-Rauxel<\/p>\r\n<p>kontakt@bellevueaudio.de<a href=\"mailto:kontakt@bellevueaudio.de\"><br \/><\/a>Website: <a href=\"https:\/\/www.bellevueaudio.de\">https:\/\/www.bellevueaudio.de<\/a><br \/><strong>Fon: +49 177 78 47 433<\/strong><\/p>\r\n<h4><span style=\"color: #ff0000;\"><a style=\"color: #ff0000;\" href=\"https:\/\/das.raumtuning.info\/?page_id=5207\"><strong>H\u00e4ndler Deutschland<\/strong><\/a><\/span><\/h4>\r\n<hr class=\"wp-block-separator\" \/>\r\n\r\n\r\n<h2 class=\"wp-block-heading\">Vertrieb \u00d6sterreich<\/h2>\r\n<p>Musik&amp;Akustik<\/p>\r\n<p>Norbert Maurer<br \/>Wahlscheider Stra\u00dfe 14<br \/>D-53907 Lohmar<br \/>Tel: + 49 226 9074 361<br \/>info@musikundakustik.de<br \/><a title=\"\" href=\"http:\/\/www.vortexhifi.com\" target=\"_blank\" rel=\"noopener\">http:\/\/www.vortexhifi.com<\/a><\/p>\r\n\r\n\r\n\r\n<h4 class=\"wp-block-heading\"><a href=\"https:\/\/das.raumtuning.info\/?page_id=5213\" target=\"_blank\" rel=\"noreferrer noopener\"><span class=\"has-inline-color has-vivid-red-color\"><strong>H\u00e4ndler \u00d6sterreich<\/strong><\/span><\/a><\/h4>\r\n\r\n\r\n<hr class=\"wp-block-separator\" \/>\r\n\r\n\r\n<h2 class=\"wp-block-heading\">Vertrieb Niederlande \/ Belgien \/ Luxenburg<\/h2>\r\n<p>Musik&amp;Akustik<\/p>\r\n<p>Norbert Maurer<br \/>Wahlscheider Stra\u00dfe 14<br \/>D-53907 Lohmar<br \/>Tel: + 49 226 9074 361<br \/>info@musikundakustik.de<br \/><a title=\"\" href=\"http:\/\/www.vortexhifi.com\" target=\"_blank\" rel=\"noopener\">http:\/\/www.vortexhifi.com<\/a><\/p>\r\n\r\n\r\n\r\n<h4 class=\"wp-block-heading\"><a href=\"https:\/\/das.raumtuning.info\/?page_id=5210\" target=\"_blank\" rel=\"noreferrer noopener\"><span class=\"has-inline-color has-vivid-red-color\"><strong>H\u00e4ndler Niederlande\/Belgien\/Luxenburg<\/strong><\/span><\/a><\/h4>\r\n\r\n\r\n\r\n<p>&nbsp;<\/p>\r\n","protected":false},"excerpt":{"rendered":"<p>Vertrieb Deutschland Bellevueaudio Andreas SehlhorstVon Hofmann Stra\u00dfe 244579 Castrop-Rauxel kontakt@bellevueaudio.deWebsite: https:\/\/www.bellevueaudio.deFon: +49 177 78 47 433 H\u00e4ndler Deutschland Vertrieb \u00d6sterreich Musik&amp;Akustik Norbert MaurerWahlscheider Stra\u00dfe 14D-53907 LohmarTel: + 49 226 9074 361info@musikundakustik.dehttp:\/\/www.vortexhifi.com H\u00e4ndler \u00d6sterreich Vertrieb Niederlande \/ Belgien \/ Luxenburg Musik&amp;Akustik Norbert MaurerWahlscheider Stra\u00dfe 14D-53907 LohmarTel: + 49 226 9074 361info@musikundakustik.dehttp:\/\/www.vortexhifi.com H\u00e4ndler Niederlande\/Belgien\/Luxenburg &nbsp;<\/p>\n","protected":false},"author":1,"featured_media":641,"parent":0,"menu_order":0,"comment_status":"open","ping_status":"closed","template":"","meta":{"jetpack_post_was_ever_published":false,"footnotes":""},"class_list":["post-445","page","type-page","status-publish","has-post-thumbnail","hentry"],"aioseo_notices":[],"jetpack_sharing_enabled":true,"jetpack_shortlink":"https:\/\/wp.me\/P4hjs0-7b","jetpack-related-posts":[{"id":5207,"url":"https:\/\/das.raumtuning.info\/?page_id=5207","url_meta":{"origin":445,"position":0},"title":"Vertrieb Deutschland","date":"8. September 2020","format":false,"excerpt":"Vertrieb Deutschland Bellevueaudio Andreas SehlhorstVon Hofmann Stra\u00dfe 244579 Castrop-Rauxel kontakt@bellevueaudio.deWebsite: https:\/\/www.bellevueaudio.deFon: +49 177 78 47 433 H\u00e4ndler in Ihrer N\u00e4he Hifi Zubeh\u00f6rMarienthaler Str. 14308060 Zwickau0375 \/ 5674895shop@hifi-zubehoer.comwww.hifi-zubehoer.info Klangatelier Berlin Tonstudio Tempelhof GmbHClaszeile 4114165 Berlin030 \/ 7521384mail@klangatelier-berlin.dewww.klangatelier-berlin.de SOUND & VISIONEppendorfer Landstra\u00dfe 11220249 Hamburg040 \/ 4801660cmeyer@soundvisionfidelity.dewww.soundvisionfidelity.de Alex Giese GmbHTheaterstra\u00dfe 1430159 Hannover0511-35399737info@alexgiese.de On\/Off\u2026","rel":"","context":"Similar post","img":{"alt_text":"","src":"","width":0,"height":0},"classes":[]},{"id":5213,"url":"https:\/\/das.raumtuning.info\/?page_id=5213","url_meta":{"origin":445,"position":1},"title":"Vertrieb \u00d6sterreich","date":"8. September 2020","format":false,"excerpt":"Vertrieb \u00d6sterreich Musik&Akustik Norbert MaurerWahlscheider Stra\u00dfe 14D-53907 LohmarTel: + 49 226 9074 361info@musikundakustik.dehttp:\/\/www.vortexhifi.com H\u00e4ndler \u00d6sterreich LIFELIKESchottenfeldgasse 60A-1070 Wien0043 152482220Mail: office@lifelike.athttps:\/\/www.lifelike.at\/kontakt\/ AktivStudioPradler Stra\u00dfe 3A-6020 Innsbruck0043 (0)676 5906026info@aktivstudio.athttps:\/\/www.aktivstudio.at","rel":"","context":"Similar post","img":{"alt_text":"","src":"","width":0,"height":0},"classes":[]},{"id":5210,"url":"https:\/\/das.raumtuning.info\/?page_id=5210","url_meta":{"origin":445,"position":2},"title":"Vertrieb Niederlande \/ Belgien \/ Luxenburg","date":"8. September 2020","format":false,"excerpt":"Vertrieb Niederlande Musik&Akustik Norbert MaurerWahlscheider Stra\u00dfe 14D-53907 LohmarTel: + 49 226 9074 361info@musikundakustik.dehttp:\/\/www.vortexhifi.com \u00a0 H\u00e4ndler Kemp ElektroniksQuellijnstraat 151072XM\u00a0Amsterdam0031 (0) 20-7764464info@kempelektroniks.nlwww.kempelektroniks.nl King AudioTheodorus Dobbeweg 176883GN\u00a0Velp0031 (0) 6-54724261info@kingaudio.nlwww.kingaudio.nl \u00a0","rel":"","context":"Similar post","img":{"alt_text":"","src":"","width":0,"height":0},"classes":[]},{"id":1831,"url":"https:\/\/das.raumtuning.info\/?page_id=1831","url_meta":{"origin":445,"position":3},"title":"H\u00e4ndler","date":"20. Februar 2015","format":false,"excerpt":"Vortex HiFi H\u00e4ndler in Ihrer N\u00e4he Warum gibt es das Vortex HiFi System nicht \u00fcberall zu kaufen? Damit Sie den maximalen Nutzen aus den Vortex HiFi Produkten ziehen k\u00f6nnen ist eine fundierte Beratung durch speziell geschultes Fachpersonal notwendig. Dieses notwendige Fachwissen hat mit klassischem HiFi \u2013 Wissen nichts zu tun.\u2026","rel":"","context":"Similar post","img":{"alt_text":"Quelle: Vortex HiFi","src":"https:\/\/i0.wp.com\/das.raumtuning.info\/wp-content\/uploads\/2014\/02\/Klarinette_web.jpg?fit=1080%2C580&ssl=1&resize=350%2C200","width":350,"height":200},"classes":[]},{"id":2479,"url":"https:\/\/das.raumtuning.info\/?page_id=2479","url_meta":{"origin":445,"position":4},"title":"A.I.O. &#8211; CAPS","date":"29. M\u00e4rz 2016","format":false,"excerpt":"Die Klangrevolution in Sachen Dust Caps Das Video aus der Reihe short and simple erkl\u00e4rt die AIO Caps und die neuen Diamant Plus Caps und zeigt die Anwendung. https:\/\/youtu.be\/YM3W1Bal-p0 Mit unseren informierten A.I.O.- Dust CAPS schl\u00e4gt Vortex HiFi ein neues Kapitel im High End HiFi auf. Ein 5,-\u20ac Zubeh\u00f6r das\u2026","rel":"","context":"Similar post","img":{"alt_text":"","src":"https:\/\/i0.wp.com\/das.raumtuning.info\/wp-content\/uploads\/2016\/03\/Alle-CAPS-AIO-Granit-CAP.jpg?fit=1200%2C800&ssl=1&resize=350%2C200","width":350,"height":200},"classes":[]},{"id":267,"url":"https:\/\/das.raumtuning.info\/?page_id=267","url_meta":{"origin":445,"position":5},"title":"Nano Shield Plugs","date":"29. Januar 2014","format":false,"excerpt":"Die Vortex HiFi Nano Shield Plug\u00b4s jetzt in 3 Qualit\u00e4tsstufen. Vorteile: Massefreier und damit quellenfreier Schirm Einzigartiges Nanopartikel Schirmmaterial mit einer Schirmwirkung bis zu sagenhaften 40GHz Schirmmaterial mit Absorbtionswirkung Schirmmaterial mit Potentialwirbel-Reduzierung A.I.O. - Halbedelstein zur Entst\u00f6rung und Entstressung Resonanzd\u00e4mpfende Konstruktion Bei den P.I. - Plugs werden zus\u00e4tzlich 11 verschidene\u2026","rel":"","context":"Similar post","img":{"alt_text":"","src":"https:\/\/i0.wp.com\/das.raumtuning.info\/wp-content\/uploads\/2014\/01\/Power-Plug-Beitragsbild-web.jpg?fit=1063%2C752&ssl=1&resize=350%2C200","width":350,"height":200},"classes":[]}],"_links":{"self":[{"href":"https:\/\/das.raumtuning.info\/index.php?rest_route=\/wp\/v2\/pages\/445","targetHints":{"allow":["GET"]}}],"collection":[{"href":"https:\/\/das.raumtuning.info\/index.php?rest_route=\/wp\/v2\/pages"}],"about":[{"href":"https:\/\/das.raumtuning.info\/index.php?rest_route=\/wp\/v2\/types\/page"}],"author":[{"embeddable":true,"href":"https:\/\/das.raumtuning.info\/index.php?rest_route=\/wp\/v2\/users\/1"}],"replies":[{"embeddable":true,"href":"https:\/\/das.raumtuning.info\/index.php?rest_route=%2Fwp%2Fv2%2Fcomments&post=445"}],"version-history":[{"count":9,"href":"https:\/\/das.raumtuning.info\/index.php?rest_route=\/wp\/v2\/pages\/445\/revisions"}],"predecessor-version":[{"id":8223,"href":"https:\/\/das.raumtuning.info\/index.php?rest_route=\/wp\/v2\/pages\/445\/revisions\/8223"}],"wp:featuredmedia":[{"embeddable":true,"href":"https:\/\/das.raumtuning.info\/index.php?rest_route=\/wp\/v2\/media\/641"}],"wp:attachment":[{"href":"https:\/\/das.raumtuning.info\/index.php?rest_route=%2Fwp%2Fv2%2Fmedia&parent=445"}],"curies":[{"name":"wp","href":"https:\/\/api.w.org\/{rel}","templated":true}]}}