{"id":4819,"date":"2020-03-18T13:02:03","date_gmt":"2020-03-18T12:02:03","guid":{"rendered":"http:\/\/das.raumtuning.info\/?page_id=4819"},"modified":"2020-07-01T19:38:21","modified_gmt":"2020-07-01T17:38:21","slug":"bedienungsanleitung-oszillation-alignement-card","status":"publish","type":"page","link":"https:\/\/das.raumtuning.info\/?page_id=4819","title":{"rendered":"Bedienungsanleitung Oszillation Alignement Card"},"content":{"rendered":"\n<p>Vielen Dank fu\u0308r den Kauf der Oszillation Alignement Card. Sie haben eines der innovativsten Produkte im Bereich Wellness und HiFi erworben.<\/p>\n\n\n\n<h2 class=\"wp-block-heading\">Ziel: <\/h2>\n\n\n\n<p>Ziel der Oszillation Alignement Card ist es die au\u00dferordentlich negativen Wirkungen von elektromagnetischen Wellen auf den menschlichen Organismus und hier insbesondere der internen Kommunikation zu beseitigen. Kinesiologische Tests sowie Kraft- und Koordinationstests zeigen den enormen Einfluss der Oszillation Alignement Card auf den Organismus sowie auf die k\u00f6rperinterne Kommunikation. Siehe Videos unten<\/p>\n\n\n\n<h2 class=\"wp-block-heading\">Anwendung: <\/h2>\n\n\n\n<p>Grunds\u00e4tzliche Anwendung: <\/p>\n\n\n\n<p><strong>A:<\/strong> Bei Ger\u00e4ten mit Stromanschluss wird die Karte auf den Stromstecker (oder Kabel) der in das Ger\u00e4t geht geklebt. Dazu verwenden Sie die Mit-gelieferten Klebepads. <\/p>\n\n\n\n<p><strong>B:<\/strong> Bei Ger\u00e4ten im Akkubetrieb kleben Sie die Karte an den Ger\u00e4tebo-den, m\u00f6glichst in der N\u00e4he des Akkus. Es gibt bei der Karte keine Richtung zu beachten.<\/p>\n\n\n\n<p><strong>Handy:<\/strong> Bei einem Handy legen Sie OA-Card zwischen Hu\u0308lle und Handy.<br \/><strong>Tablet:<\/strong> Bei einem Tablet-Computer befestigen Sie die OA-Card mit den Klebepads an der Ru\u0308ckseite, idealerweise dort wo die Akkus verbaut sind.<br \/><strong>Laptop:<\/strong> Bei einem Laptop (Akkubetrieb) befestigen Sie die OA-Card mit den Klebepads an der Unterseite, idealerweise dort wo die Akkus verbaut sind.<br \/><strong>eReader<\/strong>: Siehe Tablet<br \/><strong>DECT-Telefon: <\/strong>Sie sollten eigentlich u\u0308berhaupt kein DECT-Telefon benutzen, da dieses kritischer ist als ein Handy. Die OA-Card passt wahrscheinlich nicht an das Handteil. Befestigen Sie die OA-Card an den Stromstecker der in die Sendestation geht. Dies wird das Handteil u\u0308ber die Signalverbindung entst\u00f6ren. Pru\u0308fen Sie aber ob Sie nicht g\u00e4nzlich ohne DECT-Telefon auskommen und nur u\u0308ber Ihr Handy telefonieren. Einige Telefonanlagen erm\u00f6glichen Handys u\u0308ber WLAN in die Telefonanlage zu integrieren.<br \/><strong>Repeater: <\/strong>Repeater aller Art stecken idR. direkt in einer Wandsteckdose. Hier platzieren Sie die OA-Card auf die Ru\u0308ckseite zwischen Repeater und Steckdose\/Wand.<br \/><strong>DLAN\/Powerlan: <\/strong>Bei allen Ger\u00e4ten welche eine LAN-\u00dcbertragung u\u0308ber das Stromnetz Herstellen, verfahren Sie wie beim Repeater.<br \/><strong>Router: <\/strong>Wie bei allen Ger\u00e4ten mit Stromanschluss, die OA-Card auf das eingehende Stromkabel kleben.<br \/><strong>Ger\u00e4te mit LAN\/WLAN:<\/strong> Alle Ger\u00e4te mit LAN und insbesondere mit WLAN sollten eine OA-Card erhalten. Das k\u00f6nnen TV-Ger\u00e4te, Smart-Meter aber auch Smarte Regler sein. Wie bei allen Ger\u00e4ten mit Stromanschluss, wird hier die OA-Card auf das eingehende Stromkabel geklebt.<br \/><strong>Tastaturen: <\/strong>Computertastaturen egal ob Funktastatur oder Kabelgebunden geben eine kritische Strahlung ab. Hier wird die OA-Card unter die Tastatur geklebt.<br \/> <\/p>\n\n\n\n<p>Bei Fragen helfen Ihnen unsere H\u00e4ndler gern ein ganzheitliches Konzept bezu\u0308glich einer st\u00f6-rungsfreien Umwelt fu\u0308r Sie zu entwickeln.<br \/> Die Adressen finden Sie unter https:\/\/das.raumtuning.info\/?page_id=1831<br \/><br \/> eMail: info@vortexhifi.com<\/p>\n\n\n\n<h2 class=\"wp-block-heading\">Videos zum Thema Oszillation Alignement Card<\/h2>\n\n\n\n<figure class=\"wp-block-embed-youtube wp-block-embed is-type-video is-provider-youtube wp-embed-aspect-16-9 wp-has-aspect-ratio\"><div class=\"wp-block-embed__wrapper\">\n<span class=\"embed-youtube\" style=\"text-align:center; display: block;\"><iframe class=\"youtube-player\" width=\"640\" height=\"360\" src=\"https:\/\/www.youtube.com\/embed\/3s7gX9dCJPE?version=3&#038;rel=1&#038;showsearch=0&#038;showinfo=1&#038;iv_load_policy=1&#038;fs=1&#038;hl=de-DE&#038;autohide=2&#038;wmode=transparent\" allowfullscreen=\"true\" style=\"border:0;\" sandbox=\"allow-scripts allow-same-origin allow-popups allow-presentation\"><\/iframe><\/span>\n<\/div><\/figure>\n\n\n\n<figure class=\"wp-block-embed-youtube wp-block-embed is-type-video is-provider-youtube wp-embed-aspect-16-9 wp-has-aspect-ratio\"><div class=\"wp-block-embed__wrapper\">\n<span class=\"embed-youtube\" style=\"text-align:center; display: block;\"><iframe class=\"youtube-player\" width=\"640\" height=\"360\" src=\"https:\/\/www.youtube.com\/embed\/sFro5vo_Rfs?version=3&#038;rel=1&#038;showsearch=0&#038;showinfo=1&#038;iv_load_policy=1&#038;fs=1&#038;hl=de-DE&#038;autohide=2&#038;wmode=transparent\" allowfullscreen=\"true\" style=\"border:0;\" sandbox=\"allow-scripts allow-same-origin allow-popups allow-presentation\"><\/iframe><\/span>\n<\/div><\/figure>\n\n\n\n<figure class=\"wp-block-embed-youtube wp-block-embed is-type-video is-provider-youtube wp-embed-aspect-16-9 wp-has-aspect-ratio\"><div class=\"wp-block-embed__wrapper\">\n<span class=\"embed-youtube\" style=\"text-align:center; display: block;\"><iframe class=\"youtube-player\" width=\"640\" height=\"360\" src=\"https:\/\/www.youtube.com\/embed\/Z5z1jkkJaTg?version=3&#038;rel=1&#038;showsearch=0&#038;showinfo=1&#038;iv_load_policy=1&#038;fs=1&#038;hl=de-DE&#038;autohide=2&#038;wmode=transparent\" allowfullscreen=\"true\" style=\"border:0;\" sandbox=\"allow-scripts allow-same-origin allow-popups allow-presentation\"><\/iframe><\/span>\n<\/div><\/figure>\n\n\n\n<figure class=\"wp-block-embed-youtube wp-block-embed is-type-video is-provider-youtube wp-embed-aspect-16-9 wp-has-aspect-ratio\"><div class=\"wp-block-embed__wrapper\">\n<span class=\"embed-youtube\" style=\"text-align:center; display: block;\"><iframe class=\"youtube-player\" width=\"640\" height=\"360\" src=\"https:\/\/www.youtube.com\/embed\/8w9zKof9kJ4?version=3&#038;rel=1&#038;showsearch=0&#038;showinfo=1&#038;iv_load_policy=1&#038;fs=1&#038;hl=de-DE&#038;autohide=2&#038;wmode=transparent\" allowfullscreen=\"true\" style=\"border:0;\" sandbox=\"allow-scripts allow-same-origin allow-popups allow-presentation\"><\/iframe><\/span>\n<\/div><\/figure>\n\n\n\n<figure class=\"wp-block-embed-youtube wp-block-embed is-type-video is-provider-youtube wp-embed-aspect-16-9 wp-has-aspect-ratio\"><div class=\"wp-block-embed__wrapper\">\n<span class=\"embed-youtube\" style=\"text-align:center; display: block;\"><iframe class=\"youtube-player\" width=\"640\" height=\"360\" src=\"https:\/\/www.youtube.com\/embed\/Y6I8lKu7RYA?version=3&#038;rel=1&#038;showsearch=0&#038;showinfo=1&#038;iv_load_policy=1&#038;fs=1&#038;hl=de-DE&#038;autohide=2&#038;wmode=transparent\" allowfullscreen=\"true\" style=\"border:0;\" sandbox=\"allow-scripts allow-same-origin allow-popups allow-presentation\"><\/iframe><\/span>\n<\/div><\/figure>\n\n\n\n<figure class=\"wp-block-embed-youtube wp-block-embed is-type-video is-provider-youtube wp-embed-aspect-16-9 wp-has-aspect-ratio\"><div class=\"wp-block-embed__wrapper\">\n<span class=\"embed-youtube\" style=\"text-align:center; display: block;\"><iframe class=\"youtube-player\" width=\"640\" height=\"360\" src=\"https:\/\/www.youtube.com\/embed\/X6MWdU1AEgY?version=3&#038;rel=1&#038;showsearch=0&#038;showinfo=1&#038;iv_load_policy=1&#038;fs=1&#038;hl=de-DE&#038;autohide=2&#038;wmode=transparent\" allowfullscreen=\"true\" style=\"border:0;\" sandbox=\"allow-scripts allow-same-origin allow-popups allow-presentation\"><\/iframe><\/span>\n<\/div><\/figure>\n\n\n\n<figure class=\"wp-block-embed-youtube wp-block-embed is-type-video is-provider-youtube wp-embed-aspect-16-9 wp-has-aspect-ratio\"><div class=\"wp-block-embed__wrapper\">\n<span class=\"embed-youtube\" style=\"text-align:center; display: block;\"><iframe class=\"youtube-player\" width=\"640\" height=\"360\" src=\"https:\/\/www.youtube.com\/embed\/xm1Kay_9Hko?version=3&#038;rel=1&#038;showsearch=0&#038;showinfo=1&#038;iv_load_policy=1&#038;fs=1&#038;hl=de-DE&#038;autohide=2&#038;wmode=transparent\" allowfullscreen=\"true\" style=\"border:0;\" sandbox=\"allow-scripts allow-same-origin allow-popups allow-presentation\"><\/iframe><\/span>\n<\/div><\/figure>\n","protected":false},"excerpt":{"rendered":"<p>Vielen Dank fu\u0308r den Kauf der Oszillation Alignement Card. Sie haben eines der innovativsten Produkte im Bereich Wellness und HiFi erworben. Ziel: Ziel der Oszillation Alignement Card ist es die au\u00dferordentlich negativen Wirkungen von elektromagnetischen Wellen auf den menschlichen Organismus und hier insbesondere der internen Kommunikation zu beseitigen. Kinesiologische Tests sowie Kraft- und Koordinationstests zeigen den enormen Einfluss der Oszillation Alignement Card auf den Organismus sowie auf die k\u00f6rperinterne Kommunikation. Siehe Videos unten Anwendung: Grunds\u00e4tzliche Anwendung: A: Bei Ger\u00e4ten mit&#8230;<\/p>\n<p class=\"read-more\"><a class=\"btn btn-default\" href=\"https:\/\/das.raumtuning.info\/?page_id=4819\">Weiterlesen<span class=\"screen-reader-text\"> Weiterlesen<\/span><\/a><\/p>\n","protected":false},"author":1,"featured_media":4725,"parent":0,"menu_order":0,"comment_status":"closed","ping_status":"closed","template":"","meta":{"jetpack_post_was_ever_published":false,"footnotes":""},"class_list":["post-4819","page","type-page","status-publish","has-post-thumbnail","hentry"],"aioseo_notices":[],"jetpack_sharing_enabled":true,"jetpack_shortlink":"https:\/\/wp.me\/P4hjs0-1fJ","jetpack-related-posts":[{"id":4480,"url":"https:\/\/das.raumtuning.info\/?page_id=4480","url_meta":{"origin":4819,"position":0},"title":"Produktvideos \/ Anleitungen","date":"6. M\u00e4rz 2019","format":false,"excerpt":"Infovideos zum Thema Blut und Oszillation Alignement Eines der zentralen Probleme - wenn nicht das zentrale Problem \u2013 in Verbindung mit elektromagnetischen Wellen und Feldern, welche auf den Menschen wirken, ist das diese die roten Blutk\u00f6rper verkleben und so das Blut dickfl\u00fcssigen machen. Dies hat nicht nur f\u00fcr das H\u00f6ren\u2026","rel":"","context":"Similar post","img":{"alt_text":"","src":"https:\/\/i0.wp.com\/das.raumtuning.info\/wp-content\/uploads\/2020\/04\/Bildschirmfoto-2020-04-29-um-10.52.13.png?fit=1200%2C672&ssl=1&resize=350%2C200","width":350,"height":200},"classes":[]},{"id":4832,"url":"https:\/\/das.raumtuning.info\/?page_id=4832","url_meta":{"origin":4819,"position":1},"title":"Bedienungsanleitung Vortex HiFi Hochfrequenz Optimizer (HFO)","date":"18. M\u00e4rz 2020","format":false,"excerpt":"Vortex HiFi Hochfrequenz Optimiser Set Sigma (HFO-Sigma Set) Bedienungsanleitung Hochfrequenz Optimizer (HFO) Set Vielen Dank f\u00fcr den Kauf des HFO -Sets. Die Bedienungsanleitung gilt f\u00fcr den HFO -Sigma, HFO-Diamant+ und dem HFO-PI+. Sie haben eines der innovativsten Produkte im Bereich Wellness und HiFi erworben. Ziel: Ziel der HFO- Sets ist\u2026","rel":"","context":"Similar post","img":{"alt_text":"","src":"https:\/\/i0.wp.com\/das.raumtuning.info\/wp-content\/uploads\/2020\/03\/vortex-hifi-hfo-sigma-optimizer-set-varbild-29223.jpg?resize=350%2C200&ssl=1","width":350,"height":200},"classes":[]},{"id":39,"url":"https:\/\/das.raumtuning.info\/?page_id=39","url_meta":{"origin":4819,"position":2},"title":"Produkte","date":"13. Januar 2014","format":false,"excerpt":"Vortex HiFi Zubeh\u00f6r besteht aus 12 Produktgruppen in denen viele unterschiedliche Vortex HiFi Basistechnologien eingesetzt werden. Dabei stellen einige der Technologien heutige Regeln , auch der Baubiologie und der Umweltmedizin auf den Kopf. So zum Beispiel unserre Oszillation Alignement Technik welche hilft die roten Blutk\u00f6rper trotz HF und NF -\u2026","rel":"","context":"Similar post","img":{"alt_text":"","src":"https:\/\/i0.wp.com\/img.youtube.com\/vi\/sFro5vo_Rfs\/0.jpg?resize=350%2C200","width":350,"height":200},"classes":[]},{"id":10,"url":"https:\/\/das.raumtuning.info\/","url_meta":{"origin":4819,"position":3},"title":"Home","date":"12. Dezember 2013","format":false,"excerpt":"Musik h\u00f6ren war gestern... ... Musik empfinden ist heute! - Vortex HiFi \u00a0 \u00a0 \u00a0 \u00a0 Die Vortex HiFi Forschung stellt immer wieder die (HiFi)-Welt auf den Kopf. Technische Ger\u00e4te wie Handys, Laptops, Computer oder Router, die das Musikh\u00f6ren bisher stark verschlechtert haben, f\u00f6rdern nun den Klang durch neue Vortex\u2026","rel":"","context":"Similar post","img":{"alt_text":"","src":"https:\/\/i0.wp.com\/das.raumtuning.info\/wp-content\/uploads\/2014\/01\/Blut-in-nat\u00fcrlicher-Umwelt-rot2.png?resize=350%2C200","width":350,"height":200},"classes":[]},{"id":5953,"url":"https:\/\/das.raumtuning.info\/?page_id=5953","url_meta":{"origin":4819,"position":4},"title":"Vortex HiFi GeoPath Optimizer &#8211; Test in HIFI-TODAY","date":"13. Oktober 2021","format":false,"excerpt":"Mittendrin sein \u2013 und nicht nur mit dabei Der Jurnalist Frank Wacker schreibt in seinem neuesten Berich \u00fcber die GeoPath Optimizer von Vortex HiFi: Fazit: Wer Musik zum Zeitpunkt der Aufnahme in ihrer ganzen Emotionalit\u00e4t h\u00f6ren und erspu\u0308ren will, fu\u0308r den k\u00f6nnte der VORTEX Hifi GeoPath einen \u00e4hnlichen Quantensprung darstellen\u2026","rel":"","context":"Similar post","img":{"alt_text":"","src":"https:\/\/i0.wp.com\/das.raumtuning.info\/wp-content\/uploads\/2021\/10\/Bildschirmfoto-2021-10-13-um-19.40.02-300x158.png?resize=350%2C200","width":350,"height":200},"classes":[]},{"id":5950,"url":"https:\/\/das.raumtuning.info\/?page_id=5950","url_meta":{"origin":4819,"position":5},"title":"Vortex HiFi Power Cap Sigma erkl\u00e4rt","date":"13. Oktober 2021","format":false,"excerpt":"Hier entsteht in K\u00fcrze eine Erkl\u00e4rung des Power Cap Sigma \u00a0 Power Cap Sigma mit Oszillation Alignement \u00a0 \u00a0 Hier entsteht eine Erkl\u00e4rung des Power Cap Sigma","rel":"","context":"Similar post","img":{"alt_text":"","src":"https:\/\/i0.wp.com\/das.raumtuning.info\/wp-content\/uploads\/2016\/11\/Power-Caps-10-St\u00fcck.jpg?fit=1200%2C908&ssl=1&resize=350%2C200","width":350,"height":200},"classes":[]}],"_links":{"self":[{"href":"https:\/\/das.raumtuning.info\/index.php?rest_route=\/wp\/v2\/pages\/4819","targetHints":{"allow":["GET"]}}],"collection":[{"href":"https:\/\/das.raumtuning.info\/index.php?rest_route=\/wp\/v2\/pages"}],"about":[{"href":"https:\/\/das.raumtuning.info\/index.php?rest_route=\/wp\/v2\/types\/page"}],"author":[{"embeddable":true,"href":"https:\/\/das.raumtuning.info\/index.php?rest_route=\/wp\/v2\/users\/1"}],"replies":[{"embeddable":true,"href":"https:\/\/das.raumtuning.info\/index.php?rest_route=%2Fwp%2Fv2%2Fcomments&post=4819"}],"version-history":[{"count":4,"href":"https:\/\/das.raumtuning.info\/index.php?rest_route=\/wp\/v2\/pages\/4819\/revisions"}],"predecessor-version":[{"id":5143,"href":"https:\/\/das.raumtuning.info\/index.php?rest_route=\/wp\/v2\/pages\/4819\/revisions\/5143"}],"wp:featuredmedia":[{"embeddable":true,"href":"https:\/\/das.raumtuning.info\/index.php?rest_route=\/wp\/v2\/media\/4725"}],"wp:attachment":[{"href":"https:\/\/das.raumtuning.info\/index.php?rest_route=%2Fwp%2Fv2%2Fmedia&parent=4819"}],"curies":[{"name":"wp","href":"https:\/\/api.w.org\/{rel}","templated":true}]}}