{"id":4823,"date":"2020-03-18T13:18:16","date_gmt":"2020-03-18T12:18:16","guid":{"rendered":"http:\/\/das.raumtuning.info\/?page_id=4823"},"modified":"2020-07-01T19:25:40","modified_gmt":"2020-07-01T17:25:40","slug":"water-optimizer-stick-1-2","status":"publish","type":"page","link":"https:\/\/das.raumtuning.info\/?page_id=4823","title":{"rendered":"Bedienungsanleitung     Water Optimizer Stick 1\/2"},"content":{"rendered":"\n<p>Vielen\nDank f\u00fcr den Kauf des Water Optimizer Sticks. Sie haben eines der innovativsten\nProdukte im Bereich Wellness und Wasseroptimierung erworben.<\/p>\n\n\n\n<h2 class=\"wp-block-heading\"><strong>Ziel: <\/strong><\/h2>\n\n\n\n<p>Ziel der Anwendung des Water Optimizer Sticks ist es, das Wasser zellg\u00e4ngiger zu machen und so f\u00fcr den K\u00f6rper verf\u00fcgbarer zu sein. Au\u00dferdem strukturiert der Stick das Wasser so, dass Sie sich wohler und gekr\u00e4ftigt f\u00fchlen k\u00f6nnen. Andere Getr\u00e4nke als Wasser werden wohlschmeckender, erfrischender und weicher im Geschmack werden.<\/p>\n\n\n\n<p>Kinesiologische\nTests sowie Krafttests zeigen den enormen Einfluss auf den gesamten Wasserhaushalt\n(Dehydrierung) sowie auf die k\u00f6rperinterne Kommunikation.<\/p>\n\n\n\n<h2 class=\"wp-block-heading\"><strong>Anwendung: <\/strong><\/h2>\n\n\n\n<p>Sie k\u00f6nnen den Stick entweder direkt in das Wasserglas oder eine Wasserkaraffe stellen oder aber auch direkt an das Glas legen. Die \u00dcbertragung auf das Wasser ist allerdings bei direktem Kontakt mit dem Wasser schneller.<\/p>\n\n\n\n<p>F\u00fcr einen weicheren, frischeren Geschmack reichtes, den Stab c<strong>a. 60 Sekunden<\/strong> in das Wasser zu stellen oder <strong>an<\/strong> ein Glas zu legen.<\/p>\n\n\n\n<p>Stellen Sie den Stab ca. <strong>10 Minuten<\/strong> in das Wasser\/Krug, so erhalten Sie ein Wasser, das Sie deutlich \u00fcber einen Krafttest \u00fcberpr\u00fcfbar kr\u00e4ftigt.<\/p>\n\n\n\n<p>Sie k\u00f6nnen\nauch den Stab permanent in einen Wasserkrug legen, aus dem Sie dann tags\u00fcber\ntrinken und den Sie immer wieder nachf\u00fcllen.<\/p>\n\n\n\n<p>Sie werden dann eine verst\u00e4rkte\nBlasenbildung im Wasser feststellen, das ist normal, da das Wasser kleinere\nWas- sercluster bildet und dadurch zellg\u00e4ngiger wird sowie seinen weicheren\nGeschmack bekommt.<\/p>\n\n\n\n<p>Zur\nGeschmacks-Optimierung von Whisky, Wein, usw. reicht es aus, den Stab ca. 60\nSekunden an das Glas zu legen.<\/p>\n\n\n\n<p>Die kr\u00e4ftigende\nWirkung wird durch Duschen\/Baden wie- der geschw\u00e4cht. Daher empfehlen wir, das\nWater Optimizer Wasser nach dem Duschen zu trinken!<\/p>\n\n\n\n<h2 class=\"wp-block-heading\"><strong>Reinigung: <\/strong><\/h2>\n\n\n\n<p>Sie k\u00f6nnen den Stab zur Reinigung mit einem milden Reinigungsmittel abwaschen und mit klarem Wasser nachsp\u00fclen.<\/p>\n\n\n\n<p><em>Bei Fragen helfen Ihnen unsere\nH\u00e4ndler gern, ein ganzheitliches Konzept bez\u00fcglich einer st\u00f6rungsfreien Umwelt\nf\u00fcr Sie zu entwickeln.<\/em><\/p>\n\n\n\n<p><strong>Die Adressen finden Sie unter<\/strong><a href=\"https:\/\/das.raumtuning.info\/?page_id=1831\"> https:\/\/das.raumtuning.info\/?page_id=1831<\/a><\/p>\n\n\n\n<p><strong>eMail: <a href=\"mailto:info@vortexhifi.com\">info@vortexhifi.com<\/a><\/strong><\/p>\n\n\n\n<h2 class=\"wp-block-heading\">Videos zum Thema Water Optimizer Stick<\/h2>\n\n\n\n<figure class=\"wp-block-embed-youtube wp-block-embed is-type-video is-provider-youtube wp-embed-aspect-16-9 wp-has-aspect-ratio\"><div class=\"wp-block-embed__wrapper\">\n<span class=\"embed-youtube\" style=\"text-align:center; display: block;\"><iframe class=\"youtube-player\" width=\"640\" height=\"360\" src=\"https:\/\/www.youtube.com\/embed\/MjyxRD31Q5c?version=3&#038;rel=1&#038;showsearch=0&#038;showinfo=1&#038;iv_load_policy=1&#038;fs=1&#038;hl=de-DE&#038;autohide=2&#038;wmode=transparent\" allowfullscreen=\"true\" style=\"border:0;\" sandbox=\"allow-scripts allow-same-origin allow-popups allow-presentation\"><\/iframe><\/span>\n<\/div><\/figure>\n\n\n\n<figure class=\"wp-block-embed-youtube wp-block-embed is-type-video is-provider-youtube wp-embed-aspect-16-9 wp-has-aspect-ratio\"><div class=\"wp-block-embed__wrapper\">\n<span class=\"embed-youtube\" style=\"text-align:center; display: block;\"><iframe class=\"youtube-player\" width=\"640\" height=\"360\" src=\"https:\/\/www.youtube.com\/embed\/FBTC-P3Kg0g?version=3&#038;rel=1&#038;showsearch=0&#038;showinfo=1&#038;iv_load_policy=1&#038;fs=1&#038;hl=de-DE&#038;autohide=2&#038;wmode=transparent\" allowfullscreen=\"true\" style=\"border:0;\" sandbox=\"allow-scripts allow-same-origin allow-popups allow-presentation\"><\/iframe><\/span>\n<\/div><\/figure>\n","protected":false},"excerpt":{"rendered":"<p>Vielen Dank f\u00fcr den Kauf des Water Optimizer Sticks. Sie haben eines der innovativsten Produkte im Bereich Wellness und Wasseroptimierung erworben. Ziel: Ziel der Anwendung des Water Optimizer Sticks ist es, das Wasser zellg\u00e4ngiger zu machen und so f\u00fcr den K\u00f6rper verf\u00fcgbarer zu sein. Au\u00dferdem strukturiert der Stick das Wasser so, dass Sie sich wohler und gekr\u00e4ftigt f\u00fchlen k\u00f6nnen. Andere Getr\u00e4nke als Wasser werden wohlschmeckender, erfrischender und weicher im Geschmack werden. Kinesiologische Tests sowie Krafttests zeigen den enormen Einfluss auf&#8230;<\/p>\n<p class=\"read-more\"><a class=\"btn btn-default\" href=\"https:\/\/das.raumtuning.info\/?page_id=4823\">Weiterlesen<span class=\"screen-reader-text\"> Weiterlesen<\/span><\/a><\/p>\n","protected":false},"author":1,"featured_media":4842,"parent":0,"menu_order":0,"comment_status":"closed","ping_status":"closed","template":"","meta":{"jetpack_post_was_ever_published":false,"footnotes":""},"class_list":["post-4823","page","type-page","status-publish","has-post-thumbnail","hentry","has-post-video"],"aioseo_notices":[],"jetpack_sharing_enabled":true,"jetpack_shortlink":"https:\/\/wp.me\/P4hjs0-1fN","jetpack-related-posts":[{"id":4837,"url":"https:\/\/das.raumtuning.info\/?page_id=4837","url_meta":{"origin":4823,"position":0},"title":"Bedienungsanleitung Vortex HiFi Geo Path Optimizer (GPO)","date":"20. M\u00e4rz 2020","format":false,"excerpt":"https:\/\/youtu.be\/nZayZCzOfwM https:\/\/youtu.be\/swypL_V4HeE https:\/\/youtu.be\/S1rUYQ3MtFY Gebrauchsanleitung GeoPath 2 Optimizer und GeoPath 3 Optimizer Herzlichen Gl\u00fcckwunsch zum Erwerb des GeoPath Optimizer. Lesen Sie Gebrauchsanleitung bevor Sie den GeoPath Optimizer einsetzten. Der GeoPath Optimizer ist ein extrem leistungsf\u00e4higes Entst\u00f6rmittel f\u00fcr den Einsatz auf Stromleitungen. Der GeoPath ist entwickelt worden, um den extrem negativen Einfluss\u2026","rel":"","context":"Similar post","img":{"alt_text":"","src":"https:\/\/i0.wp.com\/das.raumtuning.info\/wp-content\/uploads\/2020\/06\/Blutvergleich-Geophatogene-Zone-scaled.jpg?fit=1200%2C450&ssl=1&resize=350%2C200","width":350,"height":200},"classes":[]},{"id":4480,"url":"https:\/\/das.raumtuning.info\/?page_id=4480","url_meta":{"origin":4823,"position":1},"title":"Produktvideos \/ Anleitungen","date":"6. M\u00e4rz 2019","format":false,"excerpt":"Infovideos zum Thema Blut und Oszillation Alignement Eines der zentralen Probleme - wenn nicht das zentrale Problem \u2013 in Verbindung mit elektromagnetischen Wellen und Feldern, welche auf den Menschen wirken, ist das diese die roten Blutk\u00f6rper verkleben und so das Blut dickfl\u00fcssigen machen. Dies hat nicht nur f\u00fcr das H\u00f6ren\u2026","rel":"","context":"Similar post","img":{"alt_text":"","src":"https:\/\/i0.wp.com\/das.raumtuning.info\/wp-content\/uploads\/2020\/04\/Bildschirmfoto-2020-04-29-um-10.52.13.png?fit=1200%2C672&ssl=1&resize=350%2C200","width":350,"height":200},"classes":[]},{"id":9101,"url":"https:\/\/das.raumtuning.info\/?page_id=9101","url_meta":{"origin":4823,"position":2},"title":"Cable Optimizer Sigma","date":"25. Juli 2025","format":false,"excerpt":"Bedienungsanleitung Vortex HiFi Cable Optimizer Sigma Aufgrund der Form und l\u00e4nge ist der Cable Optimizer das beste Entst\u00f6rmittel f\u00fcr Kabel \u00fcberhaupt. Befestigen Sie den Cable Optimizer Sigma mit den beiden beiliegenden Klett-Kabelbindern an Ihrem Kabel. Sie k\u00f6nnen einen oder mehrere Cable Optimizer Sigma an einem Kabel verwenden. Allgemein Wenn Sie\u2026","rel":"","context":"Similar post","img":{"alt_text":"","src":"https:\/\/i0.wp.com\/das.raumtuning.info\/wp-content\/uploads\/2025\/07\/Cable-Optimizer-Sigma-e1753434768386.jpg?resize=350%2C200","width":350,"height":200},"classes":[]},{"id":4832,"url":"https:\/\/das.raumtuning.info\/?page_id=4832","url_meta":{"origin":4823,"position":3},"title":"Bedienungsanleitung Vortex HiFi Hochfrequenz Optimizer (HFO)","date":"18. M\u00e4rz 2020","format":false,"excerpt":"Vortex HiFi Hochfrequenz Optimiser Set Sigma (HFO-Sigma Set) Bedienungsanleitung Hochfrequenz Optimizer (HFO) Set Vielen Dank f\u00fcr den Kauf des HFO -Sets. Die Bedienungsanleitung gilt f\u00fcr den HFO -Sigma, HFO-Diamant+ und dem HFO-PI+. Sie haben eines der innovativsten Produkte im Bereich Wellness und HiFi erworben. Ziel: Ziel der HFO- Sets ist\u2026","rel":"","context":"Similar post","img":{"alt_text":"","src":"https:\/\/i0.wp.com\/das.raumtuning.info\/wp-content\/uploads\/2020\/03\/vortex-hifi-hfo-sigma-optimizer-set-varbild-29223.jpg?resize=350%2C200&ssl=1","width":350,"height":200},"classes":[]},{"id":2335,"url":"https:\/\/das.raumtuning.info\/?page_id=2335","url_meta":{"origin":4823,"position":4},"title":"Bedienungsanleitung Ground Optimizer GO 1 und GO2 Ultra sowie GO3 Ultra","date":"11. Februar 2016","format":false,"excerpt":"Herzlichen Gl\u00fcckwunsch zum Erwerb Ihres Vortex HiFi Ground Optimizer! Sie haben eines der innovativsten HiFi-Produkte \u00fcberhaupt erworben. Der Ground Optimizer vereinigt baubiologisches Know How; High-Tech Abschirm-Technik mit den neuesten Erkenntnissen der Beeinflussung der Musikempfindung und des menschlichen Nervensystems durch Elektrosmog. Der Ground Optimizer ist unser 1. Produkt, welches die Ursache\u2026","rel":"","context":"Similar post","img":{"alt_text":"","src":"https:\/\/i0.wp.com\/das.raumtuning.info\/wp-content\/uploads\/2015\/12\/Vortex-HiFi-Ground-Optimizer.jpeg?fit=1200%2C675&ssl=1&resize=350%2C200","width":350,"height":200},"classes":[]},{"id":4826,"url":"https:\/\/das.raumtuning.info\/?page_id=4826","url_meta":{"origin":4823,"position":5},"title":"Vortex HiFi Surface Optimizer 50 ml","date":"18. M\u00e4rz 2020","format":false,"excerpt":"Antistatikmittel mit Bienenwachs Schonende, saubere Pflege und Antistatik Behandlung f\u00fcr Ihre Lautsprecher, CD\u00b4s, Kabel und alle HiFi-Komponenten sowie Zubeh\u00f6rprodukte aus Kunststoff.f\u00fcr viele Oberfl\u00e4chen wie Holz, Metall, Stein, glattes Leder sowie Kunststoff geeignet.Ganz ohne L\u00f6sungsmittelkeine Silikonesch\u00fctzt vor Wiederanschmutzung und statischer Aufladung Vortex HiFi Surface Optimizer nutzt alle nat\u00fcrlichen Wirkungsstoffe von Bienenwachs\u2026","rel":"","context":"Similar post","img":{"alt_text":"","src":"https:\/\/i0.wp.com\/das.raumtuning.info\/wp-content\/uploads\/2020\/03\/vortex-hifi-surface-optimizer-statische-aufladung-nachhaltig-mindern-varbild-29314.jpeg?fit=1200%2C1200&ssl=1&resize=350%2C200","width":350,"height":200},"classes":[]}],"_links":{"self":[{"href":"https:\/\/das.raumtuning.info\/index.php?rest_route=\/wp\/v2\/pages\/4823","targetHints":{"allow":["GET"]}}],"collection":[{"href":"https:\/\/das.raumtuning.info\/index.php?rest_route=\/wp\/v2\/pages"}],"about":[{"href":"https:\/\/das.raumtuning.info\/index.php?rest_route=\/wp\/v2\/types\/page"}],"author":[{"embeddable":true,"href":"https:\/\/das.raumtuning.info\/index.php?rest_route=\/wp\/v2\/users\/1"}],"replies":[{"embeddable":true,"href":"https:\/\/das.raumtuning.info\/index.php?rest_route=%2Fwp%2Fv2%2Fcomments&post=4823"}],"version-history":[{"count":4,"href":"https:\/\/das.raumtuning.info\/index.php?rest_route=\/wp\/v2\/pages\/4823\/revisions"}],"predecessor-version":[{"id":5140,"href":"https:\/\/das.raumtuning.info\/index.php?rest_route=\/wp\/v2\/pages\/4823\/revisions\/5140"}],"wp:featuredmedia":[{"embeddable":true,"href":"https:\/\/das.raumtuning.info\/index.php?rest_route=\/wp\/v2\/media\/4842"}],"wp:attachment":[{"href":"https:\/\/das.raumtuning.info\/index.php?rest_route=%2Fwp%2Fv2%2Fmedia&parent=4823"}],"curies":[{"name":"wp","href":"https:\/\/api.w.org\/{rel}","templated":true}]}}