{"id":4826,"date":"2020-03-18T13:29:39","date_gmt":"2020-03-18T12:29:39","guid":{"rendered":"http:\/\/das.raumtuning.info\/?page_id=4826"},"modified":"2020-07-01T19:30:38","modified_gmt":"2020-07-01T17:30:38","slug":"vortex-hifi-surface-optimizer-50-ml","status":"publish","type":"page","link":"https:\/\/das.raumtuning.info\/?page_id=4826","title":{"rendered":"Vortex HiFi Surface Optimizer 50 ml"},"content":{"rendered":"\n<h2 class=\"wp-block-heading\"><strong>Antistatikmittel mit Bienenwachs<\/strong><\/h2>\n\n\n\n<ul class=\"wp-block-list\"><li>Schonende, saubere Pflege und Antistatik Behandlung f\u00fcr Ihre\nLautsprecher, CD\u00b4s, Kabel und alle HiFi-Komponenten sowie Zubeh\u00f6rprodukte aus Kunststoff.<\/li><li>f\u00fcr\nviele Oberfl\u00e4chen wie Holz, Metall, Stein, glattes Leder sowie Kunststoff geeignet.<\/li><li>Ganz\nohne L\u00f6sungsmittel<\/li><li>keine\nSilikone<\/li><li>sch\u00fctzt\nvor Wiederanschmutzung und statischer Aufladung<\/li><\/ul>\n\n\n\n<p>Vortex\nHiFi Surface Optimizer nutzt alle nat\u00fcrlichen Wirkungsstoffe von Bienenwachs\nf\u00fcr sanfte Pflege, schonende Reinigung, antistatische Wirkung und dauerhaften\nSchutz f\u00fcr Ihre HiFi Produkte und dies ohne jeglichen Zusatz von Silikon\u00f6l.<\/p>\n\n\n\n<p>Spr\u00fchen\nSie den Surface Optimizer einfach auf, reiben Sie diese mit einem weichen Tuch\nnach und sp\u00fcren Sie anschlie\u00dfend die Wirkung von Bienenwachs und \u00d6l auf der\nOberfl\u00e4che. Durch die Vortex HiFi Sigma Informierung ergibt sich ein\nunglaublich holografisches und detailreiches Klangbild.<\/p>\n\n\n\n<h1 class=\"wp-block-heading\">Verwendungsm\u00f6glichkeiten<\/h1>\n\n\n\n<p>Vortex\nHiFi Surface Optimizer eignet sich f\u00fcr alle Holzarten, ob dunkel oder hell, ob\nnatur oder lackiert. Ebenso wirkungsvoll ist der Vortex HiFi Surface Optimizer\nauch bei Oberfl\u00e4chen aus Kunststoff, Metall, Glattleder oder sogar Stein. Dies\ner\u00f6ffnet eine Vielzahl an weiteren Einsatzm\u00f6glichkeiten. Bei CD, DVD\u00b4s oder\nBlu-ray Disc\u00b4s nur die Labelseite und die R\u00e4nder behandeln. Bei Schallplatten\nnur die Label behandeln nicht den abzuspielenden Bereich der LP.<\/p>\n\n\n\n<h4 class=\"wp-block-heading\">Bei welchen\nVortex HiFi \u2013 und anderen Produkten ist eine Anwendung empfohlen:<\/h4>\n\n\n\n<ol class=\"wp-block-list\"><li>Alle Cap-Produkte. Diese\nsind aus Kunststoff und haben eine Oberfl\u00e4che, die sich elektrostatisch aufl\u00e4dt.<\/li><li>Alle Plug-Produkte.\nDiese haben eine Kunststoff Oberfl\u00e4che und laden sich elektrostatisch auf.<\/li><li>Alle BOB-Filter. Diese haben ein\nKunststoffgeh\u00e4use und laden sich elektrostatisch auf.<\/li><li>Alle Kabel. Haben\nSchrumpfschl\u00e4uche welche sich elektrostatisch aufladen. Die Kabel mit\nAntivibrationsummantelung haben einen Mantel aus Kunststoff, der sich\nelektrostatisch aufl\u00e4dt.<\/li><li>Alle Ground Optimizer haben Stecker, die sich elektrostatisch\naufladen. Die Kabel sind aus einem antistatischen Kunststoff. Eine Behandlung\nder Kabel macht trotzdem Sinn, da sie die Kabel so mit den neuen Sigma\nInformierung versehen.<\/li><li>Alle Vortex HiFi\nGer\u00e4tef\u00fc\u00dfe und Kabeltr\u00e4ger. Diese k\u00f6nnen sich zwar nicht elektrostatisch\naufladen, verbessern den Klang aber deutlich \u00fcber die Informierung.<\/li><li>Alle HiFi Racks. Die\nHiFi-Ger\u00e4te stehen auf den Rack B\u00f6den. Deren Felder dringen in den Ger\u00e4teboden\nein. Dies f\u00fchrt zu klangsch\u00e4dlichen Potentialwirbeln. Unabh\u00e4ngig vom Material\ndes Rackbodens f\u00fchrt die Behandlung des Bodens mit dem Vortex HiFi Surface\nOptimizer zu einer Informierung, welche den Klang erheblich verbessert.<\/li><li>Auch der Korpus von\nPlattenspielern und die Plattenteller gewinnen sehr durch die Behandlung mit\ndem Vortex HiFi Surface Optimizer.<\/li><li>Alle Obsidian Ronden und Pyramiden.<\/li><\/ol>\n\n\n\n<p>Beim\nVortex HiFi Surface Optimizer handelt es sich um ein Produkt, welches ohne\nk\u00fcnstliche L\u00f6sungszus\u00e4tze hergestellt wird. Die entsprechende Behandlung\nerfolgt daher schonend und bietet einen gleichzeitigen Oberfl\u00e4chenschutz durch\ndie nat\u00fcrliche Substanz Bienenwachs. Aus diesem Grund ist dieses Erzeugnis\nnicht gesundheitssch\u00e4digend und l\u00f6st keine allergischen Reaktionen aus.<\/p>\n\n\n\n<h4 class=\"wp-block-heading\">Die Anwendung ist einfach:<\/h4>\n\n\n\n<p>Aufspr\u00fchen\nund mit Tuch abwischen. Etwa eine Minute einwirken lassen und dann abwischen.\nVerwenden Sie das Produkt sparsam, da mehr nicht zu einem besseren\nKlangergebnis f\u00fchrt.<\/p>\n\n\n\n<h4 class=\"wp-block-heading\">Die Wirkung:<\/h4>\n\n\n\n<p>Ohne\nL\u00f6sungsmittel wird alles m\u00fchelos antistatisch und auch sauber. Durch die feine\nCreme mit \u00d6l und Bienenwachs wird die Oberfl\u00e4che gepflegt und bleibt nachhaltig\nantistatisch.<\/p>\n\n\n\n<h4 class=\"wp-block-heading\">Qualit\u00e4tsprodukt:<\/h4>\n\n\n\n<p>Hergestellt\nauf der Basis einer Creme, mit Bienenwachs, ohne L\u00f6sungsmittel, ohne Silikon\u00f6l.\nVor Kindern fernhalten. Nicht in die Augen Spr\u00fchen.<\/p>\n\n\n\n<p>Zus\u00e4tzliche Hinweise:<\/p>\n\n\n\n<p>Enth\u00e4lt kein Silikon\u00f6l. Enth\u00e4lt kein Alkohol. Enth\u00e4lt\nkeine L\u00f6semittel.<\/p>\n\n\n\n<p>Einstufung\ngem\u00e4\u00df Verordnung (EG) Nr. 1272\/2008: Das Produkt ist gem\u00e4\u00df CLP-Verordnung nicht\neingestuft<\/p>\n\n\n\n<h4 class=\"wp-block-heading\">Allgemeine Angaben<\/h4>\n\n\n\n<p>Form: Fl\u00fcssig Farbe: Weiss Geruch: Honig<\/p>\n\n\n\n<p>pH-Wert:\nNicht bestimmt Schmelzpunkt\/Schmelzbereich: &lt; 0 \u00b0C (Gefrierpunkt)\nFlammpunkt: Nicht anwendbar &gt; 100 \u00b0C (PMCC)<\/p>\n\n\n\n<p>Selbstentz\u00fcndlichkeit: Das Produkt ist nicht selbstentz\u00fcndlich Explosionsgefahr: Das Produkt ist nicht explosionsgef\u00e4hrlich Dichte bei 20 \u00b0C: 0,970 g\/cm3<\/p>\n\n\n\n<p>Dynamisch:\nNicht bestimmt. Kinematisch bei 40 \u00b0C: &gt; 21 mm\u00b2\/s<\/p>\n\n\n\n<p><a href=\"mailto:info@vortexhifi.com\">info@vortexhifi.com<\/a><\/p>\n\n\n\n<h2 class=\"wp-block-heading\">Videos zum Thema Surface Optimizer<\/h2>\n\n\n\n<figure class=\"wp-block-embed-youtube wp-block-embed is-type-video is-provider-youtube wp-embed-aspect-16-9 wp-has-aspect-ratio\"><div class=\"wp-block-embed__wrapper\">\n<span class=\"embed-youtube\" style=\"text-align:center; display: block;\"><iframe class=\"youtube-player\" width=\"640\" height=\"360\" src=\"https:\/\/www.youtube.com\/embed\/KCR07A_GSAw?version=3&#038;rel=1&#038;showsearch=0&#038;showinfo=1&#038;iv_load_policy=1&#038;fs=1&#038;hl=de-DE&#038;autohide=2&#038;wmode=transparent\" allowfullscreen=\"true\" style=\"border:0;\" sandbox=\"allow-scripts allow-same-origin allow-popups allow-presentation\"><\/iframe><\/span>\n<\/div><\/figure>\n\n\n\n<figure class=\"wp-block-embed-youtube wp-block-embed is-type-video is-provider-youtube wp-embed-aspect-16-9 wp-has-aspect-ratio\"><div class=\"wp-block-embed__wrapper\">\n<span class=\"embed-youtube\" style=\"text-align:center; display: block;\"><iframe class=\"youtube-player\" width=\"640\" height=\"360\" src=\"https:\/\/www.youtube.com\/embed\/idTQtyBNGo8?version=3&#038;rel=1&#038;showsearch=0&#038;showinfo=1&#038;iv_load_policy=1&#038;fs=1&#038;hl=de-DE&#038;autohide=2&#038;wmode=transparent\" allowfullscreen=\"true\" style=\"border:0;\" sandbox=\"allow-scripts allow-same-origin allow-popups allow-presentation\"><\/iframe><\/span>\n<\/div><\/figure>\n","protected":false},"excerpt":{"rendered":"<p>Antistatikmittel mit Bienenwachs Schonende, saubere Pflege und Antistatik Behandlung f\u00fcr Ihre Lautsprecher, CD\u00b4s, Kabel und alle HiFi-Komponenten sowie Zubeh\u00f6rprodukte aus Kunststoff. f\u00fcr viele Oberfl\u00e4chen wie Holz, Metall, Stein, glattes Leder sowie Kunststoff geeignet. Ganz ohne L\u00f6sungsmittel keine Silikone sch\u00fctzt vor Wiederanschmutzung und statischer Aufladung Vortex HiFi Surface Optimizer nutzt alle nat\u00fcrlichen Wirkungsstoffe von Bienenwachs f\u00fcr sanfte Pflege, schonende Reinigung, antistatische Wirkung und dauerhaften Schutz f\u00fcr Ihre HiFi Produkte und dies ohne jeglichen Zusatz von Silikon\u00f6l. Spr\u00fchen Sie den Surface Optimizer&#8230;<\/p>\n<p class=\"read-more\"><a class=\"btn btn-default\" href=\"https:\/\/das.raumtuning.info\/?page_id=4826\">Weiterlesen<span class=\"screen-reader-text\"> Weiterlesen<\/span><\/a><\/p>\n","protected":false},"author":1,"featured_media":4868,"parent":0,"menu_order":0,"comment_status":"closed","ping_status":"closed","template":"","meta":{"jetpack_post_was_ever_published":false,"footnotes":""},"class_list":["post-4826","page","type-page","status-publish","has-post-thumbnail","hentry"],"aioseo_notices":[],"jetpack_sharing_enabled":true,"jetpack_shortlink":"https:\/\/wp.me\/P4hjs0-1fQ","jetpack-related-posts":[{"id":2335,"url":"https:\/\/das.raumtuning.info\/?page_id=2335","url_meta":{"origin":4826,"position":0},"title":"Bedienungsanleitung Ground Optimizer GO 1 und GO2 Ultra sowie GO3 Ultra","date":"11. Februar 2016","format":false,"excerpt":"Herzlichen Gl\u00fcckwunsch zum Erwerb Ihres Vortex HiFi Ground Optimizer! Sie haben eines der innovativsten HiFi-Produkte \u00fcberhaupt erworben. Der Ground Optimizer vereinigt baubiologisches Know How; High-Tech Abschirm-Technik mit den neuesten Erkenntnissen der Beeinflussung der Musikempfindung und des menschlichen Nervensystems durch Elektrosmog. Der Ground Optimizer ist unser 1. Produkt, welches die Ursache\u2026","rel":"","context":"Similar post","img":{"alt_text":"","src":"https:\/\/i0.wp.com\/das.raumtuning.info\/wp-content\/uploads\/2015\/12\/Vortex-HiFi-Ground-Optimizer.jpeg?fit=1200%2C675&ssl=1&resize=350%2C200","width":350,"height":200},"classes":[]},{"id":4480,"url":"https:\/\/das.raumtuning.info\/?page_id=4480","url_meta":{"origin":4826,"position":1},"title":"Produktvideos \/ Anleitungen","date":"6. M\u00e4rz 2019","format":false,"excerpt":"Infovideos zum Thema Blut und Oszillation Alignement Eines der zentralen Probleme - wenn nicht das zentrale Problem \u2013 in Verbindung mit elektromagnetischen Wellen und Feldern, welche auf den Menschen wirken, ist das diese die roten Blutk\u00f6rper verkleben und so das Blut dickfl\u00fcssigen machen. Dies hat nicht nur f\u00fcr das H\u00f6ren\u2026","rel":"","context":"Similar post","img":{"alt_text":"","src":"https:\/\/i0.wp.com\/das.raumtuning.info\/wp-content\/uploads\/2020\/04\/Bildschirmfoto-2020-04-29-um-10.52.13.png?fit=1200%2C672&ssl=1&resize=350%2C200","width":350,"height":200},"classes":[]},{"id":4832,"url":"https:\/\/das.raumtuning.info\/?page_id=4832","url_meta":{"origin":4826,"position":2},"title":"Bedienungsanleitung Vortex HiFi Hochfrequenz Optimizer (HFO)","date":"18. M\u00e4rz 2020","format":false,"excerpt":"Vortex HiFi Hochfrequenz Optimiser Set Sigma (HFO-Sigma Set) Bedienungsanleitung Hochfrequenz Optimizer (HFO) Set Vielen Dank f\u00fcr den Kauf des HFO -Sets. Die Bedienungsanleitung gilt f\u00fcr den HFO -Sigma, HFO-Diamant+ und dem HFO-PI+. Sie haben eines der innovativsten Produkte im Bereich Wellness und HiFi erworben. Ziel: Ziel der HFO- Sets ist\u2026","rel":"","context":"Similar post","img":{"alt_text":"","src":"https:\/\/i0.wp.com\/das.raumtuning.info\/wp-content\/uploads\/2020\/03\/vortex-hifi-hfo-sigma-optimizer-set-varbild-29223.jpg?resize=350%2C200&ssl=1","width":350,"height":200},"classes":[]},{"id":6855,"url":"https:\/\/das.raumtuning.info\/?page_id=6855","url_meta":{"origin":4826,"position":3},"title":"Vortex HiFi Ground Optimizer MK2 Test im HiFiToday","date":"25. April 2023","format":false,"excerpt":"VORTEX Hifi Ground Optimizer MKII \u2013 HiFi-Test Den Original Test Finden Sie unter dem Link: HiFiToday \/ Frank Wacker \/ 23.04.2023 Schon die erste Version des VORTEX Hifi Ground Optimizers brachte unsere Hifi- Anlagen einen gro\u00dfen Schritt nach vorne, doch mit den neuen Ground Optimizer MKII springt die Performance auf\u2026","rel":"","context":"Similar post","img":{"alt_text":"","src":"https:\/\/i0.wp.com\/das.raumtuning.info\/wp-content\/uploads\/2023\/04\/Logo-HiFiToday-Test-GO-MK2-e1682424331334.jpg?fit=1000%2C348&ssl=1&resize=350%2C200","width":350,"height":200},"classes":[]},{"id":2169,"url":"https:\/\/das.raumtuning.info\/?page_id=2169","url_meta":{"origin":4826,"position":4},"title":"Ground Optimizer","date":"9. Dezember 2015","format":false,"excerpt":"F\u00fcr einen sauberen Klang braucht es eine saubere Masse. Der Ground Optimizer ist Ihr M\u00fclleimer f\u00fcr Massest\u00f6rungen. Die Masse eines Ger\u00e4tes ist gleichzeitig M\u00fcllplatz und K\u00fcchentisch f\u00fcr die Zubereitung Ihres Gourmetklangs. Das kann nicht funktionieren! Massest\u00f6rungen sind elementar f\u00fcr den Klang Die Forderung lautet also, die Massest\u00f6rungen soweit wie irgend\u2026","rel":"","context":"Similar post","img":{"alt_text":"","src":"https:\/\/i0.wp.com\/das.raumtuning.info\/wp-content\/uploads\/2015\/12\/iStock_000012046846_Large.jpg?fit=1200%2C803&ssl=1&resize=350%2C200","width":350,"height":200},"classes":[]},{"id":10,"url":"https:\/\/das.raumtuning.info\/","url_meta":{"origin":4826,"position":5},"title":"Home","date":"12. Dezember 2013","format":false,"excerpt":"Musik h\u00f6ren war gestern... ... Musik empfinden ist heute! - Vortex HiFi \u00a0 \u00a0 \u00a0 \u00a0 Die Vortex HiFi Forschung stellt immer wieder die (HiFi)-Welt auf den Kopf. Technische Ger\u00e4te wie Handys, Laptops, Computer oder Router, die das Musikh\u00f6ren bisher stark verschlechtert haben, f\u00f6rdern nun den Klang durch neue Vortex\u2026","rel":"","context":"Similar post","img":{"alt_text":"","src":"https:\/\/i0.wp.com\/das.raumtuning.info\/wp-content\/uploads\/2014\/01\/Blut-in-nat\u00fcrlicher-Umwelt-rot2.png?resize=350%2C200","width":350,"height":200},"classes":[]}],"_links":{"self":[{"href":"https:\/\/das.raumtuning.info\/index.php?rest_route=\/wp\/v2\/pages\/4826","targetHints":{"allow":["GET"]}}],"collection":[{"href":"https:\/\/das.raumtuning.info\/index.php?rest_route=\/wp\/v2\/pages"}],"about":[{"href":"https:\/\/das.raumtuning.info\/index.php?rest_route=\/wp\/v2\/types\/page"}],"author":[{"embeddable":true,"href":"https:\/\/das.raumtuning.info\/index.php?rest_route=\/wp\/v2\/users\/1"}],"replies":[{"embeddable":true,"href":"https:\/\/das.raumtuning.info\/index.php?rest_route=%2Fwp%2Fv2%2Fcomments&post=4826"}],"version-history":[{"count":2,"href":"https:\/\/das.raumtuning.info\/index.php?rest_route=\/wp\/v2\/pages\/4826\/revisions"}],"predecessor-version":[{"id":5141,"href":"https:\/\/das.raumtuning.info\/index.php?rest_route=\/wp\/v2\/pages\/4826\/revisions\/5141"}],"wp:featuredmedia":[{"embeddable":true,"href":"https:\/\/das.raumtuning.info\/index.php?rest_route=\/wp\/v2\/media\/4868"}],"wp:attachment":[{"href":"https:\/\/das.raumtuning.info\/index.php?rest_route=%2Fwp%2Fv2%2Fmedia&parent=4826"}],"curies":[{"name":"wp","href":"https:\/\/api.w.org\/{rel}","templated":true}]}}