{"id":4829,"date":"2020-03-18T13:48:04","date_gmt":"2020-03-18T12:48:04","guid":{"rendered":"http:\/\/das.raumtuning.info\/?page_id=4829"},"modified":"2020-04-26T17:00:40","modified_gmt":"2020-04-26T15:00:40","slug":"vortex-hifi-a-i-o-und-diamant-caps","status":"publish","type":"page","link":"https:\/\/das.raumtuning.info\/?page_id=4829","title":{"rendered":"Vortex HiFi A.I.O und Diamant + Caps"},"content":{"rendered":"\n<h4 class=\"wp-block-heading\">Dieses Video aus der Reihe <strong>short and simple <\/strong>erkl\u00e4rt die wesendlichen Eigenschaften und die Anwendungen der Vortex HiFi A.I.O. CAP\u00b4s und der neuen Diamant <em>Plus <\/em>CAP\u00b4s.<\/h4>\n\n\n\n<figure class=\"wp-block-embed-youtube wp-block-embed is-type-video is-provider-youtube wp-embed-aspect-16-9 wp-has-aspect-ratio\"><div class=\"wp-block-embed__wrapper\">\n<span class=\"embed-youtube\" style=\"text-align:center; display: block;\"><iframe class=\"youtube-player\" width=\"640\" height=\"360\" src=\"https:\/\/www.youtube.com\/embed\/YM3W1Bal-p0?version=3&#038;rel=1&#038;showsearch=0&#038;showinfo=1&#038;iv_load_policy=1&#038;fs=1&#038;hl=de-DE&#038;autohide=2&#038;wmode=transparent\" allowfullscreen=\"true\" style=\"border:0;\" sandbox=\"allow-scripts allow-same-origin allow-popups allow-presentation\"><\/iframe><\/span>\n<\/div><\/figure>\n\n\n\n<p><\/p>\n","protected":false},"excerpt":{"rendered":"<p>Dieses Video aus der Reihe short and simple erkl\u00e4rt die wesendlichen Eigenschaften und die Anwendungen der Vortex HiFi A.I.O. CAP\u00b4s und der neuen Diamant Plus CAP\u00b4s.<\/p>\n","protected":false},"author":1,"featured_media":2765,"parent":0,"menu_order":0,"comment_status":"closed","ping_status":"closed","template":"","meta":{"jetpack_post_was_ever_published":false,"footnotes":""},"class_list":["post-4829","page","type-page","status-publish","has-post-thumbnail","hentry"],"aioseo_notices":[],"jetpack_sharing_enabled":true,"jetpack_shortlink":"https:\/\/wp.me\/P4hjs0-1fT","jetpack-related-posts":[{"id":265,"url":"https:\/\/das.raumtuning.info\/?page_id=265","url_meta":{"origin":4829,"position":0},"title":"A.I.O. Entst\u00f6r -Produkte","date":"29. Januar 2014","format":false,"excerpt":"Die Vortex HiFi A.I.O. Produkt \u2013 Vorteile Reduzierung von St\u00f6rfeldern ohne klangsch\u00e4dliche Filter Reduzierung von St\u00f6rfeldern ohne akustische Beeintr\u00e4chtigungen Reduzierung von St\u00f6rfeldern ohne Signalver\u00e4nderung Informierung gegen klangsch\u00e4dliche Potentialwirbel (Entst\u00f6rung) Informierung zur Entstressung des Menschen Informationen f\u00fcr eine kraftvolle Vorstellungskraft (P.I.-Technik) in Diamant-Standard. (Nur bei Diamant Standard Produkten.) Vitalisierung.\u00a0 (Nur bei\u2026","rel":"","context":"Similar post","img":{"alt_text":"","src":"https:\/\/i0.wp.com\/das.raumtuning.info\/wp-content\/uploads\/2014\/01\/Ronde-30-10-web.jpg?fit=1063%2C752&ssl=1&resize=350%2C200","width":350,"height":200},"classes":[]},{"id":7155,"url":"https:\/\/das.raumtuning.info\/?page_id=7155","url_meta":{"origin":4829,"position":1},"title":"Produkte Men\u00fc","date":"9. Januar 2024","format":false,"excerpt":"Nano Diamant Kontakt - \u00d6l Daniel Pla\u00dfmann HIFI Today: \"Was f\u00fcr eine Wunder-Tinktur! Einfach unglaublich!\" HiFi.NL Test Mit 5 von 5 Sternen ist unser Kontakt -\u00d6l das beste auf HiFi.NL getestete Produkt! Hier klicken A.I.O. Entst\u00f6rprodukte Frank Wacker, HIFI Today: Und wie klang\u00b4s? Gigantisch. A.I.O. Entst\u00f6renden Frank Wacker, HiFiToday: Unterm\u2026","rel":"","context":"Similar post","img":{"alt_text":"","src":"https:\/\/i0.wp.com\/das.raumtuning.info\/wp-content\/uploads\/2024\/01\/Surface-Optimizer-1024x1024.png?resize=350%2C200","width":350,"height":200},"classes":[]},{"id":2479,"url":"https:\/\/das.raumtuning.info\/?page_id=2479","url_meta":{"origin":4829,"position":2},"title":"A.I.O. &#8211; CAPS","date":"29. M\u00e4rz 2016","format":false,"excerpt":"Die Klangrevolution in Sachen Dust Caps Das Video aus der Reihe short and simple erkl\u00e4rt die AIO Caps und die neuen Diamant Plus Caps und zeigt die Anwendung. https:\/\/youtu.be\/YM3W1Bal-p0 Mit unseren informierten A.I.O.- Dust CAPS schl\u00e4gt Vortex HiFi ein neues Kapitel im High End HiFi auf. Ein 5,-\u20ac Zubeh\u00f6r das\u2026","rel":"","context":"Similar post","img":{"alt_text":"","src":"https:\/\/i0.wp.com\/das.raumtuning.info\/wp-content\/uploads\/2016\/03\/Alle-CAPS-AIO-Granit-CAP.jpg?fit=1200%2C800&ssl=1&resize=350%2C200","width":350,"height":200},"classes":[]},{"id":267,"url":"https:\/\/das.raumtuning.info\/?page_id=267","url_meta":{"origin":4829,"position":3},"title":"Nano Shield Plugs","date":"29. Januar 2014","format":false,"excerpt":"Die Vortex HiFi Nano Shield Plug\u00b4s jetzt in 3 Qualit\u00e4tsstufen. Vorteile: Massefreier und damit quellenfreier Schirm Einzigartiges Nanopartikel Schirmmaterial mit einer Schirmwirkung bis zu sagenhaften 40GHz Schirmmaterial mit Absorbtionswirkung Schirmmaterial mit Potentialwirbel-Reduzierung A.I.O. - Halbedelstein zur Entst\u00f6rung und Entstressung Resonanzd\u00e4mpfende Konstruktion Bei den P.I. - Plugs werden zus\u00e4tzlich 11 verschidene\u2026","rel":"","context":"Similar post","img":{"alt_text":"","src":"https:\/\/i0.wp.com\/das.raumtuning.info\/wp-content\/uploads\/2014\/01\/Power-Plug-Beitragsbild-web.jpg?fit=1063%2C752&ssl=1&resize=350%2C200","width":350,"height":200},"classes":[]},{"id":4448,"url":"https:\/\/das.raumtuning.info\/?page_id=4448","url_meta":{"origin":4829,"position":4},"title":"Bedienungsanleitung Iraser L\u00f6schSt\u00e4be","date":"22. Januar 2019","format":false,"excerpt":"Herzlichen Gl\u00fcckwunsch zum Erwerb Ihres Vortex HiFi Iraser Informationen-L\u00f6schstab! Der Iraser Stab hat die Aufgabe unerw\u00fcnschte Informationen welche sich in Materialien mit der Zeit bilden zu l\u00f6schen und gegen klanglich vorteilhafte Informationen zu ersetzen. Je nach Komplexit\u00e4t dieser von uns auf den Stab aufgebrachten Informationen handelt es sich um einen\u2026","rel":"","context":"Similar post","img":{"alt_text":"","src":"https:\/\/i0.wp.com\/das.raumtuning.info\/wp-content\/uploads\/2019\/01\/Iraser-I2-PI-blaue-Seite.jpg?fit=1200%2C675&ssl=1&resize=350%2C200","width":350,"height":200},"classes":[]},{"id":289,"url":"https:\/\/das.raumtuning.info\/?page_id=289","url_meta":{"origin":4829,"position":5},"title":"Menschen entstressen","date":"30. Januar 2014","format":false,"excerpt":"Emotionen, G\u00e4nsehaut und Fu\u00dfwippen Musik bedeutet Emotionen, G\u00e4nsehaut und das unbewusste Fu\u00dfwippen. Nicht der Schall ist das Entscheidende, sondern die k\u00f6rperliche Reaktion! Man h\u00f6rt eine Frauenstimme und stellt sich sofort eine Person vor \u2013 oft sehr konkret. Musik stimuliert verschiedene Gehirnregionen - das H\u00f6ren aber eben auch zum Beispiel den\u2026","rel":"","context":"Similar post","img":{"alt_text":"Quelle: Vortex HiFi","src":"https:\/\/i0.wp.com\/das.raumtuning.info\/wp-content\/uploads\/2014\/02\/S\u00e4ngerin2-web.jpg?fit=1080%2C702&ssl=1&resize=350%2C200","width":350,"height":200},"classes":[]}],"_links":{"self":[{"href":"https:\/\/das.raumtuning.info\/index.php?rest_route=\/wp\/v2\/pages\/4829","targetHints":{"allow":["GET"]}}],"collection":[{"href":"https:\/\/das.raumtuning.info\/index.php?rest_route=\/wp\/v2\/pages"}],"about":[{"href":"https:\/\/das.raumtuning.info\/index.php?rest_route=\/wp\/v2\/types\/page"}],"author":[{"embeddable":true,"href":"https:\/\/das.raumtuning.info\/index.php?rest_route=\/wp\/v2\/users\/1"}],"replies":[{"embeddable":true,"href":"https:\/\/das.raumtuning.info\/index.php?rest_route=%2Fwp%2Fv2%2Fcomments&post=4829"}],"version-history":[{"count":2,"href":"https:\/\/das.raumtuning.info\/index.php?rest_route=\/wp\/v2\/pages\/4829\/revisions"}],"predecessor-version":[{"id":4980,"href":"https:\/\/das.raumtuning.info\/index.php?rest_route=\/wp\/v2\/pages\/4829\/revisions\/4980"}],"wp:featuredmedia":[{"embeddable":true,"href":"https:\/\/das.raumtuning.info\/index.php?rest_route=\/wp\/v2\/media\/2765"}],"wp:attachment":[{"href":"https:\/\/das.raumtuning.info\/index.php?rest_route=%2Fwp%2Fv2%2Fmedia&parent=4829"}],"curies":[{"name":"wp","href":"https:\/\/api.w.org\/{rel}","templated":true}]}}