{"id":4837,"date":"2020-03-20T18:19:59","date_gmt":"2020-03-20T17:19:59","guid":{"rendered":"http:\/\/das.raumtuning.info\/?page_id=4837"},"modified":"2020-07-29T18:53:25","modified_gmt":"2020-07-29T16:53:25","slug":"bedienungsanleitung-vortex-hifi-geo-path-optimizer-gpo","status":"publish","type":"page","link":"https:\/\/das.raumtuning.info\/?page_id=4837","title":{"rendered":"Bedienungsanleitung Vortex HiFi Geo Path Optimizer (GPO)"},"content":{"rendered":"\n<figure class=\"wp-block-embed-youtube wp-block-embed is-type-video is-provider-youtube wp-embed-aspect-16-9 wp-has-aspect-ratio\"><div class=\"wp-block-embed__wrapper\">\n<span class=\"embed-youtube\" style=\"text-align:center; display: block;\"><iframe class=\"youtube-player\" width=\"640\" height=\"360\" src=\"https:\/\/www.youtube.com\/embed\/nZayZCzOfwM?version=3&#038;rel=1&#038;showsearch=0&#038;showinfo=1&#038;iv_load_policy=1&#038;fs=1&#038;hl=de-DE&#038;autohide=2&#038;wmode=transparent\" allowfullscreen=\"true\" style=\"border:0;\" sandbox=\"allow-scripts allow-same-origin allow-popups allow-presentation\"><\/iframe><\/span>\n<\/div><\/figure>\n\n\n\n<figure class=\"wp-block-embed-youtube wp-block-embed is-type-video is-provider-youtube wp-embed-aspect-16-9 wp-has-aspect-ratio\"><div class=\"wp-block-embed__wrapper\">\n<span class=\"embed-youtube\" style=\"text-align:center; display: block;\"><iframe class=\"youtube-player\" width=\"640\" height=\"360\" src=\"https:\/\/www.youtube.com\/embed\/swypL_V4HeE?version=3&#038;rel=1&#038;showsearch=0&#038;showinfo=1&#038;iv_load_policy=1&#038;fs=1&#038;hl=de-DE&#038;autohide=2&#038;wmode=transparent\" allowfullscreen=\"true\" style=\"border:0;\" sandbox=\"allow-scripts allow-same-origin allow-popups allow-presentation\"><\/iframe><\/span>\n<\/div><\/figure>\n\n\n\n<figure class=\"wp-block-embed-youtube wp-block-embed is-type-video is-provider-youtube wp-embed-aspect-16-9 wp-has-aspect-ratio\"><div class=\"wp-block-embed__wrapper\">\n<span class=\"embed-youtube\" style=\"text-align:center; display: block;\"><iframe class=\"youtube-player\" width=\"640\" height=\"360\" src=\"https:\/\/www.youtube.com\/embed\/S1rUYQ3MtFY?version=3&#038;rel=1&#038;showsearch=0&#038;showinfo=1&#038;iv_load_policy=1&#038;fs=1&#038;hl=de-DE&#038;autohide=2&#038;wmode=transparent\" allowfullscreen=\"true\" style=\"border:0;\" sandbox=\"allow-scripts allow-same-origin allow-popups allow-presentation\"><\/iframe><\/span>\n<\/div><\/figure>\n\n\n\n<p><strong>Gebrauchsanleitung<\/strong><\/p>\n\n\n\n<p><strong>GeoPath 2 Optimizer und GeoPath 3 Optimizer<\/strong><\/p>\n\n\n\n<p>Herzlichen Gl\u00fcckwunsch zum Erwerb des GeoPath Optimizer. Lesen\nSie Gebrauchsanleitung bevor Sie den GeoPath Optimizer einsetzten. Der GeoPath\nOptimizer ist ein extrem leistungsf\u00e4higes Entst\u00f6rmittel f\u00fcr den Einsatz auf\nStromleitungen. Der GeoPath ist entwickelt worden, um den extrem negativen\nEinfluss von Geopathogenen Zonen auf den menschlichen Organismus abzuschw\u00e4chen.\nSo verkleben selbst bei gesundem Blut (richtige Ern\u00e4hrung, usw.) die roten\nBlutk\u00f6rperchen, wenn man sich auch nur 10 Minuten in einer geopathogenen Zone\naufh\u00e4lt (siehe Bild rechts). Unter Verwendung der GeoPath Optimizer (kurz GPO)\nwird dieses durch die geopathogene Zone bedingte Verkleben der roten\nBlutk\u00f6rperchen vermieden und sogar r\u00fcckg\u00e4ngig gemacht (siehe linkes Bild).<\/p>\n\n\n\n<p> Auch das Verkleben der roten Blutk\u00f6rperchen durch gew\u00f6hnlichen Elektrosmog der Stromleitungen (NF) im Haushalt kann durch den Einsatz von GPO\u00b4s vermieden werden.<\/p>\n\n\n\n<figure class=\"wp-block-image size-large is-style-default\"><img fetchpriority=\"high\" decoding=\"async\" width=\"640\" height=\"240\" data-attachment-id=\"5117\" data-permalink=\"https:\/\/das.raumtuning.info\/?attachment_id=5117\" data-orig-file=\"https:\/\/i0.wp.com\/das.raumtuning.info\/wp-content\/uploads\/2020\/06\/Blutvergleich-Geophatogene-Zone-scaled.jpg?fit=2560%2C961&amp;ssl=1\" data-orig-size=\"2560,961\" data-comments-opened=\"1\" data-image-meta=\"{&quot;aperture&quot;:&quot;0&quot;,&quot;credit&quot;:&quot;&quot;,&quot;camera&quot;:&quot;&quot;,&quot;caption&quot;:&quot;&quot;,&quot;created_timestamp&quot;:&quot;0&quot;,&quot;copyright&quot;:&quot;&quot;,&quot;focal_length&quot;:&quot;0&quot;,&quot;iso&quot;:&quot;0&quot;,&quot;shutter_speed&quot;:&quot;0&quot;,&quot;title&quot;:&quot;Blutvergleich Handy&quot;,&quot;orientation&quot;:&quot;0&quot;}\" data-image-title=\"Blutvergleich Handy\" data-image-description=\"\" data-image-caption=\"\" data-medium-file=\"https:\/\/i0.wp.com\/das.raumtuning.info\/wp-content\/uploads\/2020\/06\/Blutvergleich-Geophatogene-Zone-scaled.jpg?fit=300%2C113&amp;ssl=1\" data-large-file=\"https:\/\/i0.wp.com\/das.raumtuning.info\/wp-content\/uploads\/2020\/06\/Blutvergleich-Geophatogene-Zone-scaled.jpg?fit=640%2C240&amp;ssl=1\" src=\"https:\/\/i0.wp.com\/das.raumtuning.info\/wp-content\/uploads\/2020\/06\/Blutvergleich-Geophatogene-Zone.jpg?resize=640%2C240\" alt=\"\" class=\"wp-image-5117\" srcset=\"https:\/\/i0.wp.com\/das.raumtuning.info\/wp-content\/uploads\/2020\/06\/Blutvergleich-Geophatogene-Zone-scaled.jpg?resize=1024%2C384&amp;ssl=1 1024w, https:\/\/i0.wp.com\/das.raumtuning.info\/wp-content\/uploads\/2020\/06\/Blutvergleich-Geophatogene-Zone-scaled.jpg?resize=300%2C113&amp;ssl=1 300w, https:\/\/i0.wp.com\/das.raumtuning.info\/wp-content\/uploads\/2020\/06\/Blutvergleich-Geophatogene-Zone-scaled.jpg?resize=150%2C56&amp;ssl=1 150w, https:\/\/i0.wp.com\/das.raumtuning.info\/wp-content\/uploads\/2020\/06\/Blutvergleich-Geophatogene-Zone-scaled.jpg?resize=768%2C288&amp;ssl=1 768w, https:\/\/i0.wp.com\/das.raumtuning.info\/wp-content\/uploads\/2020\/06\/Blutvergleich-Geophatogene-Zone-scaled.jpg?resize=1536%2C576&amp;ssl=1 1536w, https:\/\/i0.wp.com\/das.raumtuning.info\/wp-content\/uploads\/2020\/06\/Blutvergleich-Geophatogene-Zone-scaled.jpg?resize=2048%2C768&amp;ssl=1 2048w, https:\/\/i0.wp.com\/das.raumtuning.info\/wp-content\/uploads\/2020\/06\/Blutvergleich-Geophatogene-Zone-scaled.jpg?resize=604%2C227&amp;ssl=1 604w, https:\/\/i0.wp.com\/das.raumtuning.info\/wp-content\/uploads\/2020\/06\/Blutvergleich-Geophatogene-Zone-scaled.jpg?w=1280 1280w, https:\/\/i0.wp.com\/das.raumtuning.info\/wp-content\/uploads\/2020\/06\/Blutvergleich-Geophatogene-Zone-scaled.jpg?w=1920 1920w\" sizes=\"(max-width: 640px) 100vw, 640px\" data-recalc-dims=\"1\" \/><\/figure>\n\n\n\n<p><strong>Aufbau<\/strong><\/p>\n\n\n\n<p>Bei den GeoPath Optimizern handelt es sich technisch gesehen,\num einen HF-Filter mit einem Sicherheitswiderstand, der verhindert, dass Sie\nbeim herausziehen des GPO\u00b4s einen Stromschlag erleiden, wenn Sie die\nStromkontakte des GPO\u00b4s ber\u00fchren. <\/p>\n\n\n\n<p>Die Torsionsfelder der geopathogenen Zonen m\u00fcssen extrem\ninformiert werden sonst ist eine negative Auswirkung auf den Organismus nicht\nzu vermeiden. Daher flie\u00dft der Strom nicht nur durch die Bauteile, sondern auch\ndurch informierte Objekte und lasergebohrte Halbedelsteine, um eine maximale\nInformierung des Stromnetzes zu gew\u00e4hrleisten. <\/p>\n\n\n\n<p>Die Bauteile sind extrem st\u00f6rungsarme Bauteile wie Sie sonst\nnur in High End Ger\u00e4ten vorkommen. Die Verdrahtungen sind versilbert und es\nwird informiertes Silberlot verwendet. Die Baugruppen sind verklebt, damit\ndiese so wenig wie m\u00f6glich vibrieren.<\/p>\n\n\n\n<p>Durch die extrem informierten Materialien und den speziell\ngef\u00fchrten Strom im GeoPath Optimizer haben wir das ambitionierte Ziel der\nEntst\u00f6rung selbst von Magnetgitter-Schnittstellen erreichen k\u00f6nnen. <\/p>\n\n\n\n<p>Der durch die Schaltung entstehende Stromverbrauch liegt bei\neinem winzigen Bruchteil eines Watts.<\/p>\n\n\n\n<p><strong>Anwendung<\/strong><\/p>\n\n\n\n<p>Die Anwendung ist denkbar einfach. <\/p>\n\n\n\n<p><strong>Phasenrichtiger Anschluss:<\/strong><\/p>\n\n\n\n<p>Achten Sie darauf, dass der GeoPath Optimizer phasenrichtig\nangeschlossen wird. Dazu zeigt das<strong> <\/strong><strong>V <\/strong>den Kontakt an, der auf Phase gesteckt\nwerden soll. (Siehe Pfeil im Bild links)<\/p>\n\n\n\n<figure class=\"wp-block-image size-large is-style-default\"><img decoding=\"async\" data-attachment-id=\"5160\" data-permalink=\"https:\/\/das.raumtuning.info\/?attachment_id=5160\" data-orig-file=\"https:\/\/das.raumtuning.info\/wp-content\/uploads\/2020\/07\/GOP2-mit-rotem-Pfeil-transparent.tiff\" data-orig-size=\"\" data-comments-opened=\"1\" data-image-meta=\"[]\" data-image-title=\"GOP2-mit-rotem-Pfeil-transparent\" data-image-description=\"\" data-image-caption=\"\" data-medium-file=\"https:\/\/das.raumtuning.info\/wp-content\/uploads\/2020\/07\/GOP2-mit-rotem-Pfeil-transparent.tiff\" data-large-file=\"https:\/\/das.raumtuning.info\/wp-content\/uploads\/2020\/07\/GOP2-mit-rotem-Pfeil-transparent.tiff\" src=\"https:\/\/das.raumtuning.info\/wp-content\/uploads\/2020\/07\/GOP2-mit-rotem-Pfeil-transparent.tiff\" alt=\"\" class=\"wp-image-5160\"\/><\/figure>\n\n\n\n<div class=\"wp-block-image is-style-default\"><figure class=\"aligncenter size-large is-resized\"><img decoding=\"async\" data-attachment-id=\"5161\" data-permalink=\"https:\/\/das.raumtuning.info\/?attachment_id=5161\" data-orig-file=\"https:\/\/i0.wp.com\/das.raumtuning.info\/wp-content\/uploads\/2020\/07\/GOP-3-mit-rotem-Pfeil.jpg?fit=2262%2C2271&amp;ssl=1\" data-orig-size=\"2262,2271\" data-comments-opened=\"1\" data-image-meta=\"{&quot;aperture&quot;:&quot;4.5&quot;,&quot;credit&quot;:&quot;&quot;,&quot;camera&quot;:&quot;DC-GH5&quot;,&quot;caption&quot;:&quot;&quot;,&quot;created_timestamp&quot;:&quot;0&quot;,&quot;copyright&quot;:&quot;&quot;,&quot;focal_length&quot;:&quot;17&quot;,&quot;iso&quot;:&quot;200&quot;,&quot;shutter_speed&quot;:&quot;0.00625&quot;,&quot;title&quot;:&quot;&quot;,&quot;orientation&quot;:&quot;1&quot;}\" data-image-title=\"GOP-3-mit-rotem-Pfeil\" data-image-description=\"\" data-image-caption=\"&lt;p&gt;Der Steckkontakt der auf die Phase gesteckt weden muss ist mit einem V gekennzeichnet.&lt;\/p&gt;\n\" data-medium-file=\"https:\/\/i0.wp.com\/das.raumtuning.info\/wp-content\/uploads\/2020\/07\/GOP-3-mit-rotem-Pfeil.jpg?fit=300%2C300&amp;ssl=1\" data-large-file=\"https:\/\/i0.wp.com\/das.raumtuning.info\/wp-content\/uploads\/2020\/07\/GOP-3-mit-rotem-Pfeil.jpg?fit=640%2C643&amp;ssl=1\" src=\"https:\/\/i0.wp.com\/das.raumtuning.info\/wp-content\/uploads\/2020\/07\/GOP-3-mit-rotem-Pfeil.jpg?fit=640%2C643&amp;ssl=1\" alt=\"\" class=\"wp-image-5161\" width=\"357\" height=\"357\" srcset=\"https:\/\/i0.wp.com\/das.raumtuning.info\/wp-content\/uploads\/2020\/07\/GOP-3-mit-rotem-Pfeil.jpg?w=2262&amp;ssl=1 2262w, https:\/\/i0.wp.com\/das.raumtuning.info\/wp-content\/uploads\/2020\/07\/GOP-3-mit-rotem-Pfeil.jpg?resize=300%2C300&amp;ssl=1 300w, https:\/\/i0.wp.com\/das.raumtuning.info\/wp-content\/uploads\/2020\/07\/GOP-3-mit-rotem-Pfeil.jpg?resize=1020%2C1024&amp;ssl=1 1020w, https:\/\/i0.wp.com\/das.raumtuning.info\/wp-content\/uploads\/2020\/07\/GOP-3-mit-rotem-Pfeil.jpg?resize=150%2C150&amp;ssl=1 150w, https:\/\/i0.wp.com\/das.raumtuning.info\/wp-content\/uploads\/2020\/07\/GOP-3-mit-rotem-Pfeil.jpg?resize=765%2C768&amp;ssl=1 765w, https:\/\/i0.wp.com\/das.raumtuning.info\/wp-content\/uploads\/2020\/07\/GOP-3-mit-rotem-Pfeil.jpg?resize=1530%2C1536&amp;ssl=1 1530w, https:\/\/i0.wp.com\/das.raumtuning.info\/wp-content\/uploads\/2020\/07\/GOP-3-mit-rotem-Pfeil.jpg?resize=2040%2C2048&amp;ssl=1 2040w, https:\/\/i0.wp.com\/das.raumtuning.info\/wp-content\/uploads\/2020\/07\/GOP-3-mit-rotem-Pfeil.jpg?resize=144%2C144&amp;ssl=1 144w, https:\/\/i0.wp.com\/das.raumtuning.info\/wp-content\/uploads\/2020\/07\/GOP-3-mit-rotem-Pfeil.jpg?resize=269%2C270&amp;ssl=1 269w, https:\/\/i0.wp.com\/das.raumtuning.info\/wp-content\/uploads\/2020\/07\/GOP-3-mit-rotem-Pfeil.jpg?w=1280 1280w, https:\/\/i0.wp.com\/das.raumtuning.info\/wp-content\/uploads\/2020\/07\/GOP-3-mit-rotem-Pfeil.jpg?w=1920 1920w\" sizes=\"(max-width: 357px) 100vw, 357px\" \/><figcaption>GPO3 Phase ist links, siehe Pfeil<\/figcaption><\/figure><\/div>\n\n\n\n<p><strong>Anwendung bei einer\ngeopathogenen Zone:<\/strong><\/p>\n\n\n\n<p><strong>Einphasiger Haushalt:<\/strong> Stecken Sie einen GeoPath\nOptimizer phasenrichtig in eine Netzsteckdose, die der geopathogenen Zone, die\nSie bearbeiten wollen am n\u00e4chsten ist. Zur Verst\u00e4rkung der Wirkung k\u00f6nnen Sie\nweitere GeoPath Optimizer einsetzten, diese st\u00f6ren sich nicht gegenseitig.<\/p>\n\n\n\n<p><strong>Dreiphasiger Haushalt:<\/strong> Stecken Sie einen Geopath\nOptimizer phasenrichtig in eine Steckdose, die der geopathogenen Zone am\nn\u00e4chsten ist. Zus\u00e4tzlich stecken Sie je einen GeoPath Optimizer in Steckdosen der\nanderen Phasen ein, welche in den Raum mit der geopathogenen Zone hereinwirken\noder sich in diesem Raum befinden. Um so mehr Stromkreise mit GeoPath die\nWasseradern, oder Magnetgitterlinien ber\u00fchren, desto st\u00e4rker ist der positive\nEffekt auf die kritische Zone wie z.B.: einen Magnetgitter Schnittpunkt.<\/p>\n\n\n\n<p><strong>NF-Entst\u00f6rung bei Ger\u00e4ten mit Netzteilen (insbesondere\nSchaltnetzteilen):<\/strong><\/p>\n\n\n\n<p>Stecken Sie den GeoPath so nah wie m\u00f6glich neben das\nNetzteil (oder Netzkabel) der St\u00f6rquelle in eine Netzsteckdose ein. Aggressive\nNF-Strahlung wie die von Schaltnetzteilen macht der GeoPath deutlich\nvertr\u00e4glicher. Ein Steckplatz in einer Netzsteckerleiste mit vielen\nSteckernetzteilen (insbesondere Schaltnetzteilen) wie im B\u00fcro, sind auch ein\nidealer Platz f\u00fcr einen GeoPath Optimizer. Insbesondere bei Laptops, Druckern\n(WLAN-Druck), WLAN -Routern und -Repeatern sowie DECT-Basisstationen und\nDECT-Repeatern hilft der GeoPath auch die HF-Strahlung, die von den Ger\u00e4ten\nausgeht mit zu Informieren und so angenehmer zu gestalten. <\/p>\n\n\n\n<p> ! Achtung, keinen besch\u00e4digten GeoPath Optimizer verwenden. Ein besch\u00e4digter GeoPath Optimizer kann zu einem Brand oder zu einem elektrischen Schlag f\u00fchren.<\/p>\n\n\n\n<p>Den GeoPath Optimizer nicht in feuchten R\u00e4umen einsetzen. Es darf kein Wasser in den GeoPath Optimizer kommen. Ein feuchter Geopath Optimizer kann zu einem Brand oder zu einem elektrischen Schlag f\u00fchren. Daher sollte er auch nicht im Freien eingesetzt werden.<\/p>\n\n\n\n<div class=\"wp-block-file\"><a href=\"https:\/\/das.raumtuning.info\/?attachment_id=5158\" target=\"_blank\" rel=\"noreferrer noopener\">Anleitung-geopath-optimizer<\/a><a href=\"https:\/\/das.raumtuning.info\/wp-content\/uploads\/2020\/07\/Anleitung-geopath-optimizer.pdf\" class=\"wp-block-file__button\" download>Herunterladen<\/a><\/div>\n","protected":false},"excerpt":{"rendered":"<p>Gebrauchsanleitung GeoPath 2 Optimizer und GeoPath 3 Optimizer Herzlichen Gl\u00fcckwunsch zum Erwerb des GeoPath Optimizer. Lesen Sie Gebrauchsanleitung bevor Sie den GeoPath Optimizer einsetzten. Der GeoPath Optimizer ist ein extrem leistungsf\u00e4higes Entst\u00f6rmittel f\u00fcr den Einsatz auf Stromleitungen. Der GeoPath ist entwickelt worden, um den extrem negativen Einfluss von Geopathogenen Zonen auf den menschlichen Organismus abzuschw\u00e4chen. So verkleben selbst bei gesundem Blut (richtige Ern\u00e4hrung, usw.) die roten Blutk\u00f6rperchen, wenn man sich auch nur 10 Minuten in einer geopathogenen Zone aufh\u00e4lt (siehe&#8230;<\/p>\n<p class=\"read-more\"><a class=\"btn btn-default\" href=\"https:\/\/das.raumtuning.info\/?page_id=4837\">Weiterlesen<span class=\"screen-reader-text\"> Weiterlesen<\/span><\/a><\/p>\n","protected":false},"author":1,"featured_media":5117,"parent":0,"menu_order":0,"comment_status":"closed","ping_status":"closed","template":"","meta":{"jetpack_post_was_ever_published":false,"footnotes":""},"class_list":["post-4837","page","type-page","status-publish","has-post-thumbnail","hentry"],"aioseo_notices":[],"jetpack_sharing_enabled":true,"jetpack_shortlink":"https:\/\/wp.me\/P4hjs0-1g1","jetpack-related-posts":[{"id":4832,"url":"https:\/\/das.raumtuning.info\/?page_id=4832","url_meta":{"origin":4837,"position":0},"title":"Bedienungsanleitung Vortex HiFi Hochfrequenz Optimizer (HFO)","date":"18. M\u00e4rz 2020","format":false,"excerpt":"Vortex HiFi Hochfrequenz Optimiser Set Sigma (HFO-Sigma Set) Bedienungsanleitung Hochfrequenz Optimizer (HFO) Set Vielen Dank f\u00fcr den Kauf des HFO -Sets. Die Bedienungsanleitung gilt f\u00fcr den HFO -Sigma, HFO-Diamant+ und dem HFO-PI+. Sie haben eines der innovativsten Produkte im Bereich Wellness und HiFi erworben. Ziel: Ziel der HFO- Sets ist\u2026","rel":"","context":"Similar post","img":{"alt_text":"","src":"https:\/\/i0.wp.com\/das.raumtuning.info\/wp-content\/uploads\/2020\/03\/vortex-hifi-hfo-sigma-optimizer-set-varbild-29223.jpg?resize=350%2C200&ssl=1","width":350,"height":200},"classes":[]},{"id":4480,"url":"https:\/\/das.raumtuning.info\/?page_id=4480","url_meta":{"origin":4837,"position":1},"title":"Produktvideos \/ Anleitungen","date":"6. M\u00e4rz 2019","format":false,"excerpt":"Infovideos zum Thema Blut und Oszillation Alignement Eines der zentralen Probleme - wenn nicht das zentrale Problem \u2013 in Verbindung mit elektromagnetischen Wellen und Feldern, welche auf den Menschen wirken, ist das diese die roten Blutk\u00f6rper verkleben und so das Blut dickfl\u00fcssigen machen. Dies hat nicht nur f\u00fcr das H\u00f6ren\u2026","rel":"","context":"Similar post","img":{"alt_text":"","src":"https:\/\/i0.wp.com\/das.raumtuning.info\/wp-content\/uploads\/2020\/04\/Bildschirmfoto-2020-04-29-um-10.52.13.png?fit=1200%2C672&ssl=1&resize=350%2C200","width":350,"height":200},"classes":[]},{"id":5169,"url":"https:\/\/das.raumtuning.info\/?page_id=5169","url_meta":{"origin":4837,"position":2},"title":"Anleitung: Power Optimizer","date":"4. August 2020","format":false,"excerpt":"https:\/\/youtu.be\/9Inn1j0vB88 https:\/\/youtu.be\/jt784I-4Pys","rel":"","context":"Similar post","img":{"alt_text":"","src":"https:\/\/i0.wp.com\/das.raumtuning.info\/wp-content\/uploads\/2018\/01\/PO-2_3-5.jpg?fit=1200%2C675&ssl=1&resize=350%2C200","width":350,"height":200},"classes":[]},{"id":2335,"url":"https:\/\/das.raumtuning.info\/?page_id=2335","url_meta":{"origin":4837,"position":3},"title":"Bedienungsanleitung Ground Optimizer GO 1 und GO2 Ultra sowie GO3 Ultra","date":"11. Februar 2016","format":false,"excerpt":"Herzlichen Gl\u00fcckwunsch zum Erwerb Ihres Vortex HiFi Ground Optimizer! Sie haben eines der innovativsten HiFi-Produkte \u00fcberhaupt erworben. Der Ground Optimizer vereinigt baubiologisches Know How; High-Tech Abschirm-Technik mit den neuesten Erkenntnissen der Beeinflussung der Musikempfindung und des menschlichen Nervensystems durch Elektrosmog. Der Ground Optimizer ist unser 1. Produkt, welches die Ursache\u2026","rel":"","context":"Similar post","img":{"alt_text":"","src":"https:\/\/i0.wp.com\/das.raumtuning.info\/wp-content\/uploads\/2015\/12\/Vortex-HiFi-Ground-Optimizer.jpeg?fit=1200%2C675&ssl=1&resize=350%2C200","width":350,"height":200},"classes":[]},{"id":4826,"url":"https:\/\/das.raumtuning.info\/?page_id=4826","url_meta":{"origin":4837,"position":4},"title":"Vortex HiFi Surface Optimizer 50 ml","date":"18. M\u00e4rz 2020","format":false,"excerpt":"Antistatikmittel mit Bienenwachs Schonende, saubere Pflege und Antistatik Behandlung f\u00fcr Ihre Lautsprecher, CD\u00b4s, Kabel und alle HiFi-Komponenten sowie Zubeh\u00f6rprodukte aus Kunststoff.f\u00fcr viele Oberfl\u00e4chen wie Holz, Metall, Stein, glattes Leder sowie Kunststoff geeignet.Ganz ohne L\u00f6sungsmittelkeine Silikonesch\u00fctzt vor Wiederanschmutzung und statischer Aufladung Vortex HiFi Surface Optimizer nutzt alle nat\u00fcrlichen Wirkungsstoffe von Bienenwachs\u2026","rel":"","context":"Similar post","img":{"alt_text":"","src":"https:\/\/i0.wp.com\/das.raumtuning.info\/wp-content\/uploads\/2020\/03\/vortex-hifi-surface-optimizer-statische-aufladung-nachhaltig-mindern-varbild-29314.jpeg?fit=1200%2C1200&ssl=1&resize=350%2C200","width":350,"height":200},"classes":[]},{"id":4823,"url":"https:\/\/das.raumtuning.info\/?page_id=4823","url_meta":{"origin":4837,"position":5},"title":"Bedienungsanleitung     Water Optimizer Stick 1\/2","date":"18. M\u00e4rz 2020","format":false,"excerpt":"Vielen Dank f\u00fcr den Kauf des Water Optimizer Sticks. Sie haben eines der innovativsten Produkte im Bereich Wellness und Wasseroptimierung erworben. Ziel: Ziel der Anwendung des Water Optimizer Sticks ist es, das Wasser zellg\u00e4ngiger zu machen und so f\u00fcr den K\u00f6rper verf\u00fcgbarer zu sein. Au\u00dferdem strukturiert der Stick das Wasser\u2026","rel":"","context":"Similar post","img":{"alt_text":"","src":"https:\/\/i0.wp.com\/das.raumtuning.info\/wp-content\/uploads\/2020\/03\/Vortex-HiFi-Water-Optimizer-Stick-1-Test-bei-Daluso-Niederlande.jpeg?fit=1200%2C675&ssl=1&resize=350%2C200","width":350,"height":200},"classes":[]}],"_links":{"self":[{"href":"https:\/\/das.raumtuning.info\/index.php?rest_route=\/wp\/v2\/pages\/4837","targetHints":{"allow":["GET"]}}],"collection":[{"href":"https:\/\/das.raumtuning.info\/index.php?rest_route=\/wp\/v2\/pages"}],"about":[{"href":"https:\/\/das.raumtuning.info\/index.php?rest_route=\/wp\/v2\/types\/page"}],"author":[{"embeddable":true,"href":"https:\/\/das.raumtuning.info\/index.php?rest_route=\/wp\/v2\/users\/1"}],"replies":[{"embeddable":true,"href":"https:\/\/das.raumtuning.info\/index.php?rest_route=%2Fwp%2Fv2%2Fcomments&post=4837"}],"version-history":[{"count":3,"href":"https:\/\/das.raumtuning.info\/index.php?rest_route=\/wp\/v2\/pages\/4837\/revisions"}],"predecessor-version":[{"id":5163,"href":"https:\/\/das.raumtuning.info\/index.php?rest_route=\/wp\/v2\/pages\/4837\/revisions\/5163"}],"wp:featuredmedia":[{"embeddable":true,"href":"https:\/\/das.raumtuning.info\/index.php?rest_route=\/wp\/v2\/media\/5117"}],"wp:attachment":[{"href":"https:\/\/das.raumtuning.info\/index.php?rest_route=%2Fwp%2Fv2%2Fmedia&parent=4837"}],"curies":[{"name":"wp","href":"https:\/\/api.w.org\/{rel}","templated":true}]}}