{"id":5102,"date":"2020-05-19T19:52:19","date_gmt":"2020-05-19T17:52:19","guid":{"rendered":"http:\/\/das.raumtuning.info\/?page_id=5102"},"modified":"2020-08-05T17:39:44","modified_gmt":"2020-08-05T15:39:44","slug":"problemloesungsmatrix","status":"publish","type":"page","link":"https:\/\/das.raumtuning.info\/?page_id=5102","title":{"rendered":"Probleml\u00f6sungsmatrix"},"content":{"rendered":"\n<h3 class=\"wp-block-heading\">Einfache Probleml\u00f6sungsmatrix, ohne Bewertung<\/h3>\n\n\n\n<p>Die einfache Probleml\u00f6sungsmatrix zeigt\nvertikal (linke Spalten) die Probleme, auf die wir l\u00f6sen k\u00f6nnen. Den jeweiligen\nBereichen wie HF-Strahlung, NF-Strahlung, Elektrostatik oder geopathogene Zonen\nist je ein Video (Einf\u00fchrung in energetisches HiFi Zubeh\u00f6r) verlinkt, in dem\nNorbert Maurer und Ed Doggen das Problem und die L\u00f6sungen darstellen.<\/p>\n\n\n\n<p>Horizontal wird dann das Produkt durch ein X angezeigt, welches auf das Problem positiv einwirkt. Unter den Produktbezeichnungen in der 1. Zeile befinden sich Produktvideos, Links zu den Anleitungen und Links zu den Testberichten.<\/p>\n\n\n\n<p>Ob aber nun eine Fu\u00dfbodenheizung, Ihr Stromnetz oder Ihr DECT-Telefon das gr\u00f6\u00dfte Problem ist, sollte aber immer mit einem erfahrenen H\u00e4ndler besprochen werden. Diese Matrix ersetzt keine Beratung durch den H\u00e4ndler.<\/p>\n\n\n<div class=\"su-document su-u-responsive-media-no\"><iframe src=\"\/\/docs.google.com\/viewer?embedded=true&url=http:\/\/das.raumtuning.info\/wp-content\/uploads\/2020\/08\/Problemlo\u0308sungsmatrix-10p-1.xlsx\" width=\"520\" height=\"760\" class=\"su-document\" title=\"\"><\/iframe><\/div>\n\n\n\n<h3 class=\"wp-block-heading\">Bewertete Probleml\u00f6sungsmatrix, mit ABC-Bewertung<\/h3>\n\n\n\n<p>Die bewertete Probleml\u00f6sungsmatrix zeigt\nvertikal (linke Spalten) die Probleme, auf die wir l\u00f6sen k\u00f6nnen. Den jeweiligen\nBereichen wie HF-Strahlung, NF-Strahlung, Elektrostatik oder geopathogene Zonen\nist je ein Video (Einf\u00fchrung in energetisches HiFi Zubeh\u00f6r) verlinkt, in dem\nNorbert Maurer und Ed Doggen das Problem und die L\u00f6sungen darstellen.<\/p>\n\n\n\n<p>Horizontal wird dann das Produkt durch\nBuchstaben A, B oder C angezeigt, welches auf das Problem positiv einwirkt. A\nbedeutet dabei, dass dieses Produkt laut Erfahrungen den st\u00e4rksten Einfluss auf\ndas Problem hat. B bedeutet, das ein geringerer Effekt wie A zu erwarten ist\nund bei C, dass ein geringerer Effekt als bei B zu erwarten ist. Unter den\nProduktbezeichnungen in der 1. Zeile befinden sich Produktvideos, Links zu den\nAnleitungen und Links zu den Testberichten.<\/p>\n\n\n\n<p>Ob aber nun eine Fu\u00dfbodenheizung,\nIhr Stromnetz oder Ihr DECT-Telefon das gr\u00f6\u00dfte Problem ist, sollte aber immer\nmit einem erfahrenen H\u00e4ndler besprochen werden. Diese Matrix ersetzt keine\nBeratung durch den H\u00e4ndler.<\/p>\n\n\n<div class=\"su-document su-u-responsive-media-no\"><iframe src=\"\/\/docs.google.com\/viewer?embedded=true&url=http:\/\/das.raumtuning.info\/wp-content\/uploads\/2020\/08\/Problemlo\u0308sungsmatrix-10p-ABC.xlsx\" width=\"520\" height=\"760\" class=\"su-document\" title=\"\"><\/iframe><\/div>\n","protected":false},"excerpt":{"rendered":"<p>Einfache Probleml\u00f6sungsmatrix, ohne Bewertung Die einfache Probleml\u00f6sungsmatrix zeigt vertikal (linke Spalten) die Probleme, auf die wir l\u00f6sen k\u00f6nnen. Den jeweiligen Bereichen wie HF-Strahlung, NF-Strahlung, Elektrostatik oder geopathogene Zonen ist je ein Video (Einf\u00fchrung in energetisches HiFi Zubeh\u00f6r) verlinkt, in dem Norbert Maurer und Ed Doggen das Problem und die L\u00f6sungen darstellen. Horizontal wird dann das Produkt durch ein X angezeigt, welches auf das Problem positiv einwirkt. Unter den Produktbezeichnungen in der 1. Zeile befinden sich Produktvideos, Links zu den Anleitungen&#8230;<\/p>\n<p class=\"read-more\"><a class=\"btn btn-default\" href=\"https:\/\/das.raumtuning.info\/?page_id=5102\">Weiterlesen<span class=\"screen-reader-text\"> Weiterlesen<\/span><\/a><\/p>\n","protected":false},"author":1,"featured_media":0,"parent":0,"menu_order":0,"comment_status":"closed","ping_status":"closed","template":"","meta":{"jetpack_post_was_ever_published":false,"footnotes":""},"class_list":["post-5102","page","type-page","status-publish","hentry"],"aioseo_notices":[],"jetpack_sharing_enabled":true,"jetpack_shortlink":"https:\/\/wp.me\/P4hjs0-1ki","jetpack-related-posts":[{"id":4480,"url":"https:\/\/das.raumtuning.info\/?page_id=4480","url_meta":{"origin":5102,"position":0},"title":"Produktvideos \/ Anleitungen","date":"6. M\u00e4rz 2019","format":false,"excerpt":"Infovideos zum Thema Blut und Oszillation Alignement Eines der zentralen Probleme - wenn nicht das zentrale Problem \u2013 in Verbindung mit elektromagnetischen Wellen und Feldern, welche auf den Menschen wirken, ist das diese die roten Blutk\u00f6rper verkleben und so das Blut dickfl\u00fcssigen machen. Dies hat nicht nur f\u00fcr das H\u00f6ren\u2026","rel":"","context":"Similar post","img":{"alt_text":"","src":"https:\/\/i0.wp.com\/das.raumtuning.info\/wp-content\/uploads\/2020\/04\/Bildschirmfoto-2020-04-29-um-10.52.13.png?fit=1200%2C672&ssl=1&resize=350%2C200","width":350,"height":200},"classes":[]},{"id":239,"url":"https:\/\/das.raumtuning.info\/?page_id=239","url_meta":{"origin":5102,"position":1},"title":"Elektrosmog und H\u00f6ren","date":"29. Januar 2014","format":false,"excerpt":"In der Diskussion \u00fcber Beeinflussungen durch Elektrosmog ist zwischen wissenschaftlichen Erkenntnissen und Empirie zu unterscheiden. Wissenschaftliche Erkenntnisse Es ist schon erstaunlich, dass hierzulande Tausende Mediziner Appelle gegen gepulste Mikrowellenstrahlung unterschreiben, weil ihre Patienten darunter gesundheitlich leiden.\u00a0 Allein der Freiburger- Appell von \u00c4rzten wurde von ca. 40.000 Personen unterschrieben. Leider f\u00e4llt\u2026","rel":"","context":"Similar post","img":{"alt_text":"Quelle: Vortex HiFi","src":"https:\/\/i0.wp.com\/das.raumtuning.info\/wp-content\/uploads\/2014\/02\/Klavier_Hammer_web.jpg?fit=1080%2C550&ssl=1&resize=350%2C200","width":350,"height":200},"classes":[]},{"id":4819,"url":"https:\/\/das.raumtuning.info\/?page_id=4819","url_meta":{"origin":5102,"position":2},"title":"Bedienungsanleitung Oszillation Alignement Card","date":"18. M\u00e4rz 2020","format":false,"excerpt":"Vielen Dank fu\u0308r den Kauf der Oszillation Alignement Card. Sie haben eines der innovativsten Produkte im Bereich Wellness und HiFi erworben. Ziel: Ziel der Oszillation Alignement Card ist es die au\u00dferordentlich negativen Wirkungen von elektromagnetischen Wellen auf den menschlichen Organismus und hier insbesondere der internen Kommunikation zu beseitigen. Kinesiologische Tests\u2026","rel":"","context":"Similar post","img":{"alt_text":"","src":"https:\/\/i0.wp.com\/das.raumtuning.info\/wp-content\/uploads\/2020\/02\/testbericht-vortex-hifi-oscillation-alignment-card-varbild-29243.jpg?fit=1200%2C1200&ssl=1&resize=350%2C200","width":350,"height":200},"classes":[]},{"id":4837,"url":"https:\/\/das.raumtuning.info\/?page_id=4837","url_meta":{"origin":5102,"position":3},"title":"Bedienungsanleitung Vortex HiFi Geo Path Optimizer (GPO)","date":"20. M\u00e4rz 2020","format":false,"excerpt":"https:\/\/youtu.be\/nZayZCzOfwM https:\/\/youtu.be\/swypL_V4HeE https:\/\/youtu.be\/S1rUYQ3MtFY Gebrauchsanleitung GeoPath 2 Optimizer und GeoPath 3 Optimizer Herzlichen Gl\u00fcckwunsch zum Erwerb des GeoPath Optimizer. Lesen Sie Gebrauchsanleitung bevor Sie den GeoPath Optimizer einsetzten. Der GeoPath Optimizer ist ein extrem leistungsf\u00e4higes Entst\u00f6rmittel f\u00fcr den Einsatz auf Stromleitungen. Der GeoPath ist entwickelt worden, um den extrem negativen Einfluss\u2026","rel":"","context":"Similar post","img":{"alt_text":"","src":"https:\/\/i0.wp.com\/das.raumtuning.info\/wp-content\/uploads\/2020\/06\/Blutvergleich-Geophatogene-Zone-scaled.jpg?fit=1200%2C450&ssl=1&resize=350%2C200","width":350,"height":200},"classes":[]},{"id":295,"url":"https:\/\/das.raumtuning.info\/?page_id=295","url_meta":{"origin":5102,"position":4},"title":"Raumtuning","date":"30. Januar 2014","format":false,"excerpt":"Wie wird Ihr Wohnzimmer zum Konzertsaal? Das ist ganz einfach! Sie schalten Ihre HiFi-Anlage an, setzen sich gem\u00fctlich in Ihren Lieblingssessel und schlie\u00dfen Ihre Augen. Schon sind Sie in einer Kirche, einem Jazz-Club oder in einem Konzetsaal. Das einzige, was Sie brauchen, ist Entspannung - denn dann machen Sie Ihr\u2026","rel":"","context":"Similar post","img":{"alt_text":"Quelle: Vortex HiFi","src":"https:\/\/i0.wp.com\/das.raumtuning.info\/wp-content\/uploads\/2014\/02\/Konzertsaal.jpg?fit=1080%2C578&ssl=1&resize=350%2C200","width":350,"height":200},"classes":[]},{"id":243,"url":"https:\/\/das.raumtuning.info\/?page_id=243","url_meta":{"origin":5102,"position":5},"title":"Nano Shield","date":"29. Januar 2014","format":false,"excerpt":"9 - fach anders - VORTEX HIFI Nano Shield Die Vorteile unserer Nano Shield - Technologie Nanopartikel - Beschichtung f\u00fcr einzigartige Schirmeigenschaften Patentiertes Vakuumverfahren zur \"Verschmelzung\" der Nanopartikel mit dem Gewebe Schirmwirkung bis zu sagenhaften 40 GHz Schirm mit Absorbereigenschaften Potentialwirbelarm durch A.I.O. - Informierung quellenfreien Schirmung massefreie Schirmung Nanopartikel\u2026","rel":"","context":"With 2 comments","img":{"alt_text":"","src":"https:\/\/i0.wp.com\/das.raumtuning.info\/wp-content\/uploads\/2014\/01\/Nano-Shield-doppel1.jpg?fit=1080%2C503&ssl=1&resize=350%2C200","width":350,"height":200},"classes":[]}],"_links":{"self":[{"href":"https:\/\/das.raumtuning.info\/index.php?rest_route=\/wp\/v2\/pages\/5102","targetHints":{"allow":["GET"]}}],"collection":[{"href":"https:\/\/das.raumtuning.info\/index.php?rest_route=\/wp\/v2\/pages"}],"about":[{"href":"https:\/\/das.raumtuning.info\/index.php?rest_route=\/wp\/v2\/types\/page"}],"author":[{"embeddable":true,"href":"https:\/\/das.raumtuning.info\/index.php?rest_route=\/wp\/v2\/users\/1"}],"replies":[{"embeddable":true,"href":"https:\/\/das.raumtuning.info\/index.php?rest_route=%2Fwp%2Fv2%2Fcomments&post=5102"}],"version-history":[{"count":3,"href":"https:\/\/das.raumtuning.info\/index.php?rest_route=\/wp\/v2\/pages\/5102\/revisions"}],"predecessor-version":[{"id":5193,"href":"https:\/\/das.raumtuning.info\/index.php?rest_route=\/wp\/v2\/pages\/5102\/revisions\/5193"}],"wp:attachment":[{"href":"https:\/\/das.raumtuning.info\/index.php?rest_route=%2Fwp%2Fv2%2Fmedia&parent=5102"}],"curies":[{"name":"wp","href":"https:\/\/api.w.org\/{rel}","templated":true}]}}