{"id":5207,"date":"2020-09-08T17:49:49","date_gmt":"2020-09-08T15:49:49","guid":{"rendered":"http:\/\/das.raumtuning.info\/?page_id=5207"},"modified":"2025-01-27T12:21:21","modified_gmt":"2025-01-27T11:21:21","slug":"vertrieb-deutschland","status":"publish","type":"page","link":"https:\/\/das.raumtuning.info\/?page_id=5207","title":{"rendered":"Vertrieb Deutschland"},"content":{"rendered":"\r\n<h1>Vertrieb Deutschland<\/h1>\r\n<p><strong>Bellevueaudio<\/strong><\/p>\r\n<p>Andreas Sehlhorst<br \/>Von Hofmann Stra\u00dfe 2<br \/>44579 Castrop-Rauxel<\/p>\r\n<p>kontakt@bellevueaudio.de<a href=\"mailto:kontakt@bellevueaudio.de\"><br \/><\/a>Website: <a href=\"https:\/\/www.bellevueaudio.de\">https:\/\/www.bellevueaudio.de<\/a><br \/><strong>Fon: +49 177 78 47 433<\/strong><\/p>\r\n\r\n\r\n<hr class=\"wp-block-separator\" \/>\r\n\r\n\r\n<h1 class=\"wp-block-heading\">H\u00e4ndler in Ihrer N\u00e4he<\/h1>\r\n\r\n\r\n\r\n<p><strong>Hifi Zubeh\u00f6r<\/strong><br \/>Marienthaler Str. 143<br \/>08060 Zwickau<br \/>0375 \/ 5674895<br \/>shop@hifi-zubehoer.com<br \/><a href=\"http:\/\/www.hifi-zubehoer.info\" target=\"_blank\" rel=\"noreferrer noopener\">www.hifi-zubehoer.info<\/a><\/p>\r\n\r\n\r\n\r\n<p><strong>Klangatelier Berlin<\/strong><\/p>\r\n<p><strong>Tonstudio Tempelhof GmbH<br \/><\/strong>Claszeile 41<br \/>14165 Berlin<br \/>030 \/ 7521384<br \/>mail@klangatelier-berlin.de<br \/><a href=\"http:\/\/www.klangatelier-berlin.de\">www.klangatelier-berlin.de<\/a><\/p>\r\n\r\n\r\n\r\n<p><strong>SOUND &amp; VISION<\/strong><br \/>Eppendorfer Landstra\u00dfe 112<br \/>20249 Hamburg<br \/>040 \/ 4801660<br \/><a href=\"mailto:cmeyer@soundvisionfidelity.de\">cmeyer@soundvisionfidelity.de<\/a><br \/><a href=\"http:\/\/www.soundvisionfidelity.de\">www.soundvisionfidelity.de<\/a><\/p>\r\n\r\n\r\n\r\n<p><strong>Alex Giese GmbH<\/strong><br \/>Theaterstra\u00dfe 14<br \/>30159 Hannover<br \/>0511-35399737<br \/>info@alexgiese.de<\/p>\r\n\r\n\r\n\r\n<p><strong>On\/Off Hifi<\/strong><br \/>Brodenbacher Stra\u00dfe 16<br \/>56154 Boppard<br \/>06742 \/ 804510<br \/>h.insten@on-off-hifi.de<br \/><a href=\"http:\/\/www.on-off-hifi.de\" target=\"_blank\" rel=\"noreferrer noopener\">www.on-off-hifi.de<\/a><\/p>\r\n\r\n\r\n\r\n<p><strong>Das andere Hi-Fi Studio<\/strong><br \/>Robert-Bosch-Stra\u00dfe 66<br \/>61184 Karben<br \/>06039 \/ 46528,\u00a0 Mobil 0173 \u2013 5918606<br \/>info@dasanderehifistudio.de<br \/><a href=\"http:\/\/www.dasanderehifistudio.de\/\">www.dasanderehifistudio.de<\/a><\/p>\r\n\r\n\r\n\r\n<p><strong>Fastaudio HiFi \u2013 Studios<\/strong><br \/>Br\u00e4hlesgasse 21<br \/>70372 Stuttgart<br \/>0711 \/ 480 88 88<br \/>info@fastaudio.com<br \/><a href=\"http:\/\/www.fastaudio.com\/showroom\">www.fastaudio.com\/showroom<\/a><\/p>\r\n\r\n\r\n\r\n\r\n\r\n<p><strong>H\u00f6rbar<\/strong><br \/>Tzschimmerstra\u00dfe 38<br \/>01309 Dresden<br \/>0351 \/ 4109602<br \/>info@hoerbar.de<br \/><a href=\"https:\/\/www.hoerbar.de\">https:\/\/www.hoerbar.de<\/a><\/p>\r\n\r\n\r\n\r\n<p><strong>Hifi Studio G\u00e4rtner<\/strong><br \/>Ehlenbrucher Stra\u00dfe 6<br \/>32761 Lage<br \/>05232 \/ 97888<br \/>info@hifi-studio-gaertner.de<br \/><a href=\"http:\/\/www.hifi-studio-gaertner.de\" target=\"_blank\" rel=\"noreferrer noopener\">www.hifi-studio-gaertner.de<\/a><\/p>\r\n\r\n\r\n\r\n\r\n\r\n<p><strong>Lighthouse-Audio<\/strong><br \/>Waldstra\u00dfe 2<br \/>34286 Spangenberg<br \/>05663 \/ 939785<br \/><a href=\"mailto:lighthouse-audio@email.de\" target=\"_blank\" rel=\"noreferrer noopener\">lighthouse-audio@email.de<\/a><\/p>\r\n\r\n\r\n\r\n<p><strong>HiFi G\u00e4rber<\/strong><br \/>Abtstor 7-9<br \/>37037 Fulda<br \/>0661 \/ 72422<br \/>info@hifi-gaerber.de<br \/><a href=\"https:\/\/www.hifi-gaerber.de\">https:\/\/www.hifi-gaerber.de<\/a><\/p>\r\n\r\n\r\n\r\n<p><strong>Knopf HiFi<\/strong><br \/>Aachener Stra\u00dfe 5+6<br \/>40223 D\u00fcsseldorf<br \/>0211 \/ 331776<br \/>info@knopfhifi.de<br \/><a href=\"https:\/\/www.knopfhifi.de\">https:\/\/www.knopfhifi.de<\/a><\/p>\r\n\r\n\r\n\r\n<p><strong>Norbert\u00b4s Hifi St\u00fcbchen<\/strong><br \/>Groner Landstra\u00dfe 27<br \/>37081 G\u00f6ttingen<br \/>0551 \/ 42477<br \/>mail@hifi-stuebchen.de<br \/><a href=\"http:\/\/www.hifi-stuebchen.de\" target=\"_blank\" rel=\"noreferrer noopener\">www.hifi-stuebchen.de<\/a><\/p>\r\n\r\n\r\n\r\n<p><strong>HiFi im Hinterhof<\/strong><br \/>Geleitstra\u00dfe 50<br \/>63067 Offenbach<br \/>069 \/ 888609<br \/>hifi-im-hinterhof@t-online.de<br \/><a href=\"https:\/\/www.hifi-in-offenbach.de\">https:\/\/www.hifi-in-offenbach.de<\/a><\/p>\r\n\r\n\r\n\r\n<p><strong>HiFi Belzer<\/strong><br \/>Handwerkerstra\u00dfe 2<br \/>66740 Saarlouis<br \/>06831 \/ 122280<br \/>info@hifibelzer.de<br \/><a href=\"http:\/\/www.hifibelzer.de\">www.hifibelzer.de<\/a><\/p>\r\n\r\n\r\n\r\n\r\n\r\n<p><strong>Klang Art<\/strong><br \/>Preysingstra\u00dfe 37<br \/>94447 Plattling<br \/>09931 \/ 3087<br \/>klangart.deg@t-online.de<\/p>\r\n","protected":false},"excerpt":{"rendered":"<p>Vertrieb Deutschland Bellevueaudio Andreas SehlhorstVon Hofmann Stra\u00dfe 244579 Castrop-Rauxel kontakt@bellevueaudio.deWebsite: https:\/\/www.bellevueaudio.deFon: +49 177 78 47 433 H\u00e4ndler in Ihrer N\u00e4he Hifi Zubeh\u00f6rMarienthaler Str. 14308060 Zwickau0375 \/ 5674895shop@hifi-zubehoer.comwww.hifi-zubehoer.info Klangatelier Berlin Tonstudio Tempelhof GmbHClaszeile 4114165 Berlin030 \/ 7521384mail@klangatelier-berlin.dewww.klangatelier-berlin.de SOUND &amp; VISIONEppendorfer Landstra\u00dfe 11220249 Hamburg040 \/ 4801660cmeyer@soundvisionfidelity.dewww.soundvisionfidelity.de Alex Giese GmbHTheaterstra\u00dfe 1430159 Hannover0511-35399737info@alexgiese.de On\/Off HifiBrodenbacher Stra\u00dfe 1656154 Boppard06742 \/ 804510h.insten@on-off-hifi.dewww.on-off-hifi.de Das andere Hi-Fi StudioRobert-Bosch-Stra\u00dfe 6661184 Karben06039 \/ 46528,\u00a0 Mobil 0173 \u2013 5918606info@dasanderehifistudio.dewww.dasanderehifistudio.de Fastaudio HiFi \u2013 StudiosBr\u00e4hlesgasse 2170372 Stuttgart0711 \/ 480 88 88info@fastaudio.comwww.fastaudio.com\/showroom H\u00f6rbarTzschimmerstra\u00dfe 3801309&#8230;<\/p>\n<p class=\"read-more\"><a class=\"btn btn-default\" href=\"https:\/\/das.raumtuning.info\/?page_id=5207\">Weiterlesen<span class=\"screen-reader-text\"> Weiterlesen<\/span><\/a><\/p>\n","protected":false},"author":1,"featured_media":0,"parent":0,"menu_order":0,"comment_status":"closed","ping_status":"closed","template":"","meta":{"jetpack_post_was_ever_published":false,"footnotes":""},"class_list":["post-5207","page","type-page","status-publish","hentry"],"aioseo_notices":[],"jetpack_sharing_enabled":true,"jetpack_shortlink":"https:\/\/wp.me\/P4hjs0-1lZ","jetpack-related-posts":[{"id":1831,"url":"https:\/\/das.raumtuning.info\/?page_id=1831","url_meta":{"origin":5207,"position":0},"title":"H\u00e4ndler","date":"20. Februar 2015","format":false,"excerpt":"Vortex HiFi H\u00e4ndler in Ihrer N\u00e4he Warum gibt es das Vortex HiFi System nicht \u00fcberall zu kaufen? Damit Sie den maximalen Nutzen aus den Vortex HiFi Produkten ziehen k\u00f6nnen ist eine fundierte Beratung durch speziell geschultes Fachpersonal notwendig. Dieses notwendige Fachwissen hat mit klassischem HiFi \u2013 Wissen nichts zu tun.\u2026","rel":"","context":"Similar post","img":{"alt_text":"Quelle: Vortex HiFi","src":"https:\/\/i0.wp.com\/das.raumtuning.info\/wp-content\/uploads\/2014\/02\/Klarinette_web.jpg?fit=1080%2C580&ssl=1&resize=350%2C200","width":350,"height":200},"classes":[]},{"id":445,"url":"https:\/\/das.raumtuning.info\/?page_id=445","url_meta":{"origin":5207,"position":1},"title":"Vertrieb","date":"5. Februar 2014","format":false,"excerpt":"Vertrieb Deutschland Bellevueaudio Andreas SehlhorstVon Hofmann Stra\u00dfe 244579 Castrop-Rauxel kontakt@bellevueaudio.deWebsite: https:\/\/www.bellevueaudio.deFon: +49 177 78 47 433 H\u00e4ndler Deutschland Vertrieb \u00d6sterreich Musik&Akustik Norbert MaurerWahlscheider Stra\u00dfe 14D-53907 LohmarTel: + 49 226 9074 361info@musikundakustik.dehttp:\/\/www.vortexhifi.com H\u00e4ndler \u00d6sterreich Vertrieb Niederlande \/ Belgien \/ Luxenburg Musik&Akustik Norbert MaurerWahlscheider Stra\u00dfe 14D-53907 LohmarTel: + 49 226 9074 361info@musikundakustik.dehttp:\/\/www.vortexhifi.com\u2026","rel":"","context":"Similar post","img":{"alt_text":"Quelle: Vortex HiFi","src":"https:\/\/i0.wp.com\/das.raumtuning.info\/wp-content\/uploads\/2014\/02\/Trompete_web.jpg?fit=1080%2C533&ssl=1&resize=350%2C200","width":350,"height":200},"classes":[]},{"id":6819,"url":"https:\/\/das.raumtuning.info\/?page_id=6819","url_meta":{"origin":5207,"position":2},"title":"Interviev mit Siegfried Nehls in HFi-Today","date":"30. M\u00e4rz 2023","format":false,"excerpt":"Interview mit Sigfried Nehls vom Klangatelier Berlin HiFi-Today 12\/2022 Autor: Frank Wacker Ein Interview mit dem auf Hifi-Zubeho\u0308r spezialisierten Fachha\u0308ndler Klangatelier Berlin. Es gibt wohl kaum einen Hifi-Laden in Deutschland, der ein so gro\u00dfes Sortiment an Zubeho\u0308rprodukten anbietet und auf einen fast 50-ja\u0308hrigen Erfahrungsschatz zuru\u0308ckgreifen kann wie der Inhaber Siegfried\u2026","rel":"","context":"Similar post","img":{"alt_text":"","src":"https:\/\/i0.wp.com\/das.raumtuning.info\/wp-content\/uploads\/2023\/03\/Siegfried-Nehls-e1680023525407.jpg?fit=1200%2C437&ssl=1&resize=350%2C200","width":350,"height":200},"classes":[]},{"id":5213,"url":"https:\/\/das.raumtuning.info\/?page_id=5213","url_meta":{"origin":5207,"position":3},"title":"Vertrieb \u00d6sterreich","date":"8. September 2020","format":false,"excerpt":"Vertrieb \u00d6sterreich Musik&Akustik Norbert MaurerWahlscheider Stra\u00dfe 14D-53907 LohmarTel: + 49 226 9074 361info@musikundakustik.dehttp:\/\/www.vortexhifi.com H\u00e4ndler \u00d6sterreich LIFELIKESchottenfeldgasse 60A-1070 Wien0043 152482220Mail: office@lifelike.athttps:\/\/www.lifelike.at\/kontakt\/ AktivStudioPradler Stra\u00dfe 3A-6020 Innsbruck0043 (0)676 5906026info@aktivstudio.athttps:\/\/www.aktivstudio.at","rel":"","context":"Similar post","img":{"alt_text":"","src":"","width":0,"height":0},"classes":[]},{"id":5210,"url":"https:\/\/das.raumtuning.info\/?page_id=5210","url_meta":{"origin":5207,"position":4},"title":"Vertrieb Niederlande \/ Belgien \/ Luxenburg","date":"8. September 2020","format":false,"excerpt":"Vertrieb Niederlande Musik&Akustik Norbert MaurerWahlscheider Stra\u00dfe 14D-53907 LohmarTel: + 49 226 9074 361info@musikundakustik.dehttp:\/\/www.vortexhifi.com \u00a0 H\u00e4ndler Kemp ElektroniksQuellijnstraat 151072XM\u00a0Amsterdam0031 (0) 20-7764464info@kempelektroniks.nlwww.kempelektroniks.nl King AudioTheodorus Dobbeweg 176883GN\u00a0Velp0031 (0) 6-54724261info@kingaudio.nlwww.kingaudio.nl \u00a0","rel":"","context":"Similar post","img":{"alt_text":"","src":"","width":0,"height":0},"classes":[]},{"id":10,"url":"https:\/\/das.raumtuning.info\/","url_meta":{"origin":5207,"position":5},"title":"Home","date":"12. Dezember 2013","format":false,"excerpt":"Musik h\u00f6ren war gestern... ... Musik empfinden ist heute! - Vortex HiFi \u00a0 \u00a0 \u00a0 \u00a0 Die Vortex HiFi Forschung stellt immer wieder die (HiFi)-Welt auf den Kopf. Technische Ger\u00e4te wie Handys, Laptops, Computer oder Router, die das Musikh\u00f6ren bisher stark verschlechtert haben, f\u00f6rdern nun den Klang durch neue Vortex\u2026","rel":"","context":"Similar post","img":{"alt_text":"","src":"https:\/\/i0.wp.com\/das.raumtuning.info\/wp-content\/uploads\/2014\/01\/Blut-in-nat\u00fcrlicher-Umwelt-rot2.png?resize=350%2C200","width":350,"height":200},"classes":[]}],"_links":{"self":[{"href":"https:\/\/das.raumtuning.info\/index.php?rest_route=\/wp\/v2\/pages\/5207","targetHints":{"allow":["GET"]}}],"collection":[{"href":"https:\/\/das.raumtuning.info\/index.php?rest_route=\/wp\/v2\/pages"}],"about":[{"href":"https:\/\/das.raumtuning.info\/index.php?rest_route=\/wp\/v2\/types\/page"}],"author":[{"embeddable":true,"href":"https:\/\/das.raumtuning.info\/index.php?rest_route=\/wp\/v2\/users\/1"}],"replies":[{"embeddable":true,"href":"https:\/\/das.raumtuning.info\/index.php?rest_route=%2Fwp%2Fv2%2Fcomments&post=5207"}],"version-history":[{"count":5,"href":"https:\/\/das.raumtuning.info\/index.php?rest_route=\/wp\/v2\/pages\/5207\/revisions"}],"predecessor-version":[{"id":8341,"href":"https:\/\/das.raumtuning.info\/index.php?rest_route=\/wp\/v2\/pages\/5207\/revisions\/8341"}],"wp:attachment":[{"href":"https:\/\/das.raumtuning.info\/index.php?rest_route=%2Fwp%2Fv2%2Fmedia&parent=5207"}],"curies":[{"name":"wp","href":"https:\/\/api.w.org\/{rel}","templated":true}]}}