{"id":5210,"date":"2020-09-08T17:59:17","date_gmt":"2020-09-08T15:59:17","guid":{"rendered":"http:\/\/das.raumtuning.info\/?page_id=5210"},"modified":"2025-01-27T12:15:28","modified_gmt":"2025-01-27T11:15:28","slug":"vertrieb-niederlade-belgien-luxenburg","status":"publish","type":"page","link":"https:\/\/das.raumtuning.info\/?page_id=5210","title":{"rendered":"Vertrieb Niederlande \/ Belgien \/ Luxenburg"},"content":{"rendered":"\r\n<h1>Vertrieb Niederlande<\/h1>\r\n<p><strong>Musik&amp;Akustik<\/strong><\/p>\r\n<p>Norbert Maurer<br \/>Wahlscheider Stra\u00dfe 14<br \/>D-53907 Lohmar<br \/>Tel: + 49 226 9074 361<br \/>info@musikundakustik.de<br \/><a title=\"\" href=\"http:\/\/www.vortexhifi.com\" target=\"_blank\" rel=\"noopener\">http:\/\/www.vortexhifi.com<\/a><\/p>\r\n<p>&nbsp;<\/p>\r\n\r\n\r\n<hr class=\"wp-block-separator\" \/>\r\n\r\n\r\n<h2 class=\"wp-block-heading\">H\u00e4ndler<\/h2>\r\n\r\n\r\n\r\n<p><strong>Kemp Elektroniks<\/strong><br \/>Quellijnstraat 15<br \/>1072XM\u00a0Amsterdam<br \/>0031 (0) 20-7764464<br \/><a class=\"\" href=\"mailto:info@kempelektroniks.nl\">info@kempelektroniks.nl<\/a><br \/><a class=\"\" href=\"http:\/\/www.kempelektroniks.nl\/\">www.kempelektroniks.nl<\/a><\/p>\r\n\r\n\r\n\r\n<p><strong>King Audio<\/strong><br \/>Theodorus Dobbeweg 17<br \/>6883GN\u00a0Velp<br \/>0031 (0) 6-54724261<br \/><a class=\"\" href=\"mailto:info@kingaudio.nl\">info@kingaudio.nl<\/a><br \/><a class=\"\" href=\"http:\/\/www.kingaudio.nl\/\">www.kingaudio.nl<\/a><\/p>\r\n\r\n\r\n\r\n<p>&nbsp;<\/p>\r\n","protected":false},"excerpt":{"rendered":"<p>Vertrieb Niederlande Musik&amp;Akustik Norbert MaurerWahlscheider Stra\u00dfe 14D-53907 LohmarTel: + 49 226 9074 361info@musikundakustik.dehttp:\/\/www.vortexhifi.com &nbsp; H\u00e4ndler Kemp ElektroniksQuellijnstraat 151072XM\u00a0Amsterdam0031 (0) 20-7764464info@kempelektroniks.nlwww.kempelektroniks.nl King AudioTheodorus Dobbeweg 176883GN\u00a0Velp0031 (0) 6-54724261info@kingaudio.nlwww.kingaudio.nl &nbsp;<\/p>\n","protected":false},"author":1,"featured_media":0,"parent":0,"menu_order":0,"comment_status":"closed","ping_status":"closed","template":"","meta":{"jetpack_post_was_ever_published":false,"footnotes":""},"class_list":["post-5210","page","type-page","status-publish","hentry"],"aioseo_notices":[],"jetpack_sharing_enabled":true,"jetpack_shortlink":"https:\/\/wp.me\/P4hjs0-1m2","jetpack-related-posts":[{"id":445,"url":"https:\/\/das.raumtuning.info\/?page_id=445","url_meta":{"origin":5210,"position":0},"title":"Vertrieb","date":"5. Februar 2014","format":false,"excerpt":"Vertrieb Deutschland Bellevueaudio Andreas SehlhorstVon Hofmann Stra\u00dfe 244579 Castrop-Rauxel kontakt@bellevueaudio.deWebsite: https:\/\/www.bellevueaudio.deFon: +49 177 78 47 433 H\u00e4ndler Deutschland Vertrieb \u00d6sterreich Musik&Akustik Norbert MaurerWahlscheider Stra\u00dfe 14D-53907 LohmarTel: + 49 226 9074 361info@musikundakustik.dehttp:\/\/www.vortexhifi.com H\u00e4ndler \u00d6sterreich Vertrieb Niederlande \/ Belgien \/ Luxenburg Musik&Akustik Norbert MaurerWahlscheider Stra\u00dfe 14D-53907 LohmarTel: + 49 226 9074 361info@musikundakustik.dehttp:\/\/www.vortexhifi.com\u2026","rel":"","context":"Similar post","img":{"alt_text":"Quelle: Vortex HiFi","src":"https:\/\/i0.wp.com\/das.raumtuning.info\/wp-content\/uploads\/2014\/02\/Trompete_web.jpg?fit=1080%2C533&ssl=1&resize=350%2C200","width":350,"height":200},"classes":[]},{"id":5213,"url":"https:\/\/das.raumtuning.info\/?page_id=5213","url_meta":{"origin":5210,"position":1},"title":"Vertrieb \u00d6sterreich","date":"8. September 2020","format":false,"excerpt":"Vertrieb \u00d6sterreich Musik&Akustik Norbert MaurerWahlscheider Stra\u00dfe 14D-53907 LohmarTel: + 49 226 9074 361info@musikundakustik.dehttp:\/\/www.vortexhifi.com H\u00e4ndler \u00d6sterreich LIFELIKESchottenfeldgasse 60A-1070 Wien0043 152482220Mail: office@lifelike.athttps:\/\/www.lifelike.at\/kontakt\/ AktivStudioPradler Stra\u00dfe 3A-6020 Innsbruck0043 (0)676 5906026info@aktivstudio.athttps:\/\/www.aktivstudio.at","rel":"","context":"Similar post","img":{"alt_text":"","src":"","width":0,"height":0},"classes":[]},{"id":5207,"url":"https:\/\/das.raumtuning.info\/?page_id=5207","url_meta":{"origin":5210,"position":2},"title":"Vertrieb Deutschland","date":"8. September 2020","format":false,"excerpt":"Vertrieb Deutschland Bellevueaudio Andreas SehlhorstVon Hofmann Stra\u00dfe 244579 Castrop-Rauxel kontakt@bellevueaudio.deWebsite: https:\/\/www.bellevueaudio.deFon: +49 177 78 47 433 H\u00e4ndler in Ihrer N\u00e4he Hifi Zubeh\u00f6rMarienthaler Str. 14308060 Zwickau0375 \/ 5674895shop@hifi-zubehoer.comwww.hifi-zubehoer.info Klangatelier Berlin Tonstudio Tempelhof GmbHClaszeile 4114165 Berlin030 \/ 7521384mail@klangatelier-berlin.dewww.klangatelier-berlin.de SOUND & VISIONEppendorfer Landstra\u00dfe 11220249 Hamburg040 \/ 4801660cmeyer@soundvisionfidelity.dewww.soundvisionfidelity.de Alex Giese GmbHTheaterstra\u00dfe 1430159 Hannover0511-35399737info@alexgiese.de On\/Off\u2026","rel":"","context":"Similar post","img":{"alt_text":"","src":"","width":0,"height":0},"classes":[]},{"id":1831,"url":"https:\/\/das.raumtuning.info\/?page_id=1831","url_meta":{"origin":5210,"position":3},"title":"H\u00e4ndler","date":"20. Februar 2015","format":false,"excerpt":"Vortex HiFi H\u00e4ndler in Ihrer N\u00e4he Warum gibt es das Vortex HiFi System nicht \u00fcberall zu kaufen? Damit Sie den maximalen Nutzen aus den Vortex HiFi Produkten ziehen k\u00f6nnen ist eine fundierte Beratung durch speziell geschultes Fachpersonal notwendig. Dieses notwendige Fachwissen hat mit klassischem HiFi \u2013 Wissen nichts zu tun.\u2026","rel":"","context":"Similar post","img":{"alt_text":"Quelle: Vortex HiFi","src":"https:\/\/i0.wp.com\/das.raumtuning.info\/wp-content\/uploads\/2014\/02\/Klarinette_web.jpg?fit=1080%2C580&ssl=1&resize=350%2C200","width":350,"height":200},"classes":[]}],"_links":{"self":[{"href":"https:\/\/das.raumtuning.info\/index.php?rest_route=\/wp\/v2\/pages\/5210","targetHints":{"allow":["GET"]}}],"collection":[{"href":"https:\/\/das.raumtuning.info\/index.php?rest_route=\/wp\/v2\/pages"}],"about":[{"href":"https:\/\/das.raumtuning.info\/index.php?rest_route=\/wp\/v2\/types\/page"}],"author":[{"embeddable":true,"href":"https:\/\/das.raumtuning.info\/index.php?rest_route=\/wp\/v2\/users\/1"}],"replies":[{"embeddable":true,"href":"https:\/\/das.raumtuning.info\/index.php?rest_route=%2Fwp%2Fv2%2Fcomments&post=5210"}],"version-history":[{"count":6,"href":"https:\/\/das.raumtuning.info\/index.php?rest_route=\/wp\/v2\/pages\/5210\/revisions"}],"predecessor-version":[{"id":8339,"href":"https:\/\/das.raumtuning.info\/index.php?rest_route=\/wp\/v2\/pages\/5210\/revisions\/8339"}],"wp:attachment":[{"href":"https:\/\/das.raumtuning.info\/index.php?rest_route=%2Fwp%2Fv2%2Fmedia&parent=5210"}],"curies":[{"name":"wp","href":"https:\/\/api.w.org\/{rel}","templated":true}]}}