{"id":5213,"date":"2020-09-08T18:02:33","date_gmt":"2020-09-08T16:02:33","guid":{"rendered":"http:\/\/das.raumtuning.info\/?page_id=5213"},"modified":"2025-10-08T09:34:30","modified_gmt":"2025-10-08T07:34:30","slug":"vertrieb-oesterreich","status":"publish","type":"page","link":"https:\/\/das.raumtuning.info\/?page_id=5213","title":{"rendered":"Vertrieb \u00d6sterreich"},"content":{"rendered":"\r\n<h2 class=\"wp-block-heading\">Vertrieb \u00d6sterreich<\/h2>\r\n<p><strong>Musik&amp;Akustik<\/strong><\/p>\r\n<p>Norbert Maurer<br \/>Wahlscheider Stra\u00dfe 14<br \/>D-53907 Lohmar<br \/>Tel: + 49 226 9074 361<br \/>info@musikundakustik.de<br \/><a title=\"\" href=\"http:\/\/www.vortexhifi.com\" target=\"_blank\" rel=\"noopener\">http:\/\/www.vortexhifi.com<\/a><\/p>\r\n\r\n\r\n<hr class=\"wp-block-separator\" \/>\r\n\r\n\r\n<h2 class=\"wp-block-heading\">H\u00e4ndler \u00d6sterreich<\/h2>\r\n<p><strong>LIFELIKE<\/strong><br \/>Schottenfeldgasse 60<br \/>A-1070 Wien<br \/>0043 152482220<br \/>Mail: office@lifelike.at<br \/><a href=\"https:\/\/www.audioperfect.at\">https:\/\/www.lifelike.at\/kontakt\/<\/a><\/p>\r\n<h2>\r\n\r\n\r\n\r\n<\/h2>\r\n\r\n\r\n\r\n<p><strong>AktivStudio<\/strong><br \/>Pradler Stra\u00dfe 3<br \/>A-6020 Innsbruck<br \/>0043 (0)676 5906026<br \/><a href=\"mailto:info@aktivstudio.at\">info@aktivstudio.at<\/a><br \/><a href=\"https:\/\/www.aktivstudio.at\">https:\/\/www.aktivstudio.at<\/a><\/p>\r\n","protected":false},"excerpt":{"rendered":"<p>Vertrieb \u00d6sterreich Musik&amp;Akustik Norbert MaurerWahlscheider Stra\u00dfe 14D-53907 LohmarTel: + 49 226 9074 361info@musikundakustik.dehttp:\/\/www.vortexhifi.com H\u00e4ndler \u00d6sterreich LIFELIKESchottenfeldgasse 60A-1070 Wien0043 152482220Mail: office@lifelike.athttps:\/\/www.lifelike.at\/kontakt\/ AktivStudioPradler Stra\u00dfe 3A-6020 Innsbruck0043 (0)676 5906026info@aktivstudio.athttps:\/\/www.aktivstudio.at<\/p>\n","protected":false},"author":1,"featured_media":0,"parent":0,"menu_order":0,"comment_status":"closed","ping_status":"closed","template":"","meta":{"jetpack_post_was_ever_published":false,"footnotes":""},"class_list":["post-5213","page","type-page","status-publish","hentry"],"aioseo_notices":[],"jetpack_sharing_enabled":true,"jetpack_shortlink":"https:\/\/wp.me\/P4hjs0-1m5","jetpack-related-posts":[{"id":445,"url":"https:\/\/das.raumtuning.info\/?page_id=445","url_meta":{"origin":5213,"position":0},"title":"Vertrieb","date":"5. Februar 2014","format":false,"excerpt":"Vertrieb Deutschland Bellevueaudio Andreas SehlhorstVon Hofmann Stra\u00dfe 244579 Castrop-Rauxel kontakt@bellevueaudio.deWebsite: https:\/\/www.bellevueaudio.deFon: +49 177 78 47 433 H\u00e4ndler Deutschland Vertrieb \u00d6sterreich Musik&Akustik Norbert MaurerWahlscheider Stra\u00dfe 14D-53907 LohmarTel: + 49 226 9074 361info@musikundakustik.dehttp:\/\/www.vortexhifi.com H\u00e4ndler \u00d6sterreich Vertrieb Niederlande \/ Belgien \/ Luxenburg Musik&Akustik Norbert MaurerWahlscheider Stra\u00dfe 14D-53907 LohmarTel: + 49 226 9074 361info@musikundakustik.dehttp:\/\/www.vortexhifi.com\u2026","rel":"","context":"Similar post","img":{"alt_text":"Quelle: Vortex HiFi","src":"https:\/\/i0.wp.com\/das.raumtuning.info\/wp-content\/uploads\/2014\/02\/Trompete_web.jpg?fit=1080%2C533&ssl=1&resize=350%2C200","width":350,"height":200},"classes":[]},{"id":1831,"url":"https:\/\/das.raumtuning.info\/?page_id=1831","url_meta":{"origin":5213,"position":1},"title":"H\u00e4ndler","date":"20. Februar 2015","format":false,"excerpt":"Vortex HiFi H\u00e4ndler in Ihrer N\u00e4he Warum gibt es das Vortex HiFi System nicht \u00fcberall zu kaufen? Damit Sie den maximalen Nutzen aus den Vortex HiFi Produkten ziehen k\u00f6nnen ist eine fundierte Beratung durch speziell geschultes Fachpersonal notwendig. Dieses notwendige Fachwissen hat mit klassischem HiFi \u2013 Wissen nichts zu tun.\u2026","rel":"","context":"Similar post","img":{"alt_text":"Quelle: Vortex HiFi","src":"https:\/\/i0.wp.com\/das.raumtuning.info\/wp-content\/uploads\/2014\/02\/Klarinette_web.jpg?fit=1080%2C580&ssl=1&resize=350%2C200","width":350,"height":200},"classes":[]},{"id":5210,"url":"https:\/\/das.raumtuning.info\/?page_id=5210","url_meta":{"origin":5213,"position":2},"title":"Vertrieb Niederlande \/ Belgien \/ Luxenburg","date":"8. September 2020","format":false,"excerpt":"Vertrieb Niederlande Musik&Akustik Norbert MaurerWahlscheider Stra\u00dfe 14D-53907 LohmarTel: + 49 226 9074 361info@musikundakustik.dehttp:\/\/www.vortexhifi.com \u00a0 H\u00e4ndler Kemp ElektroniksQuellijnstraat 151072XM\u00a0Amsterdam0031 (0) 20-7764464info@kempelektroniks.nlwww.kempelektroniks.nl King AudioTheodorus Dobbeweg 176883GN\u00a0Velp0031 (0) 6-54724261info@kingaudio.nlwww.kingaudio.nl \u00a0","rel":"","context":"Similar post","img":{"alt_text":"","src":"","width":0,"height":0},"classes":[]},{"id":5207,"url":"https:\/\/das.raumtuning.info\/?page_id=5207","url_meta":{"origin":5213,"position":3},"title":"Vertrieb Deutschland","date":"8. September 2020","format":false,"excerpt":"Vertrieb Deutschland Bellevueaudio Andreas SehlhorstVon Hofmann Stra\u00dfe 244579 Castrop-Rauxel kontakt@bellevueaudio.deWebsite: https:\/\/www.bellevueaudio.deFon: +49 177 78 47 433 H\u00e4ndler in Ihrer N\u00e4he Hifi Zubeh\u00f6rMarienthaler Str. 14308060 Zwickau0375 \/ 5674895shop@hifi-zubehoer.comwww.hifi-zubehoer.info Klangatelier Berlin Tonstudio Tempelhof GmbHClaszeile 4114165 Berlin030 \/ 7521384mail@klangatelier-berlin.dewww.klangatelier-berlin.de SOUND & VISIONEppendorfer Landstra\u00dfe 11220249 Hamburg040 \/ 4801660cmeyer@soundvisionfidelity.dewww.soundvisionfidelity.de Alex Giese GmbHTheaterstra\u00dfe 1430159 Hannover0511-35399737info@alexgiese.de On\/Off\u2026","rel":"","context":"Similar post","img":{"alt_text":"","src":"","width":0,"height":0},"classes":[]},{"id":45,"url":"https:\/\/das.raumtuning.info\/?page_id=45","url_meta":{"origin":5213,"position":4},"title":"Kontakt \/ Impressum","date":"13. Januar 2014","format":false,"excerpt":"Musik&Akustik - Vortex HiFi Wahlscheider Stra\u00dfe 14 53797 Lohmar Bitte benutzen Sie bei Fragen unser Kontaktformular. Wir werden Ihnen schnellstm\u00f6glich antworten. Impressum Musik & Akustik - Norbert Maurer Wahlscheider Stra\u00dfe 14 53797 Lohmar Telefon 02206 - 9074 361 eMail: info@musikundakustik.de Umsatzsteuer-Ident-Nummer DE 233914540 Redaktion: Inhaltlich verantwortlich gem\u00e4\u00df \u00a7 55 Abs.\u2026","rel":"","context":"Similar post","img":{"alt_text":"","src":"","width":0,"height":0},"classes":[]}],"_links":{"self":[{"href":"https:\/\/das.raumtuning.info\/index.php?rest_route=\/wp\/v2\/pages\/5213","targetHints":{"allow":["GET"]}}],"collection":[{"href":"https:\/\/das.raumtuning.info\/index.php?rest_route=\/wp\/v2\/pages"}],"about":[{"href":"https:\/\/das.raumtuning.info\/index.php?rest_route=\/wp\/v2\/types\/page"}],"author":[{"embeddable":true,"href":"https:\/\/das.raumtuning.info\/index.php?rest_route=\/wp\/v2\/users\/1"}],"replies":[{"embeddable":true,"href":"https:\/\/das.raumtuning.info\/index.php?rest_route=%2Fwp%2Fv2%2Fcomments&post=5213"}],"version-history":[{"count":3,"href":"https:\/\/das.raumtuning.info\/index.php?rest_route=\/wp\/v2\/pages\/5213\/revisions"}],"predecessor-version":[{"id":9268,"href":"https:\/\/das.raumtuning.info\/index.php?rest_route=\/wp\/v2\/pages\/5213\/revisions\/9268"}],"wp:attachment":[{"href":"https:\/\/das.raumtuning.info\/index.php?rest_route=%2Fwp%2Fv2%2Fmedia&parent=5213"}],"curies":[{"name":"wp","href":"https:\/\/api.w.org\/{rel}","templated":true}]}}