{"id":5231,"date":"2020-10-19T20:09:21","date_gmt":"2020-10-19T18:09:21","guid":{"rendered":"http:\/\/das.raumtuning.info\/?page_id=5231"},"modified":"2020-10-19T20:09:22","modified_gmt":"2020-10-19T18:09:22","slug":"ausphasen-stromstecker","status":"publish","type":"page","link":"https:\/\/das.raumtuning.info\/?page_id=5231","title":{"rendered":"Ausphasen Stromstecker"},"content":{"rendered":"\n<p class=\"has-drop-cap\">Ausphasen der Stromstecker bei Vortex HiFi bedeutet den gekennzeichneten Steckkontakt auf Phase der Netzsteckdose zu stecken. <\/p>\n\n\n\n<p><\/p>\n\n\n\n<figure class=\"wp-block-image size-large is-style-default\"><img fetchpriority=\"high\" decoding=\"async\" width=\"640\" height=\"643\" data-attachment-id=\"5161\" data-permalink=\"https:\/\/das.raumtuning.info\/?attachment_id=5161\" data-orig-file=\"https:\/\/i0.wp.com\/das.raumtuning.info\/wp-content\/uploads\/2020\/07\/GOP-3-mit-rotem-Pfeil.jpg?fit=2262%2C2271&amp;ssl=1\" data-orig-size=\"2262,2271\" data-comments-opened=\"1\" data-image-meta=\"{&quot;aperture&quot;:&quot;4.5&quot;,&quot;credit&quot;:&quot;&quot;,&quot;camera&quot;:&quot;DC-GH5&quot;,&quot;caption&quot;:&quot;&quot;,&quot;created_timestamp&quot;:&quot;0&quot;,&quot;copyright&quot;:&quot;&quot;,&quot;focal_length&quot;:&quot;17&quot;,&quot;iso&quot;:&quot;200&quot;,&quot;shutter_speed&quot;:&quot;0.00625&quot;,&quot;title&quot;:&quot;&quot;,&quot;orientation&quot;:&quot;1&quot;}\" data-image-title=\"GOP-3-mit-rotem-Pfeil\" data-image-description=\"\" data-image-caption=\"&lt;p&gt;Der Steckkontakt der auf die Phase gesteckt weden muss ist mit einem V gekennzeichnet.&lt;\/p&gt;\n\" data-medium-file=\"https:\/\/i0.wp.com\/das.raumtuning.info\/wp-content\/uploads\/2020\/07\/GOP-3-mit-rotem-Pfeil.jpg?fit=300%2C300&amp;ssl=1\" data-large-file=\"https:\/\/i0.wp.com\/das.raumtuning.info\/wp-content\/uploads\/2020\/07\/GOP-3-mit-rotem-Pfeil.jpg?fit=640%2C643&amp;ssl=1\" src=\"https:\/\/i0.wp.com\/das.raumtuning.info\/wp-content\/uploads\/2020\/07\/GOP-3-mit-rotem-Pfeil.jpg?resize=640%2C643\" alt=\"\" class=\"wp-image-5161\" srcset=\"https:\/\/i0.wp.com\/das.raumtuning.info\/wp-content\/uploads\/2020\/07\/GOP-3-mit-rotem-Pfeil.jpg?resize=1020%2C1024&amp;ssl=1 1020w, https:\/\/i0.wp.com\/das.raumtuning.info\/wp-content\/uploads\/2020\/07\/GOP-3-mit-rotem-Pfeil.jpg?resize=300%2C300&amp;ssl=1 300w, https:\/\/i0.wp.com\/das.raumtuning.info\/wp-content\/uploads\/2020\/07\/GOP-3-mit-rotem-Pfeil.jpg?resize=150%2C150&amp;ssl=1 150w, https:\/\/i0.wp.com\/das.raumtuning.info\/wp-content\/uploads\/2020\/07\/GOP-3-mit-rotem-Pfeil.jpg?resize=765%2C768&amp;ssl=1 765w, https:\/\/i0.wp.com\/das.raumtuning.info\/wp-content\/uploads\/2020\/07\/GOP-3-mit-rotem-Pfeil.jpg?resize=1530%2C1536&amp;ssl=1 1530w, https:\/\/i0.wp.com\/das.raumtuning.info\/wp-content\/uploads\/2020\/07\/GOP-3-mit-rotem-Pfeil.jpg?resize=2040%2C2048&amp;ssl=1 2040w, https:\/\/i0.wp.com\/das.raumtuning.info\/wp-content\/uploads\/2020\/07\/GOP-3-mit-rotem-Pfeil.jpg?resize=144%2C144&amp;ssl=1 144w, https:\/\/i0.wp.com\/das.raumtuning.info\/wp-content\/uploads\/2020\/07\/GOP-3-mit-rotem-Pfeil.jpg?resize=269%2C270&amp;ssl=1 269w, https:\/\/i0.wp.com\/das.raumtuning.info\/wp-content\/uploads\/2020\/07\/GOP-3-mit-rotem-Pfeil.jpg?w=1280 1280w, https:\/\/i0.wp.com\/das.raumtuning.info\/wp-content\/uploads\/2020\/07\/GOP-3-mit-rotem-Pfeil.jpg?w=1920 1920w\" sizes=\"(max-width: 640px) 100vw, 640px\" data-recalc-dims=\"1\" \/><figcaption>Der Steckkontakt der auf die Phase gesteckt werden muss ist mit einem <strong><em>&#8220;V&#8221; <\/em><\/strong>gekennzeichnet.<\/figcaption><\/figure>\n\n\n\n<p>Dabei muss als erstes der Steckkontakt der Steckdose ermittelt werden, der die Phase ist. Dazu verwenden Sie einen Phasenpr\u00fcfer, um ein eindeutiges Ergebnis zu erhalten. Danach  stecken Sie den Stromstecker so in die Steckdose, dass der gekennzeichnete Kontakt des Steckers auf Phase gesteckt wird.<\/p>\n\n\n\n<p>Ausphasen ist gerade bei energetischem Zubeh\u00f6r von besonderer Wichtigkeit! Folgende Vortex HiFi Produkte m\u00fcssen phasenkormekt eingesteckt werden:<\/p>\n\n\n\n<ul class=\"wp-block-list\"><li>Stromkabel<\/li><li>Cinchkabel<\/li><li>XLR-Kabel<\/li><li>Lautsprecherkabel mit &#8220;Netzstecker&#8221;<\/li><li>Power Plugs<\/li><li>Ground Optimizer<\/li><li>Power Optimizer (PO2 und PO3 Feldregel beachten)<\/li><li>GeoPath Optimizer!!!<\/li><\/ul>\n\n\n\n<p>Eine Besonderheit stellt der GeoPath Optimizer 2 und 3 da. W\u00e4hrend bei allem anderen Zubeh\u00f6r &#8220;nur&#8221; die Klangqualit\u00e4t bei falscher Phase leidet, kehrt sich die <strong>Wirkung beim GeoPath sogar um<\/strong>. Ein falsch eingesteckter GeoPath schw\u00e4cht den K\u00f6rper, anstatt diesen wie \u00fcblich zu st\u00e4rken. Dies zeigen alle Kraft- und Koordinationstest die wir durchgef\u00fchrt haben. Dies kann in seltenen F\u00e4llen auch vor\u00fcbergehend zu Unwohlsein und Schlaflosigkeit f\u00fchren, also zum Gegenteil der korrekten Anwendung! Dabei kann 1 falsch eingesteckter GeoPath Optimizer viele richtig eingesteckte GeoPath Optimizer v\u00f6llig neutralisieren.<\/p>\n","protected":false},"excerpt":{"rendered":"<p>Ausphasen der Stromstecker bei Vortex HiFi bedeutet den gekennzeichneten Steckkontakt auf Phase der Netzsteckdose zu stecken. Dabei muss als erstes der Steckkontakt der Steckdose ermittelt werden, der die Phase ist. Dazu verwenden Sie einen Phasenpr\u00fcfer, um ein eindeutiges Ergebnis zu erhalten. Danach stecken Sie den Stromstecker so in die Steckdose, dass der gekennzeichnete Kontakt des Steckers auf Phase gesteckt wird. Ausphasen ist gerade bei energetischem Zubeh\u00f6r von besonderer Wichtigkeit! Folgende Vortex HiFi Produkte m\u00fcssen phasenkormekt eingesteckt werden: Stromkabel Cinchkabel XLR-Kabel&#8230;<\/p>\n<p class=\"read-more\"><a class=\"btn btn-default\" href=\"https:\/\/das.raumtuning.info\/?page_id=5231\">Weiterlesen<span class=\"screen-reader-text\"> Weiterlesen<\/span><\/a><\/p>\n","protected":false},"author":1,"featured_media":5161,"parent":0,"menu_order":0,"comment_status":"closed","ping_status":"closed","template":"","meta":{"jetpack_post_was_ever_published":false,"footnotes":""},"class_list":["post-5231","page","type-page","status-publish","has-post-thumbnail","hentry"],"aioseo_notices":[],"jetpack_sharing_enabled":true,"jetpack_shortlink":"https:\/\/wp.me\/P4hjs0-1mn","jetpack-related-posts":[{"id":4819,"url":"https:\/\/das.raumtuning.info\/?page_id=4819","url_meta":{"origin":5231,"position":0},"title":"Bedienungsanleitung Oszillation Alignement Card","date":"18. M\u00e4rz 2020","format":false,"excerpt":"Vielen Dank fu\u0308r den Kauf der Oszillation Alignement Card. Sie haben eines der innovativsten Produkte im Bereich Wellness und HiFi erworben. Ziel: Ziel der Oszillation Alignement Card ist es die au\u00dferordentlich negativen Wirkungen von elektromagnetischen Wellen auf den menschlichen Organismus und hier insbesondere der internen Kommunikation zu beseitigen. Kinesiologische Tests\u2026","rel":"","context":"Similar post","img":{"alt_text":"","src":"https:\/\/i0.wp.com\/das.raumtuning.info\/wp-content\/uploads\/2020\/02\/testbericht-vortex-hifi-oscillation-alignment-card-varbild-29243.jpg?fit=1200%2C1200&ssl=1&resize=350%2C200","width":350,"height":200},"classes":[]},{"id":4837,"url":"https:\/\/das.raumtuning.info\/?page_id=4837","url_meta":{"origin":5231,"position":1},"title":"Bedienungsanleitung Vortex HiFi Geo Path Optimizer (GPO)","date":"20. M\u00e4rz 2020","format":false,"excerpt":"https:\/\/youtu.be\/nZayZCzOfwM https:\/\/youtu.be\/swypL_V4HeE https:\/\/youtu.be\/S1rUYQ3MtFY Gebrauchsanleitung GeoPath 2 Optimizer und GeoPath 3 Optimizer Herzlichen Gl\u00fcckwunsch zum Erwerb des GeoPath Optimizer. Lesen Sie Gebrauchsanleitung bevor Sie den GeoPath Optimizer einsetzten. Der GeoPath Optimizer ist ein extrem leistungsf\u00e4higes Entst\u00f6rmittel f\u00fcr den Einsatz auf Stromleitungen. Der GeoPath ist entwickelt worden, um den extrem negativen Einfluss\u2026","rel":"","context":"Similar post","img":{"alt_text":"","src":"https:\/\/i0.wp.com\/das.raumtuning.info\/wp-content\/uploads\/2020\/06\/Blutvergleich-Geophatogene-Zone-scaled.jpg?fit=1200%2C450&ssl=1&resize=350%2C200","width":350,"height":200},"classes":[]},{"id":1616,"url":"https:\/\/das.raumtuning.info\/?page_id=1616","url_meta":{"origin":5231,"position":2},"title":"Bedienungsanleitung Nano Shield Plugs","date":"6. November 2014","format":false,"excerpt":"Herzlichen Gl\u00fcckwunsch zum Erwerb Ihres Vortex HiFi Nano Shield Plug Sie haben eines der Innovativsten HiFi- Zubeh\u00f6r-Produkte \u00fcberhaupt erworben. Ihr Nano Shield Plug vereinigt High Tech Know-how moderner Nano - Abschirm-Technik mit den neuesten Erkenntnissen in der Beeinflussung des menschlichen Nervensystems durch Elektrosmog und deren Beseitigung. Vortex HiFi Plug -\u2026","rel":"","context":"Similar post","img":{"alt_text":"Vortex HiFi Nano Shield Power Plug B","src":"https:\/\/i0.wp.com\/das.raumtuning.info\/wp-content\/uploads\/2014\/11\/Stecker..jpg?fit=1063%2C752&ssl=1&resize=350%2C200","width":350,"height":200},"classes":[]},{"id":2169,"url":"https:\/\/das.raumtuning.info\/?page_id=2169","url_meta":{"origin":5231,"position":3},"title":"Ground Optimizer","date":"9. Dezember 2015","format":false,"excerpt":"F\u00fcr einen sauberen Klang braucht es eine saubere Masse. Der Ground Optimizer ist Ihr M\u00fclleimer f\u00fcr Massest\u00f6rungen. Die Masse eines Ger\u00e4tes ist gleichzeitig M\u00fcllplatz und K\u00fcchentisch f\u00fcr die Zubereitung Ihres Gourmetklangs. Das kann nicht funktionieren! Massest\u00f6rungen sind elementar f\u00fcr den Klang Die Forderung lautet also, die Massest\u00f6rungen soweit wie irgend\u2026","rel":"","context":"Similar post","img":{"alt_text":"","src":"https:\/\/i0.wp.com\/das.raumtuning.info\/wp-content\/uploads\/2015\/12\/iStock_000012046846_Large.jpg?fit=1200%2C803&ssl=1&resize=350%2C200","width":350,"height":200},"classes":[]},{"id":293,"url":"https:\/\/das.raumtuning.info\/?page_id=293","url_meta":{"origin":5231,"position":4},"title":"Strom entst\u00f6ren","date":"30. Januar 2014","format":false,"excerpt":"Warum sollten Sie sich mit Strom besch\u00e4ftigen, wenn Sie Musik genie\u00dfen wollen? Weil die Praxis zeigt, dass, wenn Sie Ihre Stromkomponenten ver\u00e4ndern, der Klang sich auch ver\u00e4ndert! Dabei werden \u00fcblicherweise sogenannte Strom-Conditioner, Filter aber auch spezielle Netzkabel und Sicherungen angeboten. Das kann schon mal 1.000 bis 10.000 Euro kosten. Allen\u2026","rel":"","context":"Similar post","img":{"alt_text":"","src":"https:\/\/i0.wp.com\/das.raumtuning.info\/wp-content\/uploads\/2014\/01\/Power-Plug-Beitragsbild-web.jpg?fit=1063%2C752&ssl=1&resize=350%2C200","width":350,"height":200},"classes":[]},{"id":249,"url":"https:\/\/das.raumtuning.info\/?page_id=249","url_meta":{"origin":5231,"position":5},"title":"Potentialausgleich","date":"29. Januar 2014","format":false,"excerpt":"Das Riesenproblem im HiFi Innerhalb der Ger\u00e4te werden teilweise mit dicken Masseschienen, superkurzen Verbindungen, exakte sternf\u00f6rmige Anordnungen, usw. gearbeitet. \u00dcber die Massen der Ger\u00e4te und deren Verbindung au\u00dferhalb der Ger\u00e4te spricht keiner. Dies, obwohl hier die Probleme \u00fcber den Potentialausgleich der Massen dramatisch gr\u00f6\u00dfer sind (siehe die unten stehenden Messungen\u2026","rel":"","context":"Similar post","img":{"alt_text":"Quelle: Vortex HiFi","src":"https:\/\/i0.wp.com\/das.raumtuning.info\/wp-content\/uploads\/2014\/02\/Klavier.jpg?fit=1080%2C553&ssl=1&resize=350%2C200","width":350,"height":200},"classes":[]}],"_links":{"self":[{"href":"https:\/\/das.raumtuning.info\/index.php?rest_route=\/wp\/v2\/pages\/5231","targetHints":{"allow":["GET"]}}],"collection":[{"href":"https:\/\/das.raumtuning.info\/index.php?rest_route=\/wp\/v2\/pages"}],"about":[{"href":"https:\/\/das.raumtuning.info\/index.php?rest_route=\/wp\/v2\/types\/page"}],"author":[{"embeddable":true,"href":"https:\/\/das.raumtuning.info\/index.php?rest_route=\/wp\/v2\/users\/1"}],"replies":[{"embeddable":true,"href":"https:\/\/das.raumtuning.info\/index.php?rest_route=%2Fwp%2Fv2%2Fcomments&post=5231"}],"version-history":[{"count":5,"href":"https:\/\/das.raumtuning.info\/index.php?rest_route=\/wp\/v2\/pages\/5231\/revisions"}],"predecessor-version":[{"id":5236,"href":"https:\/\/das.raumtuning.info\/index.php?rest_route=\/wp\/v2\/pages\/5231\/revisions\/5236"}],"wp:featuredmedia":[{"embeddable":true,"href":"https:\/\/das.raumtuning.info\/index.php?rest_route=\/wp\/v2\/media\/5161"}],"wp:attachment":[{"href":"https:\/\/das.raumtuning.info\/index.php?rest_route=%2Fwp%2Fv2%2Fmedia&parent=5231"}],"curies":[{"name":"wp","href":"https:\/\/api.w.org\/{rel}","templated":true}]}}