{"id":5808,"date":"2021-09-29T20:15:35","date_gmt":"2021-09-29T18:15:35","guid":{"rendered":"https:\/\/das.raumtuning.info\/?page_id=5808"},"modified":"2021-09-29T20:15:35","modified_gmt":"2021-09-29T18:15:35","slug":"was-ist-eine-hrv-messung","status":"publish","type":"page","link":"https:\/\/das.raumtuning.info\/?page_id=5808","title":{"rendered":"Was ist eine HRV &#8211; Messung?"},"content":{"rendered":"","protected":false},"excerpt":{"rendered":"","protected":false},"author":1,"featured_media":5811,"parent":0,"menu_order":0,"comment_status":"closed","ping_status":"closed","template":"","meta":{"jetpack_post_was_ever_published":false,"footnotes":""},"class_list":["post-5808","page","type-page","status-publish","has-post-thumbnail","hentry","has-post-video"],"aioseo_notices":[],"jetpack_sharing_enabled":true,"jetpack_shortlink":"https:\/\/wp.me\/P4hjs0-1vG","jetpack-related-posts":[{"id":281,"url":"https:\/\/das.raumtuning.info\/?page_id=281","url_meta":{"origin":5808,"position":0},"title":"Entstressung","date":"30. Januar 2014","format":false,"excerpt":"Alle wollen stressfrei h\u00f6ren Im HiFi wird viel \u00fcber stressfreies H\u00f6ren philosophiert. Analoge Plattenspieler seien stressfrei, da diese nur analoge - also nat\u00fcrliche Verzerrungen bes\u00e4\u00dfen. R\u00f6hrenverst\u00e4rker w\u00fcrden stressfrei klingen, da diese bestimmte Wunder-Oberwellen erzeugen w\u00fcrden. Ein weiterer Kandidat, der als das ultimative Prinzip zum stressfreien H\u00f6ren gilt, ist der elektrostatische\u2026","rel":"","context":"Similar post","img":{"alt_text":"","src":"https:\/\/i0.wp.com\/das.raumtuning.info\/wp-content\/uploads\/2014\/01\/Tietel-Entstresung.jpg?fit=1080%2C540&ssl=1&resize=350%2C200","width":350,"height":200},"classes":[]},{"id":2335,"url":"https:\/\/das.raumtuning.info\/?page_id=2335","url_meta":{"origin":5808,"position":1},"title":"Bedienungsanleitung Ground Optimizer GO 1 und GO2 Ultra sowie GO3 Ultra","date":"11. Februar 2016","format":false,"excerpt":"Herzlichen Gl\u00fcckwunsch zum Erwerb Ihres Vortex HiFi Ground Optimizer! Sie haben eines der innovativsten HiFi-Produkte \u00fcberhaupt erworben. Der Ground Optimizer vereinigt baubiologisches Know How; High-Tech Abschirm-Technik mit den neuesten Erkenntnissen der Beeinflussung der Musikempfindung und des menschlichen Nervensystems durch Elektrosmog. Der Ground Optimizer ist unser 1. Produkt, welches die Ursache\u2026","rel":"","context":"Similar post","img":{"alt_text":"","src":"https:\/\/i0.wp.com\/das.raumtuning.info\/wp-content\/uploads\/2015\/12\/Vortex-HiFi-Ground-Optimizer.jpeg?fit=1200%2C675&ssl=1&resize=350%2C200","width":350,"height":200},"classes":[]},{"id":293,"url":"https:\/\/das.raumtuning.info\/?page_id=293","url_meta":{"origin":5808,"position":2},"title":"Strom entst\u00f6ren","date":"30. Januar 2014","format":false,"excerpt":"Warum sollten Sie sich mit Strom besch\u00e4ftigen, wenn Sie Musik genie\u00dfen wollen? Weil die Praxis zeigt, dass, wenn Sie Ihre Stromkomponenten ver\u00e4ndern, der Klang sich auch ver\u00e4ndert! Dabei werden \u00fcblicherweise sogenannte Strom-Conditioner, Filter aber auch spezielle Netzkabel und Sicherungen angeboten. Das kann schon mal 1.000 bis 10.000 Euro kosten. Allen\u2026","rel":"","context":"Similar post","img":{"alt_text":"","src":"https:\/\/i0.wp.com\/das.raumtuning.info\/wp-content\/uploads\/2014\/01\/Power-Plug-Beitragsbild-web.jpg?fit=1063%2C752&ssl=1&resize=350%2C200","width":350,"height":200},"classes":[]},{"id":289,"url":"https:\/\/das.raumtuning.info\/?page_id=289","url_meta":{"origin":5808,"position":3},"title":"Menschen entstressen","date":"30. Januar 2014","format":false,"excerpt":"Emotionen, G\u00e4nsehaut und Fu\u00dfwippen Musik bedeutet Emotionen, G\u00e4nsehaut und das unbewusste Fu\u00dfwippen. Nicht der Schall ist das Entscheidende, sondern die k\u00f6rperliche Reaktion! Man h\u00f6rt eine Frauenstimme und stellt sich sofort eine Person vor \u2013 oft sehr konkret. Musik stimuliert verschiedene Gehirnregionen - das H\u00f6ren aber eben auch zum Beispiel den\u2026","rel":"","context":"Similar post","img":{"alt_text":"Quelle: Vortex HiFi","src":"https:\/\/i0.wp.com\/das.raumtuning.info\/wp-content\/uploads\/2014\/02\/S\u00e4ngerin2-web.jpg?fit=1080%2C702&ssl=1&resize=350%2C200","width":350,"height":200},"classes":[]},{"id":230,"url":"https:\/\/das.raumtuning.info\/?page_id=230","url_meta":{"origin":5808,"position":4},"title":"Dirty Power \/ Dirty Electricity","date":"29. Januar 2014","format":false,"excerpt":"Was ist Dirty Power oder auch Dirty Electricity? Unter Dirty Power verstehen wir St\u00f6rpotentiale auf den Stromleitungen und die daraus resultierenden Beeinflussungen. Besch\u00e4ftigen wir uns mit der Problematik, die im Wesentlichen auf Prof.\u00a0Dr. Magda Havas und David Stetzer zur\u00fcckzuf\u00fchren ist, m\u00fcssen wir zwei Aspekte unterscheiden: Zum einen geht es um\u2026","rel":"","context":"Similar post","img":{"alt_text":"","src":"https:\/\/i0.wp.com\/das.raumtuning.info\/wp-content\/uploads\/2014\/02\/Klavier_Seiten_web.jpg?fit=1080%2C498&ssl=1&resize=350%2C200","width":350,"height":200},"classes":[]},{"id":372,"url":"https:\/\/das.raumtuning.info\/?page_id=372","url_meta":{"origin":5808,"position":5},"title":"Massefreier Schirm","date":"30. Januar 2014","format":false,"excerpt":"Schlechter H\u00f6ren durch Schirmung auf Masse Wie wir durch die Dirty Power Forschung von Prof. Dr. Magda Havas wissen k\u00f6nnen je nach Frequenz\u00a0 schon Oberwellen von weniger als 5 millivolt die maximale Empfehlung von 50GS Einheiten f\u00fcr die Elektrosmog-Belastung in Wohnr\u00e4umen \u00fcberschreiten. Dies bedeutet schon sehr geringe St\u00f6rungen auf der\u2026","rel":"","context":"With 2 comments","img":{"alt_text":"Quelle: Vortex HiFi","src":"https:\/\/i0.wp.com\/das.raumtuning.info\/wp-content\/uploads\/2014\/02\/Querfl\u00f6te_web.jpg?fit=1080%2C624&ssl=1&resize=350%2C200","width":350,"height":200},"classes":[]}],"_links":{"self":[{"href":"https:\/\/das.raumtuning.info\/index.php?rest_route=\/wp\/v2\/pages\/5808","targetHints":{"allow":["GET"]}}],"collection":[{"href":"https:\/\/das.raumtuning.info\/index.php?rest_route=\/wp\/v2\/pages"}],"about":[{"href":"https:\/\/das.raumtuning.info\/index.php?rest_route=\/wp\/v2\/types\/page"}],"author":[{"embeddable":true,"href":"https:\/\/das.raumtuning.info\/index.php?rest_route=\/wp\/v2\/users\/1"}],"replies":[{"embeddable":true,"href":"https:\/\/das.raumtuning.info\/index.php?rest_route=%2Fwp%2Fv2%2Fcomments&post=5808"}],"version-history":[{"count":1,"href":"https:\/\/das.raumtuning.info\/index.php?rest_route=\/wp\/v2\/pages\/5808\/revisions"}],"predecessor-version":[{"id":5813,"href":"https:\/\/das.raumtuning.info\/index.php?rest_route=\/wp\/v2\/pages\/5808\/revisions\/5813"}],"wp:featuredmedia":[{"embeddable":true,"href":"https:\/\/das.raumtuning.info\/index.php?rest_route=\/wp\/v2\/media\/5811"}],"wp:attachment":[{"href":"https:\/\/das.raumtuning.info\/index.php?rest_route=%2Fwp%2Fv2%2Fmedia&parent=5808"}],"curies":[{"name":"wp","href":"https:\/\/api.w.org\/{rel}","templated":true}]}}