{"id":5816,"date":"2021-09-21T12:53:40","date_gmt":"2021-09-21T10:53:40","guid":{"rendered":"https:\/\/das.raumtuning.info\/?page_id=5816"},"modified":"2021-09-21T12:53:40","modified_gmt":"2021-09-21T10:53:40","slug":"was-ist-ein-kraft-und-koordinationstest","status":"publish","type":"page","link":"https:\/\/das.raumtuning.info\/?page_id=5816","title":{"rendered":"Was ist ein Kraft &#8211; und Koordinationstest?"},"content":{"rendered":"","protected":false},"excerpt":{"rendered":"","protected":false},"author":1,"featured_media":5819,"parent":0,"menu_order":0,"comment_status":"closed","ping_status":"closed","template":"","meta":{"jetpack_post_was_ever_published":false,"footnotes":""},"class_list":["post-5816","page","type-page","status-publish","has-post-thumbnail","hentry","has-post-video"],"aioseo_notices":[],"jetpack_sharing_enabled":true,"jetpack_shortlink":"https:\/\/wp.me\/P4hjs0-1vO","jetpack-related-posts":[{"id":5231,"url":"https:\/\/das.raumtuning.info\/?page_id=5231","url_meta":{"origin":5816,"position":0},"title":"Ausphasen Stromstecker","date":"19. Oktober 2020","format":false,"excerpt":"Ausphasen der Stromstecker bei Vortex HiFi bedeutet den gekennzeichneten Steckkontakt auf Phase der Netzsteckdose zu stecken. Der Steckkontakt der auf die Phase gesteckt werden muss ist mit einem \"V\" gekennzeichnet. Dabei muss als erstes der Steckkontakt der Steckdose ermittelt werden, der die Phase ist. Dazu verwenden Sie einen Phasenpr\u00fcfer, um\u2026","rel":"","context":"Similar post","img":{"alt_text":"","src":"https:\/\/i0.wp.com\/das.raumtuning.info\/wp-content\/uploads\/2020\/07\/GOP-3-mit-rotem-Pfeil.jpg?fit=1195%2C1200&ssl=1&resize=350%2C200","width":350,"height":200},"classes":[]},{"id":4480,"url":"https:\/\/das.raumtuning.info\/?page_id=4480","url_meta":{"origin":5816,"position":1},"title":"Produktvideos \/ Anleitungen","date":"6. M\u00e4rz 2019","format":false,"excerpt":"Infovideos zum Thema Blut und Oszillation Alignement Eines der zentralen Probleme - wenn nicht das zentrale Problem \u2013 in Verbindung mit elektromagnetischen Wellen und Feldern, welche auf den Menschen wirken, ist das diese die roten Blutk\u00f6rper verkleben und so das Blut dickfl\u00fcssigen machen. Dies hat nicht nur f\u00fcr das H\u00f6ren\u2026","rel":"","context":"Similar post","img":{"alt_text":"","src":"https:\/\/i0.wp.com\/das.raumtuning.info\/wp-content\/uploads\/2020\/04\/Bildschirmfoto-2020-04-29-um-10.52.13.png?fit=1200%2C672&ssl=1&resize=350%2C200","width":350,"height":200},"classes":[]},{"id":4832,"url":"https:\/\/das.raumtuning.info\/?page_id=4832","url_meta":{"origin":5816,"position":2},"title":"Bedienungsanleitung Vortex HiFi Hochfrequenz Optimizer (HFO)","date":"18. M\u00e4rz 2020","format":false,"excerpt":"Vortex HiFi Hochfrequenz Optimiser Set Sigma (HFO-Sigma Set) Bedienungsanleitung Hochfrequenz Optimizer (HFO) Set Vielen Dank f\u00fcr den Kauf des HFO -Sets. Die Bedienungsanleitung gilt f\u00fcr den HFO -Sigma, HFO-Diamant+ und dem HFO-PI+. Sie haben eines der innovativsten Produkte im Bereich Wellness und HiFi erworben. Ziel: Ziel der HFO- Sets ist\u2026","rel":"","context":"Similar post","img":{"alt_text":"","src":"https:\/\/i0.wp.com\/das.raumtuning.info\/wp-content\/uploads\/2020\/03\/vortex-hifi-hfo-sigma-optimizer-set-varbild-29223.jpg?resize=350%2C200&ssl=1","width":350,"height":200},"classes":[]},{"id":10,"url":"https:\/\/das.raumtuning.info\/","url_meta":{"origin":5816,"position":3},"title":"Home","date":"12. Dezember 2013","format":false,"excerpt":"Musik h\u00f6ren war gestern... ... Musik empfinden ist heute! - Vortex HiFi \u00a0 \u00a0 \u00a0 \u00a0 Die Vortex HiFi Forschung stellt immer wieder die (HiFi)-Welt auf den Kopf. Technische Ger\u00e4te wie Handys, Laptops, Computer oder Router, die das Musikh\u00f6ren bisher stark verschlechtert haben, f\u00f6rdern nun den Klang durch neue Vortex\u2026","rel":"","context":"Similar post","img":{"alt_text":"","src":"https:\/\/i0.wp.com\/das.raumtuning.info\/wp-content\/uploads\/2014\/01\/Blut-in-nat\u00fcrlicher-Umwelt-rot2.png?resize=350%2C200","width":350,"height":200},"classes":[]},{"id":6790,"url":"https:\/\/das.raumtuning.info\/?page_id=6790","url_meta":{"origin":5816,"position":4},"title":"Musik, Emotionen und Stress das Interview","date":"29. M\u00e4rz 2023","format":false,"excerpt":"Musik, Emotionen und Stress\u00a0von Marco Kolks, H\u00f6rerlebnis Ein Interview mit Norbert Maurer \u00fcber die neuen Ground Optimizer von Vortex HiFi H\u00f6rerlebnis hat die neuen Ground Optimizer der 2. Generation von Vortex HiFi getestet und war \u00fcberrascht, wie gro\u00df der Unterschied zur ersten Generation ist. Grunds\u00e4tzlich reduziert der Ground Optimizer niederfrequente\u2026","rel":"","context":"Similar post","img":{"alt_text":"","src":"https:\/\/i0.wp.com\/das.raumtuning.info\/wp-content\/uploads\/2023\/03\/Cover-Ground-Optimizer-MKII-Head.jpg?fit=1200%2C595&ssl=1&resize=350%2C200","width":350,"height":200},"classes":[]},{"id":1971,"url":"https:\/\/das.raumtuning.info\/?page_id=1971","url_meta":{"origin":5816,"position":5},"title":"Obsidian &#8211; Vulkanglas","date":"23. Juni 2015","format":false,"excerpt":"Obsidian - ein kraftvolles Geschenk der Natur f\u00fcr au\u00dfergew\u00f6hnliche, musikalische Momente Die Obsidiane sind die Tr\u00e4ger unserer Dualen Information zu Entst\u00f6rung und Entstressung und so ein zentrales Glied der Vortex HiFi Techniken. Was ist Obsidian Mineralogisch? Obsidian in ein nat\u00fcrlich vorkommendes Gesteinsglas. Obsidian entsteht bei der raschen Abk\u00fchlung von Lava.\u2026","rel":"","context":"Similar post","img":{"alt_text":"","src":"https:\/\/i0.wp.com\/das.raumtuning.info\/wp-content\/uploads\/2015\/06\/placeholder.png.png?fit=560%2C315&ssl=1&resize=350%2C200","width":350,"height":200},"classes":[]}],"_links":{"self":[{"href":"https:\/\/das.raumtuning.info\/index.php?rest_route=\/wp\/v2\/pages\/5816","targetHints":{"allow":["GET"]}}],"collection":[{"href":"https:\/\/das.raumtuning.info\/index.php?rest_route=\/wp\/v2\/pages"}],"about":[{"href":"https:\/\/das.raumtuning.info\/index.php?rest_route=\/wp\/v2\/types\/page"}],"author":[{"embeddable":true,"href":"https:\/\/das.raumtuning.info\/index.php?rest_route=\/wp\/v2\/users\/1"}],"replies":[{"embeddable":true,"href":"https:\/\/das.raumtuning.info\/index.php?rest_route=%2Fwp%2Fv2%2Fcomments&post=5816"}],"version-history":[{"count":1,"href":"https:\/\/das.raumtuning.info\/index.php?rest_route=\/wp\/v2\/pages\/5816\/revisions"}],"predecessor-version":[{"id":5820,"href":"https:\/\/das.raumtuning.info\/index.php?rest_route=\/wp\/v2\/pages\/5816\/revisions\/5820"}],"wp:featuredmedia":[{"embeddable":true,"href":"https:\/\/das.raumtuning.info\/index.php?rest_route=\/wp\/v2\/media\/5819"}],"wp:attachment":[{"href":"https:\/\/das.raumtuning.info\/index.php?rest_route=%2Fwp%2Fv2%2Fmedia&parent=5816"}],"curies":[{"name":"wp","href":"https:\/\/api.w.org\/{rel}","templated":true}]}}