{"id":5821,"date":"2021-09-21T12:57:36","date_gmt":"2021-09-21T10:57:36","guid":{"rendered":"https:\/\/das.raumtuning.info\/?page_id=5821"},"modified":"2021-09-21T12:57:36","modified_gmt":"2021-09-21T10:57:36","slug":"was-ist-biologisch-relevant","status":"publish","type":"page","link":"https:\/\/das.raumtuning.info\/?page_id=5821","title":{"rendered":"Was ist biologisch relevant?"},"content":{"rendered":"","protected":false},"excerpt":{"rendered":"","protected":false},"author":1,"featured_media":5822,"parent":0,"menu_order":0,"comment_status":"closed","ping_status":"closed","template":"","meta":{"jetpack_post_was_ever_published":false,"footnotes":""},"class_list":["post-5821","page","type-page","status-publish","has-post-thumbnail","hentry","has-post-video"],"aioseo_notices":[],"jetpack_sharing_enabled":true,"jetpack_shortlink":"https:\/\/wp.me\/P4hjs0-1vT","jetpack-related-posts":[{"id":313,"url":"https:\/\/das.raumtuning.info\/?page_id=313","url_meta":{"origin":5821,"position":0},"title":"Prof.Dr.Ing. Konstantin Meyl","date":"30. Januar 2014","format":false,"excerpt":"Hier haben wir die f\u00fcr die HiFi-Technik grundlegenden Aussagen aus der erweiterten Physik Meyl\u00b4s aus seinen Ver\u00f6ffentlichungen zusammengefasst. Eine Kurze Abhandlung seiner Theorie finden sie unten. \u201eNeben den transversalen elektromagnetischen Wellen nach Heinrich Hertz, gibt es auch sich longitudinal ausbreitende Wellen nach Tesla.\u201c Diese Annahme ist grundlegend f\u00fcr die Erkl\u00e4rung\u2026","rel":"","context":"Similar post","img":{"alt_text":"Quelle: Vortex HiFi","src":"https:\/\/i0.wp.com\/das.raumtuning.info\/wp-content\/uploads\/2014\/02\/Trommel_web.jpg?fit=1080%2C719&ssl=1&resize=350%2C200","width":350,"height":200},"classes":[]},{"id":239,"url":"https:\/\/das.raumtuning.info\/?page_id=239","url_meta":{"origin":5821,"position":1},"title":"Elektrosmog und H\u00f6ren","date":"29. Januar 2014","format":false,"excerpt":"In der Diskussion \u00fcber Beeinflussungen durch Elektrosmog ist zwischen wissenschaftlichen Erkenntnissen und Empirie zu unterscheiden. Wissenschaftliche Erkenntnisse Es ist schon erstaunlich, dass hierzulande Tausende Mediziner Appelle gegen gepulste Mikrowellenstrahlung unterschreiben, weil ihre Patienten darunter gesundheitlich leiden.\u00a0 Allein der Freiburger- Appell von \u00c4rzten wurde von ca. 40.000 Personen unterschrieben. Leider f\u00e4llt\u2026","rel":"","context":"Similar post","img":{"alt_text":"Quelle: Vortex HiFi","src":"https:\/\/i0.wp.com\/das.raumtuning.info\/wp-content\/uploads\/2014\/02\/Klavier_Hammer_web.jpg?fit=1080%2C550&ssl=1&resize=350%2C200","width":350,"height":200},"classes":[]},{"id":277,"url":"https:\/\/das.raumtuning.info\/?page_id=277","url_meta":{"origin":5821,"position":2},"title":"Informierung","date":"30. Januar 2014","format":false,"excerpt":"\u00a0Was ist Informierung und wie nutzen wir diese f\u00fcr Ihr H\u00f6rerlebnis? Informationen, so wie wir diese verstehen, sind Strukturen, welche physikalische und\/oder biologische Reaktionen hervorrufen. Es ist ein Schl\u00fcssel-Schloss-Prinzip. Die Vorg\u00e4nge zum Beispiel im Menschen werden durch Kommunikation hervorgerufen. Eine Zelle sagt der N\u00e4chsten, was diese zu tun hat. Dazu\u2026","rel":"","context":"Similar post","img":{"alt_text":"Quelle: Vortex HiFi","src":"https:\/\/i0.wp.com\/das.raumtuning.info\/wp-content\/uploads\/2014\/02\/Rassel_web.jpg?fit=1080%2C717&ssl=1&resize=350%2C200","width":350,"height":200},"classes":[]},{"id":283,"url":"https:\/\/das.raumtuning.info\/?page_id=283","url_meta":{"origin":5821,"position":3},"title":"Entst\u00f6rung","date":"30. Januar 2014","format":false,"excerpt":"Unter Entst\u00f6rung verstehen wir die Reduzierung von physikalischen St\u00f6rquellen durch Entst\u00f6rma\u00dfnahmen. Dies k\u00f6nnen statische Magnetfelder sein, die vom Erdmagnetfeld abweichen. Dies k\u00f6nnen magnetische oder elektrische Wechselfelder sein. Dies k\u00f6nnen aber auch elektromagnetische Wellen oder Wirbel sein. Alle diese elektrischen, magnetischen oder elektromagnetischen Felder stehen in dem begr\u00fcndeten Verdacht, Vorg\u00e4nge im\u2026","rel":"","context":"Similar post","img":{"alt_text":"","src":"https:\/\/i0.wp.com\/das.raumtuning.info\/wp-content\/uploads\/2014\/01\/Titel-Entst\u00f6rung1.jpg?fit=1080%2C496&ssl=1&resize=350%2C200","width":350,"height":200},"classes":[]},{"id":245,"url":"https:\/\/das.raumtuning.info\/?page_id=245","url_meta":{"origin":5821,"position":4},"title":"A.I.O. Entst\u00f6rung","date":"29. Januar 2014","format":false,"excerpt":"A.I.O. - das all in one - Konzept A.I.O. steht f\u00fcr \"all-in-one\". Hierbei war es erstmals mit \u00fcberschaubarem Aufwand m\u00f6glich, Informationen sowohl f\u00fcr eine Entst\u00f6rung von Feldanomalien, eine Information gegen Stress im Menschen und ein bipolares Feld auf ein Objekt aufzubringen. Diese einmalige Technik ist ein Meilenstein sowohl in der\u2026","rel":"","context":"Similar post","img":{"alt_text":"Quelle: Vortex HiFi","src":"https:\/\/i0.wp.com\/das.raumtuning.info\/wp-content\/uploads\/2014\/02\/marimbaphon.jpg?fit=1080%2C529&ssl=1&resize=350%2C200","width":350,"height":200},"classes":[]},{"id":2169,"url":"https:\/\/das.raumtuning.info\/?page_id=2169","url_meta":{"origin":5821,"position":5},"title":"Ground Optimizer","date":"9. Dezember 2015","format":false,"excerpt":"F\u00fcr einen sauberen Klang braucht es eine saubere Masse. Der Ground Optimizer ist Ihr M\u00fclleimer f\u00fcr Massest\u00f6rungen. Die Masse eines Ger\u00e4tes ist gleichzeitig M\u00fcllplatz und K\u00fcchentisch f\u00fcr die Zubereitung Ihres Gourmetklangs. Das kann nicht funktionieren! Massest\u00f6rungen sind elementar f\u00fcr den Klang Die Forderung lautet also, die Massest\u00f6rungen soweit wie irgend\u2026","rel":"","context":"Similar post","img":{"alt_text":"","src":"https:\/\/i0.wp.com\/das.raumtuning.info\/wp-content\/uploads\/2015\/12\/iStock_000012046846_Large.jpg?fit=1200%2C803&ssl=1&resize=350%2C200","width":350,"height":200},"classes":[]}],"_links":{"self":[{"href":"https:\/\/das.raumtuning.info\/index.php?rest_route=\/wp\/v2\/pages\/5821","targetHints":{"allow":["GET"]}}],"collection":[{"href":"https:\/\/das.raumtuning.info\/index.php?rest_route=\/wp\/v2\/pages"}],"about":[{"href":"https:\/\/das.raumtuning.info\/index.php?rest_route=\/wp\/v2\/types\/page"}],"author":[{"embeddable":true,"href":"https:\/\/das.raumtuning.info\/index.php?rest_route=\/wp\/v2\/users\/1"}],"replies":[{"embeddable":true,"href":"https:\/\/das.raumtuning.info\/index.php?rest_route=%2Fwp%2Fv2%2Fcomments&post=5821"}],"version-history":[{"count":2,"href":"https:\/\/das.raumtuning.info\/index.php?rest_route=\/wp\/v2\/pages\/5821\/revisions"}],"predecessor-version":[{"id":5824,"href":"https:\/\/das.raumtuning.info\/index.php?rest_route=\/wp\/v2\/pages\/5821\/revisions\/5824"}],"wp:featuredmedia":[{"embeddable":true,"href":"https:\/\/das.raumtuning.info\/index.php?rest_route=\/wp\/v2\/media\/5822"}],"wp:attachment":[{"href":"https:\/\/das.raumtuning.info\/index.php?rest_route=%2Fwp%2Fv2%2Fmedia&parent=5821"}],"curies":[{"name":"wp","href":"https:\/\/api.w.org\/{rel}","templated":true}]}}