{"id":5826,"date":"2021-09-21T12:59:10","date_gmt":"2021-09-21T10:59:10","guid":{"rendered":"https:\/\/das.raumtuning.info\/?page_id=5826"},"modified":"2021-09-23T20:59:44","modified_gmt":"2021-09-23T18:59:44","slug":"was-ist-ein-kinesiologischer-test","status":"publish","type":"page","link":"https:\/\/das.raumtuning.info\/?page_id=5826","title":{"rendered":"Was ist ein kinesiologischer Test?"},"content":{"rendered":"","protected":false},"excerpt":{"rendered":"","protected":false},"author":1,"featured_media":5841,"parent":0,"menu_order":0,"comment_status":"closed","ping_status":"closed","template":"","meta":{"jetpack_post_was_ever_published":false,"footnotes":""},"class_list":["post-5826","page","type-page","status-publish","has-post-thumbnail","hentry","has-post-video"],"aioseo_notices":[],"jetpack_sharing_enabled":true,"jetpack_shortlink":"https:\/\/wp.me\/P4hjs0-1vY","jetpack-related-posts":[{"id":7155,"url":"https:\/\/das.raumtuning.info\/?page_id=7155","url_meta":{"origin":5826,"position":0},"title":"Produkte Men\u00fc","date":"9. Januar 2024","format":false,"excerpt":"Nano Diamant Kontakt - \u00d6l Daniel Pla\u00dfmann HIFI Today: \"Was f\u00fcr eine Wunder-Tinktur! Einfach unglaublich!\" HiFi.NL Test Mit 5 von 5 Sternen ist unser Kontakt -\u00d6l das beste auf HiFi.NL getestete Produkt! Hier klicken A.I.O. Entst\u00f6rprodukte Frank Wacker, HIFI Today: Und wie klang\u00b4s? Gigantisch. A.I.O. Entst\u00f6renden Frank Wacker, HiFiToday: Unterm\u2026","rel":"","context":"Similar post","img":{"alt_text":"","src":"https:\/\/i0.wp.com\/das.raumtuning.info\/wp-content\/uploads\/2024\/01\/Surface-Optimizer-1024x1024.png?resize=350%2C200","width":350,"height":200},"classes":[]},{"id":10,"url":"https:\/\/das.raumtuning.info\/","url_meta":{"origin":5826,"position":1},"title":"Home","date":"12. Dezember 2013","format":false,"excerpt":"Musik h\u00f6ren war gestern... ... Musik empfinden ist heute! - Vortex HiFi \u00a0 \u00a0 \u00a0 \u00a0 Die Vortex HiFi Forschung stellt immer wieder die (HiFi)-Welt auf den Kopf. Technische Ger\u00e4te wie Handys, Laptops, Computer oder Router, die das Musikh\u00f6ren bisher stark verschlechtert haben, f\u00f6rdern nun den Klang durch neue Vortex\u2026","rel":"","context":"Similar post","img":{"alt_text":"","src":"https:\/\/i0.wp.com\/das.raumtuning.info\/wp-content\/uploads\/2014\/01\/Blut-in-nat\u00fcrlicher-Umwelt-rot2.png?resize=350%2C200","width":350,"height":200},"classes":[]},{"id":372,"url":"https:\/\/das.raumtuning.info\/?page_id=372","url_meta":{"origin":5826,"position":2},"title":"Massefreier Schirm","date":"30. Januar 2014","format":false,"excerpt":"Schlechter H\u00f6ren durch Schirmung auf Masse Wie wir durch die Dirty Power Forschung von Prof. Dr. Magda Havas wissen k\u00f6nnen je nach Frequenz\u00a0 schon Oberwellen von weniger als 5 millivolt die maximale Empfehlung von 50GS Einheiten f\u00fcr die Elektrosmog-Belastung in Wohnr\u00e4umen \u00fcberschreiten. Dies bedeutet schon sehr geringe St\u00f6rungen auf der\u2026","rel":"","context":"With 2 comments","img":{"alt_text":"Quelle: Vortex HiFi","src":"https:\/\/i0.wp.com\/das.raumtuning.info\/wp-content\/uploads\/2014\/02\/Querfl\u00f6te_web.jpg?fit=1080%2C624&ssl=1&resize=350%2C200","width":350,"height":200},"classes":[]},{"id":4480,"url":"https:\/\/das.raumtuning.info\/?page_id=4480","url_meta":{"origin":5826,"position":3},"title":"Produktvideos \/ Anleitungen","date":"6. M\u00e4rz 2019","format":false,"excerpt":"Infovideos zum Thema Blut und Oszillation Alignement Eines der zentralen Probleme - wenn nicht das zentrale Problem \u2013 in Verbindung mit elektromagnetischen Wellen und Feldern, welche auf den Menschen wirken, ist das diese die roten Blutk\u00f6rper verkleben und so das Blut dickfl\u00fcssigen machen. Dies hat nicht nur f\u00fcr das H\u00f6ren\u2026","rel":"","context":"Similar post","img":{"alt_text":"","src":"https:\/\/i0.wp.com\/das.raumtuning.info\/wp-content\/uploads\/2020\/04\/Bildschirmfoto-2020-04-29-um-10.52.13.png?fit=1200%2C672&ssl=1&resize=350%2C200","width":350,"height":200},"classes":[]},{"id":1571,"url":"https:\/\/das.raumtuning.info\/?page_id=1571","url_meta":{"origin":5826,"position":4},"title":"Presse\/Kundenmeinungen","date":"18. Oktober 2014","format":false,"excerpt":"Vortex HiFi denkt anders. Wir haben andere Erkenntnisse \u00fcber das H\u00f6ren von Musik. Wir haben daher andere Ziele. Wir haben andere Techniken welche eben echte Innovationen sind. Wir haben so auch andere Produkte mit denen man erst lernen mu\u00df umzugehen. Vielen aus der Branche macht das Angst, da Sie sich\u2026","rel":"","context":"Similar post","img":{"alt_text":"","src":"https:\/\/i0.wp.com\/das.raumtuning.info\/wp-content\/uploads\/2014\/10\/Vortex-HiFi-Energetisches-Zubeh\u00f6r-logo.jpg?fit=1080%2C405&ssl=1&resize=350%2C200","width":350,"height":200},"classes":[]},{"id":267,"url":"https:\/\/das.raumtuning.info\/?page_id=267","url_meta":{"origin":5826,"position":5},"title":"Nano Shield Plugs","date":"29. Januar 2014","format":false,"excerpt":"Die Vortex HiFi Nano Shield Plug\u00b4s jetzt in 3 Qualit\u00e4tsstufen. Vorteile: Massefreier und damit quellenfreier Schirm Einzigartiges Nanopartikel Schirmmaterial mit einer Schirmwirkung bis zu sagenhaften 40GHz Schirmmaterial mit Absorbtionswirkung Schirmmaterial mit Potentialwirbel-Reduzierung A.I.O. - Halbedelstein zur Entst\u00f6rung und Entstressung Resonanzd\u00e4mpfende Konstruktion Bei den P.I. - Plugs werden zus\u00e4tzlich 11 verschidene\u2026","rel":"","context":"Similar post","img":{"alt_text":"","src":"https:\/\/i0.wp.com\/das.raumtuning.info\/wp-content\/uploads\/2014\/01\/Power-Plug-Beitragsbild-web.jpg?fit=1063%2C752&ssl=1&resize=350%2C200","width":350,"height":200},"classes":[]}],"_links":{"self":[{"href":"https:\/\/das.raumtuning.info\/index.php?rest_route=\/wp\/v2\/pages\/5826","targetHints":{"allow":["GET"]}}],"collection":[{"href":"https:\/\/das.raumtuning.info\/index.php?rest_route=\/wp\/v2\/pages"}],"about":[{"href":"https:\/\/das.raumtuning.info\/index.php?rest_route=\/wp\/v2\/types\/page"}],"author":[{"embeddable":true,"href":"https:\/\/das.raumtuning.info\/index.php?rest_route=\/wp\/v2\/users\/1"}],"replies":[{"embeddable":true,"href":"https:\/\/das.raumtuning.info\/index.php?rest_route=%2Fwp%2Fv2%2Fcomments&post=5826"}],"version-history":[{"count":2,"href":"https:\/\/das.raumtuning.info\/index.php?rest_route=\/wp\/v2\/pages\/5826\/revisions"}],"predecessor-version":[{"id":5842,"href":"https:\/\/das.raumtuning.info\/index.php?rest_route=\/wp\/v2\/pages\/5826\/revisions\/5842"}],"wp:featuredmedia":[{"embeddable":true,"href":"https:\/\/das.raumtuning.info\/index.php?rest_route=\/wp\/v2\/media\/5841"}],"wp:attachment":[{"href":"https:\/\/das.raumtuning.info\/index.php?rest_route=%2Fwp%2Fv2%2Fmedia&parent=5826"}],"curies":[{"name":"wp","href":"https:\/\/api.w.org\/{rel}","templated":true}]}}