{"id":5828,"date":"2021-09-21T13:01:10","date_gmt":"2021-09-21T11:01:10","guid":{"rendered":"https:\/\/das.raumtuning.info\/?page_id=5828"},"modified":"2021-10-03T17:38:00","modified_gmt":"2021-10-03T15:38:00","slug":"was-ist-ein-geldrolleneffekt-bluttest","status":"publish","type":"page","link":"https:\/\/das.raumtuning.info\/?page_id=5828","title":{"rendered":"Was ist ein Geldrolleneffekt &#8211; Bluttest?"},"content":{"rendered":"<p><img fetchpriority=\"high\" decoding=\"async\" data-attachment-id=\"5890\" data-permalink=\"https:\/\/das.raumtuning.info\/?attachment_id=5890\" data-orig-file=\"https:\/\/i0.wp.com\/das.raumtuning.info\/wp-content\/uploads\/2021\/10\/0-Perfekt.jpeg?fit=1920%2C1080&amp;ssl=1\" data-orig-size=\"1920,1080\" data-comments-opened=\"1\" data-image-meta=\"{&quot;aperture&quot;:&quot;3.5&quot;,&quot;credit&quot;:&quot;&quot;,&quot;camera&quot;:&quot;FHD Camera&quot;,&quot;caption&quot;:&quot;&quot;,&quot;created_timestamp&quot;:&quot;&quot;,&quot;copyright&quot;:&quot;&quot;,&quot;focal_length&quot;:&quot;18&quot;,&quot;iso&quot;:&quot;100&quot;,&quot;shutter_speed&quot;:&quot;0.013&quot;,&quot;title&quot;:&quot;&quot;,&quot;orientation&quot;:&quot;1&quot;}\" data-image-title=\"0-Perfekt\" data-image-description=\"\" data-image-caption=\"\" data-medium-file=\"https:\/\/i0.wp.com\/das.raumtuning.info\/wp-content\/uploads\/2021\/10\/0-Perfekt.jpeg?fit=300%2C169&amp;ssl=1\" data-large-file=\"https:\/\/i0.wp.com\/das.raumtuning.info\/wp-content\/uploads\/2021\/10\/0-Perfekt.jpeg?fit=640%2C360&amp;ssl=1\" class=\"alignnone size-medium wp-image-5890\" src=\"https:\/\/i0.wp.com\/das.raumtuning.info\/wp-content\/uploads\/2021\/10\/0-Perfekt.jpeg?resize=300%2C169\" alt=\"\" width=\"300\" height=\"169\" srcset=\"https:\/\/i0.wp.com\/das.raumtuning.info\/wp-content\/uploads\/2021\/10\/0-Perfekt.jpeg?resize=300%2C169&amp;ssl=1 300w, https:\/\/i0.wp.com\/das.raumtuning.info\/wp-content\/uploads\/2021\/10\/0-Perfekt.jpeg?resize=1024%2C576&amp;ssl=1 1024w, https:\/\/i0.wp.com\/das.raumtuning.info\/wp-content\/uploads\/2021\/10\/0-Perfekt.jpeg?resize=150%2C84&amp;ssl=1 150w, https:\/\/i0.wp.com\/das.raumtuning.info\/wp-content\/uploads\/2021\/10\/0-Perfekt.jpeg?resize=768%2C432&amp;ssl=1 768w, https:\/\/i0.wp.com\/das.raumtuning.info\/wp-content\/uploads\/2021\/10\/0-Perfekt.jpeg?resize=1536%2C864&amp;ssl=1 1536w, https:\/\/i0.wp.com\/das.raumtuning.info\/wp-content\/uploads\/2021\/10\/0-Perfekt.jpeg?resize=480%2C270&amp;ssl=1 480w, https:\/\/i0.wp.com\/das.raumtuning.info\/wp-content\/uploads\/2021\/10\/0-Perfekt.jpeg?w=1920&amp;ssl=1 1920w, https:\/\/i0.wp.com\/das.raumtuning.info\/wp-content\/uploads\/2021\/10\/0-Perfekt.jpeg?w=1280 1280w\" sizes=\"(max-width: 300px) 100vw, 300px\" data-recalc-dims=\"1\" \/><\/p>\n<p>&nbsp;<\/p>\n<p><img decoding=\"async\" data-attachment-id=\"5889\" data-permalink=\"https:\/\/das.raumtuning.info\/?attachment_id=5889\" data-orig-file=\"https:\/\/i0.wp.com\/das.raumtuning.info\/wp-content\/uploads\/2021\/10\/1-Gut.jpeg?fit=1920%2C1080&amp;ssl=1\" data-orig-size=\"1920,1080\" data-comments-opened=\"1\" data-image-meta=\"{&quot;aperture&quot;:&quot;3.5&quot;,&quot;credit&quot;:&quot;&quot;,&quot;camera&quot;:&quot;FHD Camera&quot;,&quot;caption&quot;:&quot;&quot;,&quot;created_timestamp&quot;:&quot;&quot;,&quot;copyright&quot;:&quot;&quot;,&quot;focal_length&quot;:&quot;18&quot;,&quot;iso&quot;:&quot;100&quot;,&quot;shutter_speed&quot;:&quot;0.014&quot;,&quot;title&quot;:&quot;&quot;,&quot;orientation&quot;:&quot;1&quot;}\" data-image-title=\"1-Gut\" data-image-description=\"\" data-image-caption=\"\" data-medium-file=\"https:\/\/i0.wp.com\/das.raumtuning.info\/wp-content\/uploads\/2021\/10\/1-Gut.jpeg?fit=300%2C169&amp;ssl=1\" data-large-file=\"https:\/\/i0.wp.com\/das.raumtuning.info\/wp-content\/uploads\/2021\/10\/1-Gut.jpeg?fit=640%2C360&amp;ssl=1\" class=\"alignnone size-medium wp-image-5889\" src=\"https:\/\/i0.wp.com\/das.raumtuning.info\/wp-content\/uploads\/2021\/10\/1-Gut.jpeg?resize=300%2C169\" alt=\"\" width=\"300\" height=\"169\" srcset=\"https:\/\/i0.wp.com\/das.raumtuning.info\/wp-content\/uploads\/2021\/10\/1-Gut.jpeg?resize=300%2C169&amp;ssl=1 300w, https:\/\/i0.wp.com\/das.raumtuning.info\/wp-content\/uploads\/2021\/10\/1-Gut.jpeg?resize=1024%2C576&amp;ssl=1 1024w, https:\/\/i0.wp.com\/das.raumtuning.info\/wp-content\/uploads\/2021\/10\/1-Gut.jpeg?resize=150%2C84&amp;ssl=1 150w, https:\/\/i0.wp.com\/das.raumtuning.info\/wp-content\/uploads\/2021\/10\/1-Gut.jpeg?resize=768%2C432&amp;ssl=1 768w, https:\/\/i0.wp.com\/das.raumtuning.info\/wp-content\/uploads\/2021\/10\/1-Gut.jpeg?resize=1536%2C864&amp;ssl=1 1536w, https:\/\/i0.wp.com\/das.raumtuning.info\/wp-content\/uploads\/2021\/10\/1-Gut.jpeg?resize=480%2C270&amp;ssl=1 480w, https:\/\/i0.wp.com\/das.raumtuning.info\/wp-content\/uploads\/2021\/10\/1-Gut.jpeg?w=1920&amp;ssl=1 1920w, https:\/\/i0.wp.com\/das.raumtuning.info\/wp-content\/uploads\/2021\/10\/1-Gut.jpeg?w=1280 1280w\" sizes=\"(max-width: 300px) 100vw, 300px\" data-recalc-dims=\"1\" \/><\/p>\n<p>&nbsp;<\/p>\n<p><img decoding=\"async\" data-attachment-id=\"5891\" data-permalink=\"https:\/\/das.raumtuning.info\/?attachment_id=5891\" data-orig-file=\"https:\/\/i0.wp.com\/das.raumtuning.info\/wp-content\/uploads\/2021\/10\/3-Weniger-gut.jpg?fit=1920%2C1080&amp;ssl=1\" data-orig-size=\"1920,1080\" data-comments-opened=\"1\" data-image-meta=\"{&quot;aperture&quot;:&quot;3.5&quot;,&quot;credit&quot;:&quot;&quot;,&quot;camera&quot;:&quot;FHD Camera&quot;,&quot;caption&quot;:&quot;&quot;,&quot;created_timestamp&quot;:&quot;&quot;,&quot;copyright&quot;:&quot;&quot;,&quot;focal_length&quot;:&quot;18&quot;,&quot;iso&quot;:&quot;100&quot;,&quot;shutter_speed&quot;:&quot;0.015&quot;,&quot;title&quot;:&quot;&quot;,&quot;orientation&quot;:&quot;1&quot;}\" data-image-title=\"3- Weniger gut\" data-image-description=\"\" data-image-caption=\"\" data-medium-file=\"https:\/\/i0.wp.com\/das.raumtuning.info\/wp-content\/uploads\/2021\/10\/3-Weniger-gut.jpg?fit=300%2C169&amp;ssl=1\" data-large-file=\"https:\/\/i0.wp.com\/das.raumtuning.info\/wp-content\/uploads\/2021\/10\/3-Weniger-gut.jpg?fit=640%2C360&amp;ssl=1\" class=\"alignnone size-medium wp-image-5891\" src=\"https:\/\/i0.wp.com\/das.raumtuning.info\/wp-content\/uploads\/2021\/10\/3-Weniger-gut.jpg?resize=300%2C169\" alt=\"\" width=\"300\" height=\"169\" srcset=\"https:\/\/i0.wp.com\/das.raumtuning.info\/wp-content\/uploads\/2021\/10\/3-Weniger-gut.jpg?resize=300%2C169&amp;ssl=1 300w, https:\/\/i0.wp.com\/das.raumtuning.info\/wp-content\/uploads\/2021\/10\/3-Weniger-gut.jpg?resize=1024%2C576&amp;ssl=1 1024w, https:\/\/i0.wp.com\/das.raumtuning.info\/wp-content\/uploads\/2021\/10\/3-Weniger-gut.jpg?resize=150%2C84&amp;ssl=1 150w, https:\/\/i0.wp.com\/das.raumtuning.info\/wp-content\/uploads\/2021\/10\/3-Weniger-gut.jpg?resize=768%2C432&amp;ssl=1 768w, https:\/\/i0.wp.com\/das.raumtuning.info\/wp-content\/uploads\/2021\/10\/3-Weniger-gut.jpg?resize=1536%2C864&amp;ssl=1 1536w, https:\/\/i0.wp.com\/das.raumtuning.info\/wp-content\/uploads\/2021\/10\/3-Weniger-gut.jpg?resize=480%2C270&amp;ssl=1 480w, https:\/\/i0.wp.com\/das.raumtuning.info\/wp-content\/uploads\/2021\/10\/3-Weniger-gut.jpg?w=1920&amp;ssl=1 1920w, https:\/\/i0.wp.com\/das.raumtuning.info\/wp-content\/uploads\/2021\/10\/3-Weniger-gut.jpg?w=1280 1280w\" sizes=\"(max-width: 300px) 100vw, 300px\" data-recalc-dims=\"1\" \/><\/p>\n<p>&nbsp;<\/p>\n<p><img loading=\"lazy\" decoding=\"async\" data-attachment-id=\"5894\" data-permalink=\"https:\/\/das.raumtuning.info\/?attachment_id=5894\" data-orig-file=\"https:\/\/i0.wp.com\/das.raumtuning.info\/wp-content\/uploads\/2021\/10\/3-Nicht-so-gut.jpeg?fit=1920%2C1080&amp;ssl=1\" data-orig-size=\"1920,1080\" data-comments-opened=\"1\" data-image-meta=\"{&quot;aperture&quot;:&quot;3.5&quot;,&quot;credit&quot;:&quot;&quot;,&quot;camera&quot;:&quot;FHD Camera&quot;,&quot;caption&quot;:&quot;&quot;,&quot;created_timestamp&quot;:&quot;&quot;,&quot;copyright&quot;:&quot;&quot;,&quot;focal_length&quot;:&quot;18&quot;,&quot;iso&quot;:&quot;100&quot;,&quot;shutter_speed&quot;:&quot;0.015&quot;,&quot;title&quot;:&quot;&quot;,&quot;orientation&quot;:&quot;1&quot;}\" data-image-title=\"3-Nicht so gut\" data-image-description=\"\" data-image-caption=\"\" data-medium-file=\"https:\/\/i0.wp.com\/das.raumtuning.info\/wp-content\/uploads\/2021\/10\/3-Nicht-so-gut.jpeg?fit=300%2C169&amp;ssl=1\" data-large-file=\"https:\/\/i0.wp.com\/das.raumtuning.info\/wp-content\/uploads\/2021\/10\/3-Nicht-so-gut.jpeg?fit=640%2C360&amp;ssl=1\" class=\"alignnone size-medium wp-image-5894\" src=\"https:\/\/i0.wp.com\/das.raumtuning.info\/wp-content\/uploads\/2021\/10\/3-Nicht-so-gut.jpeg?resize=300%2C169\" alt=\"\" width=\"300\" height=\"169\" srcset=\"https:\/\/i0.wp.com\/das.raumtuning.info\/wp-content\/uploads\/2021\/10\/3-Nicht-so-gut.jpeg?resize=300%2C169&amp;ssl=1 300w, https:\/\/i0.wp.com\/das.raumtuning.info\/wp-content\/uploads\/2021\/10\/3-Nicht-so-gut.jpeg?resize=1024%2C576&amp;ssl=1 1024w, https:\/\/i0.wp.com\/das.raumtuning.info\/wp-content\/uploads\/2021\/10\/3-Nicht-so-gut.jpeg?resize=150%2C84&amp;ssl=1 150w, https:\/\/i0.wp.com\/das.raumtuning.info\/wp-content\/uploads\/2021\/10\/3-Nicht-so-gut.jpeg?resize=768%2C432&amp;ssl=1 768w, https:\/\/i0.wp.com\/das.raumtuning.info\/wp-content\/uploads\/2021\/10\/3-Nicht-so-gut.jpeg?resize=1536%2C864&amp;ssl=1 1536w, https:\/\/i0.wp.com\/das.raumtuning.info\/wp-content\/uploads\/2021\/10\/3-Nicht-so-gut.jpeg?resize=480%2C270&amp;ssl=1 480w, https:\/\/i0.wp.com\/das.raumtuning.info\/wp-content\/uploads\/2021\/10\/3-Nicht-so-gut.jpeg?w=1920&amp;ssl=1 1920w, https:\/\/i0.wp.com\/das.raumtuning.info\/wp-content\/uploads\/2021\/10\/3-Nicht-so-gut.jpeg?w=1280 1280w\" sizes=\"(max-width: 300px) 100vw, 300px\" data-recalc-dims=\"1\" \/><\/p>\n<p>&nbsp;<\/p>\n<p><img loading=\"lazy\" decoding=\"async\" data-attachment-id=\"5888\" data-permalink=\"https:\/\/das.raumtuning.info\/?attachment_id=5888\" data-orig-file=\"https:\/\/i0.wp.com\/das.raumtuning.info\/wp-content\/uploads\/2021\/10\/4-Ist-schon-schlecht.jpeg?fit=1920%2C1080&amp;ssl=1\" data-orig-size=\"1920,1080\" data-comments-opened=\"1\" data-image-meta=\"{&quot;aperture&quot;:&quot;3.5&quot;,&quot;credit&quot;:&quot;&quot;,&quot;camera&quot;:&quot;FHD Camera&quot;,&quot;caption&quot;:&quot;&quot;,&quot;created_timestamp&quot;:&quot;&quot;,&quot;copyright&quot;:&quot;&quot;,&quot;focal_length&quot;:&quot;18&quot;,&quot;iso&quot;:&quot;100&quot;,&quot;shutter_speed&quot;:&quot;0.016&quot;,&quot;title&quot;:&quot;&quot;,&quot;orientation&quot;:&quot;1&quot;}\" data-image-title=\"4-Ist schon schlecht\" data-image-description=\"\" data-image-caption=\"\" data-medium-file=\"https:\/\/i0.wp.com\/das.raumtuning.info\/wp-content\/uploads\/2021\/10\/4-Ist-schon-schlecht.jpeg?fit=300%2C169&amp;ssl=1\" data-large-file=\"https:\/\/i0.wp.com\/das.raumtuning.info\/wp-content\/uploads\/2021\/10\/4-Ist-schon-schlecht.jpeg?fit=640%2C360&amp;ssl=1\" class=\"alignnone size-medium wp-image-5888\" src=\"https:\/\/i0.wp.com\/das.raumtuning.info\/wp-content\/uploads\/2021\/10\/4-Ist-schon-schlecht.jpeg?resize=300%2C169\" alt=\"\" width=\"300\" height=\"169\" srcset=\"https:\/\/i0.wp.com\/das.raumtuning.info\/wp-content\/uploads\/2021\/10\/4-Ist-schon-schlecht.jpeg?resize=300%2C169&amp;ssl=1 300w, https:\/\/i0.wp.com\/das.raumtuning.info\/wp-content\/uploads\/2021\/10\/4-Ist-schon-schlecht.jpeg?resize=1024%2C576&amp;ssl=1 1024w, https:\/\/i0.wp.com\/das.raumtuning.info\/wp-content\/uploads\/2021\/10\/4-Ist-schon-schlecht.jpeg?resize=150%2C84&amp;ssl=1 150w, https:\/\/i0.wp.com\/das.raumtuning.info\/wp-content\/uploads\/2021\/10\/4-Ist-schon-schlecht.jpeg?resize=768%2C432&amp;ssl=1 768w, https:\/\/i0.wp.com\/das.raumtuning.info\/wp-content\/uploads\/2021\/10\/4-Ist-schon-schlecht.jpeg?resize=1536%2C864&amp;ssl=1 1536w, https:\/\/i0.wp.com\/das.raumtuning.info\/wp-content\/uploads\/2021\/10\/4-Ist-schon-schlecht.jpeg?resize=480%2C270&amp;ssl=1 480w, https:\/\/i0.wp.com\/das.raumtuning.info\/wp-content\/uploads\/2021\/10\/4-Ist-schon-schlecht.jpeg?w=1920&amp;ssl=1 1920w, https:\/\/i0.wp.com\/das.raumtuning.info\/wp-content\/uploads\/2021\/10\/4-Ist-schon-schlecht.jpeg?w=1280 1280w\" sizes=\"(max-width: 300px) 100vw, 300px\" data-recalc-dims=\"1\" \/><\/p>\n<p>&nbsp;<\/p>\n<p><img loading=\"lazy\" decoding=\"async\" data-attachment-id=\"5887\" data-permalink=\"https:\/\/das.raumtuning.info\/?attachment_id=5887\" data-orig-file=\"https:\/\/i0.wp.com\/das.raumtuning.info\/wp-content\/uploads\/2021\/10\/5-Betra\u0308chlicher-Anteil-Geldrollen-Effekt.jpeg?fit=1920%2C1080&amp;ssl=1\" data-orig-size=\"1920,1080\" data-comments-opened=\"1\" data-image-meta=\"{&quot;aperture&quot;:&quot;3.5&quot;,&quot;credit&quot;:&quot;&quot;,&quot;camera&quot;:&quot;FHD Camera&quot;,&quot;caption&quot;:&quot;&quot;,&quot;created_timestamp&quot;:&quot;&quot;,&quot;copyright&quot;:&quot;&quot;,&quot;focal_length&quot;:&quot;18&quot;,&quot;iso&quot;:&quot;100&quot;,&quot;shutter_speed&quot;:&quot;0.016&quot;,&quot;title&quot;:&quot;&quot;,&quot;orientation&quot;:&quot;1&quot;}\" data-image-title=\"5-Betra\u0308chlicher Anteil Geldrollen-Effekt\" data-image-description=\"\" data-image-caption=\"\" data-medium-file=\"https:\/\/i0.wp.com\/das.raumtuning.info\/wp-content\/uploads\/2021\/10\/5-Betra\u0308chlicher-Anteil-Geldrollen-Effekt.jpeg?fit=300%2C169&amp;ssl=1\" data-large-file=\"https:\/\/i0.wp.com\/das.raumtuning.info\/wp-content\/uploads\/2021\/10\/5-Betra\u0308chlicher-Anteil-Geldrollen-Effekt.jpeg?fit=640%2C360&amp;ssl=1\" class=\"alignnone size-medium wp-image-5887\" src=\"https:\/\/i0.wp.com\/das.raumtuning.info\/wp-content\/uploads\/2021\/10\/5-Betra\u0308chlicher-Anteil-Geldrollen-Effekt-300x169.jpeg?resize=300%2C169\" alt=\"\" width=\"300\" height=\"169\" srcset=\"https:\/\/i0.wp.com\/das.raumtuning.info\/wp-content\/uploads\/2021\/10\/5-Betra\u0308chlicher-Anteil-Geldrollen-Effekt.jpeg?resize=300%2C169&amp;ssl=1 300w, https:\/\/i0.wp.com\/das.raumtuning.info\/wp-content\/uploads\/2021\/10\/5-Betra\u0308chlicher-Anteil-Geldrollen-Effekt.jpeg?resize=1024%2C576&amp;ssl=1 1024w, https:\/\/i0.wp.com\/das.raumtuning.info\/wp-content\/uploads\/2021\/10\/5-Betra\u0308chlicher-Anteil-Geldrollen-Effekt.jpeg?resize=150%2C84&amp;ssl=1 150w, https:\/\/i0.wp.com\/das.raumtuning.info\/wp-content\/uploads\/2021\/10\/5-Betra\u0308chlicher-Anteil-Geldrollen-Effekt.jpeg?resize=768%2C432&amp;ssl=1 768w, https:\/\/i0.wp.com\/das.raumtuning.info\/wp-content\/uploads\/2021\/10\/5-Betra\u0308chlicher-Anteil-Geldrollen-Effekt.jpeg?resize=1536%2C864&amp;ssl=1 1536w, https:\/\/i0.wp.com\/das.raumtuning.info\/wp-content\/uploads\/2021\/10\/5-Betra\u0308chlicher-Anteil-Geldrollen-Effekt.jpeg?resize=480%2C270&amp;ssl=1 480w, https:\/\/i0.wp.com\/das.raumtuning.info\/wp-content\/uploads\/2021\/10\/5-Betra\u0308chlicher-Anteil-Geldrollen-Effekt.jpeg?w=1920&amp;ssl=1 1920w, https:\/\/i0.wp.com\/das.raumtuning.info\/wp-content\/uploads\/2021\/10\/5-Betra\u0308chlicher-Anteil-Geldrollen-Effekt.jpeg?w=1280 1280w\" sizes=\"(max-width: 300px) 100vw, 300px\" data-recalc-dims=\"1\" \/><\/p>\n<p>&nbsp;<\/p>\n<p><img loading=\"lazy\" decoding=\"async\" data-attachment-id=\"5893\" data-permalink=\"https:\/\/das.raumtuning.info\/?attachment_id=5893\" data-orig-file=\"https:\/\/i0.wp.com\/das.raumtuning.info\/wp-content\/uploads\/2021\/10\/6-Fast-nur-Geldrollen-Effekt.jpeg?fit=1920%2C1080&amp;ssl=1\" data-orig-size=\"1920,1080\" data-comments-opened=\"1\" data-image-meta=\"{&quot;aperture&quot;:&quot;3.5&quot;,&quot;credit&quot;:&quot;&quot;,&quot;camera&quot;:&quot;FHD Camera&quot;,&quot;caption&quot;:&quot;&quot;,&quot;created_timestamp&quot;:&quot;&quot;,&quot;copyright&quot;:&quot;&quot;,&quot;focal_length&quot;:&quot;18&quot;,&quot;iso&quot;:&quot;100&quot;,&quot;shutter_speed&quot;:&quot;0.014&quot;,&quot;title&quot;:&quot;&quot;,&quot;orientation&quot;:&quot;1&quot;}\" data-image-title=\"6-Fast nur Geldrollen-Effekt\" data-image-description=\"\" data-image-caption=\"\" data-medium-file=\"https:\/\/i0.wp.com\/das.raumtuning.info\/wp-content\/uploads\/2021\/10\/6-Fast-nur-Geldrollen-Effekt.jpeg?fit=300%2C169&amp;ssl=1\" data-large-file=\"https:\/\/i0.wp.com\/das.raumtuning.info\/wp-content\/uploads\/2021\/10\/6-Fast-nur-Geldrollen-Effekt.jpeg?fit=640%2C360&amp;ssl=1\" class=\"alignnone size-medium wp-image-5893\" src=\"https:\/\/i0.wp.com\/das.raumtuning.info\/wp-content\/uploads\/2021\/10\/6-Fast-nur-Geldrollen-Effekt-300x169.jpeg?resize=300%2C169\" alt=\"\" width=\"300\" height=\"169\" srcset=\"https:\/\/i0.wp.com\/das.raumtuning.info\/wp-content\/uploads\/2021\/10\/6-Fast-nur-Geldrollen-Effekt.jpeg?resize=300%2C169&amp;ssl=1 300w, https:\/\/i0.wp.com\/das.raumtuning.info\/wp-content\/uploads\/2021\/10\/6-Fast-nur-Geldrollen-Effekt.jpeg?resize=1024%2C576&amp;ssl=1 1024w, https:\/\/i0.wp.com\/das.raumtuning.info\/wp-content\/uploads\/2021\/10\/6-Fast-nur-Geldrollen-Effekt.jpeg?resize=150%2C84&amp;ssl=1 150w, https:\/\/i0.wp.com\/das.raumtuning.info\/wp-content\/uploads\/2021\/10\/6-Fast-nur-Geldrollen-Effekt.jpeg?resize=768%2C432&amp;ssl=1 768w, https:\/\/i0.wp.com\/das.raumtuning.info\/wp-content\/uploads\/2021\/10\/6-Fast-nur-Geldrollen-Effekt.jpeg?resize=1536%2C864&amp;ssl=1 1536w, https:\/\/i0.wp.com\/das.raumtuning.info\/wp-content\/uploads\/2021\/10\/6-Fast-nur-Geldrollen-Effekt.jpeg?resize=480%2C270&amp;ssl=1 480w, https:\/\/i0.wp.com\/das.raumtuning.info\/wp-content\/uploads\/2021\/10\/6-Fast-nur-Geldrollen-Effekt.jpeg?w=1920&amp;ssl=1 1920w, https:\/\/i0.wp.com\/das.raumtuning.info\/wp-content\/uploads\/2021\/10\/6-Fast-nur-Geldrollen-Effekt.jpeg?w=1280 1280w\" sizes=\"(max-width: 300px) 100vw, 300px\" data-recalc-dims=\"1\" \/><\/p>\n<p><img loading=\"lazy\" decoding=\"async\" data-attachment-id=\"5892\" data-permalink=\"https:\/\/das.raumtuning.info\/?attachment_id=5892\" data-orig-file=\"https:\/\/i0.wp.com\/das.raumtuning.info\/wp-content\/uploads\/2021\/10\/7-100ig-Geldrollen-Effekt.jpeg?fit=1920%2C1080&amp;ssl=1\" data-orig-size=\"1920,1080\" data-comments-opened=\"1\" data-image-meta=\"{&quot;aperture&quot;:&quot;3.5&quot;,&quot;credit&quot;:&quot;&quot;,&quot;camera&quot;:&quot;FHD Camera&quot;,&quot;caption&quot;:&quot;&quot;,&quot;created_timestamp&quot;:&quot;&quot;,&quot;copyright&quot;:&quot;&quot;,&quot;focal_length&quot;:&quot;18&quot;,&quot;iso&quot;:&quot;100&quot;,&quot;shutter_speed&quot;:&quot;0.015&quot;,&quot;title&quot;:&quot;&quot;,&quot;orientation&quot;:&quot;1&quot;}\" data-image-title=\"7-100%ig Geldrollen-Effekt\" data-image-description=\"\" data-image-caption=\"\" data-medium-file=\"https:\/\/i0.wp.com\/das.raumtuning.info\/wp-content\/uploads\/2021\/10\/7-100ig-Geldrollen-Effekt.jpeg?fit=300%2C169&amp;ssl=1\" data-large-file=\"https:\/\/i0.wp.com\/das.raumtuning.info\/wp-content\/uploads\/2021\/10\/7-100ig-Geldrollen-Effekt.jpeg?fit=640%2C360&amp;ssl=1\" class=\"alignnone size-medium wp-image-5892\" src=\"https:\/\/i0.wp.com\/das.raumtuning.info\/wp-content\/uploads\/2021\/10\/7-100ig-Geldrollen-Effekt-300x169.jpeg?resize=300%2C169\" alt=\"\" width=\"300\" height=\"169\" srcset=\"https:\/\/i0.wp.com\/das.raumtuning.info\/wp-content\/uploads\/2021\/10\/7-100ig-Geldrollen-Effekt.jpeg?resize=300%2C169&amp;ssl=1 300w, https:\/\/i0.wp.com\/das.raumtuning.info\/wp-content\/uploads\/2021\/10\/7-100ig-Geldrollen-Effekt.jpeg?resize=1024%2C576&amp;ssl=1 1024w, https:\/\/i0.wp.com\/das.raumtuning.info\/wp-content\/uploads\/2021\/10\/7-100ig-Geldrollen-Effekt.jpeg?resize=150%2C84&amp;ssl=1 150w, https:\/\/i0.wp.com\/das.raumtuning.info\/wp-content\/uploads\/2021\/10\/7-100ig-Geldrollen-Effekt.jpeg?resize=768%2C432&amp;ssl=1 768w, https:\/\/i0.wp.com\/das.raumtuning.info\/wp-content\/uploads\/2021\/10\/7-100ig-Geldrollen-Effekt.jpeg?resize=1536%2C864&amp;ssl=1 1536w, https:\/\/i0.wp.com\/das.raumtuning.info\/wp-content\/uploads\/2021\/10\/7-100ig-Geldrollen-Effekt.jpeg?resize=480%2C270&amp;ssl=1 480w, https:\/\/i0.wp.com\/das.raumtuning.info\/wp-content\/uploads\/2021\/10\/7-100ig-Geldrollen-Effekt.jpeg?w=1920&amp;ssl=1 1920w, https:\/\/i0.wp.com\/das.raumtuning.info\/wp-content\/uploads\/2021\/10\/7-100ig-Geldrollen-Effekt.jpeg?w=1280 1280w\" sizes=\"(max-width: 300px) 100vw, 300px\" data-recalc-dims=\"1\" \/><\/p>\n<p>&nbsp;<\/p>\n","protected":false},"excerpt":{"rendered":"<p>&nbsp; &nbsp; &nbsp; &nbsp; &nbsp; &nbsp; &nbsp;<\/p>\n","protected":false},"author":1,"featured_media":5869,"parent":0,"menu_order":0,"comment_status":"closed","ping_status":"closed","template":"","meta":{"jetpack_post_was_ever_published":false,"footnotes":""},"class_list":["post-5828","page","type-page","status-publish","has-post-thumbnail","hentry"],"aioseo_notices":[],"jetpack_sharing_enabled":true,"jetpack_shortlink":"https:\/\/wp.me\/P4hjs0-1w0","jetpack-related-posts":[{"id":6790,"url":"https:\/\/das.raumtuning.info\/?page_id=6790","url_meta":{"origin":5828,"position":0},"title":"Musik, Emotionen und Stress das Interview","date":"29. M\u00e4rz 2023","format":false,"excerpt":"Musik, Emotionen und Stress\u00a0von Marco Kolks, H\u00f6rerlebnis Ein Interview mit Norbert Maurer \u00fcber die neuen Ground Optimizer von Vortex HiFi H\u00f6rerlebnis hat die neuen Ground Optimizer der 2. Generation von Vortex HiFi getestet und war \u00fcberrascht, wie gro\u00df der Unterschied zur ersten Generation ist. Grunds\u00e4tzlich reduziert der Ground Optimizer niederfrequente\u2026","rel":"","context":"Similar post","img":{"alt_text":"","src":"https:\/\/i0.wp.com\/das.raumtuning.info\/wp-content\/uploads\/2023\/03\/Cover-Ground-Optimizer-MKII-Head.jpg?fit=1200%2C595&ssl=1&resize=350%2C200","width":350,"height":200},"classes":[]},{"id":10,"url":"https:\/\/das.raumtuning.info\/","url_meta":{"origin":5828,"position":1},"title":"Home","date":"12. Dezember 2013","format":false,"excerpt":"Musik h\u00f6ren war gestern... ... Musik empfinden ist heute! - Vortex HiFi \u00a0 \u00a0 \u00a0 \u00a0 Die Vortex HiFi Forschung stellt immer wieder die (HiFi)-Welt auf den Kopf. Technische Ger\u00e4te wie Handys, Laptops, Computer oder Router, die das Musikh\u00f6ren bisher stark verschlechtert haben, f\u00f6rdern nun den Klang durch neue Vortex\u2026","rel":"","context":"Similar post","img":{"alt_text":"","src":"https:\/\/i0.wp.com\/das.raumtuning.info\/wp-content\/uploads\/2014\/01\/Blut-in-nat\u00fcrlicher-Umwelt-rot2.png?resize=350%2C200","width":350,"height":200},"classes":[]},{"id":5953,"url":"https:\/\/das.raumtuning.info\/?page_id=5953","url_meta":{"origin":5828,"position":2},"title":"Vortex HiFi GeoPath Optimizer &#8211; Test in HIFI-TODAY","date":"13. Oktober 2021","format":false,"excerpt":"Mittendrin sein \u2013 und nicht nur mit dabei Der Jurnalist Frank Wacker schreibt in seinem neuesten Berich \u00fcber die GeoPath Optimizer von Vortex HiFi: Fazit: Wer Musik zum Zeitpunkt der Aufnahme in ihrer ganzen Emotionalit\u00e4t h\u00f6ren und erspu\u0308ren will, fu\u0308r den k\u00f6nnte der VORTEX Hifi GeoPath einen \u00e4hnlichen Quantensprung darstellen\u2026","rel":"","context":"Similar post","img":{"alt_text":"","src":"https:\/\/i0.wp.com\/das.raumtuning.info\/wp-content\/uploads\/2021\/10\/Bildschirmfoto-2021-10-13-um-19.40.02-300x158.png?resize=350%2C200","width":350,"height":200},"classes":[]},{"id":4480,"url":"https:\/\/das.raumtuning.info\/?page_id=4480","url_meta":{"origin":5828,"position":3},"title":"Produktvideos \/ Anleitungen","date":"6. M\u00e4rz 2019","format":false,"excerpt":"Infovideos zum Thema Blut und Oszillation Alignement Eines der zentralen Probleme - wenn nicht das zentrale Problem \u2013 in Verbindung mit elektromagnetischen Wellen und Feldern, welche auf den Menschen wirken, ist das diese die roten Blutk\u00f6rper verkleben und so das Blut dickfl\u00fcssigen machen. Dies hat nicht nur f\u00fcr das H\u00f6ren\u2026","rel":"","context":"Similar post","img":{"alt_text":"","src":"https:\/\/i0.wp.com\/das.raumtuning.info\/wp-content\/uploads\/2020\/04\/Bildschirmfoto-2020-04-29-um-10.52.13.png?fit=1200%2C672&ssl=1&resize=350%2C200","width":350,"height":200},"classes":[]},{"id":5826,"url":"https:\/\/das.raumtuning.info\/?page_id=5826","url_meta":{"origin":5828,"position":4},"title":"Was ist ein kinesiologischer Test?","date":"21. September 2021","format":false,"excerpt":"","rel":"","context":"Similar post","img":{"alt_text":"","src":"https:\/\/i0.wp.com\/das.raumtuning.info\/wp-content\/uploads\/2021\/09\/Was-ist-ein-kinesiologischer-Test-1.jpeg?fit=1200%2C675&ssl=1&resize=350%2C200","width":350,"height":200},"classes":[]},{"id":5816,"url":"https:\/\/das.raumtuning.info\/?page_id=5816","url_meta":{"origin":5828,"position":5},"title":"Was ist ein Kraft &#8211; und Koordinationstest?","date":"21. September 2021","format":false,"excerpt":"","rel":"","context":"Similar post","img":{"alt_text":"","src":"https:\/\/i0.wp.com\/das.raumtuning.info\/wp-content\/uploads\/2021\/09\/Was-ist-ein-Kraft-und-Koordinationstest.jpeg?fit=1200%2C675&ssl=1&resize=350%2C200","width":350,"height":200},"classes":[]}],"_links":{"self":[{"href":"https:\/\/das.raumtuning.info\/index.php?rest_route=\/wp\/v2\/pages\/5828","targetHints":{"allow":["GET"]}}],"collection":[{"href":"https:\/\/das.raumtuning.info\/index.php?rest_route=\/wp\/v2\/pages"}],"about":[{"href":"https:\/\/das.raumtuning.info\/index.php?rest_route=\/wp\/v2\/types\/page"}],"author":[{"embeddable":true,"href":"https:\/\/das.raumtuning.info\/index.php?rest_route=\/wp\/v2\/users\/1"}],"replies":[{"embeddable":true,"href":"https:\/\/das.raumtuning.info\/index.php?rest_route=%2Fwp%2Fv2%2Fcomments&post=5828"}],"version-history":[{"count":5,"href":"https:\/\/das.raumtuning.info\/index.php?rest_route=\/wp\/v2\/pages\/5828\/revisions"}],"predecessor-version":[{"id":5895,"href":"https:\/\/das.raumtuning.info\/index.php?rest_route=\/wp\/v2\/pages\/5828\/revisions\/5895"}],"wp:featuredmedia":[{"embeddable":true,"href":"https:\/\/das.raumtuning.info\/index.php?rest_route=\/wp\/v2\/media\/5869"}],"wp:attachment":[{"href":"https:\/\/das.raumtuning.info\/index.php?rest_route=%2Fwp%2Fv2%2Fmedia&parent=5828"}],"curies":[{"name":"wp","href":"https:\/\/api.w.org\/{rel}","templated":true}]}}