{"id":5872,"date":"2021-09-29T20:20:06","date_gmt":"2021-09-29T18:20:06","guid":{"rendered":"https:\/\/das.raumtuning.info\/?page_id=5872"},"modified":"2021-09-29T20:20:06","modified_gmt":"2021-09-29T18:20:06","slug":"was-sind-informationen","status":"publish","type":"page","link":"https:\/\/das.raumtuning.info\/?page_id=5872","title":{"rendered":"Was sind Informationen?"},"content":{"rendered":"<h1>Video wir gerade erstellt<\/h1>\n","protected":false},"excerpt":{"rendered":"<p>Video wir gerade erstellt<\/p>\n","protected":false},"author":1,"featured_media":5873,"parent":0,"menu_order":0,"comment_status":"closed","ping_status":"closed","template":"","meta":{"jetpack_post_was_ever_published":false,"footnotes":""},"class_list":["post-5872","page","type-page","status-publish","has-post-thumbnail","hentry"],"aioseo_notices":[],"jetpack_sharing_enabled":true,"jetpack_shortlink":"https:\/\/wp.me\/P4hjs0-1wI","jetpack-related-posts":[{"id":1616,"url":"https:\/\/das.raumtuning.info\/?page_id=1616","url_meta":{"origin":5872,"position":0},"title":"Bedienungsanleitung Nano Shield Plugs","date":"6. November 2014","format":false,"excerpt":"Herzlichen Gl\u00fcckwunsch zum Erwerb Ihres Vortex HiFi Nano Shield Plug Sie haben eines der Innovativsten HiFi- Zubeh\u00f6r-Produkte \u00fcberhaupt erworben. Ihr Nano Shield Plug vereinigt High Tech Know-how moderner Nano - Abschirm-Technik mit den neuesten Erkenntnissen in der Beeinflussung des menschlichen Nervensystems durch Elektrosmog und deren Beseitigung. Vortex HiFi Plug -\u2026","rel":"","context":"Similar post","img":{"alt_text":"Vortex HiFi Nano Shield Power Plug B","src":"https:\/\/i0.wp.com\/das.raumtuning.info\/wp-content\/uploads\/2014\/11\/Stecker..jpg?fit=1063%2C752&ssl=1&resize=350%2C200","width":350,"height":200},"classes":[]},{"id":277,"url":"https:\/\/das.raumtuning.info\/?page_id=277","url_meta":{"origin":5872,"position":1},"title":"Informierung","date":"30. Januar 2014","format":false,"excerpt":"\u00a0Was ist Informierung und wie nutzen wir diese f\u00fcr Ihr H\u00f6rerlebnis? Informationen, so wie wir diese verstehen, sind Strukturen, welche physikalische und\/oder biologische Reaktionen hervorrufen. Es ist ein Schl\u00fcssel-Schloss-Prinzip. Die Vorg\u00e4nge zum Beispiel im Menschen werden durch Kommunikation hervorgerufen. Eine Zelle sagt der N\u00e4chsten, was diese zu tun hat. Dazu\u2026","rel":"","context":"Similar post","img":{"alt_text":"Quelle: Vortex HiFi","src":"https:\/\/i0.wp.com\/das.raumtuning.info\/wp-content\/uploads\/2014\/02\/Rassel_web.jpg?fit=1080%2C717&ssl=1&resize=350%2C200","width":350,"height":200},"classes":[]},{"id":138,"url":"https:\/\/das.raumtuning.info\/?page_id=138","url_meta":{"origin":5872,"position":2},"title":"Techniken","date":"28. Januar 2014","format":false,"excerpt":"Innovationen f\u00fcr die Sinne... ... lautet unsere Zielsetzung. Wir wollen, dass Sie besser h\u00f6ren und besser sehen. Das ist w\u00f6rtlich zu nehmen. Wir besch\u00e4ftigen uns mit dem Menschen und wie unsere heutige HiFi-Stereo und AV-Technik aber auch die h\u00e4usliche Umwelt den Menschen beim H\u00f6ren und Sehen unbemerkt und nebenbei negativ\u2026","rel":"","context":"Similar post","img":{"alt_text":"Quelle: Vortex HiFi","src":"https:\/\/i0.wp.com\/das.raumtuning.info\/wp-content\/uploads\/2014\/02\/Orgel-web.jpg?fit=1080%2C719&ssl=1&resize=350%2C200","width":350,"height":200},"classes":[]},{"id":265,"url":"https:\/\/das.raumtuning.info\/?page_id=265","url_meta":{"origin":5872,"position":3},"title":"A.I.O. Entst\u00f6r -Produkte","date":"29. Januar 2014","format":false,"excerpt":"Die Vortex HiFi A.I.O. Produkt \u2013 Vorteile Reduzierung von St\u00f6rfeldern ohne klangsch\u00e4dliche Filter Reduzierung von St\u00f6rfeldern ohne akustische Beeintr\u00e4chtigungen Reduzierung von St\u00f6rfeldern ohne Signalver\u00e4nderung Informierung gegen klangsch\u00e4dliche Potentialwirbel (Entst\u00f6rung) Informierung zur Entstressung des Menschen Informationen f\u00fcr eine kraftvolle Vorstellungskraft (P.I.-Technik) in Diamant-Standard. (Nur bei Diamant Standard Produkten.) Vitalisierung.\u00a0 (Nur bei\u2026","rel":"","context":"Similar post","img":{"alt_text":"","src":"https:\/\/i0.wp.com\/das.raumtuning.info\/wp-content\/uploads\/2014\/01\/Ronde-30-10-web.jpg?fit=1063%2C752&ssl=1&resize=350%2C200","width":350,"height":200},"classes":[]},{"id":1690,"url":"https:\/\/das.raumtuning.info\/?page_id=1690","url_meta":{"origin":5872,"position":4},"title":"Power Imagination","date":"9. Dezember 2014","format":false,"excerpt":"Herzlich willkommen in der Welt der kraftvollen Vorstellungskraft - die Vortex HiFi P.I. Technik. Die Power Imagination (P.I.) Technik von Vortex HiFi \u00fcberlagert den St\u00f6rfeldern einer Anlage oder des Raumes P.I.-Informationen. Diese Informationen\u00a0 haben das Ziel, St\u00f6rungen im kybernetischen Kommunikationssystem des menschlichen K\u00f6rper aufzul\u00f6sen. So ist eine ganzheitliche Musikempfindung wie\u2026","rel":"","context":"Similar post","img":{"alt_text":"","src":"https:\/\/i0.wp.com\/das.raumtuning.info\/wp-content\/uploads\/2014\/12\/Power-Imanigation.jpg?fit=1200%2C633&ssl=1&resize=350%2C200","width":350,"height":200},"classes":[]},{"id":45,"url":"https:\/\/das.raumtuning.info\/?page_id=45","url_meta":{"origin":5872,"position":5},"title":"Kontakt \/ Impressum","date":"13. Januar 2014","format":false,"excerpt":"Musik&Akustik - Vortex HiFi Wahlscheider Stra\u00dfe 14 53797 Lohmar Bitte benutzen Sie bei Fragen unser Kontaktformular. Wir werden Ihnen schnellstm\u00f6glich antworten. Impressum Musik & Akustik - Norbert Maurer Wahlscheider Stra\u00dfe 14 53797 Lohmar Telefon 02206 - 9074 361 eMail: info@musikundakustik.de Umsatzsteuer-Ident-Nummer DE 233914540 Redaktion: Inhaltlich verantwortlich gem\u00e4\u00df \u00a7 55 Abs.\u2026","rel":"","context":"Similar post","img":{"alt_text":"","src":"","width":0,"height":0},"classes":[]}],"_links":{"self":[{"href":"https:\/\/das.raumtuning.info\/index.php?rest_route=\/wp\/v2\/pages\/5872","targetHints":{"allow":["GET"]}}],"collection":[{"href":"https:\/\/das.raumtuning.info\/index.php?rest_route=\/wp\/v2\/pages"}],"about":[{"href":"https:\/\/das.raumtuning.info\/index.php?rest_route=\/wp\/v2\/types\/page"}],"author":[{"embeddable":true,"href":"https:\/\/das.raumtuning.info\/index.php?rest_route=\/wp\/v2\/users\/1"}],"replies":[{"embeddable":true,"href":"https:\/\/das.raumtuning.info\/index.php?rest_route=%2Fwp%2Fv2%2Fcomments&post=5872"}],"version-history":[{"count":1,"href":"https:\/\/das.raumtuning.info\/index.php?rest_route=\/wp\/v2\/pages\/5872\/revisions"}],"predecessor-version":[{"id":5874,"href":"https:\/\/das.raumtuning.info\/index.php?rest_route=\/wp\/v2\/pages\/5872\/revisions\/5874"}],"wp:featuredmedia":[{"embeddable":true,"href":"https:\/\/das.raumtuning.info\/index.php?rest_route=\/wp\/v2\/media\/5873"}],"wp:attachment":[{"href":"https:\/\/das.raumtuning.info\/index.php?rest_route=%2Fwp%2Fv2%2Fmedia&parent=5872"}],"curies":[{"name":"wp","href":"https:\/\/api.w.org\/{rel}","templated":true}]}}