{"id":5950,"date":"2021-10-13T13:14:51","date_gmt":"2021-10-13T11:14:51","guid":{"rendered":"https:\/\/das.raumtuning.info\/?page_id=5950"},"modified":"2021-10-13T13:15:17","modified_gmt":"2021-10-13T11:15:17","slug":"vortex-hifi-power-cap-sigma-erklaert","status":"publish","type":"page","link":"https:\/\/das.raumtuning.info\/?page_id=5950","title":{"rendered":"Vortex HiFi Power Cap Sigma erkl\u00e4rt"},"content":{"rendered":"<h1>Hier entsteht in K\u00fcrze eine Erkl\u00e4rung des Power Cap Sigma<\/h1>\n<p>&nbsp;<\/p>\n<h3>Power Cap Sigma mit Oszillation Alignement<\/h3>\n<p>&nbsp;<\/p>\n<figure id=\"attachment_2771\" aria-describedby=\"caption-attachment-2771\" style=\"width: 300px\" class=\"wp-caption alignnone\"><img fetchpriority=\"high\" decoding=\"async\" data-attachment-id=\"2771\" data-permalink=\"https:\/\/das.raumtuning.info\/?attachment_id=2771\" data-orig-file=\"https:\/\/i0.wp.com\/das.raumtuning.info\/wp-content\/uploads\/2016\/11\/Power-Cap-an-Ground-Optimizer.jpg?fit=4592%2C3448&amp;ssl=1\" data-orig-size=\"4592,3448\" data-comments-opened=\"1\" data-image-meta=\"{&quot;aperture&quot;:&quot;2.8&quot;,&quot;credit&quot;:&quot;&quot;,&quot;camera&quot;:&quot;DMC-G70&quot;,&quot;caption&quot;:&quot;&quot;,&quot;created_timestamp&quot;:&quot;1480089894&quot;,&quot;copyright&quot;:&quot;&quot;,&quot;focal_length&quot;:&quot;30&quot;,&quot;iso&quot;:&quot;2000&quot;,&quot;shutter_speed&quot;:&quot;0.004&quot;,&quot;title&quot;:&quot;&quot;,&quot;orientation&quot;:&quot;1&quot;}\" data-image-title=\"power-cap-an-ground-optimizer\" data-image-description=\"\" data-image-caption=\"&lt;p&gt;Ground Optimizer 2 mit Power CAP als Upgrade. Verbessern Sie den Klang Ihres Ground Optimizers durch einen Power CAP (wei\u00df).&lt;\/p&gt;\n\" data-medium-file=\"https:\/\/i0.wp.com\/das.raumtuning.info\/wp-content\/uploads\/2016\/11\/Power-Cap-an-Ground-Optimizer.jpg?fit=300%2C225&amp;ssl=1\" data-large-file=\"https:\/\/i0.wp.com\/das.raumtuning.info\/wp-content\/uploads\/2016\/11\/Power-Cap-an-Ground-Optimizer.jpg?fit=640%2C481&amp;ssl=1\" class=\"size-medium wp-image-2771\" src=\"https:\/\/i0.wp.com\/das.raumtuning.info\/wp-content\/uploads\/2016\/11\/Power-Cap-an-Ground-Optimizer.jpg?resize=300%2C225\" alt=\"\" width=\"300\" height=\"225\" srcset=\"https:\/\/i0.wp.com\/das.raumtuning.info\/wp-content\/uploads\/2016\/11\/Power-Cap-an-Ground-Optimizer.jpg?resize=300%2C225&amp;ssl=1 300w, https:\/\/i0.wp.com\/das.raumtuning.info\/wp-content\/uploads\/2016\/11\/Power-Cap-an-Ground-Optimizer.jpg?resize=150%2C113&amp;ssl=1 150w, https:\/\/i0.wp.com\/das.raumtuning.info\/wp-content\/uploads\/2016\/11\/Power-Cap-an-Ground-Optimizer.jpg?resize=1024%2C769&amp;ssl=1 1024w, https:\/\/i0.wp.com\/das.raumtuning.info\/wp-content\/uploads\/2016\/11\/Power-Cap-an-Ground-Optimizer.jpg?w=1280 1280w, https:\/\/i0.wp.com\/das.raumtuning.info\/wp-content\/uploads\/2016\/11\/Power-Cap-an-Ground-Optimizer.jpg?w=1920 1920w\" sizes=\"(max-width: 300px) 100vw, 300px\" data-recalc-dims=\"1\" \/><figcaption id=\"caption-attachment-2771\" class=\"wp-caption-text\">Ground Optimizer 2 mit Power CAP als Upgrade. Verbessern Sie den Klang Ihres Ground Optimizers durch einen Power CAP (wei\u00df).<\/figcaption><\/figure>\n<figure id=\"attachment_2769\" aria-describedby=\"caption-attachment-2769\" style=\"width: 300px\" class=\"wp-caption alignnone\"><img decoding=\"async\" data-attachment-id=\"2769\" data-permalink=\"https:\/\/das.raumtuning.info\/?attachment_id=2769\" data-orig-file=\"https:\/\/i0.wp.com\/das.raumtuning.info\/wp-content\/uploads\/2016\/11\/Power-Cap-an-Nano-Shield-Power-Plug.jpg?fit=4592%2C3448&amp;ssl=1\" data-orig-size=\"4592,3448\" data-comments-opened=\"1\" data-image-meta=\"{&quot;aperture&quot;:&quot;2.8&quot;,&quot;credit&quot;:&quot;&quot;,&quot;camera&quot;:&quot;DMC-G70&quot;,&quot;caption&quot;:&quot;&quot;,&quot;created_timestamp&quot;:&quot;1480089512&quot;,&quot;copyright&quot;:&quot;&quot;,&quot;focal_length&quot;:&quot;30&quot;,&quot;iso&quot;:&quot;500&quot;,&quot;shutter_speed&quot;:&quot;0.004&quot;,&quot;title&quot;:&quot;&quot;,&quot;orientation&quot;:&quot;1&quot;}\" data-image-title=\"power-cap-an-nano-shield-power-plug\" data-image-description=\"\" data-image-caption=\"&lt;p&gt;A.I.O. Power CAP als Upgrade f\u00fcr unserre Nano Shield Power Plugs&lt;\/p&gt;\n\" data-medium-file=\"https:\/\/i0.wp.com\/das.raumtuning.info\/wp-content\/uploads\/2016\/11\/Power-Cap-an-Nano-Shield-Power-Plug.jpg?fit=300%2C225&amp;ssl=1\" data-large-file=\"https:\/\/i0.wp.com\/das.raumtuning.info\/wp-content\/uploads\/2016\/11\/Power-Cap-an-Nano-Shield-Power-Plug.jpg?fit=640%2C481&amp;ssl=1\" class=\"size-medium wp-image-2769\" src=\"https:\/\/i0.wp.com\/das.raumtuning.info\/wp-content\/uploads\/2016\/11\/Power-Cap-an-Nano-Shield-Power-Plug.jpg?resize=300%2C225\" alt=\"\" width=\"300\" height=\"225\" srcset=\"https:\/\/i0.wp.com\/das.raumtuning.info\/wp-content\/uploads\/2016\/11\/Power-Cap-an-Nano-Shield-Power-Plug.jpg?resize=300%2C225&amp;ssl=1 300w, https:\/\/i0.wp.com\/das.raumtuning.info\/wp-content\/uploads\/2016\/11\/Power-Cap-an-Nano-Shield-Power-Plug.jpg?resize=150%2C113&amp;ssl=1 150w, https:\/\/i0.wp.com\/das.raumtuning.info\/wp-content\/uploads\/2016\/11\/Power-Cap-an-Nano-Shield-Power-Plug.jpg?resize=1024%2C769&amp;ssl=1 1024w, https:\/\/i0.wp.com\/das.raumtuning.info\/wp-content\/uploads\/2016\/11\/Power-Cap-an-Nano-Shield-Power-Plug.jpg?w=1280 1280w, https:\/\/i0.wp.com\/das.raumtuning.info\/wp-content\/uploads\/2016\/11\/Power-Cap-an-Nano-Shield-Power-Plug.jpg?w=1920 1920w\" sizes=\"(max-width: 300px) 100vw, 300px\" data-recalc-dims=\"1\" \/><figcaption id=\"caption-attachment-2769\" class=\"wp-caption-text\">A.I.O. Power CAP als Upgrade f\u00fcr unserre Nano Shield Power Plugs<\/figcaption><\/figure>\n<figure id=\"attachment_2768\" aria-describedby=\"caption-attachment-2768\" style=\"width: 300px\" class=\"wp-caption alignnone\"><img decoding=\"async\" data-attachment-id=\"2768\" data-permalink=\"https:\/\/das.raumtuning.info\/?attachment_id=2768\" data-orig-file=\"https:\/\/i0.wp.com\/das.raumtuning.info\/wp-content\/uploads\/2016\/11\/Power-Cap-an-Steckernetzteil.jpg?fit=3913%2C2665&amp;ssl=1\" data-orig-size=\"3913,2665\" data-comments-opened=\"1\" data-image-meta=\"{&quot;aperture&quot;:&quot;2.8&quot;,&quot;credit&quot;:&quot;&quot;,&quot;camera&quot;:&quot;DMC-G70&quot;,&quot;caption&quot;:&quot;&quot;,&quot;created_timestamp&quot;:&quot;1480089327&quot;,&quot;copyright&quot;:&quot;&quot;,&quot;focal_length&quot;:&quot;30&quot;,&quot;iso&quot;:&quot;2500&quot;,&quot;shutter_speed&quot;:&quot;0.004&quot;,&quot;title&quot;:&quot;&quot;,&quot;orientation&quot;:&quot;1&quot;}\" data-image-title=\"power-cap-an-steckernetzteil\" data-image-description=\"\" data-image-caption=\"&lt;p&gt;A.I.O. Power CAP zur Entst\u00f6rung von Schaltnetzteilen&lt;\/p&gt;\n\" data-medium-file=\"https:\/\/i0.wp.com\/das.raumtuning.info\/wp-content\/uploads\/2016\/11\/Power-Cap-an-Steckernetzteil.jpg?fit=300%2C204&amp;ssl=1\" data-large-file=\"https:\/\/i0.wp.com\/das.raumtuning.info\/wp-content\/uploads\/2016\/11\/Power-Cap-an-Steckernetzteil.jpg?fit=640%2C436&amp;ssl=1\" class=\"size-medium wp-image-2768\" src=\"https:\/\/i0.wp.com\/das.raumtuning.info\/wp-content\/uploads\/2016\/11\/Power-Cap-an-Steckernetzteil.jpg?resize=300%2C204\" alt=\"\" width=\"300\" height=\"204\" srcset=\"https:\/\/i0.wp.com\/das.raumtuning.info\/wp-content\/uploads\/2016\/11\/Power-Cap-an-Steckernetzteil.jpg?resize=300%2C204&amp;ssl=1 300w, https:\/\/i0.wp.com\/das.raumtuning.info\/wp-content\/uploads\/2016\/11\/Power-Cap-an-Steckernetzteil.jpg?resize=150%2C102&amp;ssl=1 150w, https:\/\/i0.wp.com\/das.raumtuning.info\/wp-content\/uploads\/2016\/11\/Power-Cap-an-Steckernetzteil.jpg?resize=1024%2C697&amp;ssl=1 1024w, https:\/\/i0.wp.com\/das.raumtuning.info\/wp-content\/uploads\/2016\/11\/Power-Cap-an-Steckernetzteil.jpg?w=1280 1280w, https:\/\/i0.wp.com\/das.raumtuning.info\/wp-content\/uploads\/2016\/11\/Power-Cap-an-Steckernetzteil.jpg?w=1920 1920w\" sizes=\"(max-width: 300px) 100vw, 300px\" data-recalc-dims=\"1\" \/><figcaption id=\"caption-attachment-2768\" class=\"wp-caption-text\">A.I.O. Power CAP zur Entst\u00f6rung von Schaltnetzteilen<\/figcaption><\/figure>\n<figure id=\"attachment_2767\" aria-describedby=\"caption-attachment-2767\" style=\"width: 300px\" class=\"wp-caption alignnone\"><img loading=\"lazy\" decoding=\"async\" data-attachment-id=\"2767\" data-permalink=\"https:\/\/das.raumtuning.info\/?attachment_id=2767\" data-orig-file=\"https:\/\/i0.wp.com\/das.raumtuning.info\/wp-content\/uploads\/2016\/11\/Power-Cap.jpg?fit=2866%2C2274&amp;ssl=1\" data-orig-size=\"2866,2274\" data-comments-opened=\"1\" data-image-meta=\"{&quot;aperture&quot;:&quot;2.8&quot;,&quot;credit&quot;:&quot;&quot;,&quot;camera&quot;:&quot;DMC-G70&quot;,&quot;caption&quot;:&quot;&quot;,&quot;created_timestamp&quot;:&quot;1480089058&quot;,&quot;copyright&quot;:&quot;&quot;,&quot;focal_length&quot;:&quot;30&quot;,&quot;iso&quot;:&quot;500&quot;,&quot;shutter_speed&quot;:&quot;0.004&quot;,&quot;title&quot;:&quot;&quot;,&quot;orientation&quot;:&quot;1&quot;}\" data-image-title=\"power-cap\" data-image-description=\"\" data-image-caption=\"&lt;p&gt;A.I.O. Power CAP&lt;\/p&gt;\n\" data-medium-file=\"https:\/\/i0.wp.com\/das.raumtuning.info\/wp-content\/uploads\/2016\/11\/Power-Cap.jpg?fit=300%2C238&amp;ssl=1\" data-large-file=\"https:\/\/i0.wp.com\/das.raumtuning.info\/wp-content\/uploads\/2016\/11\/Power-Cap.jpg?fit=640%2C508&amp;ssl=1\" class=\"size-medium wp-image-2767\" src=\"https:\/\/i0.wp.com\/das.raumtuning.info\/wp-content\/uploads\/2016\/11\/Power-Cap.jpg?resize=300%2C238\" alt=\"\" width=\"300\" height=\"238\" srcset=\"https:\/\/i0.wp.com\/das.raumtuning.info\/wp-content\/uploads\/2016\/11\/Power-Cap.jpg?resize=300%2C238&amp;ssl=1 300w, https:\/\/i0.wp.com\/das.raumtuning.info\/wp-content\/uploads\/2016\/11\/Power-Cap.jpg?resize=150%2C119&amp;ssl=1 150w, https:\/\/i0.wp.com\/das.raumtuning.info\/wp-content\/uploads\/2016\/11\/Power-Cap.jpg?resize=1024%2C812&amp;ssl=1 1024w, https:\/\/i0.wp.com\/das.raumtuning.info\/wp-content\/uploads\/2016\/11\/Power-Cap.jpg?w=1280 1280w, https:\/\/i0.wp.com\/das.raumtuning.info\/wp-content\/uploads\/2016\/11\/Power-Cap.jpg?w=1920 1920w\" sizes=\"(max-width: 300px) 100vw, 300px\" data-recalc-dims=\"1\" \/><figcaption id=\"caption-attachment-2767\" class=\"wp-caption-text\">A.I.O. Power CAP<\/figcaption><\/figure>\n<figure id=\"attachment_2765\" aria-describedby=\"caption-attachment-2765\" style=\"width: 300px\" class=\"wp-caption alignnone\"><img loading=\"lazy\" decoding=\"async\" data-attachment-id=\"2765\" data-permalink=\"https:\/\/das.raumtuning.info\/?attachment_id=2765\" data-orig-file=\"https:\/\/i0.wp.com\/das.raumtuning.info\/wp-content\/uploads\/2016\/11\/Power-Cap-am-Stromkabel.jpg?fit=4592%2C3448&amp;ssl=1\" data-orig-size=\"4592,3448\" data-comments-opened=\"1\" data-image-meta=\"{&quot;aperture&quot;:&quot;2.8&quot;,&quot;credit&quot;:&quot;&quot;,&quot;camera&quot;:&quot;DMC-G70&quot;,&quot;caption&quot;:&quot;&quot;,&quot;created_timestamp&quot;:&quot;1480089207&quot;,&quot;copyright&quot;:&quot;&quot;,&quot;focal_length&quot;:&quot;30&quot;,&quot;iso&quot;:&quot;800&quot;,&quot;shutter_speed&quot;:&quot;0.004&quot;,&quot;title&quot;:&quot;&quot;,&quot;orientation&quot;:&quot;1&quot;}\" data-image-title=\"power-cap-am-stromkabel\" data-image-description=\"\" data-image-caption=\"&lt;p&gt;A.I.O. Power CAP zur optimalen Entst\u00f6rung jedes Netzkabels&lt;\/p&gt;\n\" data-medium-file=\"https:\/\/i0.wp.com\/das.raumtuning.info\/wp-content\/uploads\/2016\/11\/Power-Cap-am-Stromkabel.jpg?fit=300%2C225&amp;ssl=1\" data-large-file=\"https:\/\/i0.wp.com\/das.raumtuning.info\/wp-content\/uploads\/2016\/11\/Power-Cap-am-Stromkabel.jpg?fit=640%2C481&amp;ssl=1\" class=\"size-medium wp-image-2765\" src=\"https:\/\/i0.wp.com\/das.raumtuning.info\/wp-content\/uploads\/2016\/11\/Power-Cap-am-Stromkabel.jpg?resize=300%2C225\" alt=\"\" width=\"300\" height=\"225\" srcset=\"https:\/\/i0.wp.com\/das.raumtuning.info\/wp-content\/uploads\/2016\/11\/Power-Cap-am-Stromkabel.jpg?resize=300%2C225&amp;ssl=1 300w, https:\/\/i0.wp.com\/das.raumtuning.info\/wp-content\/uploads\/2016\/11\/Power-Cap-am-Stromkabel.jpg?resize=150%2C113&amp;ssl=1 150w, https:\/\/i0.wp.com\/das.raumtuning.info\/wp-content\/uploads\/2016\/11\/Power-Cap-am-Stromkabel.jpg?resize=1024%2C769&amp;ssl=1 1024w, https:\/\/i0.wp.com\/das.raumtuning.info\/wp-content\/uploads\/2016\/11\/Power-Cap-am-Stromkabel.jpg?w=1280 1280w, https:\/\/i0.wp.com\/das.raumtuning.info\/wp-content\/uploads\/2016\/11\/Power-Cap-am-Stromkabel.jpg?w=1920 1920w\" sizes=\"(max-width: 300px) 100vw, 300px\" data-recalc-dims=\"1\" \/><figcaption id=\"caption-attachment-2765\" class=\"wp-caption-text\">A.I.O. Power CAP zur optimalen Entst\u00f6rung jedes Netzkabels<\/figcaption><\/figure>\n<p>&nbsp;<\/p>\n<p>Hier entsteht eine Erkl\u00e4rung des Power Cap Sigma<\/p>\n","protected":false},"excerpt":{"rendered":"<p>Hier entsteht in K\u00fcrze eine Erkl\u00e4rung des Power Cap Sigma &nbsp; Power Cap Sigma mit Oszillation Alignement &nbsp; &nbsp; Hier entsteht eine Erkl\u00e4rung des Power Cap Sigma<\/p>\n","protected":false},"author":1,"featured_media":2766,"parent":0,"menu_order":0,"comment_status":"closed","ping_status":"closed","template":"","meta":{"jetpack_post_was_ever_published":false,"footnotes":""},"class_list":["post-5950","page","type-page","status-publish","has-post-thumbnail","hentry"],"aioseo_notices":[],"jetpack_sharing_enabled":true,"jetpack_shortlink":"https:\/\/wp.me\/P4hjs0-1xY","jetpack-related-posts":[{"id":2479,"url":"https:\/\/das.raumtuning.info\/?page_id=2479","url_meta":{"origin":5950,"position":0},"title":"A.I.O. &#8211; CAPS","date":"29. M\u00e4rz 2016","format":false,"excerpt":"Die Klangrevolution in Sachen Dust Caps Das Video aus der Reihe short and simple erkl\u00e4rt die AIO Caps und die neuen Diamant Plus Caps und zeigt die Anwendung. https:\/\/youtu.be\/YM3W1Bal-p0 Mit unseren informierten A.I.O.- Dust CAPS schl\u00e4gt Vortex HiFi ein neues Kapitel im High End HiFi auf. Ein 5,-\u20ac Zubeh\u00f6r das\u2026","rel":"","context":"Similar post","img":{"alt_text":"","src":"https:\/\/i0.wp.com\/das.raumtuning.info\/wp-content\/uploads\/2016\/03\/Alle-CAPS-AIO-Granit-CAP.jpg?fit=1200%2C800&ssl=1&resize=350%2C200","width":350,"height":200},"classes":[]},{"id":7343,"url":"https:\/\/das.raumtuning.info\/?page_id=7343","url_meta":{"origin":5950,"position":1},"title":"Marie erkl\u00e4rt die Bedienung","date":"24. Januar 2024","format":false,"excerpt":"https:\/\/youtu.be\/zcR0A9hJC-g Die Anwendung der HFO Plugs Sigma Das erste Video besch\u00e4ftigt sich mit der Bedienung unserer neuesten Produktfamilie, der HFO Plugs Sigma.\u00a0Unser Avatar Marie beschreibt Warum HF ein Problem beim Musikh\u00f6ren ist, und wie Sie das Problem mit den neuen Hochfrequenz Optimizern bei sich l\u00f6sen k\u00f6nnen.https:\/\/youtu.be\/PTXgOUnaJtM Anwendung der neuen Power\u2026","rel":"","context":"Similar post","img":{"alt_text":"","src":"https:\/\/i0.wp.com\/img.youtube.com\/vi\/zcR0A9hJC-g\/0.jpg?resize=350%2C200","width":350,"height":200},"classes":[]},{"id":4832,"url":"https:\/\/das.raumtuning.info\/?page_id=4832","url_meta":{"origin":5950,"position":2},"title":"Bedienungsanleitung Vortex HiFi Hochfrequenz Optimizer (HFO)","date":"18. M\u00e4rz 2020","format":false,"excerpt":"Vortex HiFi Hochfrequenz Optimiser Set Sigma (HFO-Sigma Set) Bedienungsanleitung Hochfrequenz Optimizer (HFO) Set Vielen Dank f\u00fcr den Kauf des HFO -Sets. Die Bedienungsanleitung gilt f\u00fcr den HFO -Sigma, HFO-Diamant+ und dem HFO-PI+. Sie haben eines der innovativsten Produkte im Bereich Wellness und HiFi erworben. Ziel: Ziel der HFO- Sets ist\u2026","rel":"","context":"Similar post","img":{"alt_text":"","src":"https:\/\/i0.wp.com\/das.raumtuning.info\/wp-content\/uploads\/2020\/03\/vortex-hifi-hfo-sigma-optimizer-set-varbild-29223.jpg?resize=350%2C200&ssl=1","width":350,"height":200},"classes":[]},{"id":3145,"url":"https:\/\/das.raumtuning.info\/?page_id=3145","url_meta":{"origin":5950,"position":3},"title":"Produktgruppen","date":"19. Dezember 2017","format":false,"excerpt":"Vortex HiFi Zubeh\u00f6r besteht aus 8 Produktgruppen in denen 8 unterschiedliche Vortex HiFi Basistechnologien eingesetzt werden. Im Magazin f\u00fcr High Fidelity - H\u00f6rerlebnis - wurde ein Querschnitt unserer Produkte getestet und kommt zu dem Fazit: \"Was Norbert Maurer mit der j\u00fcngsten Vortex Hifi-Technik anbietet, ist in seiner Wirkung in Relation\u2026","rel":"","context":"Similar post","img":{"alt_text":"","src":"https:\/\/i0.wp.com\/das.raumtuning.info\/wp-content\/uploads\/2014\/01\/Produkt\u00fcbersicht-mit-Logo.jpg?fit=1200%2C760&ssl=1&resize=350%2C200","width":350,"height":200},"classes":[]},{"id":4480,"url":"https:\/\/das.raumtuning.info\/?page_id=4480","url_meta":{"origin":5950,"position":4},"title":"Produktvideos \/ Anleitungen","date":"6. M\u00e4rz 2019","format":false,"excerpt":"Infovideos zum Thema Blut und Oszillation Alignement Eines der zentralen Probleme - wenn nicht das zentrale Problem \u2013 in Verbindung mit elektromagnetischen Wellen und Feldern, welche auf den Menschen wirken, ist das diese die roten Blutk\u00f6rper verkleben und so das Blut dickfl\u00fcssigen machen. Dies hat nicht nur f\u00fcr das H\u00f6ren\u2026","rel":"","context":"Similar post","img":{"alt_text":"","src":"https:\/\/i0.wp.com\/das.raumtuning.info\/wp-content\/uploads\/2020\/04\/Bildschirmfoto-2020-04-29-um-10.52.13.png?fit=1200%2C672&ssl=1&resize=350%2C200","width":350,"height":200},"classes":[]},{"id":4829,"url":"https:\/\/das.raumtuning.info\/?page_id=4829","url_meta":{"origin":5950,"position":5},"title":"Vortex HiFi A.I.O und Diamant + Caps","date":"18. M\u00e4rz 2020","format":false,"excerpt":"Dieses Video aus der Reihe short and simple erkl\u00e4rt die wesendlichen Eigenschaften und die Anwendungen der Vortex HiFi A.I.O. CAP\u00b4s und der neuen Diamant Plus CAP\u00b4s. https:\/\/youtu.be\/YM3W1Bal-p0","rel":"","context":"Similar post","img":{"alt_text":"","src":"https:\/\/i0.wp.com\/das.raumtuning.info\/wp-content\/uploads\/2016\/11\/Power-Cap-am-Stromkabel.jpg?fit=1200%2C901&ssl=1&resize=350%2C200","width":350,"height":200},"classes":[]}],"_links":{"self":[{"href":"https:\/\/das.raumtuning.info\/index.php?rest_route=\/wp\/v2\/pages\/5950","targetHints":{"allow":["GET"]}}],"collection":[{"href":"https:\/\/das.raumtuning.info\/index.php?rest_route=\/wp\/v2\/pages"}],"about":[{"href":"https:\/\/das.raumtuning.info\/index.php?rest_route=\/wp\/v2\/types\/page"}],"author":[{"embeddable":true,"href":"https:\/\/das.raumtuning.info\/index.php?rest_route=\/wp\/v2\/users\/1"}],"replies":[{"embeddable":true,"href":"https:\/\/das.raumtuning.info\/index.php?rest_route=%2Fwp%2Fv2%2Fcomments&post=5950"}],"version-history":[{"count":2,"href":"https:\/\/das.raumtuning.info\/index.php?rest_route=\/wp\/v2\/pages\/5950\/revisions"}],"predecessor-version":[{"id":5952,"href":"https:\/\/das.raumtuning.info\/index.php?rest_route=\/wp\/v2\/pages\/5950\/revisions\/5952"}],"wp:featuredmedia":[{"embeddable":true,"href":"https:\/\/das.raumtuning.info\/index.php?rest_route=\/wp\/v2\/media\/2766"}],"wp:attachment":[{"href":"https:\/\/das.raumtuning.info\/index.php?rest_route=%2Fwp%2Fv2%2Fmedia&parent=5950"}],"curies":[{"name":"wp","href":"https:\/\/api.w.org\/{rel}","templated":true}]}}