{"id":6206,"date":"2022-01-06T00:35:06","date_gmt":"2022-01-05T23:35:06","guid":{"rendered":"https:\/\/das.raumtuning.info\/?page_id=6206"},"modified":"2022-01-06T00:35:06","modified_gmt":"2022-01-05T23:35:06","slug":"faq-videos","status":"publish","type":"page","link":"https:\/\/das.raumtuning.info\/?page_id=6206","title":{"rendered":"FAQ-Videos"},"content":{"rendered":"<p>Hier finden Sie Erkl\u00e4rungen f\u00fcr oft gestellte Fragen:<\/p>\n<p><span class=\"embed-youtube\" style=\"text-align:center; display: block;\"><iframe class=\"youtube-player\" width=\"640\" height=\"360\" src=\"https:\/\/www.youtube.com\/embed\/czCBYnDOVSk?version=3&#038;rel=1&#038;showsearch=0&#038;showinfo=1&#038;iv_load_policy=1&#038;fs=1&#038;hl=de-DE&#038;autohide=2&#038;wmode=transparent\" allowfullscreen=\"true\" style=\"border:0;\" sandbox=\"allow-scripts allow-same-origin allow-popups allow-presentation\"><\/iframe><\/span><\/p>\n<p><span class=\"embed-youtube\" style=\"text-align:center; display: block;\"><iframe class=\"youtube-player\" width=\"640\" height=\"360\" src=\"https:\/\/www.youtube.com\/embed\/-amUJuxJmjQ?version=3&#038;rel=1&#038;showsearch=0&#038;showinfo=1&#038;iv_load_policy=1&#038;fs=1&#038;hl=de-DE&#038;autohide=2&#038;wmode=transparent\" allowfullscreen=\"true\" style=\"border:0;\" sandbox=\"allow-scripts allow-same-origin allow-popups allow-presentation\"><\/iframe><\/span><\/p>\n<p><span class=\"embed-youtube\" style=\"text-align:center; display: block;\"><iframe class=\"youtube-player\" width=\"640\" height=\"360\" src=\"https:\/\/www.youtube.com\/embed\/IIqoTFk3LCI?version=3&#038;rel=1&#038;showsearch=0&#038;showinfo=1&#038;iv_load_policy=1&#038;fs=1&#038;hl=de-DE&#038;autohide=2&#038;wmode=transparent\" allowfullscreen=\"true\" style=\"border:0;\" sandbox=\"allow-scripts allow-same-origin allow-popups allow-presentation\"><\/iframe><\/span><\/p>\n<p><span class=\"embed-youtube\" style=\"text-align:center; display: block;\"><iframe class=\"youtube-player\" width=\"640\" height=\"360\" src=\"https:\/\/www.youtube.com\/embed\/uZzatcqzG8M?version=3&#038;rel=1&#038;showsearch=0&#038;showinfo=1&#038;iv_load_policy=1&#038;fs=1&#038;hl=de-DE&#038;autohide=2&#038;wmode=transparent\" allowfullscreen=\"true\" style=\"border:0;\" sandbox=\"allow-scripts allow-same-origin allow-popups allow-presentation\"><\/iframe><\/span><\/p>\n<p>&nbsp;<\/p>\n<p>&nbsp;<\/p>\n<p>&nbsp;<\/p>\n","protected":false},"excerpt":{"rendered":"<p>Hier finden Sie Erkl\u00e4rungen f\u00fcr oft gestellte Fragen: &nbsp; &nbsp; &nbsp;<\/p>\n","protected":false},"author":1,"featured_media":0,"parent":0,"menu_order":0,"comment_status":"closed","ping_status":"closed","template":"","meta":{"jetpack_post_was_ever_published":false,"footnotes":""},"class_list":["post-6206","page","type-page","status-publish","hentry"],"aioseo_notices":[],"jetpack_sharing_enabled":true,"jetpack_shortlink":"https:\/\/wp.me\/P4hjs0-1C6","jetpack-related-posts":[{"id":7107,"url":"https:\/\/das.raumtuning.info\/?page_id=7107","url_meta":{"origin":6206,"position":0},"title":"Albert erkl\u00e4rt","date":"18. Dezember 2023","format":false,"excerpt":"Albert erkl\u00e4rt alle 12 Produktgruppen in einzelnen Videoshttps:\/\/youtu.be\/-1DWOQ6ZTX0?list=PLWCA1-a-2nAq63C37sCNTWWJBgaF-ILNohttps:\/\/youtu.be\/AgA13_-Mm0c?list=PLWCA1-a-2nAq63C37sCNTWWJBgaF-ILNohttps:\/\/youtu.be\/EgxC_sPUpVo?list=PLWCA1-a-2nAq63C37sCNTWWJBgaF-ILNohttps:\/\/youtu.be\/B5uC5i20RrY?list=PLWCA1-a-2nAq63C37sCNTWWJBgaF-ILNohttps:\/\/youtu.be\/pMW49VPXQtM?list=PLWCA1-a-2nAq63C37sCNTWWJBgaF-ILNohttps:\/\/youtu.be\/_DigtgYKM0g?list=PLWCA1-a-2nAq63C37sCNTWWJBgaF-ILNohttps:\/\/youtu.be\/bztgVEC7MlI?list=PLWCA1-a-2nAq63C37sCNTWWJBgaF-ILNohttps:\/\/youtu.be\/AXdABFw6BNs?list=PLWCA1-a-2nAq63C37sCNTWWJBgaF-ILNohttps:\/\/youtu.be\/vqtkJsi1Sdo?list=PLWCA1-a-2nAq63C37sCNTWWJBgaF-ILNohttps:\/\/youtu.be\/jtodkcHreCo?list=PLWCA1-a-2nAq63C37sCNTWWJBgaF-ILNohttps:\/\/youtu.be\/6_H5BEzdYJk?list=PLWCA1-a-2nAq63C37sCNTWWJBgaF-ILNohttps:\/\/youtu.be\/_DigtgYKM0g?list=PLWCA1-a-2nAq63C37sCNTWWJBgaF-ILNo","rel":"","context":"Similar post","img":{"alt_text":"","src":"https:\/\/i0.wp.com\/das.raumtuning.info\/wp-content\/uploads\/2023\/12\/Albert-Erklaert-scaled.jpg?fit=1200%2C675&ssl=1&resize=350%2C200","width":350,"height":200},"classes":[]},{"id":4819,"url":"https:\/\/das.raumtuning.info\/?page_id=4819","url_meta":{"origin":6206,"position":1},"title":"Bedienungsanleitung Oszillation Alignement Card","date":"18. M\u00e4rz 2020","format":false,"excerpt":"Vielen Dank fu\u0308r den Kauf der Oszillation Alignement Card. Sie haben eines der innovativsten Produkte im Bereich Wellness und HiFi erworben. Ziel: Ziel der Oszillation Alignement Card ist es die au\u00dferordentlich negativen Wirkungen von elektromagnetischen Wellen auf den menschlichen Organismus und hier insbesondere der internen Kommunikation zu beseitigen. Kinesiologische Tests\u2026","rel":"","context":"Similar post","img":{"alt_text":"","src":"https:\/\/i0.wp.com\/das.raumtuning.info\/wp-content\/uploads\/2020\/02\/testbericht-vortex-hifi-oscillation-alignment-card-varbild-29243.jpg?fit=1200%2C1200&ssl=1&resize=350%2C200","width":350,"height":200},"classes":[]},{"id":5169,"url":"https:\/\/das.raumtuning.info\/?page_id=5169","url_meta":{"origin":6206,"position":2},"title":"Anleitung: Power Optimizer","date":"4. August 2020","format":false,"excerpt":"https:\/\/youtu.be\/9Inn1j0vB88 https:\/\/youtu.be\/jt784I-4Pys","rel":"","context":"Similar post","img":{"alt_text":"","src":"https:\/\/i0.wp.com\/das.raumtuning.info\/wp-content\/uploads\/2018\/01\/PO-2_3-5.jpg?fit=1200%2C675&ssl=1&resize=350%2C200","width":350,"height":200},"classes":[]},{"id":4480,"url":"https:\/\/das.raumtuning.info\/?page_id=4480","url_meta":{"origin":6206,"position":3},"title":"Produktvideos \/ Anleitungen","date":"6. M\u00e4rz 2019","format":false,"excerpt":"Infovideos zum Thema Blut und Oszillation Alignement Eines der zentralen Probleme - wenn nicht das zentrale Problem \u2013 in Verbindung mit elektromagnetischen Wellen und Feldern, welche auf den Menschen wirken, ist das diese die roten Blutk\u00f6rper verkleben und so das Blut dickfl\u00fcssigen machen. Dies hat nicht nur f\u00fcr das H\u00f6ren\u2026","rel":"","context":"Similar post","img":{"alt_text":"","src":"https:\/\/i0.wp.com\/das.raumtuning.info\/wp-content\/uploads\/2020\/04\/Bildschirmfoto-2020-04-29-um-10.52.13.png?fit=1200%2C672&ssl=1&resize=350%2C200","width":350,"height":200},"classes":[]},{"id":5164,"url":"https:\/\/das.raumtuning.info\/?page_id=5164","url_meta":{"origin":6206,"position":4},"title":"Anleitung: Nano Diamant Contact Oil Sigma","date":"4. August 2020","format":false,"excerpt":"https:\/\/youtu.be\/nvalQbqmGtY","rel":"","context":"Similar post","img":{"alt_text":"","src":"https:\/\/i0.wp.com\/das.raumtuning.info\/wp-content\/uploads\/2020\/08\/vortex-hifi_nano-diamond-contact-oil.jpg?fit=1200%2C600&ssl=1&resize=350%2C200","width":350,"height":200},"classes":[]},{"id":5182,"url":"https:\/\/das.raumtuning.info\/?page_id=5182","url_meta":{"origin":6206,"position":5},"title":"Anleitung: Vibration Naturalizer Ger\u00e4tef\u00fcsse","date":"4. August 2020","format":false,"excerpt":"https:\/\/youtu.be\/4CA8W_5tvSk","rel":"","context":"Similar post","img":{"alt_text":"","src":"https:\/\/i0.wp.com\/das.raumtuning.info\/wp-content\/uploads\/2018\/01\/Alle-F\u00fc\u00dfe-Schwarz-Hintergrund-unscharf-1.jpg?fit=1200%2C675&ssl=1&resize=350%2C200","width":350,"height":200},"classes":[]}],"_links":{"self":[{"href":"https:\/\/das.raumtuning.info\/index.php?rest_route=\/wp\/v2\/pages\/6206","targetHints":{"allow":["GET"]}}],"collection":[{"href":"https:\/\/das.raumtuning.info\/index.php?rest_route=\/wp\/v2\/pages"}],"about":[{"href":"https:\/\/das.raumtuning.info\/index.php?rest_route=\/wp\/v2\/types\/page"}],"author":[{"embeddable":true,"href":"https:\/\/das.raumtuning.info\/index.php?rest_route=\/wp\/v2\/users\/1"}],"replies":[{"embeddable":true,"href":"https:\/\/das.raumtuning.info\/index.php?rest_route=%2Fwp%2Fv2%2Fcomments&post=6206"}],"version-history":[{"count":1,"href":"https:\/\/das.raumtuning.info\/index.php?rest_route=\/wp\/v2\/pages\/6206\/revisions"}],"predecessor-version":[{"id":6207,"href":"https:\/\/das.raumtuning.info\/index.php?rest_route=\/wp\/v2\/pages\/6206\/revisions\/6207"}],"wp:attachment":[{"href":"https:\/\/das.raumtuning.info\/index.php?rest_route=%2Fwp%2Fv2%2Fmedia&parent=6206"}],"curies":[{"name":"wp","href":"https:\/\/api.w.org\/{rel}","templated":true}]}}