{"id":7201,"date":"2024-01-10T18:53:29","date_gmt":"2024-01-10T17:53:29","guid":{"rendered":"https:\/\/das.raumtuning.info\/?page_id=7201"},"modified":"2024-01-10T18:53:41","modified_gmt":"2024-01-10T17:53:41","slug":"hfo-plugs-sigma","status":"publish","type":"page","link":"https:\/\/das.raumtuning.info\/?page_id=7201","title":{"rendered":"HFO Plugs Sigma"},"content":{"rendered":"\t\t<div data-elementor-type=\"wp-page\" data-elementor-id=\"7201\" class=\"elementor elementor-7201\" data-elementor-post-type=\"page\">\n\t\t\t\t\t\t\t\t\t<section class=\"elementor-section elementor-top-section elementor-element elementor-element-bc14bb4 elementor-section-boxed elementor-section-height-default elementor-section-height-default\" data-id=\"bc14bb4\" data-element_type=\"section\">\n\t\t\t\t\t\t<div class=\"elementor-container elementor-column-gap-default\">\n\t\t\t\t\t<div class=\"elementor-column elementor-col-100 elementor-top-column elementor-element elementor-element-9af7ba8\" data-id=\"9af7ba8\" data-element_type=\"column\">\n\t\t\t<div class=\"elementor-widget-wrap elementor-element-populated\">\n\t\t\t\t\t\t\t\t<div class=\"elementor-element elementor-element-5c20d93 elementor-arrows-position-inside elementor-pagination-position-outside elementor-widget elementor-widget-image-carousel\" data-id=\"5c20d93\" data-element_type=\"widget\" data-settings=\"{&quot;slides_to_show&quot;:&quot;1&quot;,&quot;navigation&quot;:&quot;both&quot;,&quot;autoplay&quot;:&quot;yes&quot;,&quot;pause_on_hover&quot;:&quot;yes&quot;,&quot;pause_on_interaction&quot;:&quot;yes&quot;,&quot;autoplay_speed&quot;:5000,&quot;infinite&quot;:&quot;yes&quot;,&quot;effect&quot;:&quot;slide&quot;,&quot;speed&quot;:500}\" data-widget_type=\"image-carousel.default\">\n\t\t\t\t<div class=\"elementor-widget-container\">\n\t\t\t<style>\/*! elementor - v3.18.0 - 20-12-2023 *\/\n.elementor-widget-image-carousel .swiper,.elementor-widget-image-carousel .swiper-container{position:static}.elementor-widget-image-carousel .swiper-container .swiper-slide figure,.elementor-widget-image-carousel .swiper .swiper-slide figure{line-height:inherit}.elementor-widget-image-carousel .swiper-slide{text-align:center}.elementor-image-carousel-wrapper:not(.swiper-container-initialized):not(.swiper-initialized) .swiper-slide{max-width:calc(100% \/ var(--e-image-carousel-slides-to-show, 3))}<\/style>\t\t<div class=\"elementor-image-carousel-wrapper swiper-container\" dir=\"ltr\">\n\t\t\t<div class=\"elementor-image-carousel swiper-wrapper\" aria-live=\"off\">\n\t\t\t\t\t\t\t\t<div class=\"swiper-slide\" role=\"group\" aria-roledescription=\"slide\" aria-label=\"1 von 2\"><figure class=\"swiper-slide-inner\"><img decoding=\"async\" class=\"swiper-slide-image\" src=\"https:\/\/i0.wp.com\/das.raumtuning.info\/wp-content\/uploads\/2024\/01\/HFO-PowerPlug-Sigma-oh-hd-1.png?fit=300%2C300&amp;ssl=1\" alt=\"HFO Power Plug Sigma\" \/><figcaption class=\"elementor-image-carousel-caption\">HFO Power Plug Sigma<\/figcaption><\/figure><\/div><div class=\"swiper-slide\" role=\"group\" aria-roledescription=\"slide\" aria-label=\"2 von 2\"><figure class=\"swiper-slide-inner\"><img decoding=\"async\" class=\"swiper-slide-image\" src=\"https:\/\/i0.wp.com\/das.raumtuning.info\/wp-content\/uploads\/2024\/01\/HFO-Plug-Cinch-oh-hd-1.png?fit=300%2C300&amp;ssl=1\" alt=\"HFO Cinch Plug Sigma\" \/><figcaption class=\"elementor-image-carousel-caption\">HFO Cinch Plug Sigma<\/figcaption><\/figure><\/div>\t\t\t<\/div>\n\t\t\t\t\t\t\t\t\t\t\t\t<div class=\"elementor-swiper-button elementor-swiper-button-prev\" role=\"button\" tabindex=\"0\">\n\t\t\t\t\t\t<i aria-hidden=\"true\" class=\"eicon-chevron-left\"><\/i>\t\t\t\t\t<\/div>\n\t\t\t\t\t<div class=\"elementor-swiper-button elementor-swiper-button-next\" role=\"button\" tabindex=\"0\">\n\t\t\t\t\t\t<i aria-hidden=\"true\" class=\"eicon-chevron-right\"><\/i>\t\t\t\t\t<\/div>\n\t\t\t\t\n\t\t\t\t\t\t\t\t\t<div class=\"swiper-pagination\"><\/div>\n\t\t\t\t\t\t\t\t\t<\/div>\n\t\t\t\t<\/div>\n\t\t\t\t<\/div>\n\t\t\t\t\t<\/div>\n\t\t<\/div>\n\t\t\t\t\t\t\t<\/div>\n\t\t<\/section>\n\t\t\t\t<section class=\"elementor-section elementor-top-section elementor-element elementor-element-d257e47 elementor-section-boxed elementor-section-height-default elementor-section-height-default\" data-id=\"d257e47\" data-element_type=\"section\">\n\t\t\t\t\t\t<div class=\"elementor-container elementor-column-gap-default\">\n\t\t\t\t\t<div class=\"elementor-column elementor-col-100 elementor-top-column elementor-element elementor-element-ef76d7e\" data-id=\"ef76d7e\" data-element_type=\"column\">\n\t\t\t<div class=\"elementor-widget-wrap elementor-element-populated\">\n\t\t\t\t\t\t\t\t<div class=\"elementor-element elementor-element-3f79a71 elementor-widget elementor-widget-video\" data-id=\"3f79a71\" data-element_type=\"widget\" data-settings=\"{&quot;youtube_url&quot;:&quot;https:\\\/\\\/youtu.be\\\/AXdABFw6BNs&quot;,&quot;start&quot;:0,&quot;lazy_load&quot;:&quot;yes&quot;,&quot;video_type&quot;:&quot;youtube&quot;,&quot;controls&quot;:&quot;yes&quot;}\" data-widget_type=\"video.default\">\n\t\t\t\t<div class=\"elementor-widget-container\">\n\t\t\t<style>\/*! elementor - v3.18.0 - 20-12-2023 *\/\n.elementor-widget-video .elementor-widget-container{overflow:hidden;transform:translateZ(0)}.elementor-widget-video .elementor-wrapper{aspect-ratio:var(--video-aspect-ratio)}.elementor-widget-video .elementor-wrapper iframe,.elementor-widget-video .elementor-wrapper video{height:100%;width:100%;display:flex;border:none;background-color:#000}@supports not (aspect-ratio:1\/1){.elementor-widget-video .elementor-wrapper{position:relative;overflow:hidden;height:0;padding-bottom:calc(100% \/ var(--video-aspect-ratio))}.elementor-widget-video .elementor-wrapper iframe,.elementor-widget-video .elementor-wrapper video{position:absolute;top:0;right:0;bottom:0;left:0}}.elementor-widget-video .elementor-open-inline .elementor-custom-embed-image-overlay{position:absolute;top:0;right:0;bottom:0;left:0;background-size:cover;background-position:50%}.elementor-widget-video .elementor-custom-embed-image-overlay{cursor:pointer;text-align:center}.elementor-widget-video .elementor-custom-embed-image-overlay:hover .elementor-custom-embed-play i{opacity:1}.elementor-widget-video .elementor-custom-embed-image-overlay img{display:block;width:100%;aspect-ratio:var(--video-aspect-ratio);-o-object-fit:cover;object-fit:cover;-o-object-position:center center;object-position:center center}@supports not (aspect-ratio:1\/1){.elementor-widget-video .elementor-custom-embed-image-overlay{position:relative;overflow:hidden;height:0;padding-bottom:calc(100% \/ var(--video-aspect-ratio))}.elementor-widget-video .elementor-custom-embed-image-overlay img{position:absolute;top:0;right:0;bottom:0;left:0}}.elementor-widget-video .e-hosted-video .elementor-video{-o-object-fit:cover;object-fit:cover}.e-con-inner>.elementor-widget-video,.e-con>.elementor-widget-video{width:var(--container-widget-width);--flex-grow:var(--container-widget-flex-grow)}<\/style>\t\t<div class=\"elementor-wrapper elementor-open-inline\">\n\t\t\t<div class=\"elementor-video\"><\/div>\t\t<\/div>\n\t\t\t\t<\/div>\n\t\t\t\t<\/div>\n\t\t\t\t\t<\/div>\n\t\t<\/div>\n\t\t\t\t\t\t\t<\/div>\n\t\t<\/section>\n\t\t\t\t<section class=\"elementor-section elementor-top-section elementor-element elementor-element-1378fb6 elementor-section-boxed elementor-section-height-default elementor-section-height-default\" data-id=\"1378fb6\" data-element_type=\"section\">\n\t\t\t\t\t\t<div class=\"elementor-container elementor-column-gap-default\">\n\t\t\t\t\t<div class=\"elementor-column elementor-col-100 elementor-top-column elementor-element elementor-element-1e3ea4d\" data-id=\"1e3ea4d\" data-element_type=\"column\">\n\t\t\t<div class=\"elementor-widget-wrap elementor-element-populated\">\n\t\t\t\t\t\t\t\t<div class=\"elementor-element elementor-element-6985642 elementor-widget elementor-widget-text-editor\" data-id=\"6985642\" data-element_type=\"widget\" data-widget_type=\"text-editor.default\">\n\t\t\t\t<div class=\"elementor-widget-container\">\n\t\t\t<style>\/*! elementor - v3.18.0 - 20-12-2023 *\/\n.elementor-widget-text-editor.elementor-drop-cap-view-stacked .elementor-drop-cap{background-color:#69727d;color:#fff}.elementor-widget-text-editor.elementor-drop-cap-view-framed .elementor-drop-cap{color:#69727d;border:3px solid;background-color:transparent}.elementor-widget-text-editor:not(.elementor-drop-cap-view-default) .elementor-drop-cap{margin-top:8px}.elementor-widget-text-editor:not(.elementor-drop-cap-view-default) .elementor-drop-cap-letter{width:1em;height:1em}.elementor-widget-text-editor .elementor-drop-cap{float:left;text-align:center;line-height:1;font-size:50px}.elementor-widget-text-editor .elementor-drop-cap-letter{display:inline-block}<\/style>\t\t\t\t<p>Der Text ist in Bearbeitung.<\/p>\t\t\t\t\t\t<\/div>\n\t\t\t\t<\/div>\n\t\t\t\t\t<\/div>\n\t\t<\/div>\n\t\t\t\t\t\t\t<\/div>\n\t\t<\/section>\n\t\t\t\t\t\t\t<\/div>\n\t\t","protected":false},"excerpt":{"rendered":"<p>HFO Power Plug Sigma HFO Cinch Plug Sigma https:\/\/youtu.be\/AXdABFw6BNs Der Text ist in Bearbeitung.<\/p>\n","protected":false},"author":1,"featured_media":0,"parent":0,"menu_order":0,"comment_status":"closed","ping_status":"closed","template":"","meta":{"jetpack_post_was_ever_published":false,"footnotes":""},"class_list":["post-7201","page","type-page","status-publish","hentry"],"aioseo_notices":[],"jetpack_sharing_enabled":true,"jetpack_shortlink":"https:\/\/wp.me\/P4hjs0-1S9","jetpack-related-posts":[{"id":7205,"url":"https:\/\/das.raumtuning.info\/?page_id=7205","url_meta":{"origin":7201,"position":0},"title":"Ground Optimizer MK2","date":"10. Januar 2024","format":false,"excerpt":"Testbericht Iraser 4\u201eIch kenne kein vielseitiger einsetzbares, so wirkungsvolles Zubeh\u00f6r.\u201c Frank Wacker im HiFiTodayHier klickenTestbericht Iraser 1\u201eDer Iraser Stick ist eines der besten Accessoires, das mir seit drei\u00dfig Jahren begegnet ist. John van Polen, HiFi.NL Hier klickenSlider 3 \u00dcberschriftLorem ipsum dolor sit amet consectetur adipiscing elit dolorHier klicken Previous slide\u2026","rel":"","context":"Similar post","img":{"alt_text":"","src":"","width":0,"height":0},"classes":[]},{"id":7343,"url":"https:\/\/das.raumtuning.info\/?page_id=7343","url_meta":{"origin":7201,"position":1},"title":"Marie erkl\u00e4rt die Bedienung","date":"24. Januar 2024","format":false,"excerpt":"https:\/\/youtu.be\/zcR0A9hJC-g Die Anwendung der HFO Plugs Sigma Das erste Video besch\u00e4ftigt sich mit der Bedienung unserer neuesten Produktfamilie, der HFO Plugs Sigma.\u00a0Unser Avatar Marie beschreibt Warum HF ein Problem beim Musikh\u00f6ren ist, und wie Sie das Problem mit den neuen Hochfrequenz Optimizern bei sich l\u00f6sen k\u00f6nnen.https:\/\/youtu.be\/PTXgOUnaJtM Anwendung der neuen Power\u2026","rel":"","context":"Similar post","img":{"alt_text":"","src":"https:\/\/i0.wp.com\/img.youtube.com\/vi\/zcR0A9hJC-g\/0.jpg?resize=350%2C200","width":350,"height":200},"classes":[]},{"id":4832,"url":"https:\/\/das.raumtuning.info\/?page_id=4832","url_meta":{"origin":7201,"position":2},"title":"Bedienungsanleitung Vortex HiFi Hochfrequenz Optimizer (HFO)","date":"18. M\u00e4rz 2020","format":false,"excerpt":"Vortex HiFi Hochfrequenz Optimiser Set Sigma (HFO-Sigma Set) Bedienungsanleitung Hochfrequenz Optimizer (HFO) Set Vielen Dank f\u00fcr den Kauf des HFO -Sets. Die Bedienungsanleitung gilt f\u00fcr den HFO -Sigma, HFO-Diamant+ und dem HFO-PI+. Sie haben eines der innovativsten Produkte im Bereich Wellness und HiFi erworben. Ziel: Ziel der HFO- Sets ist\u2026","rel":"","context":"Similar post","img":{"alt_text":"","src":"https:\/\/i0.wp.com\/das.raumtuning.info\/wp-content\/uploads\/2020\/03\/vortex-hifi-hfo-sigma-optimizer-set-varbild-29223.jpg?resize=350%2C200&ssl=1","width":350,"height":200},"classes":[]},{"id":4480,"url":"https:\/\/das.raumtuning.info\/?page_id=4480","url_meta":{"origin":7201,"position":3},"title":"Produktvideos \/ Anleitungen","date":"6. M\u00e4rz 2019","format":false,"excerpt":"Infovideos zum Thema Blut und Oszillation Alignement Eines der zentralen Probleme - wenn nicht das zentrale Problem \u2013 in Verbindung mit elektromagnetischen Wellen und Feldern, welche auf den Menschen wirken, ist das diese die roten Blutk\u00f6rper verkleben und so das Blut dickfl\u00fcssigen machen. Dies hat nicht nur f\u00fcr das H\u00f6ren\u2026","rel":"","context":"Similar post","img":{"alt_text":"","src":"https:\/\/i0.wp.com\/das.raumtuning.info\/wp-content\/uploads\/2020\/04\/Bildschirmfoto-2020-04-29-um-10.52.13.png?fit=1200%2C672&ssl=1&resize=350%2C200","width":350,"height":200},"classes":[]},{"id":5950,"url":"https:\/\/das.raumtuning.info\/?page_id=5950","url_meta":{"origin":7201,"position":4},"title":"Vortex HiFi Power Cap Sigma erkl\u00e4rt","date":"13. Oktober 2021","format":false,"excerpt":"Hier entsteht in K\u00fcrze eine Erkl\u00e4rung des Power Cap Sigma \u00a0 Power Cap Sigma mit Oszillation Alignement \u00a0 \u00a0 Hier entsteht eine Erkl\u00e4rung des Power Cap Sigma","rel":"","context":"Similar post","img":{"alt_text":"","src":"https:\/\/i0.wp.com\/das.raumtuning.info\/wp-content\/uploads\/2016\/11\/Power-Caps-10-St\u00fcck.jpg?fit=1200%2C908&ssl=1&resize=350%2C200","width":350,"height":200},"classes":[]},{"id":9101,"url":"https:\/\/das.raumtuning.info\/?page_id=9101","url_meta":{"origin":7201,"position":5},"title":"Cable Optimizer Sigma","date":"25. Juli 2025","format":false,"excerpt":"Bedienungsanleitung Vortex HiFi Cable Optimizer Sigma Aufgrund der Form und l\u00e4nge ist der Cable Optimizer das beste Entst\u00f6rmittel f\u00fcr Kabel \u00fcberhaupt. Befestigen Sie den Cable Optimizer Sigma mit den beiden beiliegenden Klett-Kabelbindern an Ihrem Kabel. Sie k\u00f6nnen einen oder mehrere Cable Optimizer Sigma an einem Kabel verwenden. Allgemein Wenn Sie\u2026","rel":"","context":"Similar post","img":{"alt_text":"","src":"https:\/\/i0.wp.com\/das.raumtuning.info\/wp-content\/uploads\/2025\/07\/Cable-Optimizer-Sigma-e1753434768386.jpg?resize=350%2C200","width":350,"height":200},"classes":[]}],"_links":{"self":[{"href":"https:\/\/das.raumtuning.info\/index.php?rest_route=\/wp\/v2\/pages\/7201","targetHints":{"allow":["GET"]}}],"collection":[{"href":"https:\/\/das.raumtuning.info\/index.php?rest_route=\/wp\/v2\/pages"}],"about":[{"href":"https:\/\/das.raumtuning.info\/index.php?rest_route=\/wp\/v2\/types\/page"}],"author":[{"embeddable":true,"href":"https:\/\/das.raumtuning.info\/index.php?rest_route=\/wp\/v2\/users\/1"}],"replies":[{"embeddable":true,"href":"https:\/\/das.raumtuning.info\/index.php?rest_route=%2Fwp%2Fv2%2Fcomments&post=7201"}],"version-history":[{"count":3,"href":"https:\/\/das.raumtuning.info\/index.php?rest_route=\/wp\/v2\/pages\/7201\/revisions"}],"predecessor-version":[{"id":7204,"href":"https:\/\/das.raumtuning.info\/index.php?rest_route=\/wp\/v2\/pages\/7201\/revisions\/7204"}],"wp:attachment":[{"href":"https:\/\/das.raumtuning.info\/index.php?rest_route=%2Fwp%2Fv2%2Fmedia&parent=7201"}],"curies":[{"name":"wp","href":"https:\/\/api.w.org\/{rel}","templated":true}]}}