{"id":8614,"date":"2025-03-19T10:59:19","date_gmt":"2025-03-19T09:59:19","guid":{"rendered":"https:\/\/das.raumtuning.info\/?page_id=8614"},"modified":"2025-03-19T10:59:19","modified_gmt":"2025-03-19T09:59:19","slug":"impressum","status":"publish","type":"page","link":"https:\/\/das.raumtuning.info\/?page_id=8614","title":{"rendered":"Impressum"},"content":{"rendered":"<p>Vortex HIFI<br \/>Inhaber des Unternehmens: Norbert Maurer<br \/>Wahlscheider Stra\u00dfe 14<br \/>53797 Lohmar<br \/>Deutschland<br \/>Email: <a href=\"mailto:info@musikundakustik.de\">info@musikundakustik.de<\/a><br \/>Telefon: 02206 \u2013 9074 361<br \/>Umsatzsteuer-Identifikationsnummer: DE 233914540<\/p>\n<p>Verantwortlich f\u00fcr den Inhalt: Norbert Maurer<\/p>\n<p>Plattform der Europ&auml;ischen Kommission zur Online-Streitbeilegung (OS) f&uuml;r Verbraucher: <a href=\"https:\/\/ec.europa.eu\/consumers\/odr\/\" target=\"_blank\">https:\/\/ec.europa.eu\/consumers\/odr\/<\/a>. Wir sind nicht bereit und nicht verpflichtet an einem Streitbeilegungsverfahren vor einer Verbraucherschlichtungsstelle teilzunehmen.<\/p>\n\n","protected":false},"excerpt":{"rendered":"","protected":false},"author":4,"featured_media":0,"parent":0,"menu_order":0,"comment_status":"closed","ping_status":"closed","template":"","meta":{"jetpack_post_was_ever_published":false,"footnotes":""},"class_list":["post-8614","page","type-page","status-publish","hentry"],"aioseo_notices":[],"jetpack_sharing_enabled":true,"jetpack_shortlink":"https:\/\/wp.me\/P4hjs0-2eW","jetpack-related-posts":[{"id":45,"url":"https:\/\/das.raumtuning.info\/?page_id=45","url_meta":{"origin":8614,"position":0},"title":"Kontakt \/ Impressum","date":"13. Januar 2014","format":false,"excerpt":"Musik&Akustik - Vortex HiFi Wahlscheider Stra\u00dfe 14 53797 Lohmar Bitte benutzen Sie bei Fragen unser Kontaktformular. Wir werden Ihnen schnellstm\u00f6glich antworten. Impressum Musik & Akustik - Norbert Maurer Wahlscheider Stra\u00dfe 14 53797 Lohmar Telefon 02206 - 9074 361 eMail: info@musikundakustik.de Umsatzsteuer-Ident-Nummer DE 233914540 Redaktion: Inhaltlich verantwortlich gem\u00e4\u00df \u00a7 55 Abs.\u2026","rel":"","context":"Similar post","img":{"alt_text":"","src":"","width":0,"height":0},"classes":[]}],"_links":{"self":[{"href":"https:\/\/das.raumtuning.info\/index.php?rest_route=\/wp\/v2\/pages\/8614","targetHints":{"allow":["GET"]}}],"collection":[{"href":"https:\/\/das.raumtuning.info\/index.php?rest_route=\/wp\/v2\/pages"}],"about":[{"href":"https:\/\/das.raumtuning.info\/index.php?rest_route=\/wp\/v2\/types\/page"}],"author":[{"embeddable":true,"href":"https:\/\/das.raumtuning.info\/index.php?rest_route=\/wp\/v2\/users\/4"}],"replies":[{"embeddable":true,"href":"https:\/\/das.raumtuning.info\/index.php?rest_route=%2Fwp%2Fv2%2Fcomments&post=8614"}],"version-history":[{"count":0,"href":"https:\/\/das.raumtuning.info\/index.php?rest_route=\/wp\/v2\/pages\/8614\/revisions"}],"wp:attachment":[{"href":"https:\/\/das.raumtuning.info\/index.php?rest_route=%2Fwp%2Fv2%2Fmedia&parent=8614"}],"curies":[{"name":"wp","href":"https:\/\/api.w.org\/{rel}","templated":true}]}}